{"id":4301,"date":"2022-08-05T09:36:27","date_gmt":"2022-08-05T07:36:27","guid":{"rendered":"https:\/\/semmelweis.hu\/ekk\/?page_id=4301"},"modified":"2025-07-28T10:44:46","modified_gmt":"2025-07-28T08:44:46","slug":"beiratkozas","status":"publish","type":"page","link":"https:\/\/semmelweis.hu\/ekk\/felveteli\/beiratkozas\/","title":{"rendered":"Beiratkoz\u00e1s"},"content":{"rendered":"<div class=\"keretes w-100\">\n<p style=\"text-align: left\">Gratul\u00e1lunk a sikeres felv\u00e9telij\u00e9hez. Fontos tudnia, hogy a hallgat\u00f3i <strong>jogviszonya a beiratkoz\u00e1ssal j\u00f6n l\u00e9tre<\/strong>.<\/p>\n<p style=\"text-align: left\">A <strong>beiratkoz\u00e1s id\u0151pontj\u00e1r\u00f3l<\/strong> az\u00a0<a href=\"https:\/\/semmelweis.hu\/ekk\/esemenyek\/\">erre a linkre kattintva, a kar tanrendj\u00e9b\u0151l<\/a> t\u00e1j\u00e9koz\u00f3dhat.<\/p>\n<\/div>\n<h4><strong>A beiratkoz\u00e1shoz az al\u00e1bbi dokumentumok, okm\u00e1nyok sz\u00fcks\u00e9gesek.<\/strong><\/h4>\n<h5>1. Tanulm\u00e1nyokhoz kapcsol\u00f3d\u00f3 dokumentumok:<\/h5>\n<ul>\n<li>eredeti \u00e9retts\u00e9gi bizony\u00edtv\u00e1ny, illetve oklev\u00e9l (k\u00e9pz\u00e9s bemeneti k\u00f6vetelm\u00e9nyei szerinti<br \/>\ndokumentum)<\/li>\n<li>eredeti nyelvvizsga bizony\u00edtv\u00e1ny,<\/li>\n<li>a t\u00f6bbletpontot igazol\u00f3 dokumentum\/ok,<\/li>\n<li><a href=\"https:\/\/semmelweis.hu\/ekk\/files\/2022\/08\/Beiratkozasi_lap.pdf\">Beiratkoz\u00e1si lap (pdf)<\/a><span style=\"font-size: 1rem\">, valamint<\/span><\/li>\n<\/ul>\n<h5>2. Adategyeztet\u00e9shez sz\u00fcks\u00e9ges okm\u00e1nyok:<\/h5>\n<ul>\n<li>szem\u00e9lyi igazolv\u00e1ny<\/li>\n<li>lakc\u00edm k\u00e1rtya<\/li>\n<li>ad\u00f3k\u00e1rtya<\/li>\n<li>TAJ k\u00e1rtya<\/li>\n<\/ul>\n<h5>3. Egy\u00e9b<\/h5>\n<p>Annak a jelentkez\u0151nek, aki fels\u0151oktat\u00e1sban szerzett oklev\u00e9llel rendelkezik, illetve kor\u00e1bban, vagy jelenleg fels\u0151oktat\u00e1si tanulm\u00e1nyokat folytatott\/folytat m\u00e1s int\u00e9zm\u00e9nyben, a beiratkoz\u00e1skor igazol\u00e1st kell leadnia. A fels\u0151oktat\u00e1si int\u00e9zm\u00e9ny \u00e1ltal kiadott igazol\u00e1snak tartalmaznia kell, hogy az oklevelet milyen k\u00e9pz\u00e9si form\u00e1ban szerezte, illetve a lez\u00e1ratlan fels\u0151oktat\u00e1si tanulm\u00e1nyok k\u00e9pz\u00e9si form\u00e1j\u00e1t \u00e9s az eddig felhaszn\u00e1lt \u00e1llamilag t\u00e1mogatott f\u00e9l\u00e9vek sz\u00e1m\u00e1t.<\/p>\n<h5>4. Egyetemi e-mail c\u00edmek aktiv\u00e1l\u00e1sa:<\/h5>\n<p><a href=\"https:\/\/semmelweis.hu\/informatika\/o365\/tutorial-anyagok\/utmutato-hallgatoi-o365-fiok-aktivalasahoz\/\">https:\/\/semmelweis.hu\/informatika\/o365\/tutorial-anyagok\/utmutato-hallgatoi-o365-fiok-aktivalasahoz\/<\/a><\/p>\n<div class=\"keretes w-100\">\n<h4><strong>TAN\u00c9VNYIT\u00d3:<\/strong><\/h4>\n<p>Az \u00fcnnep\u00e9lyes egyetemi tan\u00e9vnyit\u00f3 \u00e9s fogadalomt\u00e9tel ideje: <strong style=\"font-size: 1rem\">2025. augusztus 30. (szombat) 12.00 \u00f3ra<\/strong><\/p>\n<p style=\"font-weight: 400\">Helysz\u00edne:\u00a0 MVM Dome &#8211; Budapesti Multifunkcion\u00e1lis Sportcsarnok, 1089 Budapest, \u00dcll\u0151i \u00fat 131.<\/p>\n<ul>\n<li><a href=\"https:\/\/semmelweis.hu\/ekk\/files\/2025\/07\/Kari-honlapra_Hallgatoi-meghivo_MVM-Dome_Tanevnyito.pdf\">Tan\u00e9vnyit\u00f3 2025\/2026 &#8211; Hallgat\u00f3i megh\u00edv\u00f3 (pdf)<\/a><\/li>\n<li><a href=\"https:\/\/semmelweis.hu\/ekk\/files\/2022\/08\/FOGADALOM.pdf\">Fogadalomt\u00e9tel (pdf)<\/a><\/li>\n<\/ul>\n<\/div>\n","protected":false},"excerpt":{"rendered":"<p>Gratul\u00e1lunk a sikeres felv\u00e9telij\u00e9hez. Fontos tudnia, hogy a hallgat\u00f3i jogviszonya a beiratkoz\u00e1ssal j\u00f6n l\u00e9tre. A beiratkoz\u00e1s id\u0151pontj\u00e1r\u00f3l az\u00a0 <a href=\"https:\/\/semmelweis.hu\/ekk\/esemenyek\/\">erre a linkre kattintva, a kar tanrendj\u00e9b\u0151l<\/a> t\u00e1j\u00e9koz\u00f3dhat. A beiratkoz\u00e1shoz az al\u00e1bbi dokumentumok, okm\u00e1nyok sz\u00fcks\u00e9gesek. 1. Tanulm\u00e1nyokhoz kapcsol\u00f3d\u00f3 dokumentumok: eredeti \u00e9retts\u00e9gi bizony\u00edtv\u00e1ny, illetve oklev\u00e9l (k\u00e9pz\u00e9s bemeneti k\u00f6vetelm\u00e9nyei szerinti dokumentum) eredeti nyelvvizsga bizony\u00edtv\u00e1ny, a t\u00f6bbletpontot igazol\u00f3 dokumentum\/ok, <a href=\"https:\/\/semmelweis.hu\/ekk\/files\/2022\/08\/Beiratkozasi_lap.pdf\">Beiratkoz\u00e1si lap (pdf)<\/a> , valamint 2. Adategyeztet\u00e9shez sz\u00fcks\u00e9ges okm\u00e1nyok: szem\u00e9lyi igazolv\u00e1ny &hellip;<\/p>\n","protected":false},"author":101539,"featured_media":0,"parent":1171,"menu_order":0,"comment_status":"closed","ping_status":"closed","template":"","meta":{"_acf_changed":false,"footnotes":""},"categories":[],"tags":[],"class_list":["post-4301","page","type-page","status-publish","hentry"],"acf":[],"_links":{"self":[{"href":"https:\/\/semmelweis.hu\/ekk\/wp-json\/wp\/v2\/pages\/4301","targetHints":{"allow":["GET"]}}],"collection":[{"href":"https:\/\/semmelweis.hu\/ekk\/wp-json\/wp\/v2\/pages"}],"about":[{"href":"https:\/\/semmelweis.hu\/ekk\/wp-json\/wp\/v2\/types\/page"}],"author":[{"embeddable":true,"href":"https:\/\/semmelweis.hu\/ekk\/wp-json\/wp\/v2\/users\/101539"}],"replies":[{"embeddable":true,"href":"https:\/\/semmelweis.hu\/ekk\/wp-json\/wp\/v2\/comments?post=4301"}],"version-history":[{"count":11,"href":"https:\/\/semmelweis.hu\/ekk\/wp-json\/wp\/v2\/pages\/4301\/revisions"}],"predecessor-version":[{"id":5745,"href":"https:\/\/semmelweis.hu\/ekk\/wp-json\/wp\/v2\/pages\/4301\/revisions\/5745"}],"up":[{"embeddable":true,"href":"https:\/\/semmelweis.hu\/ekk\/wp-json\/wp\/v2\/pages\/1171"}],"wp:attachment":[{"href":"https:\/\/semmelweis.hu\/ekk\/wp-json\/wp\/v2\/media?parent=4301"}],"wp:term":[{"taxonomy":"category","embeddable":true,"href":"https:\/\/semmelweis.hu\/ekk\/wp-json\/wp\/v2\/categories?post=4301"},{"taxonomy":"post_tag","embeddable":true,"href":"https:\/\/semmelweis.hu\/ekk\/wp-json\/wp\/v2\/tags?post=4301"}],"curies":[{"name":"wp","href":"https:\/\/api.w.org\/{rel}","templated":true}]}}