{"id":4253,"date":"2022-05-27T07:48:15","date_gmt":"2022-05-27T05:48:15","guid":{"rendered":"https:\/\/semmelweis.hu\/ekk\/?page_id=4253"},"modified":"2025-05-28T21:16:39","modified_gmt":"2025-05-28T19:16:39","slug":"nemzetifelsooktatasiosztondij-2025","status":"publish","type":"page","link":"https:\/\/semmelweis.hu\/ekk\/osztondijak\/nemzetifelsooktatasiosztondij-2025\/","title":{"rendered":"Nemzeti Fels\u0151oktat\u00e1si \u00d6szt\u00f6nd\u00edj 2025\/2026"},"content":{"rendered":"<div class=\"w-100 keretes\">A p\u00e1ly\u00e1zat \u00fatj\u00e1n elnyerhet\u0151 <strong>nemzeti fels\u0151oktat\u00e1si \u00f6szt\u00f6nd\u00edjban<\/strong> a <strong>teljes idej\u0171 alapk\u00e9pz\u00e9sben<\/strong>, <strong>mesterk\u00e9pz\u00e9sben<\/strong>, osztatlan k\u00e9pz\u00e9sben r\u00e9szt vev\u0151 hallgat\u00f3k r\u00e9szes\u00fclhetnek. A p\u00e1ly\u00e1z\u00e1s <strong>felt\u00e9tele<\/strong> az adott vagy a kor\u00e1bbi tanulm\u00e1nyok sor\u00e1n <strong>legal\u00e1bb k\u00e9t f\u00e9l\u00e9vre t\u00f6rt\u00e9n\u0151 bejelentkez\u00e9s<\/strong>, <strong>legal\u00e1bb 55 kredit<\/strong> megszerz\u00e9se, tov\u00e1bb\u00e1 <strong>kiemelked\u0151 tanulm\u00e1nyi eredm\u00e9ny<\/strong> (teljes tanulm\u00e1nyi id\u0151re sz\u00e1m\u00edtott, kreditekkel s\u00falyozott \u00e1tlag legal\u00e1bb 4,00) \u00e9s <strong>szakmai\/tudom\u00e1nyos ter\u00fcleten<\/strong> v\u00e9gzett kimagasl\u00f3 munka.A nemzeti fels\u0151oktat\u00e1si \u00f6szt\u00f6nd\u00edjat <strong>egy teljes tan\u00e9v (10 h\u00f3nap) id\u0151tartam\u00e1ra<\/strong> lehet elnyerni. A nemzeti fels\u0151oktat\u00e1si \u00f6szt\u00f6nd\u00edjat <strong>a miniszter szem\u00e9lyre sz\u00f3l\u00f3an adom\u00e1nyozza<\/strong>.<\/div>\n<p style=\"margin-top: 0cm;background: white\"><span style=\"font-size: 15.0pt;color: #1e2326\">Az \u00f6szt\u00f6nd\u00edj elnyer\u00e9se nem z\u00e1rja ki a tanulm\u00e1nyi \u00f6szt\u00f6nd\u00edjra val\u00f3 jogosults\u00e1got.<\/span><\/p>\n<p style=\"margin-top: 0cm;background: white\"><strong><span style=\"font-size: 15.0pt;color: #1e2326\">A P\u00c1LY\u00c1ZAT BENY\u00daJT\u00c1SA a NEPTUN rendszeren kereszt\u00fcl t\u00f6rt\u00e9nik,<\/span><\/strong><\/p>\n<p style=\"margin-top: 0cm;background: white\"><strong><span style=\"font-size: 15.0pt;color: #1e2326\">2025. m\u00e1jus 29. 12.00 \u00f3r\u00e1t\u00f3l 2025. j\u00falius 07. 23.59 \u00f3r\u00e1ig.<\/span><\/strong><\/p>\n<p style=\"margin-top: 0cm;background: white\"><em><span style=\"font-size: 15.0pt;color: #1e2326\">A p\u00e1ly\u00e1zat\u00a0<\/span><\/em><strong><i><span style=\"font-size: 15.0pt;color: #1e2326\">p\u00e1ly\u00e1zati adatlapb\u00f3l \u00e9s<\/span><\/i><\/strong><em><span style=\"font-size: 15.0pt;color: #1e2326\">\u00a0annak\u00a0<\/span><\/em><strong><i><span style=\"font-size: 15.0pt;color: #1e2326\">mell\u00e9kleteib\u0151l \u00e1ll<\/span><\/i><\/strong><em><span style=\"font-size: 15.0pt;color: #1e2326\">.\u00a0A teljes p\u00e1ly\u00e1zati anyagot<\/span><\/em><span style=\"font-size: 15.0pt;color: #1e2326\">\u00a0<em>a<\/em>\u00a0<strong><i>NEPTUN rendszeren kereszt\u00fcl (\u00fcgyint\u00e9z\u00e9s-k\u00e9rv\u00e9nyek), elektronikusan kell beny\u00fajtani<\/i><\/strong>.<\/span><\/p>\n<p style=\"margin-top: 0cm;background: white\"><strong><span style=\"font-size: 15.0pt;color: #1e2326\">A p\u00e1ly\u00e1zat bead\u00e1sa ut\u00e1n hi\u00e1nyp\u00f3tl\u00e1sra nincs lehet\u0151s\u00e9g.<\/span><\/strong><\/p>\n<p style=\"margin-top: 0cm;background: white\"><span style=\"font-size: 15.0pt;color: #1e2326\">\u2013\u00a0<\/span><a href=\"https:\/\/semmelweis.hu\/ekk\/files\/2025\/05\/FELHIVAS_2025.pdf\"><span style=\"font-size: 15.0pt;color: #007bff\">FELH\u00cdV\u00c1S<\/span><\/a><\/p>\n<p style=\"margin-top: 0cm;background: white\"><span style=\"font-size: 15.0pt;color: #1e2326\">\u2013\u00a0<\/span><a href=\"https:\/\/semmelweis.hu\/ekk\/files\/2025\/05\/UTEMTERV_2025.pdf\"><span style=\"font-size: 15.0pt;color: #007bff\">\u00dcTEMTERV<\/span><\/a><\/p>\n<p style=\"margin-top: 0cm;background: white\"><span style=\"font-size: 15.0pt;color: #1e2326\">\u2013\u00a0<\/span><a href=\"https:\/\/semmelweis.hu\/ekk\/files\/2025\/05\/PALYAZATI-URLAP.xlsx\"><span style=\"font-size: 15.0pt;color: #007bff\">P\u00c1LY\u00c1ZATI ADATLAP<\/span><\/a><\/p>\n<p style=\"margin-top: 0cm;background: white\"><span style=\"font-size: 15.0pt;color: #1e2326\">\u2013\u00a0<\/span><a href=\"https:\/\/semmelweis.hu\/ekk\/files\/2025\/05\/Pontrendszer_2025.pdf\"><span style=\"font-size: 15.0pt;color: #007bff\">PONTRENDSZER<\/span><\/a><\/p>\n<p>&nbsp;<\/p>\n","protected":false},"excerpt":{"rendered":"<p>A p\u00e1ly\u00e1zat \u00fatj\u00e1n elnyerhet\u0151 nemzeti fels\u0151oktat\u00e1si \u00f6szt\u00f6nd\u00edjban a teljes idej\u0171 alapk\u00e9pz\u00e9sben, mesterk\u00e9pz\u00e9sben, osztatlan k\u00e9pz\u00e9sben r\u00e9szt vev\u0151 hallgat\u00f3k r\u00e9szes\u00fclhetnek. A p\u00e1ly\u00e1z\u00e1s felt\u00e9tele az adott vagy a kor\u00e1bbi tanulm\u00e1nyok sor\u00e1n legal\u00e1bb k\u00e9t f\u00e9l\u00e9vre t\u00f6rt\u00e9n\u0151 bejelentkez\u00e9s, legal\u00e1bb 55 kredit megszerz\u00e9se, tov\u00e1bb\u00e1 kiemelked\u0151 tanulm\u00e1nyi eredm\u00e9ny (teljes tanulm\u00e1nyi id\u0151re sz\u00e1m\u00edtott, kreditekkel s\u00falyozott \u00e1tlag legal\u00e1bb 4,00) \u00e9s szakmai\/tudom\u00e1nyos ter\u00fcleten v\u00e9gzett kimagasl\u00f3 &hellip;<\/p>\n","protected":false},"author":101539,"featured_media":0,"parent":2679,"menu_order":1,"comment_status":"closed","ping_status":"closed","template":"","meta":{"_acf_changed":false,"footnotes":""},"categories":[],"tags":[],"class_list":["post-4253","page","type-page","status-publish","hentry"],"acf":[],"_links":{"self":[{"href":"https:\/\/semmelweis.hu\/ekk\/wp-json\/wp\/v2\/pages\/4253","targetHints":{"allow":["GET"]}}],"collection":[{"href":"https:\/\/semmelweis.hu\/ekk\/wp-json\/wp\/v2\/pages"}],"about":[{"href":"https:\/\/semmelweis.hu\/ekk\/wp-json\/wp\/v2\/types\/page"}],"author":[{"embeddable":true,"href":"https:\/\/semmelweis.hu\/ekk\/wp-json\/wp\/v2\/users\/101539"}],"replies":[{"embeddable":true,"href":"https:\/\/semmelweis.hu\/ekk\/wp-json\/wp\/v2\/comments?post=4253"}],"version-history":[{"count":12,"href":"https:\/\/semmelweis.hu\/ekk\/wp-json\/wp\/v2\/pages\/4253\/revisions"}],"predecessor-version":[{"id":5720,"href":"https:\/\/semmelweis.hu\/ekk\/wp-json\/wp\/v2\/pages\/4253\/revisions\/5720"}],"up":[{"embeddable":true,"href":"https:\/\/semmelweis.hu\/ekk\/wp-json\/wp\/v2\/pages\/2679"}],"wp:attachment":[{"href":"https:\/\/semmelweis.hu\/ekk\/wp-json\/wp\/v2\/media?parent=4253"}],"wp:term":[{"taxonomy":"category","embeddable":true,"href":"https:\/\/semmelweis.hu\/ekk\/wp-json\/wp\/v2\/categories?post=4253"},{"taxonomy":"post_tag","embeddable":true,"href":"https:\/\/semmelweis.hu\/ekk\/wp-json\/wp\/v2\/tags?post=4253"}],"curies":[{"name":"wp","href":"https:\/\/api.w.org\/{rel}","templated":true}]}}