{"id":4194,"date":"2022-02-25T14:53:52","date_gmt":"2022-02-25T13:53:52","guid":{"rendered":"https:\/\/semmelweis.hu\/ekk\/?page_id=4194"},"modified":"2026-01-08T14:08:37","modified_gmt":"2026-01-08T13:08:37","slug":"kari-tanacs-ulesek-2022","status":"publish","type":"page","link":"https:\/\/semmelweis.hu\/ekk\/a-karrol\/kari-tanacs\/kari-tanacs-ulesek\/kari-tanacs-ulesek-2022\/","title":{"rendered":"Kari Tan\u00e1cs \u00fcl\u00e9sek 2022."},"content":{"rendered":"<p><strong>2022. 02. 21. (t\u00e1vmegbesz\u00e9l\u00e9s zoom-on kereszt\u00fcl, titkos elektronikus szavaz\u00e1s)<\/strong><\/p>\n<p>Napirendi pontok:<\/p>\n<ol>\n<li>Digit\u00e1lis Eg\u00e9szs\u00e9gtudom\u00e1nyi Int\u00e9zet Eg\u00e9szs\u00e9g\u00fcgyi szervez\u0151 alapk\u00e9pz\u00e9si szak \u00fcgyvitelszervez\u0151 specializ\u00e1ci\u00f3 szakdolgozat, valamint Z\u00e1r\u00f3vizsga Bizotts\u00e1g eln\u00f6keinek \u00e9s tagjainak j\u00f3v\u00e1hagy\u00e1sa<\/li>\n<li>Az Eg\u00e9szs\u00e9g\u00fcgyi Menedzserk\u00e9pz\u0151 K\u00f6zpont operat\u00edv igazgat\u00f3helyettesi megb\u00edz\u00e1s\u00e1ra beny\u00fajtott p\u00e1ly\u00e1zat v\u00e9lem\u00e9nyez\u00e9se<\/li>\n<li>Az Eg\u00e9szs\u00e9g\u00fcgyi Menedzserk\u00e9pz\u0151 K\u00f6zpont strat\u00e9giai igazgat\u00f3helyettesi megb\u00edz\u00e1s\u00e1ra beny\u00fajtott p\u00e1ly\u00e1zat v\u00e9lem\u00e9nyez\u00e9se<\/li>\n<li>A Karon m\u0171k\u00f6d\u0151, a Szen\u00e1tus \u00e1ltal l\u00e9trehozott Curriculum, Kredit\u00e1tviteli \u00e9s Oktat\u00e1si Bizotts\u00e1g \u00f6sszet\u00e9tel\u00e9nek meg\u00faj\u00edt\u00e1sa \u00a0<\/li>\n<li>A Karon m\u0171k\u00f6d\u0151, a Kar \u00e1ltal l\u00e9trehozott Min\u0151s\u00e9gbiztos\u00edt\u00e1si Bizotts\u00e1g \u00f6sszet\u00e9tel\u00e9nek meg\u00faj\u00edt\u00e1sa \u00a0<\/li>\n<li>Az Eg\u00e9szs\u00e9g\u00fcgyi Menedzserk\u00e9pz\u0151 K\u00f6zpont szoci\u00e1lis szolg\u00e1ltat\u00e1smenedzsment szakir\u00e1ny\u00fa tov\u00e1bbk\u00e9pz\u00e9si szak tant\u00e1rgyi programj\u00e1nak m\u00f3dos\u00edt\u00e1sa<\/li>\n<li>Az Eg\u00e9szs\u00e9g\u00fcgyi Menedzserk\u00e9pz\u0151 K\u00f6zpont &#8222;A jelen \u00e9s j\u00f6v\u0151 gy\u00f3gy\u00edt\u00e1sa \u2013 adatvez\u00e9relt eg\u00e9szs\u00e9g \u00e9s mesters\u00e9ges intelligencia\u201d c\u00edm\u0171 szabadon v\u00e1laszthat\u00f3 tant\u00e1rgy tant\u00e1rgyi programj\u00e1nak m\u00f3dos\u00edt\u00e1sa<\/li>\n<\/ol>\n<hr \/>\n<p><strong>2022. 04. 17. (elektronikus szavaz\u00e1s)<\/strong><\/p>\n<p>Napirendi pontok:<\/p>\n<ol>\n<li>Az Eg\u00e9szs\u00e9g\u00fcgyi Menedzserk\u00e9pz\u0151 K\u00f6zpont \u00a0min\u0151s\u00e9g\u00fcgyi \u00e9s betegbiztons\u00e1gi menedzser mesterk\u00e9pz\u00e9si szak l\u00e9tes\u00edt\u00e9s\u00e9nek valamint a k\u00e9pz\u00e9si \u00e9s kimeneti k\u00f6vetelm\u00e9nyeinek elfogad\u00e1sa<\/li>\n<li>A Ment\u00e1lhigi\u00e9n\u00e9 Int\u00e9zet interdiszciplin\u00e1ris csal\u00e1dtudom\u00e1nyi mesterk\u00e9pz\u00e9si szak tanulm\u00e1nyi t\u00e1j\u00e9koztat\u00f3j\u00e1nak m\u00f3dos\u00edt\u00e1sa<\/li>\n<li>A Ment\u00e1lhigi\u00e9n\u00e9 Int\u00e9zet lakt\u00e1ci\u00f3s szaktan\u00e1csad\u00f3 szakir\u00e1ny\u00fa tov\u00e1bbk\u00e9pz\u00e9si szak tanulm\u00e1nyi t\u00e1j\u00e9koztat\u00f3j\u00e1nak m\u00f3dos\u00edt\u00e1sa<\/li>\n<li>A Ment\u00e1lhigi\u00e9n\u00e9 Int\u00e9zet k\u00f6z\u00f6ss\u00e9gi \u00e9s csal\u00e1di medi\u00e1ci\u00f3 szakir\u00e1ny\u00fa tov\u00e1bbk\u00e9pz\u00e9si szak tanulm\u00e1nyi t\u00e1j\u00e9koztat\u00f3j\u00e1nak m\u00f3dos\u00edt\u00e1sa<\/li>\n<\/ol>\n<hr \/>\n<p><strong>2022. 05. 24 (elektronikus szavaz\u00e1s)<\/strong><\/p>\n<p>Napirendi pontok:<\/p>\n<ol>\n<li>A Karon m\u0171k\u00f6d\u0151, a Kar \u00e1ltal l\u00e9trehozott Min\u0151s\u00e9gbiztos\u00edt\u00e1si Bizotts\u00e1g megsz\u00fcntet\u00e9se<\/li>\n<li>A 2022\/2023. \u00e9vi tan\u00e9v rendj\u00e9nek elfogad\u00e1sa<\/li>\n<li>A Digit\u00e1lis Eg\u00e9szs\u00e9gtudom\u00e1nyi Int\u00e9zet klinikai vizsg\u00e1lati koordin\u00e1tor szakir\u00e1ny\u00fa tov\u00e1bbk\u00e9pz\u00e9si szak k\u00e9pz\u00e9si \u00e9s kimeneti k\u00f6vetelm\u00e9nyeinek \u00e9s mintatanterv\u00e9nek m\u00f3dos\u00edt\u00e1sa<\/li>\n<\/ol>\n<hr \/>\n<p><strong>2022. 05. 31 (t\u00e1vmegbesz\u00e9l\u00e9s zoom-on kereszt\u00fcl, titkos elektronikus szavaz\u00e1s)<\/strong><\/p>\n<p>Napirendi pontok:<\/p>\n<ol>\n<li>A\u00a0Digit\u00e1lis Eg\u00e9szs\u00e9gtudom\u00e1nyi Int\u00e9zet eg\u00e9szs\u00e9g\u00fcgyi szervez\u0151 alapk\u00e9pz\u00e9si szak\u00a0eg\u00e9szs\u00e9g\u00fcgyi\u00a0\u00fcgyvitelszervez\u0151 specializ\u00e1ci\u00f3 szakdolgozat, valamint Z\u00e1r\u00f3vizsga Bizotts\u00e1g eln\u00f6keinek \u00e9s tagjainak j\u00f3v\u00e1hagy\u00e1sa\u00a0<\/li>\n<li>Az Eg\u00e9szs\u00e9g\u00fcgyi Mendzserk\u00e9pz\u0151 K\u00f6zpont eg\u00e9szs\u00e9g\u00fcgyi menedzser mesterk\u00e9pz\u00e9si szak nappali \u00e9s levelez\u0151 munkarend\u0171 k\u00e9pz\u00e9s Z\u00e1r\u00f3vizsga Bizotts\u00e1g eln\u00f6keinek \u00e9s tagjainak j\u00f3v\u00e1hagy\u00e1sa\u00a0<\/li>\n<li>Az\u00a0Eg\u00e9szs\u00e9g\u00fcgyi Mendzserk\u00e9pz\u0151 K\u00f6zpontszlov\u00e1k nyelv\u0171 eg\u00e9szs\u00e9g\u00fcgyi menedzser mesterk\u00e9pz\u00e9si szak\u00a0kihelyezett\u00a0k\u00e9pz\u00e9se\u00a0Z\u00e1r\u00f3vizsga Bizotts\u00e1g eln\u00f6keinek \u00e9s tagjainak j\u00f3v\u00e1hagy\u00e1sa\u00a0<\/li>\n<\/ol>\n<hr \/>\n<p><strong>2022. 07. 01 (elektronikus szavaz\u00e1s)<\/strong><\/p>\n<p>Napirendi pontok:<\/p>\n<ol>\n<li><span style=\"font-size: 14pt\">A Ment\u00e1lhigi\u00e9n\u00e9 Int\u00e9zet szoci\u00e1lis munka mesterk\u00e9pz\u00e9si szak mintatanterv\u00e9nek m\u00f3dos\u00edt\u00e1sa<\/span><\/li>\n<li><span style=\"font-size: 14pt\">A Ment\u00e1lhigi\u00e9n\u00e9 Int\u00e9zet ment\u00e1lhigi\u00e9n\u00e9 szakir\u00e1ny\u00fa tov\u00e1bbk\u00e9pz\u00e9si szak mintatanterv\u00e9nek m\u00f3dos\u00edt\u00e1sa<\/span><\/li>\n<li><span style=\"font-size: 14pt\">A Ment\u00e1lhigi\u00e9n\u00e9 Int\u00e9zet id\u0151s\u00fcgyi interakt\u00edv \u00e9let\u00fat-tan\u00e1csad\u00f3 szakir\u00e1ny\u00fa tov\u00e1bbk\u00e9pz\u00e9si szak mintatanterv\u00e9nek m\u00f3dos\u00edt\u00e1sa<\/span><\/li>\n<li><span style=\"font-size: 14pt\">A Kar T\u00e9r\u00edt\u00e9si \u00e9s Juttat\u00e1si Rendj\u00e9nek m\u00f3dos\u00edt\u00e1sa<\/span><\/li>\n<li><span style=\"font-size: 14pt\">A Digit\u00e1lis Eg\u00e9szs\u00e9gtudom\u00e1nyi Int\u00e9zet eg\u00e9szs\u00e9g\u00fcgyi szervez\u0151 alapk\u00e9pz\u00e9si szak digit\u00e1lis eg\u00e9szs\u00e9g\u00fcgyi szervez\u0151 specializ\u00e1ci\u00f3 tant\u00e1rgyi programj\u00e1nak m\u00f3dos\u00edt\u00e1sa<\/span><\/li>\n<li><span style=\"font-size: 14pt\">Az Eg\u00e9szs\u00e9g\u00fcgyi Menedzserk\u00e9pz\u0151 K\u00f6zpont &#8222;A jelen \u00e9s j\u00f6v\u0151 gy\u00f3gy\u00edt\u00e1sa \u2013 adatvez\u00e9relt eg\u00e9szs\u00e9g \u00e9s mesters\u00e9ges intelligencia\u201d c\u00edm\u0171 tant\u00e1rgy tant\u00e1rgyi adatlapj\u00e1nak m\u00f3dos\u00edt\u00e1sa<\/span><\/li>\n<\/ol>\n<hr \/>\n<p style=\"margin-top: 0cm;background: white\"><span style=\"font-size: 14pt\"><strong><span style=\"color: #1e2326\">2022. 07. 06 (t\u00e1vmegbesz\u00e9l\u00e9s zoom-on kereszt\u00fcl, titkos elektronikus szavaz\u00e1s)<\/span><\/strong><\/span><\/p>\n<p style=\"margin-top: 0cm;background: white;margin-bottom: 1rem\"><span style=\"font-size: 14pt;color: #1e2326\">Napirendi pontok:<\/span><\/p>\n<ol>\n<li style=\"background: white\"><span style=\"font-size: 14pt\">Dr. Dinya Elek r\u00e9sz\u00e9re oktat\u00f3i szolg\u00e1lati eml\u00e9k\u00e9rem kit\u00fcntet\u00e9s j\u00f3v\u00e1hagy\u00e1sa <\/span><\/li>\n<li style=\"background: white\"><span style=\"font-size: 14pt\">A Ment\u00e1lhigi\u00e9n\u00e9 Int\u00e9zet egyes k\u00e9pz\u00e9sei szakfelel\u0151seinek v\u00e1ltoz\u00e1sa<\/span><\/li>\n<\/ol>\n<hr \/>\n<p style=\"margin-top: 0cm;background: white\"><strong><span style=\"font-size: 14.0pt;color: #1e2326\">2022. 09. 30 (elektronikus szavaz\u00e1s)<\/span><\/strong><\/p>\n<p style=\"margin-top: 0cm;background: white;margin-bottom: 1rem\"><span style=\"font-size: 14.0pt;color: #1e2326\">Napirendi pontok:<\/span><\/p>\n<ol>\n<li style=\"background: white\"><span style=\"font-size: 14.0pt\">Hallgat\u00f3i pl\u00e1giumszab\u00e1lyzat elfogad\u00e1sa<\/span><\/li>\n<\/ol>\n<hr \/>\n<p style=\"margin-top: 0cm;background: white\"><strong><span style=\"font-size: 14.0pt;color: #1e2326\">2022. 11. 10 (elektronikus szavaz\u00e1s)<\/span><\/strong><\/p>\n<p style=\"margin-top: 0cm;background: white;margin-bottom: 1rem\"><span style=\"font-size: 14.0pt;color: #1e2326\">Napirendi pontok:<\/span><\/p>\n<ol>\n<li style=\"background: white\"><span style=\"font-size: 14.0pt\">Eg\u00e9szs\u00e9g\u00fcgyi K\u00f6zszolg\u00e1lati Kar Ment\u00e1lhigi\u00e9n\u00e9 Int\u00e9zet munkahelyi ment\u00e1lhigi\u00e9n\u00e9 szakir\u00e1ny\u00fa tov\u00e1bbk\u00e9pz\u00e9si szak ind\u00edt\u00e1s\u00e1nak \u00e9s tanterv\u00e9nek elfogad\u00e1sa<\/span><\/li>\n<\/ol>\n<hr \/>\n<p style=\"margin-top: 0cm;background: white\"><strong><span style=\"font-size: 14.0pt;color: #1e2326\">2022. 12. 07 (elektronikus szavaz\u00e1s)<\/span><\/strong><\/p>\n<p style=\"margin-top: 0cm;background: white;margin-bottom: 1rem\"><span style=\"font-size: 14.0pt;color: #1e2326\">Napirendi pontok:<\/span><\/p>\n<ol>\n<li style=\"background: white\"><span style=\"font-size: 14.0pt\">Az Eg\u00e9szs\u00e9g\u00fcgyi K\u00f6zszolg\u00e1lati Kar Publik\u00e1ci\u00f3s tev\u00e9kenys\u00e9get \u00f6szt\u00f6nz\u0151 szab\u00e1lyzat\u00e1nak elfogad\u00e1sa<\/span><\/li>\n<\/ol>\n<hr \/>\n<p style=\"margin-top: 0cm;background: white\"><strong><span style=\"font-size: 14.0pt;color: #1e2326\">2022. 12. 12<\/span><\/strong><\/p>\n<p style=\"margin-top: 0cm;background: white;margin-bottom: 1rem\"><span style=\"font-size: 14.0pt;color: #1e2326\">Napirendi pontok:<\/span><\/p>\n<ol>\n<li style=\"background: white\"><span style=\"font-size: 14.0pt;color: #1e2326\">Az Eg\u00e9szs\u00e9g\u00fcgyi K\u00f6zszolg\u00e1lati Kar Eg\u00e9szs\u00e9g\u00fcgyi Menedzserk\u00e9pz\u0151 K\u00f6zpontban meghirdetett egyetemi tan\u00e1ri munkak\u00f6rre be\u00e9rkezett p\u00e1ly\u00e1zatok v\u00e9lem\u00e9nyez\u00e9se <\/span><\/li>\n<li style=\"background: white\"><span style=\"font-size: 14.0pt;color: #1e2326\">Az Eg\u00e9szs\u00e9g\u00fcgyi K\u00f6zszolg\u00e1lati Kar Ment\u00e1lhigi\u00e9n\u00e9 Int\u00e9zetben meghirdetett egyetemi tan\u00e1ri munkak\u00f6rre be\u00e9rkezett p\u00e1ly\u00e1zat v\u00e9lem\u00e9nyez\u00e9se <\/span><\/li>\n<li style=\"background: white\"><span style=\"font-size: 14.0pt;color: #1e2326\">Az Eg\u00e9szs\u00e9g\u00fcgyi K\u00f6zszolg\u00e1lati Kar Eg\u00e9szs\u00e9g\u00fcgyi Menedzserk\u00e9pz\u0151 K\u00f6zpontban meghirdetett egyetemi docensi munkak\u00f6rre be\u00e9rkezett p\u00e1ly\u00e1zat v\u00e9lem\u00e9nyez\u00e9se <\/span><\/li>\n<li style=\"background: white\"><span style=\"font-size: 14.0pt;color: #1e2326\">Az Eg\u00e9szs\u00e9g\u00fcgyi Menedzserk\u00e9pz\u0151 K\u00f6zpont eg\u00e9szs\u00e9g\u00fcgyi menedzser mesterk\u00e9pz\u00e9si szak nappali \u00e9s levelez\u0151 munkarend\u0171 k\u00e9pz\u00e9s Z\u00e1r\u00f3vizsga Bizotts\u00e1g eln\u00f6keinek \u00e9s tagjainak j\u00f3v\u00e1hagy\u00e1sa <\/span><\/li>\n<li style=\"background: white\"><span style=\"font-size: 14.0pt;color: #1e2326\">Az Eg\u00e9szs\u00e9g\u00fcgyi Menedzserk\u00e9pz\u0151 K\u00f6zpont szoci\u00e1lis szolg\u00e1ltat\u00e1smenedzsment szakir\u00e1ny\u00fa tov\u00e1bbk\u00e9pz\u00e9si szak Z\u00e1r\u00f3vizsga Bizotts\u00e1g eln\u00f6keinek \u00e9s tagjainak j\u00f3v\u00e1hagy\u00e1sa <\/span><\/li>\n<\/ol>\n","protected":false},"excerpt":{"rendered":"<p>2022. 02. 21. (t\u00e1vmegbesz\u00e9l\u00e9s zoom-on kereszt\u00fcl, titkos elektronikus szavaz\u00e1s) Napirendi pontok: Digit\u00e1lis Eg\u00e9szs\u00e9gtudom\u00e1nyi Int\u00e9zet Eg\u00e9szs\u00e9g\u00fcgyi szervez\u0151 alapk\u00e9pz\u00e9si szak \u00fcgyvitelszervez\u0151 specializ\u00e1ci\u00f3 szakdolgozat, valamint Z\u00e1r\u00f3vizsga Bizotts\u00e1g eln\u00f6keinek \u00e9s tagjainak j\u00f3v\u00e1hagy\u00e1sa Az Eg\u00e9szs\u00e9g\u00fcgyi Menedzserk\u00e9pz\u0151 K\u00f6zpont operat\u00edv igazgat\u00f3helyettesi megb\u00edz\u00e1s\u00e1ra beny\u00fajtott p\u00e1ly\u00e1zat v\u00e9lem\u00e9nyez\u00e9se Az Eg\u00e9szs\u00e9g\u00fcgyi Menedzserk\u00e9pz\u0151 K\u00f6zpont strat\u00e9giai igazgat\u00f3helyettesi megb\u00edz\u00e1s\u00e1ra beny\u00fajtott p\u00e1ly\u00e1zat v\u00e9lem\u00e9nyez\u00e9se A Karon m\u0171k\u00f6d\u0151, a Szen\u00e1tus \u00e1ltal l\u00e9trehozott &hellip;<\/p>\n","protected":false},"author":101539,"featured_media":0,"parent":1201,"menu_order":4,"comment_status":"closed","ping_status":"closed","template":"","meta":{"_acf_changed":false,"footnotes":""},"categories":[],"tags":[],"class_list":["post-4194","page","type-page","status-publish","hentry"],"acf":[],"_links":{"self":[{"href":"https:\/\/semmelweis.hu\/ekk\/wp-json\/wp\/v2\/pages\/4194","targetHints":{"allow":["GET"]}}],"collection":[{"href":"https:\/\/semmelweis.hu\/ekk\/wp-json\/wp\/v2\/pages"}],"about":[{"href":"https:\/\/semmelweis.hu\/ekk\/wp-json\/wp\/v2\/types\/page"}],"author":[{"embeddable":true,"href":"https:\/\/semmelweis.hu\/ekk\/wp-json\/wp\/v2\/users\/101539"}],"replies":[{"embeddable":true,"href":"https:\/\/semmelweis.hu\/ekk\/wp-json\/wp\/v2\/comments?post=4194"}],"version-history":[{"count":9,"href":"https:\/\/semmelweis.hu\/ekk\/wp-json\/wp\/v2\/pages\/4194\/revisions"}],"predecessor-version":[{"id":4345,"href":"https:\/\/semmelweis.hu\/ekk\/wp-json\/wp\/v2\/pages\/4194\/revisions\/4345"}],"up":[{"embeddable":true,"href":"https:\/\/semmelweis.hu\/ekk\/wp-json\/wp\/v2\/pages\/1201"}],"wp:attachment":[{"href":"https:\/\/semmelweis.hu\/ekk\/wp-json\/wp\/v2\/media?parent=4194"}],"wp:term":[{"taxonomy":"category","embeddable":true,"href":"https:\/\/semmelweis.hu\/ekk\/wp-json\/wp\/v2\/categories?post=4194"},{"taxonomy":"post_tag","embeddable":true,"href":"https:\/\/semmelweis.hu\/ekk\/wp-json\/wp\/v2\/tags?post=4194"}],"curies":[{"name":"wp","href":"https:\/\/api.w.org\/{rel}","templated":true}]}}