{"id":4,"date":"2011-06-29T08:43:27","date_gmt":"2011-06-29T08:43:27","guid":{"rendered":"http:\/\/sote.webdevil.hu\/ekk\/?page_id=4"},"modified":"2026-01-21T15:30:59","modified_gmt":"2026-01-21T14:30:59","slug":"oktatas","status":"publish","type":"page","link":"https:\/\/semmelweis.hu\/ekk\/oktatas\/","title":{"rendered":"Oktat\u00e1s"},"content":{"rendered":"<p>Az EKK a <strong>t\u00e1rsadalomtudom\u00e1nyok \u00e9s az eg\u00e9szs\u00e9gtudom\u00e1nyok<\/strong> hat\u00e1rter\u00fclet\u00e9n elhelyezked\u0151 k\u00e9pz\u00e9sek sz\u00e9les palett\u00e1j\u00e1t ny\u00fajtja az alapk\u00e9pz\u00e9st\u0151l kezdve a mesterk\u00e9pz\u00e9sen \u00e1t a doktori k\u00e9pz\u00e9sig, valamint a szakir\u00e1ny\u00fa tov\u00e1bbk\u00e9pz\u00e9sig. Az egyes tudom\u00e1nyter\u00fcletek elt\u00e9r\u0151 szeml\u00e9letm\u00f3dja, a k\u00e9pz\u00e9si ter\u00fcletek sokf\u00e9les\u00e9ge egy-egy programon bel\u00fcl er\u0151s\u00edti, kieg\u00e9sz\u00edti egym\u00e1st.<\/p>\n<p><strong>A kar k\u00e9pz\u00e9si filoz\u00f3fi\u00e1j\u00e1ban<\/strong>, fejleszt\u00e9si strat\u00e9gi\u00e1j\u00e1ban a <strong>tapasztalati alapon t\u00f6rt\u00e9n\u0151 tan\u00edt\u00e1s elveit<\/strong> \u00e9s <strong>gyakorlatait<\/strong> alkalmazza. Jellemz\u0151 az interaktivit\u00e1st biztos\u00edt\u00f3 <strong>kis l\u00e9tsz\u00e1m\u00fa csoport<\/strong> \u00e9s a <strong>probl\u00e9mak\u00f6zpont\u00fas\u00e1g.<\/strong><\/p>\n<h5>Karunkon az al\u00e1bbi k\u00e9pz\u00e9sek k\u00f6z\u00fcl v\u00e1laszthat:<\/h5>\n<ul style=\"list-style-type: square\">\n<li><strong><a href=\"https:\/\/semmelweis.hu\/ekk\/oktatas\/alapkepzes\/\">ALAPK\u00c9PZ\u00c9S<\/a><\/strong><\/li>\n<li><strong><a href=\"https:\/\/semmelweis.hu\/ekk\/oktatas\/mesterkepzes\/\">MESTERK\u00c9PZ\u00c9S<\/a><\/strong><\/li>\n<li><strong><a href=\"https:\/\/semmelweis.hu\/ekk\/oktatas\/szakiranyu-tovabbkepzes\/\">SZAKIR\u00c1NY\u00da TOV\u00c1BBK\u00c9PZ\u00c9S<\/a><\/strong><\/li>\n<\/ul>\n\r\n        [slb_exclude]\r\n        <div class=\"row galeria-wrapper mx-0 h-auto\">\r\n            <div class=\"col-9 pl-0 pr-2\">\r\n            <span class=\"gallery-item frame\">\r\n\t\t\t\t<div class=\"galeria-left-img\"><a href=\"https:\/\/semmelweis.hu\/ekk\/files\/2023\/10\/diplomaatado_EKK.jpg\"><img src=https:\/\/semmelweis.hu\/ekk\/files\/2023\/10\/diplomaatado_EKK.jpg  \r\n                            alt=\"\" \r\n                            class=\"attachment-sote-gallery-big size-sote-gallery-big\" \r\n                            srcset=\"https:\/\/semmelweis.hu\/ekk\/files\/2023\/10\/diplomaatado_EKK-400x267.jpg 400w, https:\/\/semmelweis.hu\/ekk\/files\/2023\/10\/diplomaatado_EKK-1024x683.jpg 1024w, https:\/\/semmelweis.hu\/ekk\/files\/2023\/10\/diplomaatado_EKK-768x512.jpg 768w, https:\/\/semmelweis.hu\/ekk\/files\/2023\/10\/diplomaatado_EKK-753x502.jpg 753w, https:\/\/semmelweis.hu\/ekk\/files\/2023\/10\/diplomaatado_EKK-203x135.jpg 203w, https:\/\/semmelweis.hu\/ekk\/files\/2023\/10\/diplomaatado_EKK.jpg 1200w\" ><\/a><\/div>\r\n            <\/span>\r\n\r\n            <\/div>\r\n\r\n\t\t\t<div class=\"col-3 pl-0 pr-0\">\r\n\t\t\t\t<div class=\"galeria-right-img d-flex justify-content-between flex-column h-100 w-100 px-0 mx-0 \">\r\n                <div class=\"galeria-box\">\r\n\t\t\t\t\t<h3 class=\"galeria-title\">Gal\u00e9ria<\/h3>\r\n\t\t\t\t\t<div class=\"galeria-subtitle\">\r\n\r\n\t\t\t\t\t\t<div class=\"galeria-page-counter\"><span>3<\/span>k\u00e9p<\/div>\r\n                    <\/div> <\/div>\r\n                    <span class=\"gallery-item frame d-none d-md-flex\">\r\n\t\t\t\t\t<div class=\"galeria-small-img mt-0\"><a href=\"https:\/\/semmelweis.hu\/ekk\/files\/2023\/10\/diploma2.jpg\"><img src=https:\/\/semmelweis.hu\/ekk\/files\/2023\/10\/diploma2.jpg \r\n                                alt=\"\"  \r\n                                class=\"attachment-sote-gallery-small size-sote-gallery-small\" \r\n                                srcset=\"https:\/\/semmelweis.hu\/ekk\/files\/2023\/10\/diploma2-400x267.jpg 400w, https:\/\/semmelweis.hu\/ekk\/files\/2023\/10\/diploma2-1024x683.jpg 1024w, https:\/\/semmelweis.hu\/ekk\/files\/2023\/10\/diploma2-768x512.jpg 768w, https:\/\/semmelweis.hu\/ekk\/files\/2023\/10\/diploma2-753x502.jpg 753w, https:\/\/semmelweis.hu\/ekk\/files\/2023\/10\/diploma2-203x135.jpg 203w, https:\/\/semmelweis.hu\/ekk\/files\/2023\/10\/diploma2.jpg 1200w\" ><\/a><\/div>\r\n                    <\/span>\r\n                    <span class=\"gallery-item frame d-none d-md-flex\">\r\n\t\t\t\t\t<div class=\"galeria-small-img mt-0\"><a href=\"https:\/\/semmelweis.hu\/ekk\/files\/2023\/10\/EKK_diploma.jpg\"><img src=https:\/\/semmelweis.hu\/ekk\/files\/2023\/10\/EKK_diploma.jpg \r\n                                alt=\"\" \r\n                                class=\"attachment-sote-gallery-small size-sote-gallery-small\" \r\n                                srcset=\"https:\/\/semmelweis.hu\/ekk\/files\/2023\/10\/EKK_diploma-400x267.jpg 400w, https:\/\/semmelweis.hu\/ekk\/files\/2023\/10\/EKK_diploma-1024x683.jpg 1024w, https:\/\/semmelweis.hu\/ekk\/files\/2023\/10\/EKK_diploma-768x512.jpg 768w, https:\/\/semmelweis.hu\/ekk\/files\/2023\/10\/EKK_diploma-753x502.jpg 753w, https:\/\/semmelweis.hu\/ekk\/files\/2023\/10\/EKK_diploma-203x135.jpg 203w, https:\/\/semmelweis.hu\/ekk\/files\/2023\/10\/EKK_diploma.jpg 1200w\" ><\/a><\/div>\r\n                    <\/span>\r\n\r\n                <\/div>\r\n\r\n            <\/div>\r\n\r\n            \r\n            <\/div>\r\n\r\n            [\/slb_exclude]\r\n\t\n","protected":false},"excerpt":{"rendered":"<p>Az EKK a t\u00e1rsadalomtudom\u00e1nyok \u00e9s az eg\u00e9szs\u00e9gtudom\u00e1nyok hat\u00e1rter\u00fclet\u00e9n elhelyezked\u0151 k\u00e9pz\u00e9sek sz\u00e9les palett\u00e1j\u00e1t ny\u00fajtja az alapk\u00e9pz\u00e9st\u0151l kezdve a mesterk\u00e9pz\u00e9sen \u00e1t a doktori k\u00e9pz\u00e9sig, valamint a szakir\u00e1ny\u00fa tov\u00e1bbk\u00e9pz\u00e9sig. Az egyes tudom\u00e1nyter\u00fcletek elt\u00e9r\u0151 szeml\u00e9letm\u00f3dja, a k\u00e9pz\u00e9si ter\u00fcletek sokf\u00e9les\u00e9ge egy-egy programon bel\u00fcl er\u0151s\u00edti, kieg\u00e9sz\u00edti egym\u00e1st. A kar k\u00e9pz\u00e9si filoz\u00f3fi\u00e1j\u00e1ban, fejleszt\u00e9si strat\u00e9gi\u00e1j\u00e1ban a tapasztalati alapon t\u00f6rt\u00e9n\u0151 tan\u00edt\u00e1s elveit \u00e9s gyakorlatait &hellip;<\/p>\n","protected":false},"author":7,"featured_media":0,"parent":0,"menu_order":1,"comment_status":"closed","ping_status":"open","template":"","meta":{"_acf_changed":false,"footnotes":""},"categories":[],"tags":[],"class_list":["post-4","page","type-page","status-publish","hentry"],"acf":[],"_links":{"self":[{"href":"https:\/\/semmelweis.hu\/ekk\/wp-json\/wp\/v2\/pages\/4","targetHints":{"allow":["GET"]}}],"collection":[{"href":"https:\/\/semmelweis.hu\/ekk\/wp-json\/wp\/v2\/pages"}],"about":[{"href":"https:\/\/semmelweis.hu\/ekk\/wp-json\/wp\/v2\/types\/page"}],"author":[{"embeddable":true,"href":"https:\/\/semmelweis.hu\/ekk\/wp-json\/wp\/v2\/users\/7"}],"replies":[{"embeddable":true,"href":"https:\/\/semmelweis.hu\/ekk\/wp-json\/wp\/v2\/comments?post=4"}],"version-history":[{"count":12,"href":"https:\/\/semmelweis.hu\/ekk\/wp-json\/wp\/v2\/pages\/4\/revisions"}],"predecessor-version":[{"id":5999,"href":"https:\/\/semmelweis.hu\/ekk\/wp-json\/wp\/v2\/pages\/4\/revisions\/5999"}],"wp:attachment":[{"href":"https:\/\/semmelweis.hu\/ekk\/wp-json\/wp\/v2\/media?parent=4"}],"wp:term":[{"taxonomy":"category","embeddable":true,"href":"https:\/\/semmelweis.hu\/ekk\/wp-json\/wp\/v2\/categories?post=4"},{"taxonomy":"post_tag","embeddable":true,"href":"https:\/\/semmelweis.hu\/ekk\/wp-json\/wp\/v2\/tags?post=4"}],"curies":[{"name":"wp","href":"https:\/\/api.w.org\/{rel}","templated":true}]}}