{"id":3915,"date":"2021-05-21T08:17:36","date_gmt":"2021-05-21T06:17:36","guid":{"rendered":"https:\/\/semmelweis.hu\/ekk\/?page_id=3915"},"modified":"2023-06-07T15:30:36","modified_gmt":"2023-06-07T13:30:36","slug":"nemzeti-felsooktatasi-osztondij","status":"publish","type":"page","link":"https:\/\/semmelweis.hu\/ekk\/hallgatoi-elet\/nemzeti-felsooktatasi-osztondij\/","title":{"rendered":"Nemzeti fels\u0151oktat\u00e1si \u00f6szt\u00f6nd\u00edj 2023\/2024"},"content":{"rendered":"<p>A p\u00e1ly\u00e1zat \u00fatj\u00e1n elnyerhet\u0151 nemzeti fels\u0151oktat\u00e1si \u00f6szt\u00f6nd\u00edjban a teljes idej\u0171 alapk\u00e9pz\u00e9sben, mesterk\u00e9pz\u00e9sben r\u00e9szt vev\u0151 hallgat\u00f3k r\u00e9szes\u00fclhetnek. A p\u00e1ly\u00e1z\u00e1s felt\u00e9tele a jelenlegi vagy kor\u00e1bbi tanulm\u00e1nyaik sor\u00e1n legal\u00e1bb k\u00e9t f\u00e9l\u00e9vre t\u00f6rt\u00e9n\u0151 bejelentkez\u00e9s, legal\u00e1bb 55 kredit megszerz\u00e9se, tov\u00e1bb\u00e1 kiemelked\u0151 tanulm\u00e1nyi eredm\u00e9ny (teljes tanulm\u00e1nyi id\u0151re sz\u00e1m\u00edtott, kreditekkel s\u00falyozott \u00e1tlag legal\u00e1bb 4,00) \u00e9s szakmai\/tudom\u00e1nyos ter\u00fcleten v\u00e9gzett kimagasl\u00f3 munka. A nemzeti fels\u0151oktat\u00e1si \u00f6szt\u00f6nd\u00edjat egy teljes tan\u00e9v (10 h\u00f3nap) id\u0151tartam\u00e1ra lehet elnyerni. A nemzeti fels\u0151oktat\u00e1si \u00f6szt\u00f6nd\u00edjat az oktat\u00e1s\u00e9rt felel\u0151s miniszter szem\u00e9lyre sz\u00f3l\u00f3an adom\u00e1nyozza. Az \u00f6szt\u00f6nd\u00edj elnyer\u00e9se nem z\u00e1rja ki a tanulm\u00e1nyi \u00f6szt\u00f6nd\u00edjra val\u00f3 jogosults\u00e1got.<\/p>\n<hr \/>\n<p><strong>Felh\u00edv\u00e1s a nemzeti fels\u0151oktat\u00e1si \u00f6szt\u00f6nd\u00edj 2023\/2024 tan\u00e9vi p\u00e1ly\u00e1zat\u00e1ra<\/strong><\/p>\n<p><a href=\"https:\/\/semmelweis.hu\/ekk\/files\/2023\/06\/FELHIVAS_2023.pdf\">Felh\u00edv\u00e1s<\/a><\/p>\n<p><strong>A nemzeti fels\u0151oktat\u00e1si \u00f6szt\u00f6nd\u00edj elnyer\u00e9s\u00e9re p\u00e1ly\u00e1z\u00f3 hallgat\u00f3k rangsorol\u00e1sa<\/strong><\/p>\n<p><a href=\"https:\/\/semmelweis.hu\/ekk\/files\/2023\/06\/Pontrendszer_2023_.pdf\">Pontrendszer<\/a><\/p>\n<p><strong>A p\u00e1ly\u00e1zatok rangsorol\u00e1s\u00e1nak \u00fctemterve<\/strong><\/p>\n<p><a href=\"https:\/\/semmelweis.hu\/ekk\/files\/2023\/06\/UTEMTERV_2023.pdf\">\u00dctemterv<\/a><\/p>\n<p><strong>Nemzeti fels\u0151oktat\u00e1si \u00f6szt\u00f6nd\u00edj p\u00e1ly\u00e1zati lap<\/strong><\/p>\n<p><a href=\"https:\/\/semmelweis.hu\/ekk\/files\/2023\/06\/PALYAZATI-URLAP-3.xlsx\">P\u00e1ly\u00e1zati lap<\/a><\/p>\n","protected":false},"excerpt":{"rendered":"<p>A p\u00e1ly\u00e1zat \u00fatj\u00e1n elnyerhet\u0151 nemzeti fels\u0151oktat\u00e1si \u00f6szt\u00f6nd\u00edjban a teljes idej\u0171 alapk\u00e9pz\u00e9sben, mesterk\u00e9pz\u00e9sben r\u00e9szt vev\u0151 hallgat\u00f3k r\u00e9szes\u00fclhetnek. A p\u00e1ly\u00e1z\u00e1s felt\u00e9tele a jelenlegi vagy kor\u00e1bbi tanulm\u00e1nyaik sor\u00e1n legal\u00e1bb k\u00e9t f\u00e9l\u00e9vre t\u00f6rt\u00e9n\u0151 bejelentkez\u00e9s, legal\u00e1bb 55 kredit megszerz\u00e9se, tov\u00e1bb\u00e1 kiemelked\u0151 tanulm\u00e1nyi eredm\u00e9ny (teljes tanulm\u00e1nyi id\u0151re sz\u00e1m\u00edtott, kreditekkel s\u00falyozott \u00e1tlag legal\u00e1bb 4,00) \u00e9s szakmai\/tudom\u00e1nyos ter\u00fcleten v\u00e9gzett kimagasl\u00f3 munka. A nemzeti &hellip;<\/p>\n","protected":false},"author":101539,"featured_media":0,"parent":8,"menu_order":3,"comment_status":"closed","ping_status":"closed","template":"","meta":{"_acf_changed":false,"footnotes":""},"categories":[],"tags":[],"class_list":["post-3915","page","type-page","status-publish","hentry"],"acf":[],"_links":{"self":[{"href":"https:\/\/semmelweis.hu\/ekk\/wp-json\/wp\/v2\/pages\/3915","targetHints":{"allow":["GET"]}}],"collection":[{"href":"https:\/\/semmelweis.hu\/ekk\/wp-json\/wp\/v2\/pages"}],"about":[{"href":"https:\/\/semmelweis.hu\/ekk\/wp-json\/wp\/v2\/types\/page"}],"author":[{"embeddable":true,"href":"https:\/\/semmelweis.hu\/ekk\/wp-json\/wp\/v2\/users\/101539"}],"replies":[{"embeddable":true,"href":"https:\/\/semmelweis.hu\/ekk\/wp-json\/wp\/v2\/comments?post=3915"}],"version-history":[{"count":10,"href":"https:\/\/semmelweis.hu\/ekk\/wp-json\/wp\/v2\/pages\/3915\/revisions"}],"predecessor-version":[{"id":4451,"href":"https:\/\/semmelweis.hu\/ekk\/wp-json\/wp\/v2\/pages\/3915\/revisions\/4451"}],"up":[{"embeddable":true,"href":"https:\/\/semmelweis.hu\/ekk\/wp-json\/wp\/v2\/pages\/8"}],"wp:attachment":[{"href":"https:\/\/semmelweis.hu\/ekk\/wp-json\/wp\/v2\/media?parent=3915"}],"wp:term":[{"taxonomy":"category","embeddable":true,"href":"https:\/\/semmelweis.hu\/ekk\/wp-json\/wp\/v2\/categories?post=3915"},{"taxonomy":"post_tag","embeddable":true,"href":"https:\/\/semmelweis.hu\/ekk\/wp-json\/wp\/v2\/tags?post=3915"}],"curies":[{"name":"wp","href":"https:\/\/api.w.org\/{rel}","templated":true}]}}