{"id":38,"date":"2011-06-29T09:21:23","date_gmt":"2011-06-29T09:21:23","guid":{"rendered":"http:\/\/sote.webdevil.hu\/ekk\/?page_id=38"},"modified":"2024-09-18T14:23:38","modified_gmt":"2024-09-18T12:23:38","slug":"kapcsolatok","status":"publish","type":"page","link":"https:\/\/semmelweis.hu\/ekk\/kutatas\/kapcsolatok\/","title":{"rendered":"Kapcsolatok"},"content":{"rendered":"<p>Az Eg\u00e9szs\u00e9g\u00fcgyi K\u00f6zszolg\u00e1lati Kar \u00e9s alap\u00edt\u00f3 int\u00e9zetei sz\u00e9lesk\u00f6r\u0171 hazai \u00e9s nemzetk\u00f6zi kapcsolatrendszerrel rendelkezik, mind az oktat\u00e1s, mind a kutat\u00e1s, mind pedig a sz\u00e9les \u00e9rtelemben vett szak\u00e9rt\u0151i tev\u00e9kenys\u00e9gek ter\u00fclet\u00e9n.<\/p>\n<div class=\"responsive-tabs\">\n<h2 class=\"tabtitle\">Szakmai kapcsolatok<\/h2>\n<div class=\"tabcontent\">\n\n<ul>\n<li><a href=\"http:\/\/www.bzlogi.hu\" target=\"_blank\" rel=\"noopener\">Bay Zolt\u00e1n Alkalmazott Kutat\u00e1si K\u00f6zalap\u00edtv\u00e1ny Logisztikai \u00e9s Gy\u00e1rt\u00e1stechnikai Int\u00e9zet\u00a0<\/a><\/li>\n<li><a href=\"http:\/\/www.bme.hu\/oktatas\" target=\"_blank\" rel=\"noopener\">Budapesti M\u0171szaki \u00e9s Gazdas\u00e1gtudom\u00e1nyi Egyetem<\/a>\u00a0<\/li>\n<li><a href=\"http:\/\/www.imeonline.hu\" target=\"_blank\" rel=\"noopener\">IME &#8211; Az eg\u00e9szs\u00e9g\u00fcgyi vezet\u0151k lapja<\/a>\u00a0<\/li>\n<li><a href=\"http:\/\/www.korhazszovetseg.hu\" target=\"_blank\" rel=\"noopener\">Magyar K\u00f3rh\u00e1zsz\u00f6vets\u00e9g<\/a><\/li>\n<li><a href=\"https:\/\/www.neak.gov.hu\/\" target=\"_blank\" rel=\"noopener\">Nemzeti Eg\u00e9szs\u00e9gbiztos\u00edt\u00e1si Alapkezel\u0151<\/a><\/li>\n<li><a href=\"http:\/\/www.njszt.hu\" target=\"_blank\" rel=\"noopener\">Neumann J\u00e1nos Sz\u00e1m\u00edt\u00f3g\u00e9ptudom\u00e1nyi T\u00e1rsas\u00e1g<\/a><\/li>\n<li><a href=\"http:\/\/uni-obuda.hu\/\" target=\"_blank\" rel=\"noopener\">\u00d3budai Egyetem<\/a><\/li>\n<li><a href=\"https:\/\/alapellatas.okfo.gov.hu\/\">OKF\u0150 \u2013 Alapell\u00e1t\u00e1sfejleszt\u00e9si Igazgat\u00f3s\u00e1g <\/a><\/li>\n<\/ul>\n\n<\/div><h2 class=\"tabtitle\">Nemzetk\u00f6zi kapcsolatok<\/h2>\n<div class=\"tabcontent\">\n\n<p>&nbsp;<\/p>\n<ul>\n<li><a href=\"http:\/\/www.aalto.fi\" target=\"_blank\" rel=\"noopener\">Aalto University, School of Science and Technology, Helsinki<\/a>\u00a0<\/li>\n<li>DG Sanco\u00a0<\/li>\n<li><a href=\"http:\/\/www.dur.ac.uk\/\" target=\"_blank\" rel=\"noopener\">Durham University<\/a><\/li>\n<li><a href=\"http:\/\/www.euhpn.eu\/\" target=\"_blank\" rel=\"noopener\">European Health Property Network<\/a>\u00a0<\/li>\n<li>Global Development Learning Network\u00a0<\/li>\n<li>International Institute of Tele-Medicine\u00a0<\/li>\n<li><a href=\"https:\/\/ki.se\/en\/startpage\" target=\"_blank\" rel=\"noopener\">Karolinska Institute<\/a>\u00a0<\/li>\n<li><a href=\"http:\/\/www.mci.edu\/\" target=\"_blank\" rel=\"noopener\">Management Center Innsbruck<\/a>\u00a0<\/li>\n<li><a href=\"http:\/\/www.nihi.ca\" target=\"_blank\" rel=\"noopener\">National Institutes of Health Informatics, Kanada<\/a>\u00a0<\/li>\n<li><a href=\"http:\/\/www.projecthope.org\/\" target=\"_blank\" rel=\"noopener\">Project Hope<\/a>\u00a0<\/li>\n<li>Ryerson University, Ted Rogers School of Information Technology Management\u00a0<\/li>\n<li><a href=\"http:\/\/hinf.uvic.ca\" target=\"_blank\" rel=\"noopener\">University of Viktoria, Health Information Science<\/a>\u00a0<\/li>\n<li><a href=\"http:\/\/www.cs.uwaterloo.ca\" target=\"_blank\" rel=\"noopener\">University of Waterloo, Cheriton School of Computer Science<\/a>\u00a0<\/li>\n<li><a href=\"http:\/\/www.euro.who.int\/en\/home\/projects\/observatory\" target=\"_blank\" rel=\"noopener\">WHO European Observatory<\/a>\u00a0<\/li>\n<li><a href=\"http:\/\/www.worldbank.org\/\" target=\"_blank\" rel=\"noopener\">World Bank Institute<\/a>\u00a0<\/li>\n<li><a href=\"http:\/\/www.who.int\/\" target=\"_blank\" rel=\"noopener\">World Health Organization<\/a>\u00a0<\/li>\n<\/ul>\n<\/div><\/div>\n","protected":false},"excerpt":{"rendered":"<p>Az Eg\u00e9szs\u00e9g\u00fcgyi K\u00f6zszolg\u00e1lati Kar \u00e9s alap\u00edt\u00f3 int\u00e9zetei sz\u00e9lesk\u00f6r\u0171 hazai \u00e9s nemzetk\u00f6zi kapcsolatrendszerrel rendelkezik, mind az oktat\u00e1s, mind a kutat\u00e1s, mind pedig a sz\u00e9les \u00e9rtelemben vett szak\u00e9rt\u0151i tev\u00e9kenys\u00e9gek ter\u00fclet\u00e9n. <a href=\"http:\/\/www.bzlogi.hu\" target=\"_blank\" rel=\"noopener\">Bay Zolt\u00e1n Alkalmazott Kutat\u00e1si K\u00f6zalap\u00edtv\u00e1ny Logisztikai \u00e9s Gy\u00e1rt\u00e1stechnikai Int\u00e9zet\u00a0<\/a> <a href=\"http:\/\/www.bme.hu\/oktatas\" target=\"_blank\" rel=\"noopener\">Budapesti M\u0171szaki \u00e9s Gazdas\u00e1gtudom\u00e1nyi Egyetem<\/a> \u00a0 <a href=\"http:\/\/www.imeonline.hu\" target=\"_blank\" rel=\"noopener\">IME &#8211; Az eg\u00e9szs\u00e9g\u00fcgyi vezet\u0151k lapja<\/a> \u00a0 <a href=\"http:\/\/www.korhazszovetseg.hu\" target=\"_blank\" rel=\"noopener\">Magyar K\u00f3rh\u00e1zsz\u00f6vets\u00e9g<\/a> <a href=\"https:\/\/www.neak.gov.hu\/\" target=\"_blank\" rel=\"noopener\">Nemzeti Eg\u00e9szs\u00e9gbiztos\u00edt\u00e1si Alapkezel\u0151<\/a> <a href=\"http:\/\/www.njszt.hu\" target=\"_blank\" rel=\"noopener\">Neumann J\u00e1nos Sz\u00e1m\u00edt\u00f3g\u00e9ptudom\u00e1nyi T\u00e1rsas\u00e1g<\/a> <a href=\"http:\/\/uni-obuda.hu\/\" target=\"_blank\" rel=\"noopener\">\u00d3budai Egyetem<\/a> <a href=\"https:\/\/alapellatas.okfo.gov.hu\/\">OKF\u0150 \u2013 Alapell\u00e1t\u00e1sfejleszt\u00e9si Igazgat\u00f3s\u00e1g <\/a> &nbsp; <a href=\"http:\/\/www.aalto.fi\" target=\"_blank\" rel=\"noopener\">Aalto University, School of Science and Technology, Helsinki<\/a> \u00a0 DG Sanco\u00a0 <a href=\"http:\/\/www.dur.ac.uk\/\" target=\"_blank\" rel=\"noopener\">Durham University<\/a> <a href=\"http:\/\/www.euhpn.eu\/\" target=\"_blank\" rel=\"noopener\">European Health Property Network<\/a> \u00a0 Global Development Learning Network\u00a0 International Institute of Tele-Medicine\u00a0 <a href=\"https:\/\/ki.se\/en\/startpage\" target=\"_blank\" rel=\"noopener\">Karolinska Institute<\/a> \u00a0 <a href=\"http:\/\/www.mci.edu\/\" target=\"_blank\" rel=\"noopener\">Management Center Innsbruck<\/a> \u00a0 <a href=\"http:\/\/www.nihi.ca\" target=\"_blank\" rel=\"noopener\">National Institutes of Health Informatics, Kanada<\/a> \u00a0 <a href=\"http:\/\/www.projecthope.org\/\" target=\"_blank\" rel=\"noopener\">Project Hope<\/a> \u00a0 Ryerson University, Ted Rogers School of Information Technology &hellip;<\/p>\n","protected":false},"author":7,"featured_media":0,"parent":4220,"menu_order":2,"comment_status":"closed","ping_status":"open","template":"","meta":{"_acf_changed":false,"footnotes":""},"categories":[],"tags":[],"class_list":["post-38","page","type-page","status-publish","hentry"],"acf":[],"_links":{"self":[{"href":"https:\/\/semmelweis.hu\/ekk\/wp-json\/wp\/v2\/pages\/38","targetHints":{"allow":["GET"]}}],"collection":[{"href":"https:\/\/semmelweis.hu\/ekk\/wp-json\/wp\/v2\/pages"}],"about":[{"href":"https:\/\/semmelweis.hu\/ekk\/wp-json\/wp\/v2\/types\/page"}],"author":[{"embeddable":true,"href":"https:\/\/semmelweis.hu\/ekk\/wp-json\/wp\/v2\/users\/7"}],"replies":[{"embeddable":true,"href":"https:\/\/semmelweis.hu\/ekk\/wp-json\/wp\/v2\/comments?post=38"}],"version-history":[{"count":11,"href":"https:\/\/semmelweis.hu\/ekk\/wp-json\/wp\/v2\/pages\/38\/revisions"}],"predecessor-version":[{"id":5521,"href":"https:\/\/semmelweis.hu\/ekk\/wp-json\/wp\/v2\/pages\/38\/revisions\/5521"}],"up":[{"embeddable":true,"href":"https:\/\/semmelweis.hu\/ekk\/wp-json\/wp\/v2\/pages\/4220"}],"wp:attachment":[{"href":"https:\/\/semmelweis.hu\/ekk\/wp-json\/wp\/v2\/media?parent=38"}],"wp:term":[{"taxonomy":"category","embeddable":true,"href":"https:\/\/semmelweis.hu\/ekk\/wp-json\/wp\/v2\/categories?post=38"},{"taxonomy":"post_tag","embeddable":true,"href":"https:\/\/semmelweis.hu\/ekk\/wp-json\/wp\/v2\/tags?post=38"}],"curies":[{"name":"wp","href":"https:\/\/api.w.org\/{rel}","templated":true}]}}