{"id":3736,"date":"2021-01-13T15:38:00","date_gmt":"2021-01-13T14:38:00","guid":{"rendered":"https:\/\/semmelweis.hu\/ekk\/?page_id=3736"},"modified":"2023-10-20T13:25:37","modified_gmt":"2023-10-20T11:25:37","slug":"a-kar-logoja","status":"publish","type":"page","link":"https:\/\/semmelweis.hu\/ekk\/a-karrol\/a-kar-logoja\/","title":{"rendered":"A Kar log\u00f3ja"},"content":{"rendered":"<p>A <strong>pajzs<\/strong> fels\u0151, t\u00e9glalap alak\u00fa r\u00e9sz\u00e9ben <strong>egym\u00e1s kez\u00e9t fog\u00f3 emberalakok<\/strong> (6 f\u00e9l emberalak, \u00e9s 1 teljes emberalak) helyezkednek el, akik egy <strong>f\u00f6ldg\u00f6mb\u00f6t<\/strong> fognak k\u00f6zre. A <strong>teljes k\u00e9p<\/strong> ugyanakkor egy <strong>idegsejtet<\/strong> form\u00e1z, amelynek magj\u00e1t a f\u00f6ldg\u00f6mb, dendriteit a f\u00f6ldg\u00f6mb\u00f6t k\u00f6r\u00fclvev\u0151 f\u00e9l emberalakok, axonj\u00e1t pedig az als\u00f3, teljes emberalak adja.<\/p>\n<p>Az <strong>idegsejt<\/strong> szimb\u00f3luma a kapcsot jelenti az <strong>ember biol\u00f3giai meghat\u00e1rozotts\u00e1ga<\/strong>, a <strong>lelki folyamatai<\/strong> \u00e9s a <strong>t\u00e1rsas kapcsolatai<\/strong> k\u00f6z\u00f6tt, amelynek legmagasabb szervezetts\u00e9gi foka a term\u00e9szetes \u00e9s mesters\u00e9gesen l\u00e9trehozott csoportokb\u00f3l, szervezetekb\u0151l fel\u00e9p\u00fcl\u0151 emberi t\u00e1rsadalom. A <strong>kar<\/strong> oktat\u00e1si, kutat\u00e1si \u00e9s szak\u00e9rt\u0151i <strong>tev\u00e9kenys\u00e9ge<\/strong> <strong>multi-, \u00e9s interdiszciplin\u00e1ris<\/strong>, ide\u00e9rtve a <strong>t\u00e1rsadalomtudom\u00e1nyokat<\/strong> (egym\u00e1s kez\u00e9t fog\u00f3 emberalakok) \u00e9s a <strong>pszichol\u00f3gi\u00e1t<\/strong> (teljes emberalak) is. A kari tudom\u00e1nyter\u00fcleteket \u00f6sszek\u00f6ti a <strong>h\u00e1l\u00f3zat fogalm\u00e1nak<\/strong> \u00e1br\u00e1zol\u00e1sa is, amely t\u00f6bb szinten is megjelenik a k\u00e9pi \u00e1br\u00e1zol\u00e1sban: az egym\u00e1s kez\u00e9t fog\u00f3 emberalakok utalnak az emberek k\u00f6z\u00f6tti kapcsolati h\u00e1l\u00f3kra (szociol\u00f3gia, politol\u00f3gia, szervezeti menedzsment), az ezekb\u0151l az elemekb\u0151l kirajzol\u00f3d\u00f3 idegsejt pedig a neur\u00e1lis h\u00e1l\u00f3zatokra (orvos-, \u00e9s eg\u00e9szs\u00e9gtudom\u00e1ny), amelynek mesters\u00e9ges form\u00e1ja (ANN) a g\u00e9pi tanul\u00e1st \u00e9s a mesters\u00e9ges intelligenci\u00e1t is felid\u00e9zi.<\/p>\n<p>A log\u00f3 egyes elemei a tudom\u00e1nyter\u00fcletek mellett a <strong>kari \u00e9rt\u00e9keket<\/strong> is szimboliz\u00e1lj\u00e1k. Ide tartozik a <strong>szolidarit\u00e1s<\/strong> \u00e9s a <strong>k\u00f6zszolg\u00e1latis\u00e1g<\/strong>, valamint a <strong>csoportmunk\u00e1ra<\/strong>, egy\u00fcttm\u0171k\u00f6d\u00e9sre \u00e9p\u00fcl\u0151 probl\u00e9mamegold\u00e1s (egym\u00e1s kez\u00e9t fog\u00f3 emberalakok). A <strong>k\u00e9k<\/strong> sz\u00edn a <strong>tudom\u00e1ny<\/strong> \u00e9s a <strong>b\u00f6lcsess\u00e9g<\/strong> sz\u00edne.<\/p>\n<p>A <strong>f\u00f6ldg\u00f6mb<\/strong> szimboliz\u00e1lja a <strong>kar nemzetk\u00f6zi be\u00e1gyazotts\u00e1g\u00e1t<\/strong>, a pajzson nyugv\u00f3 <strong>Szent Korona<\/strong> pedig a <strong>magyars\u00e1g\u00e1t<\/strong>.<a href=\"https:\/\/semmelweis.hu\/ekk\/files\/2023\/05\/SE_FACULTY_logo_EKK_RGB-01_COLOR.jpg\"><img loading=\"lazy\" decoding=\"async\" class=\"aligncenter wp-image-4431 size-large\" src=\"https:\/\/semmelweis.hu\/ekk\/files\/2023\/05\/SE_FACULTY_logo_EKK_RGB-01_COLOR-1024x1024.jpg\" alt=\"\" width=\"753\" height=\"753\" srcset=\"https:\/\/semmelweis.hu\/ekk\/files\/2023\/05\/SE_FACULTY_logo_EKK_RGB-01_COLOR-1024x1024.jpg 1024w, https:\/\/semmelweis.hu\/ekk\/files\/2023\/05\/SE_FACULTY_logo_EKK_RGB-01_COLOR-400x400.jpg 400w, https:\/\/semmelweis.hu\/ekk\/files\/2023\/05\/SE_FACULTY_logo_EKK_RGB-01_COLOR-150x150.jpg 150w, https:\/\/semmelweis.hu\/ekk\/files\/2023\/05\/SE_FACULTY_logo_EKK_RGB-01_COLOR-768x768.jpg 768w, https:\/\/semmelweis.hu\/ekk\/files\/2023\/05\/SE_FACULTY_logo_EKK_RGB-01_COLOR-753x753.jpg 753w, https:\/\/semmelweis.hu\/ekk\/files\/2023\/05\/SE_FACULTY_logo_EKK_RGB-01_COLOR.jpg 1500w\" sizes=\"auto, (max-width: 753px) 100vw, 753px\" \/><\/a><\/p>\n<p>&nbsp;<\/p>\n<p>&nbsp;<\/p>\n<p>&nbsp;<\/p>\n","protected":false},"excerpt":{"rendered":"<p>A pajzs fels\u0151, t\u00e9glalap alak\u00fa r\u00e9sz\u00e9ben egym\u00e1s kez\u00e9t fog\u00f3 emberalakok (6 f\u00e9l emberalak, \u00e9s 1 teljes emberalak) helyezkednek el, akik egy f\u00f6ldg\u00f6mb\u00f6t fognak k\u00f6zre. A teljes k\u00e9p ugyanakkor egy idegsejtet form\u00e1z, amelynek magj\u00e1t a f\u00f6ldg\u00f6mb, dendriteit a f\u00f6ldg\u00f6mb\u00f6t k\u00f6r\u00fclvev\u0151 f\u00e9l emberalakok, axonj\u00e1t pedig az als\u00f3, teljes emberalak adja. Az idegsejt szimb\u00f3luma a kapcsot jelenti az &hellip;<\/p>\n","protected":false},"author":101539,"featured_media":0,"parent":3,"menu_order":2,"comment_status":"closed","ping_status":"closed","template":"","meta":{"_acf_changed":false,"footnotes":""},"categories":[],"tags":[],"class_list":["post-3736","page","type-page","status-publish","hentry"],"acf":[],"_links":{"self":[{"href":"https:\/\/semmelweis.hu\/ekk\/wp-json\/wp\/v2\/pages\/3736","targetHints":{"allow":["GET"]}}],"collection":[{"href":"https:\/\/semmelweis.hu\/ekk\/wp-json\/wp\/v2\/pages"}],"about":[{"href":"https:\/\/semmelweis.hu\/ekk\/wp-json\/wp\/v2\/types\/page"}],"author":[{"embeddable":true,"href":"https:\/\/semmelweis.hu\/ekk\/wp-json\/wp\/v2\/users\/101539"}],"replies":[{"embeddable":true,"href":"https:\/\/semmelweis.hu\/ekk\/wp-json\/wp\/v2\/comments?post=3736"}],"version-history":[{"count":10,"href":"https:\/\/semmelweis.hu\/ekk\/wp-json\/wp\/v2\/pages\/3736\/revisions"}],"predecessor-version":[{"id":5086,"href":"https:\/\/semmelweis.hu\/ekk\/wp-json\/wp\/v2\/pages\/3736\/revisions\/5086"}],"up":[{"embeddable":true,"href":"https:\/\/semmelweis.hu\/ekk\/wp-json\/wp\/v2\/pages\/3"}],"wp:attachment":[{"href":"https:\/\/semmelweis.hu\/ekk\/wp-json\/wp\/v2\/media?parent=3736"}],"wp:term":[{"taxonomy":"category","embeddable":true,"href":"https:\/\/semmelweis.hu\/ekk\/wp-json\/wp\/v2\/categories?post=3736"},{"taxonomy":"post_tag","embeddable":true,"href":"https:\/\/semmelweis.hu\/ekk\/wp-json\/wp\/v2\/tags?post=3736"}],"curies":[{"name":"wp","href":"https:\/\/api.w.org\/{rel}","templated":true}]}}