{"id":36,"date":"2011-06-29T09:19:59","date_gmt":"2011-06-29T09:19:59","guid":{"rendered":"http:\/\/sote.webdevil.hu\/ekk\/?page_id=36"},"modified":"2023-09-20T06:52:02","modified_gmt":"2023-09-20T04:52:02","slug":"kari-bizottsagok","status":"publish","type":"page","link":"https:\/\/semmelweis.hu\/ekk\/a-karrol\/kari-bizottsagok\/","title":{"rendered":"Kari bizotts\u00e1gok"},"content":{"rendered":"<h4><strong>A Karon m\u0171k\u00f6d\u0151 \u00e1lland\u00f3 bizotts\u00e1gok<\/strong><\/h4>\n<h5>1. Szen\u00e1tus \u00e1ltal l\u00e9trehozott bizotts\u00e1gok:<\/h5>\n<p><a href=\"https:\/\/semmelweis.hu\/bizottsagok\/allando-bizottsagok\/ekk-bizottsagai\/ekk-curriculum-kreditatviteli-es-oktatasi-bizottsag\/\"><strong>Curriculum, Kredit\u00e1tviteli \u00e9s Oktat\u00e1si Bizotts\u00e1g<\/strong><\/a><\/p>\n<p><a href=\"https:\/\/semmelweis.hu\/bizottsagok\/allando-bizottsagok\/ekk-bizottsagai\/ekk-etikai-es-fegyelmi-bizottsag\/\"><strong>Etikai \u00e9s Fegyelmi Bizotts\u00e1g<\/strong><\/a><\/p>\n<hr \/>\n<h5>2. Kari Tan\u00e1cs \u00e1ltal l\u00e9trehozott bizotts\u00e1g:<\/h5>\n<p><strong>Kutat\u00e1si Bizotts\u00e1g<\/strong><\/p>\n<p>Eln\u00f6k: Dr. Pethesn\u00e9 D\u00e1vid Be\u00e1ta (Ment\u00e1lhigi\u00e9n\u00e9 Int\u00e9zet)<\/p>\n<p>Tagok: Dr. B\u00e1lity Csaba (Eg\u00e9szs\u00e9g\u00fcgyi Menedzserk\u00e9pz\u0151 K\u00f6zpont)<\/p>\n<p>Hallgat\u00f3i \u00d6nkorm\u00e1nyzat: Magyar D\u00e1niel<\/p>\n<div class=\"keretes w-100\">\n<p>A kari bizotts\u00e1gokat \u00e9rint\u0151 \u00fcgyekben a <a href=\"mailto:dekani@ekk.sote.hu\">dekani@ekk.sote.hu<\/a> e-mail c\u00edmre v\u00e1rjuk leveleiket az \u00e9rintett bizotts\u00e1g nev\u00e9nek megjel\u00f6l\u00e9s\u00e9vel.<\/p>\n<\/div>\n","protected":false},"excerpt":{"rendered":"<p>A Karon m\u0171k\u00f6d\u0151 \u00e1lland\u00f3 bizotts\u00e1gok<br \/>\n1. Szen\u00e1tus \u00e1ltal l\u00e9trehozott bizotts\u00e1gok:<br \/>\n<a href=\"https:\/\/semmelweis.hu\/bizottsagok\/allando-bizottsagok\/ekk-bizottsagai\/ekk-curriculum-kreditatviteli-es-oktatasi-bizottsag\/\">Curriculum, Kredit\u00e1tviteli \u00e9s Oktat\u00e1si Bizotts\u00e1g<\/a><br \/>\n<a href=\"https:\/\/semmelweis.hu\/bizottsagok\/allando-bizottsagok\/ekk-bizottsagai\/ekk-etikai-es-fegyelmi-bizottsag\/\">Etikai \u00e9s Fegyelmi Bizotts\u00e1g<\/a><\/p>\n<p>2. Kari Tan\u00e1cs \u00e1ltal l\u00e9trehozott bizotts\u00e1g:<br \/>\nKutat\u00e1si Bizotts\u00e1g<br \/>\nEln\u00f6k: Dr. Pethesn\u00e9 D\u00e1vid Be\u00e1ta (Ment\u00e1lhigi\u00e9n\u00e9 Int\u00e9zet)<br \/>\nTagok: Dr. B\u00e1lity Csaba (Eg\u00e9szs\u00e9g\u00fcgyi Menedzserk\u00e9pz\u0151 K\u00f6zpont)<br \/>\nHallgat\u00f3i \u00d6nkorm\u00e1nyzat: Magyar D\u00e1niel<\/p>\n<p>A kari bizotts\u00e1gokat \u00e9rint\u0151 \u00fcgyekben a <a href=\"mailto:dekani@ekk.sote.hu\">dekani@ekk.sote.hu<\/a> e-mail c\u00edmre v\u00e1rjuk leveleiket az \u00e9rintett bizotts\u00e1g nev\u00e9nek megjel\u00f6l\u00e9s\u00e9vel.<\/p>\n","protected":false},"author":7,"featured_media":0,"parent":3,"menu_order":7,"comment_status":"closed","ping_status":"closed","template":"","meta":{"_acf_changed":false,"footnotes":""},"categories":[],"tags":[],"class_list":["post-36","page","type-page","status-publish","hentry"],"acf":[],"_links":{"self":[{"href":"https:\/\/semmelweis.hu\/ekk\/wp-json\/wp\/v2\/pages\/36","targetHints":{"allow":["GET"]}}],"collection":[{"href":"https:\/\/semmelweis.hu\/ekk\/wp-json\/wp\/v2\/pages"}],"about":[{"href":"https:\/\/semmelweis.hu\/ekk\/wp-json\/wp\/v2\/types\/page"}],"author":[{"embeddable":true,"href":"https:\/\/semmelweis.hu\/ekk\/wp-json\/wp\/v2\/users\/7"}],"replies":[{"embeddable":true,"href":"https:\/\/semmelweis.hu\/ekk\/wp-json\/wp\/v2\/comments?post=36"}],"version-history":[{"count":11,"href":"https:\/\/semmelweis.hu\/ekk\/wp-json\/wp\/v2\/pages\/36\/revisions"}],"predecessor-version":[{"id":4728,"href":"https:\/\/semmelweis.hu\/ekk\/wp-json\/wp\/v2\/pages\/36\/revisions\/4728"}],"up":[{"embeddable":true,"href":"https:\/\/semmelweis.hu\/ekk\/wp-json\/wp\/v2\/pages\/3"}],"wp:attachment":[{"href":"https:\/\/semmelweis.hu\/ekk\/wp-json\/wp\/v2\/media?parent=36"}],"wp:term":[{"taxonomy":"category","embeddable":true,"href":"https:\/\/semmelweis.hu\/ekk\/wp-json\/wp\/v2\/categories?post=36"},{"taxonomy":"post_tag","embeddable":true,"href":"https:\/\/semmelweis.hu\/ekk\/wp-json\/wp\/v2\/tags?post=36"}],"curies":[{"name":"wp","href":"https:\/\/api.w.org\/{rel}","templated":true}]}}