{"id":3528,"date":"2020-06-17T12:41:59","date_gmt":"2020-06-17T10:41:59","guid":{"rendered":"https:\/\/semmelweis.hu\/ekk\/?page_id=3528"},"modified":"2026-04-01T08:46:07","modified_gmt":"2026-04-01T06:46:07","slug":"uj-nemzeti-kivalosag-program","status":"publish","type":"page","link":"https:\/\/semmelweis.hu\/ekk\/osztondijak\/uj-nemzeti-kivalosag-program\/","title":{"rendered":"Egyetemi Kutat\u00f3i \u00d6szt\u00f6nd\u00edj Program 2026\/2027"},"content":{"rendered":"<p>Magyarorsz\u00e1g Korm\u00e1nya \u00f6szt\u00f6nd\u00edjat alap\u00edtott Egyetemi Kutat\u00f3i \u00d6szt\u00f6nd\u00edj Program n\u00e9ven (a tov\u00e1bbiakban:\u00a0<strong>EK\u00d6P<\/strong>), valamint ennek r\u00e9szek\u00e9nt Kooperat\u00edv Doktori Program (<a href=\"https:\/\/semmelweis.hu\/phd\/hallgatoknak\/doktori-iskola-palyazati-naptar\/ekop-kdp-palyazat\/\">EK\u00d6P-KDP<\/a>) n\u00e9ven, amely a fels\u0151oktat\u00e1si int\u00e9zm\u00e9nyek \u00e1ltal ki\u00edrt \u00f6szt\u00f6nd\u00edjp\u00e1ly\u00e1zatokat foglalja mag\u00e1ban.<\/p>\n<p><strong>Az \u00f6szt\u00f6nd\u00edj c\u00e9lja:\u00a0<\/strong>Az integr\u00e1lt kiv\u00e1l\u00f3s\u00e1gi \u00f6szt\u00f6nd\u00edj program c\u00e9lja a kutat\u00f3i kiv\u00e1l\u00f3s\u00e1g elismer\u00e9se, valamint a kiemelked\u0151 k\u00e9pess\u00e9g\u0171 fiatalok kutat\u00f3i \u00e9letp\u00e1ly\u00e1n val\u00f3 elindul\u00e1s\u00e1nak t\u00e1mogat\u00e1sa. A program meghirdet\u00e9sre ker\u00fcl\u0151 p\u00e1ly\u00e1zatai a fels\u0151oktat\u00e1sban r\u00e9szt vev\u0151 hallgat\u00f3i, kutat\u00f3i kiv\u00e1l\u00f3s\u00e1got t\u00e1mogatj\u00e1k olyan \u2013 alapk\u00e9pz\u00e9sben, mesterk\u00e9pz\u00e9sben vagy doktori k\u00e9pz\u00e9sben r\u00e9szt vev\u0151 \u2013 hallgat\u00f3k, doktori hallgat\u00f3k, doktorv\u00e1rom\u00e1nyosok, valamint fiatal oktat\u00f3k, kutat\u00f3k t\u00e1mogat\u00e1s\u00e1val, akik a fels\u0151oktat\u00e1si int\u00e9zm\u00e9nyekben eredm\u00e9nyes kutat\u00e1si \u00e9s alkot\u00f3i tev\u00e9kenys\u00e9get folytatnak.<\/p>\n<p>A program 2026. \u00e9vben meghirdet\u00e9sre ker\u00fcl\u0151 \u00f6szt\u00f6nd\u00edjp\u00e1ly\u00e1zatai a fels\u0151oktat\u00e1sban r\u00e9szt vev\u0151 hallgat\u00f3i, kutat\u00f3i kiv\u00e1l\u00f3s\u00e1got t\u00e1mogatj\u00e1k olyan \u2013 alapk\u00e9pz\u00e9sben, mesterk\u00e9pz\u00e9sben vagy doktori k\u00e9pz\u00e9sben r\u00e9szt vev\u0151 \u2013 hallgat\u00f3k, valamint fiatal oktat\u00f3k, kutat\u00f3k t\u00e1mogat\u00e1s\u00e1val, akik a fels\u0151oktat\u00e1si int\u00e9zm\u00e9nyben eredm\u00e9nyes kutat\u00e1si \u00e9s alkot\u00f3i tev\u00e9kenys\u00e9get folytatnak.<\/p>\n<p>A 2026\/2027. tan\u00e9vre sz\u00f3l\u00f3 Egyetemi Kutat\u00f3i \u00d6szt\u00f6nd\u00edj Program (EK\u00d6P) p\u00e1ly\u00e1zati ki\u00edr\u00e1s\u00e1r\u00f3l sz\u00f3l\u00f3 egyetemi t\u00e1j\u00e9koztat\u00f3 oldal az al\u00e1bbi linken \u00e9rhet\u0151 el:<\/p>\n<h3>EK\u00d6P-2026 p\u00e1ly\u00e1zat<\/h3>\n<p>&nbsp;<\/p>\n<div class=\"keretes w-100\">\n<p><strong>A p\u00e1ly\u00e1zat beny\u00fajt\u00e1si hat\u00e1rideje:<\/strong><\/p>\n<p><strong>2026. m\u00e1jus 4. \u2013 2026. j\u00fanius 4.<\/strong><\/p>\n<\/div>\n<p>&nbsp;<\/p>\n<p><strong>Egyetemi Kutat\u00f3i \u00d6szt\u00f6nd\u00edj Program \u00fcgyint\u00e9z\u0151 el\u00e9rhet\u0151s\u00e9ge:<\/strong><br \/>\nSzand\u00e1nyi Beatrix\u00a0<br \/>\n<a href=\"szandanyi.beatrix@semmelweis.hu\">szandanyi.beatrix@semmelweis.hu<\/a><\/p>\n<div>\n<p>&nbsp;<\/p>\n<\/div>\n<p style=\"text-align: left\">\u00a0<\/p>\n<p style=\"text-align: justify\">\u00a0<\/p>\n<p>&nbsp;<\/p>\n","protected":false},"excerpt":{"rendered":"<p>Magyarorsz\u00e1g Korm\u00e1nya \u00f6szt\u00f6nd\u00edjat alap\u00edtott Egyetemi Kutat\u00f3i \u00d6szt\u00f6nd\u00edj Program n\u00e9ven (a tov\u00e1bbiakban:\u00a0EK\u00d6P), valamint ennek r\u00e9szek\u00e9nt Kooperat\u00edv Doktori Program ( <a href=\"https:\/\/semmelweis.hu\/phd\/hallgatoknak\/doktori-iskola-palyazati-naptar\/ekop-kdp-palyazat\/\">EK\u00d6P-KDP<\/a> ) n\u00e9ven, amely a fels\u0151oktat\u00e1si int\u00e9zm\u00e9nyek \u00e1ltal ki\u00edrt \u00f6szt\u00f6nd\u00edjp\u00e1ly\u00e1zatokat foglalja mag\u00e1ban. Az \u00f6szt\u00f6nd\u00edj c\u00e9lja:\u00a0Az integr\u00e1lt kiv\u00e1l\u00f3s\u00e1gi \u00f6szt\u00f6nd\u00edj program c\u00e9lja a kutat\u00f3i kiv\u00e1l\u00f3s\u00e1g elismer\u00e9se, valamint a kiemelked\u0151 k\u00e9pess\u00e9g\u0171 fiatalok kutat\u00f3i \u00e9letp\u00e1ly\u00e1n val\u00f3 elindul\u00e1s\u00e1nak t\u00e1mogat\u00e1sa. A program meghirdet\u00e9sre ker\u00fcl\u0151 &hellip;<\/p>\n","protected":false},"author":101539,"featured_media":0,"parent":2679,"menu_order":3,"comment_status":"closed","ping_status":"closed","template":"","meta":{"_acf_changed":false,"footnotes":""},"categories":[],"tags":[],"class_list":["post-3528","page","type-page","status-publish","hentry"],"acf":[],"_links":{"self":[{"href":"https:\/\/semmelweis.hu\/ekk\/wp-json\/wp\/v2\/pages\/3528","targetHints":{"allow":["GET"]}}],"collection":[{"href":"https:\/\/semmelweis.hu\/ekk\/wp-json\/wp\/v2\/pages"}],"about":[{"href":"https:\/\/semmelweis.hu\/ekk\/wp-json\/wp\/v2\/types\/page"}],"author":[{"embeddable":true,"href":"https:\/\/semmelweis.hu\/ekk\/wp-json\/wp\/v2\/users\/101539"}],"replies":[{"embeddable":true,"href":"https:\/\/semmelweis.hu\/ekk\/wp-json\/wp\/v2\/comments?post=3528"}],"version-history":[{"count":12,"href":"https:\/\/semmelweis.hu\/ekk\/wp-json\/wp\/v2\/pages\/3528\/revisions"}],"predecessor-version":[{"id":6170,"href":"https:\/\/semmelweis.hu\/ekk\/wp-json\/wp\/v2\/pages\/3528\/revisions\/6170"}],"up":[{"embeddable":true,"href":"https:\/\/semmelweis.hu\/ekk\/wp-json\/wp\/v2\/pages\/2679"}],"wp:attachment":[{"href":"https:\/\/semmelweis.hu\/ekk\/wp-json\/wp\/v2\/media?parent=3528"}],"wp:term":[{"taxonomy":"category","embeddable":true,"href":"https:\/\/semmelweis.hu\/ekk\/wp-json\/wp\/v2\/categories?post=3528"},{"taxonomy":"post_tag","embeddable":true,"href":"https:\/\/semmelweis.hu\/ekk\/wp-json\/wp\/v2\/tags?post=3528"}],"curies":[{"name":"wp","href":"https:\/\/api.w.org\/{rel}","templated":true}]}}