{"id":35,"date":"2011-06-29T09:19:33","date_gmt":"2011-06-29T09:19:33","guid":{"rendered":"http:\/\/sote.webdevil.hu\/ekk\/?page_id=35"},"modified":"2026-03-18T14:57:31","modified_gmt":"2026-03-18T13:57:31","slug":"kari-tanacs","status":"publish","type":"page","link":"https:\/\/semmelweis.hu\/ekk\/a-karrol\/kari-tanacs\/","title":{"rendered":"Kari Tan\u00e1cs"},"content":{"rendered":"<div class=\"keretes w-100\">\n<p style=\"text-align: justify\">Az<strong> Eg\u00e9szs\u00e9g\u00fcgyi K\u00f6zszolg\u00e1lati Kar vezet\u0151 test\u00fclete a Kari Tan\u00e1cs<\/strong>, amely a kar vezet\u0151inek, a karhoz tartoz\u00f3 h\u00e1rom int\u00e9zet vezet\u0151inek, oktat\u00f3inak, hallgat\u00f3inak k\u00f6z\u00f6s \u00f6nkorm\u00e1nyzati test\u00fclete.<\/p>\n<p style=\"text-align: justify\">A<strong> Kari Tan\u00e1cs eln\u00f6ke a d\u00e9k\u00e1n<\/strong>, akad\u00e1lyoztat\u00e1sa eset\u00e9n az \u00e1ltala kijel\u00f6lt d\u00e9k\u00e1nhelyettes. A test\u00fclet fel\u00e9p\u00edt\u00e9s\u00e9t \u00e9s l\u00e9tsz\u00e1m\u00e1t, valamint a tagok megv\u00e1laszt\u00e1s\u00e1nak rendj\u00e9t a fels\u0151oktat\u00e1si t\u00f6rv\u00e9nyben \u00e9s a Szervezeti \u00e9s M\u0171k\u00f6d\u00e9si Szab\u00e1lyzatban foglaltakra figyelemmel a <strong>Kar m\u0171k\u00f6d\u00e9si rendje<\/strong> \u00e1llap\u00edtja meg.<\/p>\n<\/div>\n<h5><a href=\"https:\/\/semmelweis.hu\/ekk\/a-karrol\/kari-tanacs\/kari-tanacs-ulesek\/\" target=\"_blank\" rel=\"noopener\">Kari Tan\u00e1cs \u00fcl\u00e9sek<\/a><\/h5>\n<h5><a href=\"https:\/\/semmelweis.hu\/ekk\/a-karrol\/kari-tanacs\/kari-tanacs-hatarozatok\/\" target=\"_blank\" rel=\"noopener\">Kari Tan\u00e1cs Hat\u00e1rozatok<\/a><\/h5>\n<h4><strong>Szavazati joggal rendelkez\u0151 tagok<\/strong><\/h4>\n<ul>\n<li><strong>Dr. Pethesn\u00e9 D\u00e1vid Be\u00e1ta<\/strong>, d\u00e9k\u00e1n, a Kari Tan\u00e1cs eln\u00f6ke, egyetemi tan\u00e1r, int\u00e9zetigazgat\u00f3, Ment\u00e1lhigi\u00e9n\u00e9 Int\u00e9zet<\/li>\n<li><strong>Dr. L\u00e1m Judit<\/strong>, \u00e1ltal\u00e1nos d\u00e9k\u00e1nhelyettes, egyetemi docens, operat\u00edv igazgat\u00f3helyettes, Eg\u00e9szs\u00e9g\u00fcgyi Menedzserk\u00e9pz\u0151 K\u00f6zpont<\/li>\n<li><strong>Dr. Sz\u00f3cska Mikl\u00f3s, <\/strong>egyetemi tan\u00e1r, int\u00e9zetigazgat\u00f3, Eg\u00e9szs\u00e9g\u00fcgyi Menedzserk\u00e9pz\u0151 K\u00f6zpont<\/li>\n<li><strong>Dr. Ga\u00e1l P\u00e9ter Andr\u00e1s,<\/strong> egyetemi tan\u00e1r,\u00a0Eg\u00e9szs\u00e9g\u00fcgyi Menedzserk\u00e9pz\u0151 K\u00f6zpont<\/li>\n<li><strong>Dr. B\u00f3n\u00e9 Veronika,<\/strong>\u00a0oktat\u00e1si \u00e9s tudom\u00e1nyos d\u00e9k\u00e1nhelyettes, egyetemi docens, Ment\u00e1lhigi\u00e9n\u00e9 Int\u00e9zet<\/li>\n<li><strong>Dr. T\u00f6r\u00f6k Szabolcs, <\/strong>strat\u00e9giai d\u00e9k\u00e1nhelyettes, egyetemi tan\u00e1r, Ment\u00e1lhigi\u00e9n\u00e9 Int\u00e9zet<\/li>\n<li><strong>T\u00f6r\u00f6k G\u00e1bor P\u00e1l<\/strong>, egyetemi adjunktus, Ment\u00e1lhigi\u00e9n\u00e9 Int\u00e9zet<\/li>\n<li><strong>Dr. Palicz Tam\u00e1s<\/strong>, int\u00e9zetigazgat\u00f3, Digit\u00e1lis Eg\u00e9szs\u00e9gtudom\u00e1nyi Int\u00e9zet<\/li>\n<li><strong>Dr. S\u00e1ndor Zolt\u00e1n<\/strong>, egyetemi adjunktus, Digit\u00e1lis Eg\u00e9szs\u00e9gtudom\u00e1nyi Int\u00e9zet<\/li>\n<li><strong>Dr. T\u00f3th Zolt\u00e1n<\/strong>, egyetemi docens, Digit\u00e1lis Eg\u00e9szs\u00e9gtudom\u00e1nyi Int\u00e9zet<\/li>\n<li><strong>Dr. Berki Zolt\u00e1n<\/strong>, Semmelweis \u00c9rdekv\u00e9delmi Sz\u00f6vets\u00e9g, szakszervezet deleg\u00e1lt tagja<\/li>\n<li><strong>Lengyel L\u00edvia<\/strong>, Doktorandusz \u00d6nkorm\u00e1nyzat\u00a0<\/li>\n<li><strong>Magyar D\u00e1niel D\u00e1vid<\/strong>, Hallgat\u00f3i \u00d6nkorm\u00e1nyzat<\/li>\n<li><strong>Kudel\u00e1k M\u00e1rk<\/strong>, Hallgat\u00f3i \u00d6nkorm\u00e1nyzat<\/li>\n<li><strong>M\u00e9sz\u00e1ros Evelin<\/strong>, Hallgat\u00f3i \u00d6nkorm\u00e1nyzat<\/li>\n<li><strong>N\u00e9meth Zs\u00f3fia<\/strong>, Hallgat\u00f3i \u00d6nkorm\u00e1nyzat<\/li>\n<\/ul>\n<hr \/>\n<h4><strong>\u00c1lland\u00f3 megh\u00edvott tagok, tan\u00e1cskoz\u00e1si joggal<\/strong><\/h4>\n<ul>\n<li><strong>Dr. Merkely B\u00e9la<\/strong>, rektor<\/li>\n<li><strong>Dr. Pavlik L\u00edvia<\/strong>, kancell\u00e1r<\/li>\n<li><strong>Dr. Szab\u00f3 Attila<\/strong>, eln\u00f6k, Klinikai K\u00f6zpont<\/li>\n<li><strong>Adonicsn\u00e9 P\u00fcski Kata<\/strong>, f\u0151igazgat\u00f3, Strat\u00e9giai Szervezetfejleszt\u00e9si F\u0151igazgat\u00f3s\u00e1g<\/li>\n<li><strong>\u00c1d\u00e1m \u00c9va,<\/strong> f\u0151igazgat\u00f3, P\u00e9nz\u00fcgyi \u00e9s Vagyongazd\u00e1lkod\u00e1si F\u0151igazgat\u00f3s\u00e1g<\/li>\n<li><strong>Kiss Gergely,<\/strong> f\u0151igazgat\u00f3, K\u00f6lts\u00e9gvet\u00e9si \u00e9s Kontrolling F\u0151igazgat\u00f3s\u00e1g<\/li>\n<li><strong>M\u00e9sz\u00e1ros Istv\u00e1n,<\/strong> f\u0151igazgat\u00f3, M\u0171szaki F\u0151igazgat\u00f3s\u00e1g<\/li>\n<li><strong>Dr. Reichert P\u00e9ter<\/strong>, f\u0151igazgat\u00f3, Emberier\u0151forr\u00e1s-gazd\u00e1lkod\u00e1si F\u0151igazgat\u00f3s\u00e1g<\/li>\n<li><strong>Orosz-Kecsk\u00e9s M\u00e1ria<\/strong>, igazgat\u00f3, Ellen\u0151rz\u00e9si Igazgat\u00f3s\u00e1g<\/li>\n<li><strong>Dr. Beny\u00f3 Zolt\u00e1n,<\/strong> Doktori Tan\u00e1cs eln\u00f6ke<\/li>\n<li><strong>Czinderi G\u00e1bor<\/strong>, f\u0151igazgat\u00f3, Informatikai F\u0151igazgat\u00f3s\u00e1g<\/li>\n<li><strong>Szepesi D\u00f3ra<\/strong>, f\u0151igazgat\u00f3, Marketing \u00e9s Kommunik\u00e1ci\u00f3s F\u0151igazgat\u00f3s\u00e1g<\/li>\n<li><strong>Dr. K\u00e9ri Di\u00e1na<\/strong>, hivatalvezet\u0151, Eg\u00e9szs\u00e9g\u00fcgyi K\u00f6zszolg\u00e1lati Kar, D\u00e9k\u00e1ni Hivatal<\/li>\n<li><strong>Szand\u00e1nyi Beatrix<\/strong>, jegyz\u0151k\u00f6nyvvezet\u0151, Eg\u00e9szs\u00e9g\u00fcgyi K\u00f6zszolg\u00e1lati Kar, D\u00e9k\u00e1ni Hivatal<\/li>\n<\/ul>\n","protected":false},"excerpt":{"rendered":"<p>Az Eg\u00e9szs\u00e9g\u00fcgyi K\u00f6zszolg\u00e1lati Kar vezet\u0151 test\u00fclete a Kari Tan\u00e1cs, amely a kar vezet\u0151inek, a karhoz tartoz\u00f3 h\u00e1rom int\u00e9zet vezet\u0151inek, oktat\u00f3inak, hallgat\u00f3inak k\u00f6z\u00f6s \u00f6nkorm\u00e1nyzati test\u00fclete. A Kari Tan\u00e1cs eln\u00f6ke a d\u00e9k\u00e1n, akad\u00e1lyoztat\u00e1sa eset\u00e9n az \u00e1ltala kijel\u00f6lt d\u00e9k\u00e1nhelyettes. A test\u00fclet fel\u00e9p\u00edt\u00e9s\u00e9t \u00e9s l\u00e9tsz\u00e1m\u00e1t, valamint a tagok megv\u00e1laszt\u00e1s\u00e1nak rendj\u00e9t a fels\u0151oktat\u00e1si t\u00f6rv\u00e9nyben \u00e9s a Szervezeti \u00e9s M\u0171k\u00f6d\u00e9si Szab\u00e1lyzatban &hellip;<\/p>\n","protected":false},"author":7,"featured_media":0,"parent":3,"menu_order":6,"comment_status":"closed","ping_status":"open","template":"","meta":{"_acf_changed":false,"footnotes":""},"categories":[],"tags":[],"class_list":["post-35","page","type-page","status-publish","hentry"],"acf":[],"_links":{"self":[{"href":"https:\/\/semmelweis.hu\/ekk\/wp-json\/wp\/v2\/pages\/35","targetHints":{"allow":["GET"]}}],"collection":[{"href":"https:\/\/semmelweis.hu\/ekk\/wp-json\/wp\/v2\/pages"}],"about":[{"href":"https:\/\/semmelweis.hu\/ekk\/wp-json\/wp\/v2\/types\/page"}],"author":[{"embeddable":true,"href":"https:\/\/semmelweis.hu\/ekk\/wp-json\/wp\/v2\/users\/7"}],"replies":[{"embeddable":true,"href":"https:\/\/semmelweis.hu\/ekk\/wp-json\/wp\/v2\/comments?post=35"}],"version-history":[{"count":12,"href":"https:\/\/semmelweis.hu\/ekk\/wp-json\/wp\/v2\/pages\/35\/revisions"}],"predecessor-version":[{"id":6093,"href":"https:\/\/semmelweis.hu\/ekk\/wp-json\/wp\/v2\/pages\/35\/revisions\/6093"}],"up":[{"embeddable":true,"href":"https:\/\/semmelweis.hu\/ekk\/wp-json\/wp\/v2\/pages\/3"}],"wp:attachment":[{"href":"https:\/\/semmelweis.hu\/ekk\/wp-json\/wp\/v2\/media?parent=35"}],"wp:term":[{"taxonomy":"category","embeddable":true,"href":"https:\/\/semmelweis.hu\/ekk\/wp-json\/wp\/v2\/categories?post=35"},{"taxonomy":"post_tag","embeddable":true,"href":"https:\/\/semmelweis.hu\/ekk\/wp-json\/wp\/v2\/tags?post=35"}],"curies":[{"name":"wp","href":"https:\/\/api.w.org\/{rel}","templated":true}]}}