{"id":33,"date":"2011-06-29T09:17:48","date_gmt":"2011-06-29T09:17:48","guid":{"rendered":"http:\/\/sote.webdevil.hu\/ekk\/?page_id=33"},"modified":"2025-10-10T11:54:51","modified_gmt":"2025-10-10T09:54:51","slug":"intezetek","status":"publish","type":"page","link":"https:\/\/semmelweis.hu\/ekk\/a-karrol\/intezetek\/","title":{"rendered":"Int\u00e9zetek"},"content":{"rendered":"<h4><strong>A kar int\u00e9zetei<\/strong><\/h4>\n<div class=\"keretes w-100\">\n<ul style=\"list-style-type: square\">\n<li><a href=\"#dei\" target=\"null\">Digit\u00e1lis Eg\u00e9szs\u00e9gtudom\u00e1nyi Int\u00e9zet<\/a><\/li>\n<li><a href=\"#emk\">Eg\u00e9szs\u00e9g\u00fcgyi Menedzserk\u00e9pz\u0151 K\u00f6zpont<\/a><\/li>\n<li><a href=\"#mhi\">Menth\u00e1lhigi\u00e9n\u00e9 Int\u00e9zet<\/a><\/li>\n<\/ul>\n<\/div>\n<h5><a id=\"dei\"><\/a>Digit\u00e1lis Eg\u00e9szs\u00e9gtudom\u00e1nyi Int\u00e9zet<\/h5>\n<p style=\"text-align: justify\">C\u00edm:\u00a01094 Budapest, Ferenc t\u00e9r 15. 2. em.<br \/>\n<a href=\"https:\/\/semmelweis.hu\/dei\" target=\"_blank\" rel=\"noopener noreferrer\">https:\/\/semmelweis.hu\/dei<\/a><em><br \/>\n<\/em><\/p>\n<p style=\"text-align: justify\">Az int\u00e9zet a Semmelweis Egyetemen 1974-ben l\u00e9trej\u00f6tt \u00f6n\u00e1ll\u00f3 Sz\u00e1m\u00edt\u00e1stechnikai Csoportb\u00f3l eredeztethet\u0151.\u00a0 Az oktat\u00e1s szempontj\u00e1b\u00f3l l\u00e9nyeges d\u00e1tum 1986, amikor az akkori Sz\u00e1m\u00edt\u00f3k\u00f6zpont elind\u00edtotta a sz\u00e1m\u00edt\u00e1stechnika tant\u00e1rgy oktat\u00e1s\u00e1t \u2013 magyar \u00e9s angol nyelven, az Egyetem mindh\u00e1rom kar\u00e1n &#8211; a Kutat\u00e1si \u00e9s Oktat\u00e1si Oszt\u00e1ly munkat\u00e1rsaival. Ez az oktat\u00e1s a mai napig folyik, term\u00e9szetesen az eg\u00e9szs\u00e9g\u00fcgyi informatika fejl\u0151d\u00e9s\u00e9nek megfelel\u0151 tartalommal. Az int\u00e9zet 2004-ben lett \u00f6n\u00e1ll\u00f3 szervezeti egys\u00e9g az \u00c1ltal\u00e1nos Orvostudom\u00e1nyi Karon bel\u00fcl, majd 2010-ben egyik alap\u00edt\u00f3ja lett az Eg\u00e9szs\u00e9g\u00fcgyi K\u00f6zszolg\u00e1lati Karnak. Alapfeladata az eg\u00e9szs\u00e9g\u00fcgyi szervez\u0151 szak (specializ\u00e1ci\u00f3: digit\u00e1lis eg\u00e9szs\u00e9g\u00fcgyi szervez\u0151) BSc k\u00e9pz\u00e9s mellett az orvostanhallgat\u00f3k, a fogorvostanhallgat\u00f3k \u00e9s a gy\u00f3gyszer\u00e9szhallgat\u00f3k magyar, angol \u00e9s n\u00e9met nyelv\u0171 gradu\u00e1lis orvosi, eg\u00e9szs\u00e9g\u00fcgyi informatikai k\u00e9pz\u00e9se. Az int\u00e9zet akt\u00edvan r\u00e9szt vesz az orsz\u00e1gos eg\u00e9szs\u00e9g\u00fcgyi informatikai kutat\u00f3-fejleszt\u0151 \u00e9s oktat\u00e1sfejleszt\u0151 projektekben.<\/p>\n<hr \/>\n<h5><a id=\"emk\"><\/a>Eg\u00e9szs\u00e9g\u00fcgyi Menedzserk\u00e9pz\u0151 K\u00f6zpont<\/h5>\n<p style=\"text-align: justify\">C\u00edm: 1125 Budapest, K\u00fatv\u00f6lgyi \u00fat 2.<br \/>\n<a href=\"https:\/\/semmelweis.hu\/emk\/\" target=\"_blank\" rel=\"noopener noreferrer\">https:\/\/semmelweis.hu\/emk\/<\/a><em><br \/>\n<\/em><br \/>\nAz Eg\u00e9szs\u00e9g\u00fcgyi Menedzserk\u00e9pz\u0151 K\u00f6zpont a Semmelweis Egyetem fiatal, dinamikusan fejl\u0151d\u0151 szervezeti egys\u00e9ge, az Eg\u00e9szs\u00e9g\u00fcgyi K\u00f6zszolg\u00e1lati Kar egyik alap\u00edt\u00f3 int\u00e9zete, amely a t\u00e1rsadalmi v\u00e1ltoz\u00e1sok r\u00e9szek\u00e9nt j\u00f6tt l\u00e9tre a 90-es \u00e9vekben. Abban az id\u0151ben egyetemi di\u00e1kvezet\u0151k \u00e9s fiatal szakemberek egy csoportja sz\u00fcks\u00e9gesnek l\u00e1tta, hogy az eg\u00e9szs\u00e9g\u00fcgyi menedzsmentet, a nemzetk\u00f6zi gyakorlatnak megfelel\u0151en, \u00f6n\u00e1ll\u00f3 szakter\u00fcletk\u00e9nt hat\u00e1rozza meg, \u00e9s megteremtse az eg\u00e9szs\u00e9g\u00fcgyi menedzserek k\u00e9pz\u00e9s\u00e9nek int\u00e9zm\u00e9nyi felt\u00e9teleit. A Semmelweis Orvostudom\u00e1nyi Egyetem Egyetemi Tan\u00e1csa 1995. \u00e1prilis 20-\u00e1n alap\u00edtotta meg hivatalosan az Eg\u00e9szs\u00e9g\u00fcgyi Menedzserk\u00e9pz\u0151 K\u00f6zpontot. A K\u00f6zpont 1999 november\u00e9t\u0151l m\u00e1r az \u00faj, magas oktat\u00e1stechnikai sz\u00ednvonalat, a kiscsoportos k\u00e9pz\u00e9st t\u00e1mogat\u00f3 oktat\u00e1si k\u00f6r\u00fclm\u00e9nyeket biztos\u00edt\u00f3 K\u00fatv\u00f6lgyi \u00fati oktat\u00f3\u00e9p\u00fcletben m\u0171k\u00f6dik, amelyet felszerelts\u00e9ge \u00e9s adotts\u00e1gai alkalmass\u00e1 tesznek k\u00fcls\u0151 rendezv\u00e9nyek befogad\u00e1s\u00e1ra is. Felk\u00e9sz\u00fclt oktat\u00f3kkal, soksz\u00edn\u0171 programk\u00edn\u00e1lattal, a nemzetk\u00f6zi kitekint\u00e9s lehet\u0151s\u00e9g\u00e9vel, inspir\u00e1l\u00f3 l\u00e9gk\u00f6rrel v\u00e1rjuk a magyar eg\u00e9szs\u00e9g\u00fcgy fejleszt\u00e9s\u00e9\u00e9rt tenni v\u00e1gy\u00f3, tud\u00e1sukat elm\u00e9ly\u00edteni k\u00edv\u00e1n\u00f3 szakembereket. A hallgat\u00f3kkal hossz\u00fa t\u00e1v\u00fa egy\u00fcttm\u0171k\u00f6d\u00e9sre t\u00f6reksz\u00fcnk \u00e9s biztos\u00edtani k\u00edv\u00e1nj\u00e1k sz\u00e1mukra az \u00e9lethosszig tart\u00f3 tanul\u00e1s lehet\u0151s\u00e9g\u00e9t.<\/p>\n<p style=\"text-align: justify\">A K\u00f6zpont sz\u00e1mos egyetemi k\u00e9pz\u00e9sben v\u00e1llal szerepet, \u2013 pl. eg\u00e9szs\u00e9g\u00fcgyi szervez\u0151k, orvostanhallgat\u00f3k, fogorvostanhallgat\u00f3k, gy\u00f3gyszer\u00e9szhallgat\u00f3k \u00e9s rezidensek k\u00e9pz\u00e9se \u2013 tov\u00e1bb\u00e1 h\u00e1rom \u00f6n\u00e1ll\u00f3 k\u00e9pz\u00e9st is m\u0171k\u00f6dtet, az <a href=\"https:\/\/semmelweis.hu\/emk\/oktatas\/mesterkepzes\/egeszsegugyi-menedzser-msc\/\">eg\u00e9szs\u00e9g\u00fcgyi menedzser mesterk\u00e9pz\u00e9st<\/a>, valamint a <a href=\"https:\/\/semmelweis.hu\/emk\/oktatas\/szakiranyu-tovabbkepzeseink\/jelentkezes-mbm\/\">min\u0151s\u00e9g\u00fcgyi \u00e9s betegbiztons\u00e1gi menedzser szakir\u00e1ny\u00fa tov\u00e1bbk\u00e9pz\u00e9st<\/a> \u00e9s a <a href=\"https:\/\/semmelweis.hu\/emk\/szocialis-vezetokepzo-tudaskozpont\/oktatas-2-2\/szocialis-szolgaltatasmenedzsment-szakiranyu-tovabbkepzes\/\">szoci\u00e1lis szolg\u00e1ltat\u00e1smenedzsment szakir\u00e1ny\u00fa tov\u00e1bbk\u00e9pz\u00e9st<\/a>.<\/p>\n<hr \/>\n<h5><a id=\"mhi\"><\/a>Menth\u00e1lhigi\u00e9n\u00e9 Int\u00e9zet<\/h5>\n<p style=\"text-align: justify\">C\u00edm:\u00a01089 Budapest, Nagyv\u00e1rad t\u00e9r 4. 19. emelet<br \/>\n<a href=\"https:\/\/semmelweis.hu\/mental\/\">https:\/\/semmelweis.hu\/mental\/<\/a><em><br \/>\n<\/em><br \/>\nA ment\u00e1lhigi\u00e9n\u00e9s k\u00e9pz\u00e9s koncepci\u00f3j\u00e1t a Ment\u00e1lhigi\u00e9n\u00e9 Int\u00e9zet alap\u00edt\u00f3 igazgat\u00f3ja, Tomcs\u00e1nyi Teod\u00f3ra dolgozta ki 1986-ban. 1987-t\u0151l a M\u0171vel\u0151d\u00e9s\u00fcgyi Miniszt\u00e9rium Vezet\u0151k\u00e9pz\u0151 Int\u00e9zete, ezt k\u00f6vet\u0151en a NEVI (Nemzeti Eg\u00e9szs\u00e9gv\u00e9delmi Int\u00e9zet) adott helyet a k\u00e9pz\u00e9snek. A munkacsoport 1995-ben szervezetileg a Magyar Testnevel\u00e9si Egyetemhez ker\u00fclt, majd 1998-ban tansz\u00e9kk\u00e9 alakult \u00e1t. A tansz\u00e9k 2004-t\u0151l a Semmelweis Egyetem k\u00f6zponti szolg\u00e1ltat\u00f3 szervezeti egys\u00e9gek\u00e9nt v\u00e9gezte munk\u00e1j\u00e1t, 2004 \u0151sz\u00e9n alakult Ment\u00e1lhigi\u00e9n\u00e9 Int\u00e9zett\u00e9. Ezt k\u00f6vet\u0151en 2010. \u00e1prilis 1-j\u00e9t\u0151l csatlakozott az Eg\u00e9szs\u00e9g\u00fcgyi \u00e9s K\u00f6zszolg\u00e1lati Karhoz<\/p>\n<p style=\"text-align: justify\">A Ment\u00e1lhigi\u00e9n\u00e9 Int\u00e9zet munk\u00e1j\u00e1nak alapvet\u0151 c\u00e9lja az egy\u00e9nek, csal\u00e1dok \u00e9s k\u00f6z\u00f6ss\u00e9gek fejl\u0151d\u00e9s\u00e9nek, eg\u00e9szs\u00e9ges testi-lelki-szellemi m\u0171k\u00f6d\u00e9s\u00e9nek t\u00e1mogat\u00e1sa a magyar t\u00e1rsadalomban. Ezt a c\u00e9lt szolg\u00e1lj\u00e1k a seg\u00edt\u0151 foglalkoz\u00e1s\u00fa szakemberek sz\u00e9les k\u00f6re sz\u00e1m\u00e1ra tartott k\u00e9pz\u00e9seink \u00e9s tudom\u00e1nyos tev\u00e9kenys\u00e9g\u00fcnk. Feladatunknak tartjuk tov\u00e1bb\u00e1 a ment\u00e1lhigi\u00e9n\u00e9s \u00e9s lelkigondoz\u00f3i kult\u00fara \u00e1ltal\u00e1nos terjeszt\u00e9s\u00e9t kiadv\u00e1nyaink, seg\u00edt\u0151 szolg\u00e1latunk, egy\u00e9b tev\u00e9kenys\u00e9geink r\u00e9v\u00e9n.<\/p>\n<p style=\"text-align: justify\">A Ment\u00e1lhigi\u00e9n\u00e9 Int\u00e9zet jelenleg nyolc szakir\u00e1ny\u00fa tov\u00e1bbk\u00e9pz\u00e9si szakot \u00e9s k\u00e9t mesterk\u00e9pz\u00e9st m\u0171k\u00f6dtet. Feladat\u00e1nak tartja a v\u00e9gzett hallgat\u00f3k praxisk\u00eds\u00e9r\u00e9s\u00e9t, a kutat\u00e1son alapul\u00f3 folyamatos curriculumfejleszt\u00e9st, a k\u00e9pz\u00e9si szakanyagok k\u00e9sz\u00edt\u00e9s\u00e9t \u00e9s a ment\u00e1lhigi\u00e9n\u00e9s kult\u00fara terjeszt\u00e9s\u00e9t. Keretein bel\u00fcl t\u00f6rt\u00e9nik a<a href=\"https:\/\/ejmh.semmelweis.hu\/index.php\/ejmh\" target=\"_blank\" rel=\"noopener\"><em> European Journal of Mental Health <\/em><\/a>c\u00edm\u0171 lektor\u00e1lt nemzetk\u00f6zi (angol-n\u00e9met nyelv\u0171) foly\u00f3irat szerkeszt\u00e9se.<\/p>\n<p style=\"text-align: justify\">\u00a0<\/p>\n\r\n        [slb_exclude]\r\n        <div class=\"row galeria-wrapper mx-0 h-auto\">\r\n            <div class=\"col-9 pl-0 pr-2\">\r\n            <span class=\"gallery-item frame\">\r\n\t\t\t\t<div class=\"galeria-left-img\"><a href=\"https:\/\/semmelweis.hu\/ekk\/files\/2023\/09\/epulet_EMK.jpg\"><img src=https:\/\/semmelweis.hu\/ekk\/files\/2023\/09\/epulet_EMK.jpg  \r\n                            alt=\"\" \r\n                            class=\"attachment-sote-gallery-big size-sote-gallery-big\" \r\n                            srcset=\"https:\/\/semmelweis.hu\/ekk\/files\/2023\/09\/epulet_EMK-400x263.jpg 400w, https:\/\/semmelweis.hu\/ekk\/files\/2023\/09\/epulet_EMK-768x505.jpg 768w, https:\/\/semmelweis.hu\/ekk\/files\/2023\/09\/epulet_EMK-753x495.jpg 753w, https:\/\/semmelweis.hu\/ekk\/files\/2023\/09\/epulet_EMK.jpg 875w\" ><\/a><\/div>\r\n            <\/span>\r\n\r\n            <\/div>\r\n\r\n\t\t\t<div class=\"col-3 pl-0 pr-0\">\r\n\t\t\t\t<div class=\"galeria-right-img d-flex justify-content-between flex-column h-100 w-100 px-0 mx-0 \">\r\n                <div class=\"galeria-box\">\r\n\t\t\t\t\t<h3 class=\"galeria-title\">Gal\u00e9ria<\/h3>\r\n\t\t\t\t\t<div class=\"galeria-subtitle\">\r\n\r\n\t\t\t\t\t\t<div class=\"galeria-page-counter\"><span>4<\/span>k\u00e9p<\/div>\r\n                    <\/div> <\/div>\r\n                    <span class=\"gallery-item frame d-none d-md-flex\">\r\n\t\t\t\t\t<div class=\"galeria-small-img mt-0\"><a href=\"https:\/\/semmelweis.hu\/ekk\/files\/2023\/09\/MSc_tanev.jpg\"><img src=https:\/\/semmelweis.hu\/ekk\/files\/2023\/09\/MSc_tanev.jpg \r\n                                alt=\"\"  \r\n                                class=\"attachment-sote-gallery-small size-sote-gallery-small\" \r\n                                srcset=\"https:\/\/semmelweis.hu\/ekk\/files\/2023\/09\/MSc_tanev-400x225.jpg 400w, https:\/\/semmelweis.hu\/ekk\/files\/2023\/09\/MSc_tanev-1024x576.jpg 1024w, https:\/\/semmelweis.hu\/ekk\/files\/2023\/09\/MSc_tanev-768x432.jpg 768w, https:\/\/semmelweis.hu\/ekk\/files\/2023\/09\/MSc_tanev-1536x864.jpg 1536w, https:\/\/semmelweis.hu\/ekk\/files\/2023\/09\/MSc_tanev-753x424.jpg 753w, https:\/\/semmelweis.hu\/ekk\/files\/2023\/09\/MSc_tanev.jpg 2048w\" ><\/a><\/div>\r\n                    <\/span>\r\n                    <span class=\"gallery-item frame d-none d-md-flex\">\r\n\t\t\t\t\t<div class=\"galeria-small-img mt-0\"><a href=\"https:\/\/semmelweis.hu\/ekk\/files\/2011\/06\/RS33363_KA-20150714-IMG_2980-scr.jpg\"><img src=https:\/\/semmelweis.hu\/ekk\/files\/2011\/06\/RS33363_KA-20150714-IMG_2980-scr.jpg \r\n                                alt=\"\" \r\n                                class=\"attachment-sote-gallery-small size-sote-gallery-small\" \r\n                                srcset=\"https:\/\/semmelweis.hu\/ekk\/files\/2011\/06\/RS33363_KA-20150714-IMG_2980-scr-200x300.jpg 200w, https:\/\/semmelweis.hu\/ekk\/files\/2011\/06\/RS33363_KA-20150714-IMG_2980-scr.jpg 500w\" ><\/a><\/div>\r\n                    <\/span>\r\n\r\n                <\/div>\r\n\r\n            <\/div>\r\n\r\n            <span class=\"gallery-item\"><div class=\"hidden\"><a href=\"https:\/\/semmelweis.hu\/ekk\/files\/2023\/09\/dei.eu_.szervezo.bsc_.01.jpg\">\r\n        <img src=https:\/\/semmelweis.hu\/ekk\/files\/2023\/09\/dei.eu_.szervezo.bsc_.01.jpg alt=\"\" class=\"attachment-sote-gallery-big size-sote-gallery-big\" srcset=\"https:\/\/semmelweis.hu\/ekk\/files\/2023\/09\/dei.eu_.szervezo.bsc_.01-400x267.jpg 400w, https:\/\/semmelweis.hu\/ekk\/files\/2023\/09\/dei.eu_.szervezo.bsc_.01-768x512.jpg 768w, https:\/\/semmelweis.hu\/ekk\/files\/2023\/09\/dei.eu_.szervezo.bsc_.01-753x502.jpg 753w, https:\/\/semmelweis.hu\/ekk\/files\/2023\/09\/dei.eu_.szervezo.bsc_.01-203x135.jpg 203w, https:\/\/semmelweis.hu\/ekk\/files\/2023\/09\/dei.eu_.szervezo.bsc_.01.jpg 950w\" >\r\n        <\/a><\/div><\/span>\r\n            <\/div>\r\n\r\n            [\/slb_exclude]\r\n\t\n","protected":false},"excerpt":{"rendered":"<p>A kar int\u00e9zetei <a href=\"#dei\" target=\"null\">Digit\u00e1lis Eg\u00e9szs\u00e9gtudom\u00e1nyi Int\u00e9zet<\/a> <a href=\"#emk\">Eg\u00e9szs\u00e9g\u00fcgyi Menedzserk\u00e9pz\u0151 K\u00f6zpont<\/a> <a href=\"#mhi\">Menth\u00e1lhigi\u00e9n\u00e9 Int\u00e9zet<\/a> <a id=\"dei\"><\/a> Digit\u00e1lis Eg\u00e9szs\u00e9gtudom\u00e1nyi Int\u00e9zet C\u00edm:\u00a01094 Budapest, Ferenc t\u00e9r 15. 2. em. <a href=\"https:\/\/semmelweis.hu\/dei\" target=\"_blank\" rel=\"noopener noreferrer\">https:\/\/semmelweis.hu\/dei<\/a> Az int\u00e9zet a Semmelweis Egyetemen 1974-ben l\u00e9trej\u00f6tt \u00f6n\u00e1ll\u00f3 Sz\u00e1m\u00edt\u00e1stechnikai Csoportb\u00f3l eredeztethet\u0151.\u00a0 Az oktat\u00e1s szempontj\u00e1b\u00f3l l\u00e9nyeges d\u00e1tum 1986, amikor az akkori Sz\u00e1m\u00edt\u00f3k\u00f6zpont elind\u00edtotta a sz\u00e1m\u00edt\u00e1stechnika tant\u00e1rgy oktat\u00e1s\u00e1t \u2013 magyar \u00e9s angol nyelven, az Egyetem mindh\u00e1rom kar\u00e1n &#8211; a Kutat\u00e1si \u00e9s Oktat\u00e1si Oszt\u00e1ly munkat\u00e1rsaival. &hellip;<\/p>\n","protected":false},"author":7,"featured_media":0,"parent":3,"menu_order":3,"comment_status":"closed","ping_status":"closed","template":"","meta":{"_acf_changed":false,"footnotes":""},"categories":[],"tags":[],"class_list":["post-33","page","type-page","status-publish","hentry"],"acf":[],"_links":{"self":[{"href":"https:\/\/semmelweis.hu\/ekk\/wp-json\/wp\/v2\/pages\/33","targetHints":{"allow":["GET"]}}],"collection":[{"href":"https:\/\/semmelweis.hu\/ekk\/wp-json\/wp\/v2\/pages"}],"about":[{"href":"https:\/\/semmelweis.hu\/ekk\/wp-json\/wp\/v2\/types\/page"}],"author":[{"embeddable":true,"href":"https:\/\/semmelweis.hu\/ekk\/wp-json\/wp\/v2\/users\/7"}],"replies":[{"embeddable":true,"href":"https:\/\/semmelweis.hu\/ekk\/wp-json\/wp\/v2\/comments?post=33"}],"version-history":[{"count":12,"href":"https:\/\/semmelweis.hu\/ekk\/wp-json\/wp\/v2\/pages\/33\/revisions"}],"predecessor-version":[{"id":5832,"href":"https:\/\/semmelweis.hu\/ekk\/wp-json\/wp\/v2\/pages\/33\/revisions\/5832"}],"up":[{"embeddable":true,"href":"https:\/\/semmelweis.hu\/ekk\/wp-json\/wp\/v2\/pages\/3"}],"wp:attachment":[{"href":"https:\/\/semmelweis.hu\/ekk\/wp-json\/wp\/v2\/media?parent=33"}],"wp:term":[{"taxonomy":"category","embeddable":true,"href":"https:\/\/semmelweis.hu\/ekk\/wp-json\/wp\/v2\/categories?post=33"},{"taxonomy":"post_tag","embeddable":true,"href":"https:\/\/semmelweis.hu\/ekk\/wp-json\/wp\/v2\/tags?post=33"}],"curies":[{"name":"wp","href":"https:\/\/api.w.org\/{rel}","templated":true}]}}