{"id":3294,"date":"2020-01-29T12:29:11","date_gmt":"2020-01-29T11:29:11","guid":{"rendered":"http:\/\/semmelweis.hu\/ekk\/?page_id=3294"},"modified":"2026-01-08T14:08:51","modified_gmt":"2026-01-08T13:08:51","slug":"kari-tanacs-ulesek-2020","status":"publish","type":"page","link":"https:\/\/semmelweis.hu\/ekk\/a-karrol\/kari-tanacs\/kari-tanacs-ulesek\/kari-tanacs-ulesek-2020\/","title":{"rendered":"Kari Tan\u00e1cs \u00fcl\u00e9sek 2020."},"content":{"rendered":"<p><strong>2020. janu\u00e1r 27.<\/strong><\/p>\n<p>Napirendi pontok:<\/p>\n<p>1. Dr. Sz\u00f3cska Mikl\u00f3s az Eg\u00e9szs\u00e9g\u00fcgyi Menedzserk\u00e9pz\u0151 K\u00f6zpont igazgat\u00f3i megb\u00edz\u00e1s\u00e1ra beny\u00fajtott p\u00e1ly\u00e1zat\u00e1nak v\u00e9lem\u00e9nyez\u00e9se <br \/>\n2. Digit\u00e1lis Eg\u00e9szs\u00e9gtudom\u00e1nyi Int\u00e9zet eg\u00e9szs\u00e9g\u00fcgyi szervez\u0151 alapk\u00e9pz\u00e9si szak eg\u00e9szs\u00e9g\u00fcgyi \u00fcgyvitelszervez\u0151 specializ\u00e1ci\u00f3 Z\u00e1r\u00f3vizsga Bizotts\u00e1g eln\u00f6k\u00e9nek \u00e9s tagjainak j\u00f3v\u00e1hagy\u00e1sa<br \/>\n3. Eg\u00e9szs\u00e9g\u00fcgyi Menedzserk\u00e9pz\u0151 K\u00f6zpont eg\u00e9szs\u00e9g\u00fcgyi menedzser mesterk\u00e9pz\u00e9si szak Z\u00e1r\u00f3vizsga Bizotts\u00e1g eln\u00f6keinek \u00e9s tagjainak j\u00f3v\u00e1hagy\u00e1sa <br \/>\n4. Eg\u00e9szs\u00e9g\u00fcgyi Menedzserk\u00e9pz\u0151 K\u00f6zpont min\u0151s\u00e9g\u00fcgyi \u00e9s betegbiztons\u00e1gi menedzser szakir\u00e1ny\u00fa tov\u00e1bbk\u00e9pz\u00e9si szak Z\u00e1r\u00f3vizsga Bizotts\u00e1g eln\u00f6keinek \u00e9s tagjainak j\u00f3v\u00e1hagy\u00e1sa <br \/>\n5. Ment\u00e1lhigi\u00e9n\u00e9 Int\u00e9zet szoci\u00e1lis munka mesterk\u00e9pz\u00e9s Z\u00e1r\u00f3vizsga Bizotts\u00e1g eln\u00f6keinek \u00e9s tagjainak j\u00f3v\u00e1hagy\u00e1sa <br \/>\n6. Ment\u00e1lhigi\u00e9n\u00e9 Int\u00e9zet ment\u00e1lhigi\u00e9n\u00e9s csal\u00e1dtudom\u00e1nyi \u00e9s csal\u00e1dter\u00e1pi\u00e1s mesterk\u00e9pz\u00e9si szak Z\u00e1r\u00f3vizsga Bizotts\u00e1g eln\u00f6keinek \u00e9s tagjainak j\u00f3v\u00e1hagy\u00e1sa <br \/>\n7. Ment\u00e1lhigi\u00e9n\u00e9 Int\u00e9zet k\u00f6z\u00f6ss\u00e9gi \u00e9s csal\u00e1di medi\u00e1ci\u00f3 szakir\u00e1ny\u00fa tov\u00e1bbk\u00e9pz\u00e9si szak Z\u00e1r\u00f3vizsga Bizotts\u00e1g eln\u00f6keinek \u00e9s tagjainak j\u00f3v\u00e1hagy\u00e1sa <br \/>\n8. Ment\u00e1lhigi\u00e9n\u00e9 Int\u00e9zet ment\u00e1lhigi\u00e9n\u00e9 szakir\u00e1ny\u00fa tov\u00e1bbk\u00e9pz\u00e9si szak Z\u00e1r\u00f3vizsga Bizotts\u00e1g eln\u00f6keinek \u00e9s tagjainak j\u00f3v\u00e1hagy\u00e1sa <br \/>\n9. Ment\u00e1lhigi\u00e9n\u00e9 Int\u00e9zet lakt\u00e1ci\u00f3s szaktan\u00e1csad\u00f3 szakir\u00e1ny\u00fa tov\u00e1bbk\u00e9pz\u00e9si szak Z\u00e1r\u00f3vizsga Bizotts\u00e1g eln\u00f6keinek \u00e9s tagjainak j\u00f3v\u00e1hagy\u00e1sa <br \/>\n10. Ment\u00e1lhigi\u00e9n\u00e9 Int\u00e9zet ment\u00e1lhigi\u00e9n\u00e9s lelkigondoz\u00f3 szakir\u00e1ny\u00fa tov\u00e1bbk\u00e9pz\u00e9si szak Z\u00e1r\u00f3vizsga Bizotts\u00e1g eln\u00f6keinek \u00e9s tagjainak j\u00f3v\u00e1hagy\u00e1sa <br \/>\n11. Ment\u00e1lhigi\u00e9n\u00e9 Int\u00e9zet integr\u00e1lt sz\u00fcl\u0151-csecsem\u0151 konzult\u00e1ci\u00f3 szakir\u00e1ny\u00fa tov\u00e1bbk\u00e9pz\u00e9si szak Z\u00e1r\u00f3vizsga Bizotts\u00e1g eln\u00f6keinek \u00e9s tagjainak j\u00f3v\u00e1hagy\u00e1sa<br \/>\n12. Ment\u00e1lhigi\u00e9n\u00e9 Int\u00e9zet iskolai szoci\u00e1lis munka szakir\u00e1ny\u00fa tov\u00e1bbk\u00e9pz\u00e9si szak Z\u00e1r\u00f3vizsga Bizotts\u00e1g eln\u00f6keinek \u00e9s tagjainak j\u00f3v\u00e1hagy\u00e1sa <br \/>\n13. A Karon m\u0171k\u00f6d\u0151, a Szen\u00e1tus \u00e1ltal l\u00e9trehozott Curriculum, Kredit\u00e1tviteli \u00e9s Oktat\u00e1si Bizotts\u00e1g, valamint az Etikai \u00e9s Fegyelmi Bizotts\u00e1g \u00f6sszet\u00e9tel\u00e9nek meg\u00faj\u00edt\u00e1sa <br \/>\n14. A Karon m\u0171k\u00f6d\u0151, a Kar \u00e1ltal l\u00e9trehozott Min\u0151s\u00e9gbiztos\u00edt\u00e1si Bizotts\u00e1g, \u00f6sszet\u00e9tel\u00e9nek meg\u00faj\u00edt\u00e1sa<\/p>\n<hr \/>\n<p><strong>2020. 01. 29. (elektronikus szavaz\u00e1s)<\/strong><\/p>\n<p>Napirendi pontok:<\/p>\n<p>1. Eg\u00e9szs\u00e9g\u00fcgyi K\u00f6zszolg\u00e1lati Kar \u00faj Szervezeti \u00e9s M\u0171k\u00f6d\u00e9si Rendj\u00e9nek elfogad\u00e1sa<\/p>\n<hr \/>\n<p><strong>2020. 01. 31. (elektronikus szavaz\u00e1s)<\/strong><\/p>\n<p>Napirendi pontok:<\/p>\n<p>1. Eg\u00e9szs\u00e9g\u00fcgyi K\u00f6zszolg\u00e1lati Kar T\u00e9r\u00edt\u00e9si \u00e9s Juttat\u00e1si Rendj\u00e9nek m\u00f3dos\u00edt\u00e1sa<\/p>\n<hr \/>\n<p><strong>2020. 02. 20. (elektronikus szavaz\u00e1s)<\/strong><\/p>\n<p>Napirendi pontok:<\/p>\n<p>1. Ment\u00e1lhigi\u00e9n\u00e9 Int\u00e9zet Id\u0151s\u00fcgyi interakt\u00edv \u00e9let\u00fat-tan\u00e1csad\u00f3 szakir\u00e1ny\u00fa tov\u00e1bbk\u00e9pz\u00e9si szak l\u00e9tes\u00edt\u00e9s\u00e9nek \u00e9s ind\u00edt\u00e1s\u00e1nak elfogad\u00e1sa<\/p>\n<hr \/>\n<p><strong>2020. 02. 27.\u00a0<\/strong><\/p>\n<p>Napirendi pontok:<\/p>\n<p>1. V\u00e9lem\u00e9nynyilv\u00e1n\u00edt\u00e1s Pro Universitate d\u00edj adom\u00e1nyoz\u00e1s\u00e1r\u00f3l<\/p>\n<hr \/>\n<p><strong>2020. 03. 16. (elektronikus szavaz\u00e1s)<\/strong><\/p>\n<p><span style=\"float: none;background-color: transparent;color: #1e2326;cursor: text;font-family: 'PT serif',serif;font-size: 20px;font-style: normal;font-variant: normal;font-weight: 400;letter-spacing: normal;text-align: left;text-decoration: none;text-indent: 0px;text-transform: none\">Napirendi pontok:<\/span><\/p>\n<p>1. Eg\u00e9szs\u00e9g\u00fcgyi K\u00f6zszolg\u00e1lati Kar Szervezeti \u00e9s M\u0171k\u00f6d\u00e9si Rendj\u00e9nek m\u00f3dos\u00edt\u00e1sa<\/p>\n<hr \/>\n<p><strong>2020. 05. 07. (elektronikus szavaz\u00e1s)<\/strong><\/p>\n<p>Napirendi pontok:<\/p>\n<p>1. Eg\u00e9szs\u00e9g\u00fcgyi K\u00f6zszolg\u00e1lati Kar Publik\u00e1ci\u00f3s Etikai K\u00f3dex\u00e9nek elfogad\u00e1sa<\/p>\n<hr \/>\n<p><strong>2020. 05. 26. (t\u00e1vmegbesz\u00e9l\u00e9s zoom-on kereszt\u00fcl, titkos elektronikus szavaz\u00e1s)<\/strong><\/p>\n<p><span style=\"float: none;background-color: transparent;color: #1e2326;cursor: text;font-family: 'PT serif',serif;font-size: 20px;font-style: normal;font-variant: normal;font-weight: 400;letter-spacing: normal;text-align: left;text-decoration: none;text-indent: 0px;text-transform: none\">Napirendi pontok:<\/span><\/p>\n<p>1. Az Eg\u00e9szs\u00e9g\u00fcgyi K\u00f6zszolg\u00e1lati Kar \u00e1ltal\u00e1nos d\u00e9k\u00e1nhelyettesi megb\u00edz\u00e1s\u00e1ra beny\u00fajtott p\u00e1ly\u00e1zat v\u00e9lem\u00e9nyez\u00e9se <br \/>\n2. Az Eg\u00e9szs\u00e9g\u00fcgyi K\u00f6zszolg\u00e1lati Kar Ment\u00e1lhigi\u00e9n\u00e9 Int\u00e9zet\u00e9ben meghirdetett egyetemi docens munkak\u00f6rre be\u00e9rkezett p\u00e1ly\u00e1zat v\u00e9lem\u00e9nyez\u00e9se<\/p>\n<hr \/>\n<p><strong>2020. 06. 16. (elektronikus szavaz\u00e1s)<\/strong><\/p>\n<p>Napirendi pontok:<\/p>\n<p>1. A min\u0151s\u00e9g\u00fcgyi \u00e9s betegbiztons\u00e1gi menedzser szakir\u00e1ny\u00fa tov\u00e1bbk\u00e9pz\u00e9si szak k\u00e9pz\u00e9si \u00e9s kimeneti k\u00f6vetelm\u00e9nyeinek m\u00f3dos\u00edt\u00e1sa <br \/>\n2. Oktat\u00f3i munka hallgat\u00f3i v\u00e9lem\u00e9nyez\u00e9s\u00e9nek kari elj\u00e1r\u00e1si rendje<br \/>\n3. A Kar T\u00e9r\u00edt\u00e9si \u00e9s Juttat\u00e1si Rendj\u00e9nek m\u00f3dos\u00edt\u00e1sa<\/p>\n<hr \/>\n<p><strong>2020. 06. 17. (elektronikus szavaz\u00e1s)<\/strong><\/p>\n<p><span style=\"float: none;background-color: transparent;color: #1e2326;cursor: text;font-family: 'PT serif',serif;font-size: 20px;font-style: normal;font-variant: normal;font-weight: 400;letter-spacing: normal;text-align: left;text-decoration: none;text-indent: 0px;text-transform: none\">Napirendi pontok:<\/span><\/p>\n<p>1. Ment\u00e1lhigi\u00e9n\u00e9 Int\u00e9zet lakt\u00e1ci\u00f3s szaktan\u00e1csad\u00f3 szakir\u00e1ny\u00fa tov\u00e1bbk\u00e9pz\u00e9si szak tanulm\u00e1nyi t\u00e1j\u00e9koztat\u00f3 m\u00f3dos\u00edt\u00e1sa<br \/>\n2. Ment\u00e1lhigi\u00e9n\u00e9 Int\u00e9zet ment\u00e1lhigi\u00e9n\u00e9 szakir\u00e1ny\u00fa tov\u00e1bbk\u00e9pz\u00e9s szak tanulm\u00e1nyi t\u00e1j\u00e9koztat\u00f3j\u00e1nak m\u00f3dos\u00edt\u00e1sa<br \/>\n3. Ment\u00e1lhigi\u00e9n\u00e9 Int\u00e9zet ment\u00e1lhigi\u00e9n\u00e9s lelkigondoz\u00f3 szakir\u00e1ny\u00fa tov\u00e1bbk\u00e9pz\u00e9si szak tanulm\u00e1nyi t\u00e1j\u00e9koztat\u00f3 m\u00f3dos\u00edt\u00e1sa<br \/>\n4. Ment\u00e1lhigi\u00e9n\u00e9 Int\u00e9zet k\u00f6z\u00f6ss\u00e9gi \u00e9s csal\u00e1di medi\u00e1ci\u00f3 szakir\u00e1ny\u00fa tov\u00e1bbk\u00e9pz\u00e9si szak tanulm\u00e1nyi t\u00e1j\u00e9koztat\u00f3j\u00e1nak m\u00f3dos\u00edt\u00e1sa<br \/>\n5. Ment\u00e1lhigi\u00e9n\u00e9 Int\u00e9zet integr\u00e1lt sz\u00fcl\u0151-csecsem\u0151 konzult\u00e1ci\u00f3 szakir\u00e1ny\u00fa tov\u00e1bbk\u00e9pz\u00e9si szak tanulm\u00e1nyi t\u00e1j\u00e9koztat\u00f3 m\u00f3dos\u00edt\u00e1sa<br \/>\n6. Ment\u00e1lhigi\u00e9n\u00e9 Int\u00e9zet szoci\u00e1lis munka mesterk\u00e9pz\u00e9si szak tanulm\u00e1nyi t\u00e1j\u00e9koztat\u00f3 m\u00f3dos\u00edt\u00e1sa<br \/>\n7. Digit\u00e1lis Eg\u00e9szs\u00e9gtudom\u00e1nyi Int\u00e9zet eg\u00e9szs\u00e9g\u00fcgyi szervez\u0151 alapk\u00e9pz\u00e9si szak eg\u00e9szs\u00e9g\u00fcgyi \u00fcgyvitelszervez\u0151 specializ\u00e1ci\u00f3 tanterv\u00e9nek m\u00f3dos\u00edt\u00e1sa<\/p>\n<hr \/>\n<p><strong>2020. 06. 21. (elektronikus szavaz\u00e1s)<\/strong><\/p>\n<p>Napirendi pontok:<\/p>\n<p>1. A 2020\/20201. \u00e9vi tan\u00e9v rendj\u00e9nek elfogad\u00e1s\u00e1r\u00f3l<\/p>\n<hr \/>\n<p><strong>2020. 06. 23. (elektronikus szavaz\u00e1s)<\/strong><\/p>\n<p><span style=\"float: none;background-color: transparent;color: #1e2326;cursor: text;font-family: 'PT serif',serif;font-size: 20px;font-style: normal;font-variant: normal;font-weight: 400;letter-spacing: normal;text-align: left;text-decoration: none;text-indent: 0px;text-transform: none\">Napirendi pontok:<\/span><\/p>\n<p>1. Digit\u00e1lis Eg\u00e9szs\u00e9gtudom\u00e1nyi Int\u00e9zet eg\u00e9szs\u00e9g\u00fcgyi szervez\u0151 alapk\u00e9pz\u00e9si szak eg\u00e9szs\u00e9g\u00fcgyi \u00fcgyvitelszervez\u0151 specializ\u00e1ci\u00f3 tanterv\u00e9nek pontos\u00edt\u00f3 m\u00f3dos\u00edt\u00e1s\u00e1nak elfogad\u00e1sa<\/p>\n<hr \/>\n<p><strong>2020. 06. 26. (elektronikus szavaz\u00e1s)<\/strong><\/p>\n<p><span style=\"float: none;background-color: transparent;color: #1e2326;cursor: text;font-family: 'PT serif',serif;font-size: 20px;font-style: normal;font-variant: normal;font-weight: 400;letter-spacing: normal;text-align: left;text-decoration: none;text-indent: 0px;text-transform: none\">Napirendi pontok:<\/span><\/p>\n<p>1. Hivat\u00e1setikai alapok sz\u00f6veg\u00e9nek elfogad\u00e1sa<\/p>\n<hr \/>\n<p><strong>2020. 07. 22. (elektronikus szavaz\u00e1s)<\/strong><\/p>\n<p><span style=\"float: none;background-color: transparent;color: #1e2326;cursor: text;font-family: 'PT serif',serif;font-size: 20px;font-style: normal;font-variant: normal;font-weight: 400;letter-spacing: normal;text-align: left;text-decoration: none;text-indent: 0px;text-transform: none\">Napirendi pontok:<\/span><\/p>\n<p>1. Eg\u00e9szs\u00e9g\u00fcgyi Menedzserk\u00e9pz\u0151 K\u00f6zpont szoci\u00e1lis szolg\u00e1ltat\u00e1smenedzsment szakir\u00e1ny\u00fa tov\u00e1bbk\u00e9pz\u00e9si szak l\u00e9tes\u00edt\u00e9se \u00e9s ind\u00edt\u00e1sa<br \/>\n2. Eg\u00e9szs\u00e9g\u00fcgyi Menedzserk\u00e9pz\u0151 K\u00f6zpont min\u0151s\u00e9g\u00fcgyi \u00e9s betegbiztons\u00e1gi menedzser szakir\u00e1ny\u00fa tov\u00e1bbk\u00e9pz\u00e9si szak tanterv\u00e9nek m\u00f3dos\u00edt\u00e1sa<br \/>\n3. Eg\u00e9szs\u00e9g\u00fcgyi Menedzserk\u00e9pz\u0151 K\u00f6zpont eg\u00e9szs\u00e9g\u00fcgyi menedzser mesterk\u00e9pz\u00e9si szak tanterv\u00e9nek m\u00f3dos\u00edt\u00e1sa<br \/>\n4. Eg\u00e9szs\u00e9g\u00fcgyi Menedzserk\u00e9pz\u0151 K\u00f6zpont eg\u00e9szs\u00e9g\u00fcgyi menedzser mesterk\u00e9pz\u00e9si szak tanterv\u00e9nek kieg\u00e9sz\u00edt\u0151 m\u00f3dos\u00edt\u00e1sa<\/p>\n<hr \/>\n<p><strong>2020. 07. 28. (elektronikus szavaz\u00e1s)<\/strong><\/p>\n<p><span style=\"float: none;background-color: transparent;color: #1e2326;cursor: text;font-family: 'PT serif',serif;font-size: 20px;font-style: normal;font-variant: normal;font-weight: 400;letter-spacing: normal;text-align: left;text-decoration: none;text-indent: 0px;text-transform: none\">Napirendi pontok:<\/span><\/p>\n<p>1. Digit\u00e1lis Eg\u00e9szs\u00e9gtudom\u00e1nyi Int\u00e9zet eg\u00e9szs\u00e9g\u00fcgyi szervez\u0151 alapk\u00e9pz\u00e9si szak eg\u00e9szs\u00e9g\u00fcgyi \u00fcgyvitelszervez\u0151 specializ\u00e1ci\u00f3 megnevez\u00e9s m\u00f3dos\u00edt\u00e1sa<\/p>\n<hr \/>\n<p><strong>2020. 09. 12. (elektronikus szavaz\u00e1s)<\/strong><\/p>\n<p><span style=\"float: none;background-color: transparent;color: #1e2326;cursor: text;font-family: 'PT serif',serif;font-size: 20px;font-style: normal;font-variant: normal;font-weight: 400;letter-spacing: normal;text-align: left;text-decoration: none;text-indent: 0px;text-transform: none\">Napirendi pontok:<\/span><\/p>\n<p>1. Egyetemi docensi kinevez\u00e9s kari speci\u00e1lis felt\u00e9teleinek j\u00f3v\u00e1hagy\u00e1sa<\/p>\n<hr \/>\n<p><strong>2020. 09. 16. (elektronikus szavaz\u00e1s)<\/strong><\/p>\n<p><span style=\"float: none;background-color: transparent;color: #1e2326;cursor: text;font-family: 'PT serif',serif;font-size: 20px;font-style: normal;font-variant: normal;font-weight: 400;letter-spacing: normal;text-align: left;text-decoration: none;text-indent: 0px;text-transform: none\">Napirendi pontok:<\/span><\/p>\n<p>1. A Ment\u00e1lhigi\u00e9n\u00e9 Int\u00e9zet interdiszciplin\u00e1ris csal\u00e1dtudom\u00e1nyi mesterk\u00e9pz\u00e9si szak tanterv\u00e9nek m\u00f3dos\u00edt\u00e1sa<br \/>\n2. Az Eg\u00e9szs\u00e9g\u00fcgyi Menedzserk\u00e9pz\u0151 K\u00f6zpont eg\u00e9szs\u00e9g\u00fcgyi menedzser mesterk\u00e9pz\u00e9si szak nappali munkarend szerinti ind\u00edt\u00e1s\u00e1nak elfogad\u00e1sa<br \/>\n3. A Ment\u00e1lhigi\u00e9n\u00e9 Int\u00e9zet id\u0151s\u00fcgyi interakt\u00edv \u00e9let\u00fat-tan\u00e1csad\u00f3 szakir\u00e1ny\u00fa tov\u00e1bbk\u00e9pz\u00e9si szak tanterv\u00e9nek m\u00f3dos\u00edt\u00e1sa<\/p>\n<hr \/>\n<p><strong>2020. 09. 23. (elektronikus szavaz\u00e1s)<\/strong><\/p>\n<p><span style=\"float: none;background-color: transparent;color: #1e2326;cursor: text;font-family: 'PT serif',serif;font-size: 20px;font-style: normal;font-variant: normal;font-weight: 400;letter-spacing: normal;text-align: left;text-decoration: none;text-indent: 0px;text-transform: none\">Napirendi pontok:<\/span><\/p>\n<p>1. Egyetemi docensi kinevez\u00e9s kari speci\u00e1lis felt\u00e9telei kieg\u00e9sz\u00edt\u00e9se m\u00f3dos\u00edt\u00e1s\u00e1nak j\u00f3v\u00e1hagy\u00e1sa<\/p>\n<hr \/>\n<p><strong>2020. 11. 18. (elektronikus szavaz\u00e1s)<\/strong><\/p>\n<p><span style=\"float: none;background-color: transparent;color: #1e2326;cursor: text;font-family: 'PT serif',serif;font-size: 20px;font-style: normal;font-variant: normal;font-weight: 400;letter-spacing: normal;text-align: left;text-decoration: none;text-indent: 0px;text-transform: none\">Napirendi pontok:<\/span><\/p>\n<p>1. A Ment\u00e1lhigi\u00e9n\u00e9 Int\u00e9zet iskolai szoci\u00e1lis munka szakir\u00e1ny\u00fa tov\u00e1bbk\u00e9pz\u00e9si szak tanterv\u00e9nek m\u00f3dos\u00edt\u00e1sa<br \/>\n2. A 2020\/2021. \u00e9vi tan\u00e9v rendj\u00e9nek m\u00f3dos\u00edt\u00f3 elfogad\u00e1sa<\/p>\n<hr \/>\n<p><strong>2020. 12. 09. (elektronikus szavaz\u00e1s)<\/strong><\/p>\n<p>Napirendi pontok:<\/p>\n<p>1. Ment\u00e1lhigi\u00e9n\u00e9 Int\u00e9zet ment\u00e1lhigi\u00e9n\u00e9s h\u00e1zass\u00e1g- \u00e9s csal\u00e1d-lelkigondoz\u00f3 szakir\u00e1ny\u00fa tov\u00e1bbk\u00e9pz\u00e9s szak l\u00e9tes\u00edt\u00e9s\u00e9nek \u00e9s ind\u00edt\u00e1s\u00e1nak elfogad\u00e1sa<\/p>\n","protected":false},"excerpt":{"rendered":"<p>2020. janu\u00e1r 27. Napirendi pontok: 1. Dr. Sz\u00f3cska Mikl\u00f3s az Eg\u00e9szs\u00e9g\u00fcgyi Menedzserk\u00e9pz\u0151 K\u00f6zpont igazgat\u00f3i megb\u00edz\u00e1s\u00e1ra beny\u00fajtott p\u00e1ly\u00e1zat\u00e1nak v\u00e9lem\u00e9nyez\u00e9se 2. Digit\u00e1lis Eg\u00e9szs\u00e9gtudom\u00e1nyi Int\u00e9zet eg\u00e9szs\u00e9g\u00fcgyi szervez\u0151 alapk\u00e9pz\u00e9si szak eg\u00e9szs\u00e9g\u00fcgyi \u00fcgyvitelszervez\u0151 specializ\u00e1ci\u00f3 Z\u00e1r\u00f3vizsga Bizotts\u00e1g eln\u00f6k\u00e9nek \u00e9s tagjainak j\u00f3v\u00e1hagy\u00e1sa 3. Eg\u00e9szs\u00e9g\u00fcgyi Menedzserk\u00e9pz\u0151 K\u00f6zpont eg\u00e9szs\u00e9g\u00fcgyi menedzser mesterk\u00e9pz\u00e9si szak Z\u00e1r\u00f3vizsga Bizotts\u00e1g eln\u00f6keinek \u00e9s tagjainak j\u00f3v\u00e1hagy\u00e1sa 4. Eg\u00e9szs\u00e9g\u00fcgyi Menedzserk\u00e9pz\u0151 K\u00f6zpont min\u0151s\u00e9g\u00fcgyi \u00e9s &hellip;<\/p>\n","protected":false},"author":101539,"featured_media":0,"parent":1201,"menu_order":6,"comment_status":"closed","ping_status":"closed","template":"","meta":{"_acf_changed":false,"footnotes":""},"categories":[],"tags":[],"class_list":["post-3294","page","type-page","status-publish","hentry"],"acf":[],"_links":{"self":[{"href":"https:\/\/semmelweis.hu\/ekk\/wp-json\/wp\/v2\/pages\/3294","targetHints":{"allow":["GET"]}}],"collection":[{"href":"https:\/\/semmelweis.hu\/ekk\/wp-json\/wp\/v2\/pages"}],"about":[{"href":"https:\/\/semmelweis.hu\/ekk\/wp-json\/wp\/v2\/types\/page"}],"author":[{"embeddable":true,"href":"https:\/\/semmelweis.hu\/ekk\/wp-json\/wp\/v2\/users\/101539"}],"replies":[{"embeddable":true,"href":"https:\/\/semmelweis.hu\/ekk\/wp-json\/wp\/v2\/comments?post=3294"}],"version-history":[{"count":10,"href":"https:\/\/semmelweis.hu\/ekk\/wp-json\/wp\/v2\/pages\/3294\/revisions"}],"predecessor-version":[{"id":3711,"href":"https:\/\/semmelweis.hu\/ekk\/wp-json\/wp\/v2\/pages\/3294\/revisions\/3711"}],"up":[{"embeddable":true,"href":"https:\/\/semmelweis.hu\/ekk\/wp-json\/wp\/v2\/pages\/1201"}],"wp:attachment":[{"href":"https:\/\/semmelweis.hu\/ekk\/wp-json\/wp\/v2\/media?parent=3294"}],"wp:term":[{"taxonomy":"category","embeddable":true,"href":"https:\/\/semmelweis.hu\/ekk\/wp-json\/wp\/v2\/categories?post=3294"},{"taxonomy":"post_tag","embeddable":true,"href":"https:\/\/semmelweis.hu\/ekk\/wp-json\/wp\/v2\/tags?post=3294"}],"curies":[{"name":"wp","href":"https:\/\/api.w.org\/{rel}","templated":true}]}}