{"id":32,"date":"2011-06-29T09:17:21","date_gmt":"2011-06-29T09:17:21","guid":{"rendered":"http:\/\/sote.webdevil.hu\/ekk\/?page_id=32"},"modified":"2023-10-20T13:21:29","modified_gmt":"2023-10-20T11:21:29","slug":"a-kar-tortenete","status":"publish","type":"page","link":"https:\/\/semmelweis.hu\/ekk\/a-karrol\/a-kar-tortenete\/","title":{"rendered":"A Kar t\u00f6rt\u00e9nete"},"content":{"rendered":"<h5>Kezdete<\/h5>\n<p>A Semmelweis Egyetem Szen\u00e1tusa a 2008. m\u00e1jus 29-i, 62\/2008. sz\u00e1m\u00fa hat\u00e1rozat\u00e1ban d\u00f6nt\u00f6tt arr\u00f3l, hogy h\u00e1rom, a term\u00e9szettudom\u00e1nyok \u00e9s t\u00e1rsadalomtudom\u00e1nyok hat\u00e1rter\u00fclet\u00e9n dolgoz\u00f3 int\u00e9zet, az <a href=\"https:\/\/semmelweis.hu\/emk\/\"><strong>Eg\u00e9szs\u00e9g\u00fcgyi Menedzserk\u00e9pz\u0151 K\u00f6zpont<\/strong><\/a>, a <a href=\"https:\/\/semmelweis.hu\/mental\/\"><strong>Ment\u00e1lhigi\u00e9n\u00e9 Int\u00e9zet<\/strong><\/a> \u00e9s az Eg\u00e9szs\u00e9g\u00fcgyi Informatikai Fejleszt\u0151 \u00e9s Tov\u00e1bbk\u00e9pz\u0151 Int\u00e9zet (jelenlegi nev\u00e9n: <a href=\"https:\/\/semmelweis.hu\/dei\/\"><strong>Digit\u00e1lis Eg\u00e9szs\u00e9gtudom\u00e1nyi Int\u00e9zet<\/strong><\/a>) r\u00e9szv\u00e9tel\u00e9vel megalap\u00edtja az <strong>Eg\u00e9szs\u00e9g\u00fcgyi K\u00f6zszolg\u00e1lati Kart<\/strong>. A Kar <strong>tev\u00e9kenys\u00e9g\u00e9t 2010 janu\u00e1rj\u00e1ban kezdte meg<\/strong>, a Kari Tan\u00e1cs alakul\u00f3 \u00fcl\u00e9s\u00e9re 2010. \u00e1prilis 21-\u00e9n ker\u00fclt sor.<\/p>\n<p>Az Eg\u00e9szs\u00e9g\u00fcgyi K\u00f6zszolg\u00e1lati Kar mindazon t\u00e1gabb \u00e9rtelemben vett t\u00e1rsadalomtudom\u00e1nyi tudom\u00e1nyter\u00fclethez tartoz\u00f3 \u00e9s interdiszciplin\u00e1ris oktat\u00f3, kutat\u00f3 \u00e9s szak\u00e9rt\u0151i programokat v\u00e9gz\u0151 szervezeti egys\u00e9gek erny\u0151szervezete k\u00edv\u00e1n lenni, amelyek a jelenlegi szervezeti rendszerben nem, vagy nem szervesen kapcsol\u00f3dnak m\u00e1r l\u00e9tez\u0151 karhoz. Nyitott szervez\u0151d\u00e9sk\u00e9nt helyet k\u00edv\u00e1n adni minden olyan tov\u00e1bbi szervezeti egys\u00e9gnek, amelynek m\u0171k\u00f6d\u00e9se a Kar keretei k\u00f6z\u00f6tt optimaliz\u00e1lhat\u00f3.<\/p>\n<h5>K\u00e9pz\u00e9si portf\u00f3li\u00f3<\/h5>\n<p>Az Eg\u00e9szs\u00e9g\u00fcgyi K\u00f6zszolg\u00e1lati Kar meghat\u00e1roz\u00f3an t\u00e1rsadalomtudom\u00e1nyi orient\u00e1lts\u00e1g\u00fa, de interdiszciplin\u00e1ris, hat\u00e1rter\u00fcleti k\u00e9pz\u00e9seket integr\u00e1l\u00f3 kar, amely programjaival lefedi a teljes k\u00e9pz\u00e9si spektrumot az alapk\u00e9pz\u00e9st\u0151l kezdve, a mesterk\u00e9pz\u00e9sen, illetve doktori k\u00e9pz\u00e9sen kereszt\u00fcl a szakir\u00e1ny\u00fa tov\u00e1bbk\u00e9pz\u00e9sig az eg\u00e9szs\u00e9g\u00fcgyi menedzsment, a lelki \u00e9s k\u00f6z\u00f6ss\u00e9gi eg\u00e9szs\u00e9g, valamint az eg\u00e9szs\u00e9g\u00fcgyi informatika ter\u00fclet\u00e9n.<\/p>\n<p><strong>A 2023\/2024-es tan\u00e9vben n\u00e9gy<\/strong>, a bolognai rendszer keret\u00e9ben akkredit\u00e1lt <strong>gradu\u00e1lis k\u00e9pz\u00e9s<\/strong> tartozik a Karhoz: az eg\u00e9szs\u00e9g\u00fcgyi szervez\u0151 alapk\u00e9pz\u00e9si szak, valamint az interdiszciplin\u00e1ris csal\u00e1dtudom\u00e1nyi, a szoci\u00e1lis munka \u00e9s az eg\u00e9szs\u00e9g\u00fcgyi menedzser mesterk\u00e9pz\u00e9si szakok.<\/p>\n<h5>C\u00e9lok<\/h5>\n<p><strong>A Kar els\u0151dleges c\u00e9lja<\/strong>, hogy otthont adjon a <strong>szervezeti, k\u00f6z\u00f6ss\u00e9gi, illetve szem\u00e9lyes fejleszt\u00e9sre<\/strong> ir\u00e1nyul\u00f3 tev\u00e9kenys\u00e9geknek, az oktat\u00e1s, a kutat\u00e1s, a t\u00e1rsadalomtudom\u00e1nyi innov\u00e1ci\u00f3, valamint a tan\u00e1csad\u00e1s ter\u00fclet\u00e9n.\u00a0 K\u00e9pz\u00e9si filoz\u00f3fi\u00e1j\u00e1ban \u00e9s fejleszt\u00e9si strat\u00e9gi\u00e1j\u00e1ban a<strong> kiscsoportos, interaktivit\u00e1st biztos\u00edt\u00f3 m\u00f3dszertant<\/strong>, a <strong>probl\u00e9ma-k\u00f6zpont\u00fas\u00e1got<\/strong>, a tapasztalati alapon t\u00f6rt\u00e9n\u0151 tanul\u00e1s elveit \u00e9s gyakorlat\u00e1t k\u00edv\u00e1nja alkalmazni. A k\u00e9pz\u00e9si ter\u00fcletek soksz\u00edn\u0171s\u00e9g\u00e9b\u0151l ad\u00f3d\u00f3an \u00e9p\u00edt\u00fcnk az egyes tudom\u00e1nyter\u00fcletek elt\u00e9r\u0151 szeml\u00e9letm\u00f3dj\u00e1nak egy programon bel\u00fcli alkalmaz\u00e1s\u00e1b\u00f3l fakad\u00f3 el\u0151ny\u00f6kre.<\/p>\n","protected":false},"excerpt":{"rendered":"<p>Kezdete A Semmelweis Egyetem Szen\u00e1tusa a 2008. m\u00e1jus 29-i, 62\/2008. sz\u00e1m\u00fa hat\u00e1rozat\u00e1ban d\u00f6nt\u00f6tt arr\u00f3l, hogy h\u00e1rom, a term\u00e9szettudom\u00e1nyok \u00e9s t\u00e1rsadalomtudom\u00e1nyok hat\u00e1rter\u00fclet\u00e9n dolgoz\u00f3 int\u00e9zet, az <a href=\"https:\/\/semmelweis.hu\/emk\/\">Eg\u00e9szs\u00e9g\u00fcgyi Menedzserk\u00e9pz\u0151 K\u00f6zpont<\/a> , a <a href=\"https:\/\/semmelweis.hu\/mental\/\">Ment\u00e1lhigi\u00e9n\u00e9 Int\u00e9zet<\/a> \u00e9s az Eg\u00e9szs\u00e9g\u00fcgyi Informatikai Fejleszt\u0151 \u00e9s Tov\u00e1bbk\u00e9pz\u0151 Int\u00e9zet (jelenlegi nev\u00e9n: <a href=\"https:\/\/semmelweis.hu\/dei\/\">Digit\u00e1lis Eg\u00e9szs\u00e9gtudom\u00e1nyi Int\u00e9zet<\/a> ) r\u00e9szv\u00e9tel\u00e9vel megalap\u00edtja az Eg\u00e9szs\u00e9g\u00fcgyi K\u00f6zszolg\u00e1lati Kart. A Kar tev\u00e9kenys\u00e9g\u00e9t 2010 janu\u00e1rj\u00e1ban kezdte meg, a Kari Tan\u00e1cs alakul\u00f3 \u00fcl\u00e9s\u00e9re &hellip;<\/p>\n","protected":false},"author":7,"featured_media":0,"parent":3,"menu_order":1,"comment_status":"closed","ping_status":"open","template":"","meta":{"_acf_changed":false,"footnotes":""},"categories":[],"tags":[],"class_list":["post-32","page","type-page","status-publish","hentry"],"acf":[],"_links":{"self":[{"href":"https:\/\/semmelweis.hu\/ekk\/wp-json\/wp\/v2\/pages\/32","targetHints":{"allow":["GET"]}}],"collection":[{"href":"https:\/\/semmelweis.hu\/ekk\/wp-json\/wp\/v2\/pages"}],"about":[{"href":"https:\/\/semmelweis.hu\/ekk\/wp-json\/wp\/v2\/types\/page"}],"author":[{"embeddable":true,"href":"https:\/\/semmelweis.hu\/ekk\/wp-json\/wp\/v2\/users\/7"}],"replies":[{"embeddable":true,"href":"https:\/\/semmelweis.hu\/ekk\/wp-json\/wp\/v2\/comments?post=32"}],"version-history":[{"count":11,"href":"https:\/\/semmelweis.hu\/ekk\/wp-json\/wp\/v2\/pages\/32\/revisions"}],"predecessor-version":[{"id":5084,"href":"https:\/\/semmelweis.hu\/ekk\/wp-json\/wp\/v2\/pages\/32\/revisions\/5084"}],"up":[{"embeddable":true,"href":"https:\/\/semmelweis.hu\/ekk\/wp-json\/wp\/v2\/pages\/3"}],"wp:attachment":[{"href":"https:\/\/semmelweis.hu\/ekk\/wp-json\/wp\/v2\/media?parent=32"}],"wp:term":[{"taxonomy":"category","embeddable":true,"href":"https:\/\/semmelweis.hu\/ekk\/wp-json\/wp\/v2\/categories?post=32"},{"taxonomy":"post_tag","embeddable":true,"href":"https:\/\/semmelweis.hu\/ekk\/wp-json\/wp\/v2\/tags?post=32"}],"curies":[{"name":"wp","href":"https:\/\/api.w.org\/{rel}","templated":true}]}}