{"id":3153,"date":"2019-07-11T15:52:34","date_gmt":"2019-07-11T13:52:34","guid":{"rendered":"http:\/\/semmelweis.hu\/ekk\/?page_id=3153"},"modified":"2023-10-06T10:00:32","modified_gmt":"2023-10-06T08:00:32","slug":"tajekozatato-a-magyar-allami-osztondij-felteteleirol","status":"publish","type":"page","link":"https:\/\/semmelweis.hu\/ekk\/osztondijak\/tajekozatato-a-magyar-allami-osztondij-felteteleirol\/","title":{"rendered":"T\u00e1j\u00e9koztat\u00f3 a magyar \u00e1llami \u00f6szt\u00f6nd\u00edj felt\u00e9teleir\u0151l"},"content":{"rendered":"<p class=\"entry-title\"><a href=\"https:\/\/www.oktatas.hu\/magyar-allami-osztondij\/altalanos_tajekoztatok\">Oktat\u00e1si Hivatal t\u00e1j\u00e9koztat\u00f3i a magyar \u00e1llami \u00f6szt\u00f6nd\u00edjr\u00f3l<\/a><\/p>\n<p><a href=\"https:\/\/semmelweis.hu\/ekk\/files\/2022\/01\/magyar-allami-osztondij-besorolasi-dontes-melleklet.pdf\">Magyar \u00e1llami \u00f6szt\u00f6nd\u00edj t\u00e1j\u00e9koztat\u00f3<\/a><\/p>\n","protected":false},"excerpt":{"rendered":"<p><a href=\"https:\/\/www.oktatas.hu\/magyar-allami-osztondij\/altalanos_tajekoztatok\">Oktat\u00e1si Hivatal t\u00e1j\u00e9koztat\u00f3i a magyar \u00e1llami \u00f6szt\u00f6nd\u00edjr\u00f3l<\/a><br \/>\n<a href=\"https:\/\/semmelweis.hu\/ekk\/files\/2022\/01\/magyar-allami-osztondij-besorolasi-dontes-melleklet.pdf\">Magyar \u00e1llami \u00f6szt\u00f6nd\u00edj t\u00e1j\u00e9koztat\u00f3<\/a><\/p>\n","protected":false},"author":101539,"featured_media":0,"parent":2679,"menu_order":4,"comment_status":"closed","ping_status":"closed","template":"","meta":{"_acf_changed":false,"footnotes":""},"categories":[],"tags":[],"class_list":["post-3153","page","type-page","status-publish","hentry"],"acf":[],"_links":{"self":[{"href":"https:\/\/semmelweis.hu\/ekk\/wp-json\/wp\/v2\/pages\/3153","targetHints":{"allow":["GET"]}}],"collection":[{"href":"https:\/\/semmelweis.hu\/ekk\/wp-json\/wp\/v2\/pages"}],"about":[{"href":"https:\/\/semmelweis.hu\/ekk\/wp-json\/wp\/v2\/types\/page"}],"author":[{"embeddable":true,"href":"https:\/\/semmelweis.hu\/ekk\/wp-json\/wp\/v2\/users\/101539"}],"replies":[{"embeddable":true,"href":"https:\/\/semmelweis.hu\/ekk\/wp-json\/wp\/v2\/comments?post=3153"}],"version-history":[{"count":10,"href":"https:\/\/semmelweis.hu\/ekk\/wp-json\/wp\/v2\/pages\/3153\/revisions"}],"predecessor-version":[{"id":4850,"href":"https:\/\/semmelweis.hu\/ekk\/wp-json\/wp\/v2\/pages\/3153\/revisions\/4850"}],"up":[{"embeddable":true,"href":"https:\/\/semmelweis.hu\/ekk\/wp-json\/wp\/v2\/pages\/2679"}],"wp:attachment":[{"href":"https:\/\/semmelweis.hu\/ekk\/wp-json\/wp\/v2\/media?parent=3153"}],"wp:term":[{"taxonomy":"category","embeddable":true,"href":"https:\/\/semmelweis.hu\/ekk\/wp-json\/wp\/v2\/categories?post=3153"},{"taxonomy":"post_tag","embeddable":true,"href":"https:\/\/semmelweis.hu\/ekk\/wp-json\/wp\/v2\/tags?post=3153"}],"curies":[{"name":"wp","href":"https:\/\/api.w.org\/{rel}","templated":true}]}}