{"id":3128,"date":"2019-06-17T11:40:40","date_gmt":"2019-06-17T09:40:40","guid":{"rendered":"http:\/\/semmelweis.hu\/ekk\/?page_id=3128"},"modified":"2022-08-05T09:47:06","modified_gmt":"2022-08-05T07:47:06","slug":"diakigazolvany","status":"publish","type":"page","link":"https:\/\/semmelweis.hu\/ekk\/felveteli\/diakigazolvany\/","title":{"rendered":"Di\u00e1kigazolv\u00e1ny"},"content":{"rendered":"<p><strong>Di\u00e1kigazolv\u00e1ny ig\u00e9nyl\u00e9s menete <\/strong><\/p>\n<p>A di\u00e1kigazolv\u00e1ny ig\u00e9nyl\u00e9s\u00e9hez sz\u00fcks\u00e9ges az okm\u00e1nyiroda felkeres\u00e9se, ahol az ig\u00e9nyl\u0151 egy \u00fan. Nemzeti Egys\u00e9ges K\u00e1rtyarendszer (NEK) adatlapot kap. Az adatlap tartalmazza az ig\u00e9nyl\u0151 adatait, az ig\u00e9nyl\u0151r\u0151l k\u00e9sz\u00fclt f\u00e9nyk\u00e9pet, a ig\u00e9nyl\u0151 al\u00e1\u00edr\u00e1s\u00e1t \u00e9s egy 16 karakterb\u0151l \u00e1ll\u00f3 NEK azonos\u00edt\u00f3t. Az adatok felv\u00e9tel\u00e9hez mindenk\u00e9ppen sz\u00fcks\u00e9ges a szem\u00e9lyazonoss\u00e1g igazol\u00e1sa, melyhez sz\u00fcks\u00e9ges a szem\u00e9lyi igazolv\u00e1ny, vagy egy\u00e9b \u00e9rv\u00e9nyes szem\u00e9lyazonos\u00edt\u00f3 okm\u00e1ny (\u00fatlev\u00e9l vagy jogos\u00edtv\u00e1ny), illetve a lakc\u00edmk\u00e1rtya bemutat\u00e1sa. Az okm\u00e1nyiroda \u00fcgyint\u00e9z\u0151je a nyilv\u00e1ntart\u00e1sban szerepl\u0151 adatok alapj\u00e1n elv\u00e9gzi az adategyeztet\u00e9st. Az f\u00e9nyk\u00e9ppel, al\u00e1\u00edr\u00e1ssal, NEK azonos\u00edt\u00f3val ell\u00e1tott adatlap egy p\u00e9ld\u00e1ny\u00e1t az ig\u00e9nyl\u0151 megkapja, mely alapj\u00e1n a Neptun rendszeren kereszt\u00fcl elektronikus \u00faton lehet\u0151s\u00e9g van a di\u00e1kigazolv\u00e1ny ig\u00e9nyl\u00e9s\u00e9re.<\/p>\n<p><strong>Di\u00e1kigazolv\u00e1ny ig\u00e9nyl\u00e9s a Neptun rendszeren kereszt\u00fcl\u00a0<\/strong><\/p>\n<p>Az \u2019\u00dcgyint\u00e9z\u00e9s\/Di\u00e1kigazolv\u00e1ny ig\u00e9nyl\u00e9s\u2019 men\u00fcponton lehet\u0151s\u00e9g van \u00faj di\u00e1kigazolv\u00e1ny ig\u00e9nyl\u00e9s elektronikus r\u00f6gz\u00edt\u00e9s\u00e9re, valamint itt lehet nyomon k\u00f6vetni a hallgat\u00f3hoz kapcsol\u00f3d\u00f3, m\u00e1r leadott ig\u00e9nyl\u00e9seket.<\/p>\n<p>A Di\u00e1kigazolv\u00e1ny ig\u00e9nyl\u00e9s fel\u00fcleten az &#8222;\u00daj felv\u00e9tel&#8221; gombbal lehet \u00faj di\u00e1kigazolv\u00e1ny ig\u00e9nyl\u00e9st r\u00f6gz\u00edteni. Erre kattintva egy el\u0151ugr\u00f3 ablakban ki kell t\u00f6ltenie a \u201eNEK azonos\u00edt\u00f3\u201d, \u201eIg\u00e9nyl\u00e9s t\u00edpusa\u201d, vagy amennyiben van, akkor a \u201eM\u00e1sodlagos int\u00e9zm\u00e9ny\u201d mez\u0151ket.<\/p>\n<p>A \u201eNEK azonos\u00edt\u00f3\u201d mez\u0151be az Okm\u00e1nyirod\u00e1t\u00f3l kapott, \u00fagynevezett NEK k\u00f3dot kell ber\u00f6gz\u00edteni. (Ez k\u00f6telez\u0151 mez\u0151, ahol sorsz\u00e1m ellen\u0151rz\u00e9st is v\u00e9gez a program, teh\u00e1t hib\u00e1s form\u00e1tum\u00fa sorsz\u00e1m nem r\u00f6gz\u00edthet\u0151. A NEK adatlapon l\u00e9v\u0151 adatoknak meg kell egyeznie a\u00a0Neptunban szerepl\u0151 adatokkal, mert csak \u00edgy lesz sikeres a di\u00e1kigazolv\u00e1ny ig\u00e9nyl\u00e9s!) Az<br \/>\n\u201eIg\u00e9nyl\u00e9s t\u00edpusa\u201d mez\u0151ben jelezheti, hogy milyen okb\u00f3l k\u00e9relmezi az \u00faj di\u00e1kigazolv\u00e1nyt. (pl.: els\u0151 ig\u00e9nyl\u00e9s, el\u0151z\u0151 igazolv\u00e1ny elveszt\u00e9se, vagy adatv\u00e1ltoz\u00e1s miatt). A \u201eK\u00e9pz\u00e9s\u201d mez\u0151 nem v\u00e1ltoztathat\u00f3, t\u00e1j\u00e9koztat\u00f3 jelleg\u0171, hogy l\u00e1ssa, mely k\u00e9pz\u00e9s\u00e9re fog vonatkozni az ig\u00e9nyl\u00e9s. A \u201eC\u00edm\u201d mez\u0151be automatikusan beleker\u00fcl az \u201e\u00c1lland\u00f3 lakc\u00edm\u201d, de a leg\u00f6rd\u00fcl\u0151 men\u00fcb\u0151l lehet\u0151s\u00e9ge van \u201eTart\u00f3zkod\u00e1si\u201d t\u00edpus\u00fa c\u00edmet is kiv\u00e1lasztani, amennyiben ilyen jelleg\u0171 c\u00edme is r\u00f6gz\u00edtve van a rendszerben. (A di\u00e1kigazolv\u00e1ny ig\u00e9nyl\u00e9sn\u00e9l csak \u00e1lland\u00f3, vagy tart\u00f3zkod\u00e1si c\u00edm alapj\u00e1n ig\u00e9nyelheti az igazolv\u00e1nyt. A di\u00e1kigazolv\u00e1ny hivatalos okm\u00e1ny, ez\u00e9rt a saj\u00e1t \u00e9rdek\u00e9ben javasoljuk, hogy a lakc\u00edmekn\u00e9l kiz\u00e1r\u00f3lag bejelentett lakc\u00edmet r\u00f6gz\u00edtsen!)<\/p>\n<p>A di\u00e1kigazolv\u00e1ny ig\u00e9nyl\u00e9s hallgat\u00f3i jogviszonyhoz k\u00f6t\u00f6tt, teh\u00e1t addig nem lehet di\u00e1kigazolv\u00e1nyt ig\u00e9nyelni, am\u00edg nincs beiratkozva akt\u00edv st\u00e1tusszal a Neptun rendszerben.<\/p>\n<p>\u00daj ig\u00e9nyl\u00e9st addig nem ind\u00edthat, am\u00edg van folyamatban l\u00e9v\u0151 ig\u00e9nyl\u00e9se!<\/p>\n<p><a href=\"https:\/\/semmelweis.hu\/emk\/files\/2019\/06\/Diakigazolvany_igenylesenek_menete.pdf\">Di\u00e1kigazolv\u00e1ny ig\u00e9nyl\u00e9s\u00e9nek menete (pdf)<\/a><\/p>\n","protected":false},"excerpt":{"rendered":"<p>Di\u00e1kigazolv\u00e1ny ig\u00e9nyl\u00e9s menete A di\u00e1kigazolv\u00e1ny ig\u00e9nyl\u00e9s\u00e9hez sz\u00fcks\u00e9ges az okm\u00e1nyiroda felkeres\u00e9se, ahol az ig\u00e9nyl\u0151 egy \u00fan. Nemzeti Egys\u00e9ges K\u00e1rtyarendszer (NEK) adatlapot kap. Az adatlap tartalmazza az ig\u00e9nyl\u0151 adatait, az ig\u00e9nyl\u0151r\u0151l k\u00e9sz\u00fclt f\u00e9nyk\u00e9pet, a ig\u00e9nyl\u0151 al\u00e1\u00edr\u00e1s\u00e1t \u00e9s egy 16 karakterb\u0151l \u00e1ll\u00f3 NEK azonos\u00edt\u00f3t. Az adatok felv\u00e9tel\u00e9hez mindenk\u00e9ppen sz\u00fcks\u00e9ges a szem\u00e9lyazonoss\u00e1g igazol\u00e1sa, melyhez sz\u00fcks\u00e9ges a szem\u00e9lyi igazolv\u00e1ny, vagy &hellip;<\/p>\n","protected":false},"author":101539,"featured_media":0,"parent":1171,"menu_order":3,"comment_status":"closed","ping_status":"closed","template":"","meta":{"_acf_changed":false,"footnotes":""},"categories":[],"tags":[],"class_list":["post-3128","page","type-page","status-publish","hentry"],"acf":[],"_links":{"self":[{"href":"https:\/\/semmelweis.hu\/ekk\/wp-json\/wp\/v2\/pages\/3128","targetHints":{"allow":["GET"]}}],"collection":[{"href":"https:\/\/semmelweis.hu\/ekk\/wp-json\/wp\/v2\/pages"}],"about":[{"href":"https:\/\/semmelweis.hu\/ekk\/wp-json\/wp\/v2\/types\/page"}],"author":[{"embeddable":true,"href":"https:\/\/semmelweis.hu\/ekk\/wp-json\/wp\/v2\/users\/101539"}],"replies":[{"embeddable":true,"href":"https:\/\/semmelweis.hu\/ekk\/wp-json\/wp\/v2\/comments?post=3128"}],"version-history":[{"count":5,"href":"https:\/\/semmelweis.hu\/ekk\/wp-json\/wp\/v2\/pages\/3128\/revisions"}],"predecessor-version":[{"id":3165,"href":"https:\/\/semmelweis.hu\/ekk\/wp-json\/wp\/v2\/pages\/3128\/revisions\/3165"}],"up":[{"embeddable":true,"href":"https:\/\/semmelweis.hu\/ekk\/wp-json\/wp\/v2\/pages\/1171"}],"wp:attachment":[{"href":"https:\/\/semmelweis.hu\/ekk\/wp-json\/wp\/v2\/media?parent=3128"}],"wp:term":[{"taxonomy":"category","embeddable":true,"href":"https:\/\/semmelweis.hu\/ekk\/wp-json\/wp\/v2\/categories?post=3128"},{"taxonomy":"post_tag","embeddable":true,"href":"https:\/\/semmelweis.hu\/ekk\/wp-json\/wp\/v2\/tags?post=3128"}],"curies":[{"name":"wp","href":"https:\/\/api.w.org\/{rel}","templated":true}]}}