{"id":31,"date":"2011-06-29T09:17:00","date_gmt":"2011-06-29T09:17:00","guid":{"rendered":"http:\/\/sote.webdevil.hu\/ekk\/?page_id=31"},"modified":"2025-08-27T11:09:04","modified_gmt":"2025-08-27T09:09:04","slug":"dekani-koszonto","status":"publish","type":"page","link":"https:\/\/semmelweis.hu\/ekk\/a-karrol\/dekani-koszonto\/","title":{"rendered":"D\u00e9k\u00e1ni k\u00f6sz\u00f6nt\u0151"},"content":{"rendered":"<p style=\"text-align: justify\">K\u00f6sz\u00f6ntj\u00fck a Semmelweis Egyetem Eg\u00e9szs\u00e9g\u00fcgyi K\u00f6zszolg\u00e1lati Kar honlapj\u00e1n!<\/p>\n<p><img loading=\"lazy\" decoding=\"async\" class=\"alignright wp-image-4698\" src=\"https:\/\/semmelweis.hu\/ekk\/files\/2023\/09\/Dr.-Pethesne-David-Beata-Judit-097_web-400x400.jpg\" alt=\"\" width=\"277\" height=\"277\" srcset=\"https:\/\/semmelweis.hu\/ekk\/files\/2023\/09\/Dr.-Pethesne-David-Beata-Judit-097_web-400x400.jpg 400w, https:\/\/semmelweis.hu\/ekk\/files\/2023\/09\/Dr.-Pethesne-David-Beata-Judit-097_web-1024x1024.jpg 1024w, https:\/\/semmelweis.hu\/ekk\/files\/2023\/09\/Dr.-Pethesne-David-Beata-Judit-097_web-150x150.jpg 150w, https:\/\/semmelweis.hu\/ekk\/files\/2023\/09\/Dr.-Pethesne-David-Beata-Judit-097_web-768x768.jpg 768w, https:\/\/semmelweis.hu\/ekk\/files\/2023\/09\/Dr.-Pethesne-David-Beata-Judit-097_web-753x753.jpg 753w, https:\/\/semmelweis.hu\/ekk\/files\/2023\/09\/Dr.-Pethesne-David-Beata-Judit-097_web.jpg 1500w\" sizes=\"auto, (max-width: 277px) 100vw, 277px\" \/><\/p>\n<p style=\"text-align: justify\">A 2010-ben alap\u00edtott Eg\u00e9szs\u00e9g\u00fcgyi K\u00f6zszolg\u00e1lati Kar Egyetem\u00fcnk legfiatalabb kara, mely meghat\u00e1roz\u00f3an t\u00e1rsadalomtudom\u00e1nyi orient\u00e1lts\u00e1g\u00fa, de interdiszciplin\u00e1ris, hat\u00e1rter\u00fcleti k\u00e9pz\u00e9seket integr\u00e1lja. Programjaival lefedi a teljes k\u00e9pz\u00e9si spektrumot az alapk\u00e9pz\u00e9st\u0151l kezdve, a mesterk\u00e9pz\u00e9sen, illetve doktori k\u00e9pz\u00e9sen kereszt\u00fcl a fels\u0151fok\u00fa szakk\u00e9pz\u00e9s, szakir\u00e1ny\u00fa tov\u00e1bbk\u00e9pz\u00e9sig az eg\u00e9szs\u00e9g\u00fcgyi menedzsment, a lelki \u00e9s k\u00f6z\u00f6ss\u00e9gi eg\u00e9szs\u00e9g, valamint az eg\u00e9szs\u00e9g\u00fcgyi informatika ter\u00fclet\u00e9n.<\/p>\n<p style=\"text-align: justify\">A\u00a0 kar k\u00fcldet\u00e9se, hogy otthont adjon a szervezeti, k\u00f6z\u00f6ss\u00e9gi, illetve szem\u00e9lyes fejleszt\u00e9sre ir\u00e1nyul\u00f3 tev\u00e9kenys\u00e9geknek, az oktat\u00e1s, a kutat\u00e1s, a t\u00e1rsadalomtudom\u00e1nyi innov\u00e1ci\u00f3, valamint a tan\u00e1csad\u00e1s ter\u00fclet\u00e9n. Arra t\u00f6reksz\u00fcnk, hogy min\u0151s\u00e9gi k\u00e9pz\u00e9si programjainkkal felk\u00e9sz\u00edts\u00fck hallgat\u00f3inkat a r\u00e1juk v\u00e1r\u00f3 kih\u00edv\u00e1sok hat\u00e9kony kezel\u00e9s\u00e9re.<\/p>\n<p style=\"text-align: justify\">Rem\u00e9lj\u00fck, hogy honlapunk hasznos inform\u00e1ci\u00f3kat ny\u00fajt Karunk megismer\u00e9s\u00e9hez, bepillant\u00e1st enged a Karon foly\u00f3 kutat\u00e1si \u00e9s szak\u00e9rt\u0151i programokba, \u00e9s seg\u00edts\u00e9get ny\u00fajt a k\u00e9pz\u00e9sek k\u00f6zti eligazod\u00e1sban!<\/p>\n<p style=\"text-align: justify\">Dr. Pethesn\u00e9 D\u00e1vid Be\u00e1ta<br \/>\nd\u00e9k\u00e1n<\/p>\n","protected":false},"excerpt":{"rendered":"<p>K\u00f6sz\u00f6ntj\u00fck a Semmelweis Egyetem Eg\u00e9szs\u00e9g\u00fcgyi K\u00f6zszolg\u00e1lati Kar honlapj\u00e1n! A 2010-ben alap\u00edtott Eg\u00e9szs\u00e9g\u00fcgyi K\u00f6zszolg\u00e1lati Kar Egyetem\u00fcnk legfiatalabb kara, mely meghat\u00e1roz\u00f3an t\u00e1rsadalomtudom\u00e1nyi orient\u00e1lts\u00e1g\u00fa, de interdiszciplin\u00e1ris, hat\u00e1rter\u00fcleti k\u00e9pz\u00e9seket integr\u00e1lja. Programjaival lefedi a teljes k\u00e9pz\u00e9si spektrumot az alapk\u00e9pz\u00e9st\u0151l kezdve, a mesterk\u00e9pz\u00e9sen, illetve doktori k\u00e9pz\u00e9sen kereszt\u00fcl a fels\u0151fok\u00fa szakk\u00e9pz\u00e9s, szakir\u00e1ny\u00fa tov\u00e1bbk\u00e9pz\u00e9sig az eg\u00e9szs\u00e9g\u00fcgyi menedzsment, a lelki \u00e9s k\u00f6z\u00f6ss\u00e9gi eg\u00e9szs\u00e9g, valamint &hellip;<\/p>\n","protected":false},"author":7,"featured_media":0,"parent":3,"menu_order":0,"comment_status":"closed","ping_status":"open","template":"","meta":{"_acf_changed":false,"footnotes":""},"categories":[],"tags":[],"class_list":["post-31","page","type-page","status-publish","hentry"],"acf":[],"_links":{"self":[{"href":"https:\/\/semmelweis.hu\/ekk\/wp-json\/wp\/v2\/pages\/31","targetHints":{"allow":["GET"]}}],"collection":[{"href":"https:\/\/semmelweis.hu\/ekk\/wp-json\/wp\/v2\/pages"}],"about":[{"href":"https:\/\/semmelweis.hu\/ekk\/wp-json\/wp\/v2\/types\/page"}],"author":[{"embeddable":true,"href":"https:\/\/semmelweis.hu\/ekk\/wp-json\/wp\/v2\/users\/7"}],"replies":[{"embeddable":true,"href":"https:\/\/semmelweis.hu\/ekk\/wp-json\/wp\/v2\/comments?post=31"}],"version-history":[{"count":11,"href":"https:\/\/semmelweis.hu\/ekk\/wp-json\/wp\/v2\/pages\/31\/revisions"}],"predecessor-version":[{"id":5752,"href":"https:\/\/semmelweis.hu\/ekk\/wp-json\/wp\/v2\/pages\/31\/revisions\/5752"}],"up":[{"embeddable":true,"href":"https:\/\/semmelweis.hu\/ekk\/wp-json\/wp\/v2\/pages\/3"}],"wp:attachment":[{"href":"https:\/\/semmelweis.hu\/ekk\/wp-json\/wp\/v2\/media?parent=31"}],"wp:term":[{"taxonomy":"category","embeddable":true,"href":"https:\/\/semmelweis.hu\/ekk\/wp-json\/wp\/v2\/categories?post=31"},{"taxonomy":"post_tag","embeddable":true,"href":"https:\/\/semmelweis.hu\/ekk\/wp-json\/wp\/v2\/tags?post=31"}],"curies":[{"name":"wp","href":"https:\/\/api.w.org\/{rel}","templated":true}]}}