{"id":28,"date":"2011-06-29T09:15:33","date_gmt":"2011-06-29T09:15:33","guid":{"rendered":"http:\/\/sote.webdevil.hu\/ekk\/?page_id=28"},"modified":"2025-10-10T11:41:16","modified_gmt":"2025-10-10T09:41:16","slug":"tudomanyos-munka","status":"publish","type":"page","link":"https:\/\/semmelweis.hu\/ekk\/kutatas\/tudomanyos-munka\/","title":{"rendered":"Tudom\u00e1nyos munka"},"content":{"rendered":"<p><strong style=\"text-align: justify;font-size: 1rem\">TDK \u2013 Tudom\u00e1nyos Di\u00e1kk\u00f6r<\/strong><span style=\"text-align: justify;font-size: 1rem\"> az egyetemi hallgat\u00f3k \u00f6nk\u00e9ntes szervez\u0151d\u00e9se, tev\u00e9kenys\u00e9ge az egyetemi k\u00e9pz\u00e9s k\u00f6telez\u0151 elfoglalts\u00e1gon t\u00fali elem\u00e9t k\u00e9pezi.<\/span><\/p>\n<p style=\"text-align: justify\"><strong>A TDK c\u00e9lja<\/strong> a <strong>hallgat\u00f3k bekapcsol\u00e1sa<\/strong> az egyetem oktat\u00e1si szervezeti egys\u00e9geinek (esetleg m\u00e1s eg\u00e9szs\u00e9g\u00fcgyi int\u00e9zm\u00e9nyeknek)<strong> oktat\u00f3- \u00e9s kutat\u00f3munk\u00e1j\u00e1ba<\/strong>, tov\u00e1bb\u00e1 az ennek sor\u00e1n el\u00e9rt <strong>eredm\u00e9nyek<\/strong> <strong>szakmai nyilv\u00e1noss\u00e1ga<\/strong> \u00e9s a meg\u00edt\u00e9l\u00e9s biztos\u00edt\u00e1sa. A TDK munka az oktatott tananyag rutinszer\u0171 gyakorl\u00e1s\u00e1n t\u00falmutat\u00f3, <strong>tudom\u00e1nyos ig\u00e9nyess\u00e9g\u0171, vezetett munka<\/strong>.<\/p>\n<p style=\"text-align: justify\"><strong>A Kar TDK felel\u0151sei:<\/strong><\/p>\n<ul style=\"list-style-type: square;text-align: justify\">\n<li>Digit\u00e1lis Eg\u00e9szs\u00e9gtudom\u00e1nyi Int\u00e9zet: Dr. Surj\u00e1n Gy\u00f6rgy, <a href=\"mailto:surjan.gyorgy@semmelweis-univ.hu\" target=\"_blank\" rel=\"noopener\">surjan.gyorgy@semmelweis-univ.hu<\/a><\/li>\n<li>Eg\u00e9szs\u00e9g\u00fcgyi Menedzserk\u00e9pz\u0151 K\u00f6zpont: Dr. B\u00e1lity Csaba, <a href=\"mailto:bality.csaba@emk.semmelweis.hu\" target=\"_blank\" rel=\"noopener\">bality.csaba@emk.semmelweis.hu<\/a><\/li>\n<\/ul>\n<p style=\"text-align: justify\">Tov\u00e1bbi inform\u00e1ci\u00f3t a\u00a0<a href=\"http:\/\/www.tdk.sote.hu\/\" target=\"_blank\" rel=\"noopener\">Semmelweis Egyetem Tudom\u00e1nyos Di\u00e1kk\u00f6r honlapj\u00e1n<\/a> olvashat.<\/p>\n<p style=\"text-align: justify\"><a href=\"https:\/\/semmelweis.hu\/tdk\/tdk-temak-es-temavezetok\/ekk\/\">Tov\u00e1bb\u00a0a Eg\u00e9szs\u00e9g\u00fcgyi K\u00f6zszolg\u00e1lati Kar \u00e1ltal meghirdetett TDK t\u00e9m\u00e1khoz<\/a><\/p>\n<hr \/>\n<h3 style=\"text-align: justify\">PhD &#8211; Doktori k\u00e9pz\u00e9s<\/h3>\n<p style=\"text-align: justify\">A doktori k\u00e9pz\u00e9s <strong>c\u00e9lja<\/strong>, hogy megfelel\u0151 formai keretek k\u00f6z\u00f6tt a j\u00f6v\u0151 k\u00f6vetelm\u00e9nyeinek megfelel\u0151 <strong>tud\u00f3snemzed\u00e9ket neveljen<\/strong>, pontosabban, hogy megtan\u00edtsa a fiatalokat a tudom\u00e1ny m\u0171vel\u00e9s\u00e9nek fort\u00e9lyaira. A <strong>h\u00e1rom\u00e9ves k\u00e9pz\u00e9s<\/strong> sor\u00e1n a hallgat\u00f3k elsaj\u00e1t\u00edtj\u00e1k a tudom\u00e1nyos munk\u00e1hoz sz\u00fcks\u00e9ges ismereteket, kutat\u00f3munk\u00e1t v\u00e9geznek \u00e9s kurzusokat\u00a0 hallgatnak, melyeknek elv\u00e9gz\u00e9s\u00e9t vizsg\u00e1val kell igazolni. A <strong>doktori diploma<\/strong> <strong>tan\u00fas\u00edtja<\/strong>, hogy birtokosa <strong>k\u00e9pes \u00f6n\u00e1ll\u00f3 kutat\u00f3munka<\/strong> v\u00e9gz\u00e9s\u00e9re.<\/p>\n<p style=\"text-align: justify\">A doktori k\u00e9pz\u00e9sre t\u00f6rt\u00e9n\u0151 jelentkez\u00e9s felt\u00e9tele az egyetemi v\u00e9gzetts\u00e9g \u00e9s legal\u00e1bb egy k\u00f6z\u00e9pfok\u00fa C t\u00edpus\u00fa nyelvvizsga.<\/p>\n<p style=\"text-align: justify\">Tov\u00e1bbi inform\u00e1ci\u00f3t a\u00a0<a href=\"https:\/\/semmelweis.hu\/phd\/\" target=\"_blank\" rel=\"noopener\">Semmelweis Egyetem Doktori Iskola\u00a0honlapj\u00e1n<\/a> olvashat.<\/p>\n<ul>\n<li style=\"text-align: justify\"><a href=\"https:\/\/semmelweis.hu\/phd\/kurzusok\/\" target=\"_blank\" rel=\"noopener\">B\u0151vebben a Semmelweis\u00a0Egyetem \u00e1ltal\u00a0meghirdetett PhD t\u00e9m\u00e1kr\u00f3l<\/a><\/li>\n<li style=\"text-align: justify\"><a href=\"https:\/\/semmelweis.hu\/phd\/felveteli\/\" target=\"_blank\" rel=\"noopener\">B\u0151vebben a Semmelweis\u00a0Egyetem Doktori Iskol\u00e1j\u00e1nak felv\u00e9teli elj\u00e1r\u00e1s\u00e1r\u00f3l<\/a><\/li>\n<\/ul>\n<hr \/>\n<p><strong>Tov\u00e1bbi inform\u00e1ci\u00f3k:<\/strong><\/p>\n<ul>\n<li class=\"page_item page-item-1118 current_page_item\"><a href=\"https:\/\/semmelweis.hu\/ekk\/kutatas\/kutatasiprogramok\/\" target=\"_blank\" rel=\"noopener\">Kutat\u00e1si programok<\/a><\/li>\n<li class=\"page_item page-item-38\"><a href=\"https:\/\/semmelweis.hu\/ekk\/kutatas\/kapcsolatok\/\" target=\"_blank\" rel=\"noopener\">Kapcsolatok<\/a><\/li>\n<\/ul>\n","protected":false},"excerpt":{"rendered":"<p>TDK \u2013 Tudom\u00e1nyos Di\u00e1kk\u00f6r az egyetemi hallgat\u00f3k \u00f6nk\u00e9ntes szervez\u0151d\u00e9se, tev\u00e9kenys\u00e9ge az egyetemi k\u00e9pz\u00e9s k\u00f6telez\u0151 elfoglalts\u00e1gon t\u00fali elem\u00e9t k\u00e9pezi. A TDK c\u00e9lja a hallgat\u00f3k bekapcsol\u00e1sa az egyetem oktat\u00e1si szervezeti egys\u00e9geinek (esetleg m\u00e1s eg\u00e9szs\u00e9g\u00fcgyi int\u00e9zm\u00e9nyeknek) oktat\u00f3- \u00e9s kutat\u00f3munk\u00e1j\u00e1ba, tov\u00e1bb\u00e1 az ennek sor\u00e1n el\u00e9rt eredm\u00e9nyek szakmai nyilv\u00e1noss\u00e1ga \u00e9s a meg\u00edt\u00e9l\u00e9s biztos\u00edt\u00e1sa. A TDK munka az oktatott tananyag rutinszer\u0171 &hellip;<\/p>\n","protected":false},"author":7,"featured_media":0,"parent":4220,"menu_order":0,"comment_status":"closed","ping_status":"open","template":"","meta":{"_acf_changed":false,"footnotes":""},"categories":[],"tags":[],"class_list":["post-28","page","type-page","status-publish","hentry"],"acf":[],"_links":{"self":[{"href":"https:\/\/semmelweis.hu\/ekk\/wp-json\/wp\/v2\/pages\/28","targetHints":{"allow":["GET"]}}],"collection":[{"href":"https:\/\/semmelweis.hu\/ekk\/wp-json\/wp\/v2\/pages"}],"about":[{"href":"https:\/\/semmelweis.hu\/ekk\/wp-json\/wp\/v2\/types\/page"}],"author":[{"embeddable":true,"href":"https:\/\/semmelweis.hu\/ekk\/wp-json\/wp\/v2\/users\/7"}],"replies":[{"embeddable":true,"href":"https:\/\/semmelweis.hu\/ekk\/wp-json\/wp\/v2\/comments?post=28"}],"version-history":[{"count":12,"href":"https:\/\/semmelweis.hu\/ekk\/wp-json\/wp\/v2\/pages\/28\/revisions"}],"predecessor-version":[{"id":5827,"href":"https:\/\/semmelweis.hu\/ekk\/wp-json\/wp\/v2\/pages\/28\/revisions\/5827"}],"up":[{"embeddable":true,"href":"https:\/\/semmelweis.hu\/ekk\/wp-json\/wp\/v2\/pages\/4220"}],"wp:attachment":[{"href":"https:\/\/semmelweis.hu\/ekk\/wp-json\/wp\/v2\/media?parent=28"}],"wp:term":[{"taxonomy":"category","embeddable":true,"href":"https:\/\/semmelweis.hu\/ekk\/wp-json\/wp\/v2\/categories?post=28"},{"taxonomy":"post_tag","embeddable":true,"href":"https:\/\/semmelweis.hu\/ekk\/wp-json\/wp\/v2\/tags?post=28"}],"curies":[{"name":"wp","href":"https:\/\/api.w.org\/{rel}","templated":true}]}}