{"id":27,"date":"2011-06-29T09:15:10","date_gmt":"2011-06-29T09:15:10","guid":{"rendered":"http:\/\/sote.webdevil.hu\/ekk\/?page_id=27"},"modified":"2024-09-18T13:52:17","modified_gmt":"2024-09-18T11:52:17","slug":"neptun","status":"publish","type":"page","link":"https:\/\/semmelweis.hu\/ekk\/oktatas\/neptun\/","title":{"rendered":"Neptun"},"content":{"rendered":"<p>A Semmelweis Egyetem a <a href=\"https:\/\/semmelweis.hu\/neptun\/hu\/neptun-inditasa\/\">Neptun Egys\u00e9ges Tanulm\u00e1nyi Rendszert<\/a> haszn\u00e1lja, melyr\u0151l az al\u00e1bbi t\u00e1j\u00e9koztat\u00f3ban olvashatnak b\u0151vebben:<\/p>\n<ul style=\"list-style-type: square\">\n<li><a href=\"https:\/\/semmelweis.hu\/neptun\/files\/2024\/07\/HWEB_6.0.pdf\">Neptun hallgat\u00f3i felhaszn\u00e1l\u00f3i seg\u00e9dlet<\/a><\/li>\n<li><a href=\"https:\/\/semmelweis.hu\/neptun\/files\/2024\/08\/3RNeptun-hallg-osszefogl_teljes_2024_dh-to_mpld_240723_1.pdf\">Hallgat\u00f3i seg\u00e9dlet \u2013 r\u00f6vid \u00f6sszefoglal\u00f3<\/a><\/li>\n<\/ul>\n","protected":false},"excerpt":{"rendered":"<p>A Semmelweis Egyetem a <a href=\"https:\/\/semmelweis.hu\/neptun\/hu\/neptun-inditasa\/\">Neptun Egys\u00e9ges Tanulm\u00e1nyi Rendszert<\/a> haszn\u00e1lja, melyr\u0151l az al\u00e1bbi t\u00e1j\u00e9koztat\u00f3ban olvashatnak b\u0151vebben:<\/p>\n<p><a href=\"https:\/\/semmelweis.hu\/neptun\/files\/2024\/07\/HWEB_6.0.pdf\">Neptun hallgat\u00f3i felhaszn\u00e1l\u00f3i seg\u00e9dlet<\/a><br \/>\n<a href=\"https:\/\/semmelweis.hu\/neptun\/files\/2024\/08\/3RNeptun-hallg-osszefogl_teljes_2024_dh-to_mpld_240723_1.pdf\">Hallgat\u00f3i seg\u00e9dlet \u2013 r\u00f6vid \u00f6sszefoglal\u00f3<\/a><\/p>\n","protected":false},"author":7,"featured_media":0,"parent":4,"menu_order":8,"comment_status":"closed","ping_status":"open","template":"","meta":{"_acf_changed":false,"footnotes":""},"categories":[],"tags":[],"class_list":["post-27","page","type-page","status-publish","hentry"],"acf":[],"_links":{"self":[{"href":"https:\/\/semmelweis.hu\/ekk\/wp-json\/wp\/v2\/pages\/27","targetHints":{"allow":["GET"]}}],"collection":[{"href":"https:\/\/semmelweis.hu\/ekk\/wp-json\/wp\/v2\/pages"}],"about":[{"href":"https:\/\/semmelweis.hu\/ekk\/wp-json\/wp\/v2\/types\/page"}],"author":[{"embeddable":true,"href":"https:\/\/semmelweis.hu\/ekk\/wp-json\/wp\/v2\/users\/7"}],"replies":[{"embeddable":true,"href":"https:\/\/semmelweis.hu\/ekk\/wp-json\/wp\/v2\/comments?post=27"}],"version-history":[{"count":12,"href":"https:\/\/semmelweis.hu\/ekk\/wp-json\/wp\/v2\/pages\/27\/revisions"}],"predecessor-version":[{"id":5518,"href":"https:\/\/semmelweis.hu\/ekk\/wp-json\/wp\/v2\/pages\/27\/revisions\/5518"}],"up":[{"embeddable":true,"href":"https:\/\/semmelweis.hu\/ekk\/wp-json\/wp\/v2\/pages\/4"}],"wp:attachment":[{"href":"https:\/\/semmelweis.hu\/ekk\/wp-json\/wp\/v2\/media?parent=27"}],"wp:term":[{"taxonomy":"category","embeddable":true,"href":"https:\/\/semmelweis.hu\/ekk\/wp-json\/wp\/v2\/categories?post=27"},{"taxonomy":"post_tag","embeddable":true,"href":"https:\/\/semmelweis.hu\/ekk\/wp-json\/wp\/v2\/tags?post=27"}],"curies":[{"name":"wp","href":"https:\/\/api.w.org\/{rel}","templated":true}]}}