{"id":23,"date":"2011-06-29T09:12:36","date_gmt":"2011-06-29T09:12:36","guid":{"rendered":"http:\/\/sote.webdevil.hu\/ekk\/?page_id=23"},"modified":"2026-03-16T15:37:41","modified_gmt":"2026-03-16T14:37:41","slug":"szakiranyu-tovabbkepzes","status":"publish","type":"page","link":"https:\/\/semmelweis.hu\/ekk\/oktatas\/szakiranyu-tovabbkepzes\/","title":{"rendered":"Szakir\u00e1ny\u00fa tov\u00e1bbk\u00e9pz\u00e9s"},"content":{"rendered":"<h3 style=\"text-align: justify\">Karunkon az al\u00e1bbi szakir\u00e1ny\u00fa tov\u00e1bbk\u00e9pz\u00e9sek k\u00f6z\u00fcl v\u00e1laszthat:<\/h3>\n<div class=\"keretes w-100\">\n<ul style=\"list-style-type: square\">\n<li><strong><a href=\"#mentalhigiene\">Ment\u00e1lhigi\u00e9n\u00e9 szakir\u00e1ny\u00fa tov\u00e1bbk\u00e9pz\u00e9si szak<\/a><\/strong><\/li>\n<li><strong><a href=\"#munkahelyimentalhigiene\">Munkahelyi ment\u00e1lhigi\u00e9n\u00e9 szakir\u00e1ny\u00fa tov\u00e1bbk\u00e9pz\u00e9si szak<\/a><\/strong><\/li>\n<li><strong><a href=\"#mentalhigieneslelkigondozo\">Ment\u00e1lhigi\u00e9n\u00e9s lelkigondoz\u00f3 szakir\u00e1ny\u00fa tov\u00e1bbk\u00e9pz\u00e9si szak<\/a><\/strong><\/li>\n<li><strong><a href=\"#laktaciosszaktanacsado\">Lakt\u00e1ci\u00f3s szaktan\u00e1csad\u00f3 szakir\u00e1ny\u00fa tov\u00e1bbk\u00e9pz\u00e9si szak<\/a><\/strong><\/li>\n<li><strong><a href=\"#aktividosodes\">Akt\u00edv id\u0151s\u00f6d\u00e9s szakir\u00e1ny\u00fa tov\u00e1bbk\u00e9pz\u00e9s<\/a><\/strong><\/li>\n<li><strong><a href=\"#kozossegiescsaladimediacio\">K\u00f6z\u00f6ss\u00e9gi \u00e9s csal\u00e1di medi\u00e1ci\u00f3 szakir\u00e1ny\u00fa tov\u00e1bbk\u00e9pz\u00e9si szak<\/a><\/strong><\/li>\n<li><strong><a href=\"#mentalhigieneshazassagescsaladlelkigondozo\">Ment\u00e1lhigi\u00e9n\u00e9s h\u00e1zass\u00e1g- \u00e9s csal\u00e1d-lelkigondoz\u00f3 szakir\u00e1ny\u00fa tov\u00e1bbk\u00e9pz\u00e9si szak<\/a><\/strong><\/li>\n<\/ul>\n<\/div>\n<h5 style=\"text-align: justify\"><a id=\"mentalhigiene\"><\/a>Ment\u00e1lhigi\u00e9n\u00e9 szakir\u00e1ny\u00fa tov\u00e1bbk\u00e9pz\u00e9si szak<\/h5>\n<p style=\"text-align: justify\">A Ment\u00e1lhigi\u00e9n\u00e9 Int\u00e9zet ment\u00e1lhigi\u00e9n\u00e9s szakir\u00e1ny\u00fa tov\u00e1bbk\u00e9pz\u00e9si szak posztgradu\u00e1lis, levelez\u0151 k\u00e9pz\u00e9s <strong>seg\u00edt\u0151 foglalkoz\u00e1s\u00fa szakemberek<\/strong> r\u00e9sz\u00e9re.<\/p>\n<p style=\"text-align: justify\">A k\u00e9pz\u00e9sben <strong>hivat\u00e1sos seg\u00edt\u0151 szakemberek<\/strong> vesznek r\u00e9szt. A leegyszer\u0171s\u00edt\u0151 mindennapi sz\u00f3haszn\u00e1latt\u00f3l elt\u00e9r\u0151en seg\u00edt\u0151 hivat\u00e1soknak tekintj\u00fck mindazon foglalkoz\u00e1sokat, amelyeknek l\u00e9nyege a m\u00e1sik ember mellett \u00e1ll\u00e1s, annak fejleszt\u00e9se, oktat\u00e1sa, nevel\u00e9se, t\u00e1mogat\u00e1sa, gondoz\u00e1sa, gy\u00f3gy\u00edt\u00e1sa vagy b\u00e1rmilyen form\u00e1ban t\u00f6rt\u00e9n\u0151 seg\u00edt\u00e9se. A program nem ny\u00fajt alapvet\u0151en \u00faj szakmai identit\u00e1st, azaz nem egy \u00fajabb \u201cszakma\u201d elsaj\u00e1t\u00edt\u00e1s\u00e1ra ir\u00e1nyul, hanem <strong>ment\u00e1lhigi\u00e9n\u00e9s t\u00f6bblettud\u00e1ssal rendelkez\u0151<\/strong> tan\u00e1rokat, orvosokat, szoci\u00e1lis munk\u00e1sokat, lelk\u00e9szeket, vezet\u0151ket k\u00e9pez.<\/p>\n<p style=\"text-align: justify\"><strong>A k\u00e9pz\u00e9si program kulcsfogalmai<\/strong>: az \u00f6nismeret \u00e9s a t\u00e1rsadalomismeret fejleszt\u00e9se, hivat\u00e1s- \u00e9s hivat\u00e1sszem\u00e9lyis\u00e9g-fejleszt\u00e9s, ki\u00e9g\u00e9s-prevenci\u00f3, interdiszciplin\u00e1ris egy\u00fcttm\u0171k\u00f6d\u00e9s, hat\u00e1rtart\u00e1s, seg\u00edt\u0151 kapcsolat, spont\u00e1n \u00e9s hivat\u00e1sos k\u00f6z\u00f6ss\u00e9gi t\u00e1mogat\u00f3 h\u00e1l\u00f3zat, prevenci\u00f3, \u00e9rt\u00e9k \u00e9s kult\u00fara, emp\u00e1tia, felel\u0151ss\u00e9g, hiteless\u00e9g, valamint integr\u00e1lt \u00e9s tudatos\u00edtott m\u0171k\u00f6d\u00e9sm\u00f3d.<\/p>\n<p style=\"text-align: justify\">A k\u00e9pz\u00e9st levelez\u0151 munkarendben, \u00f6nk\u00f6lts\u00e9ges finansz\u00edroz\u00e1si form\u00e1ban ind\u00edtjuk, az \u00f6nk\u00f6lts\u00e9gi d\u00edj a 2026\/2027. tan\u00e9vt\u0151l 345.000 Ft\/f\u00e9l\u00e9v. A szak k\u00e9pz\u00e9si ideje 4 f\u00e9l\u00e9v \u00e9s 120 kredit.<\/p>\n<p style=\"text-align: center\"><a class=\"btn btn-secondary\" href=\"https:\/\/semmelweis.hu\/mental\/szakiranyu-kepzesek\/mentalhigiene-tovabbkepzes\/\" target=\"_blank\" rel=\"noopener\">Tov\u00e1bbi inform\u00e1ci\u00f3<\/a><\/p>\n<hr \/>\n<h5><a id=\"munkahelyimentalhigiene\"><\/a>Munkahelyi ment\u00e1lhigi\u00e9n\u00e9 szakir\u00e1ny\u00fa tov\u00e1bbk\u00e9pz\u00e9si szak<\/h5>\n<p style=\"text-align: justify\">A Ment\u00e1lhigi\u00e9n\u00e9 Int\u00e9zet munkahelyi ment\u00e1lhigi\u00e9n\u00e9 szakir\u00e1ny\u00fa tov\u00e1bbk\u00e9pz\u00e9se egy olyan, k\u00e9t f\u00e9l\u00e9ves szakir\u00e1ny\u00fa tov\u00e1bbk\u00e9pz\u00e9s, amely <strong>mind a nonprofit, mind a forprofit munkahelyek dolgoz\u00f3inak sz\u00f3l<\/strong>. A st\u00fadium sor\u00e1n olyan munkat\u00e1rsak, vezet\u0151k, HR dolgoz\u00f3k, tr\u00e9nerek, stb. tov\u00e1bbk\u00e9pz\u00e9se, szeml\u00e9letform\u00e1l\u00e1sa t\u00f6rt\u00e9nik, akik <strong>fontosnak<\/strong> tartj\u00e1k munkahely\u00fck\u00f6n <strong>a dolgoz\u00f3k lelki eg\u00e9szs\u00e9g\u00e9nek<\/strong> <strong>v\u00e9delm\u00e9t<\/strong>, a term\u00e9keny munk\u00e1t el\u0151seg\u00edt\u0151 munkahelyi kult\u00fara kialak\u00edt\u00e1s\u00e1t.<\/p>\n<p style=\"text-align: justify\"><strong>C\u00e9lunk<\/strong>, hogy a k\u00e9pz\u00e9st elv\u00e9gezve a hallgat\u00f3 k\u00e9pes legyen munkahely\u00e9n a ment\u00e1lis eg\u00e9szs\u00e9gv\u00e9delem fontoss\u00e1g\u00e1t k\u00fcl\u00f6nb\u00f6z\u0151 m\u00f3dokon \u00e9s f\u00f3rumokon hitelesen k\u00e9pviselni, gyakorlati ismeretein kereszt\u00fcl pedig v\u00e1ltoz\u00e1st, javul\u00e1st el\u00e9rni e t\u00e9ren.<\/p>\n<p style=\"text-align: justify\">A k\u00e9pz\u00e9st levelez\u0151 munkarendben, \u00f6nk\u00f6lts\u00e9ges finansz\u00edroz\u00e1si form\u00e1ban ind\u00edtjuk, az \u00f6nk\u00f6lts\u00e9gi d\u00edj a 2026\/2027. tan\u00e9vt\u0151l 360.000 Ft\/f\u00e9l\u00e9v. A szak k\u00e9pz\u00e9si ideje 2 f\u00e9l\u00e9v, a megszerzend\u0151 kreditek sz\u00e1ma 90.<\/p>\n<p style=\"text-align: center\"><a class=\"btn btn-secondary\" href=\"https:\/\/semmelweis.hu\/mental\/munkahelyi-mentalhigiene-szakiranyu-tovabbkepzes\/\" target=\"_blank\" rel=\"noopener\">Tov\u00e1bbi inform\u00e1ci\u00f3<\/a><\/p>\n<hr \/>\n<h5 style=\"text-align: justify\"><a id=\"mentalhigieneslelkigondozo\"><\/a>Ment\u00e1lhigi\u00e9n\u00e9s lelkigondoz\u00f3 szakir\u00e1ny\u00fa tov\u00e1bbk\u00e9pz\u00e9si szak<\/h5>\n<p style=\"text-align: justify\">A Ment\u00e1lhigi\u00e9n\u00e9 Int\u00e9zet <strong>egyh\u00e1zi fels\u0151oktat\u00e1si int\u00e9zm\u00e9nyekkel<\/strong> <strong>egy\u00fcttm\u0171k\u00f6dve<\/strong> 2002 szeptember\u00e9t\u0151l akkredit\u00e1lt ment\u00e1lhigi\u00e9n\u00e9s lelkigondoz\u00f3 szakir\u00e1ny\u00fa tov\u00e1bbk\u00e9pz\u00e9st hirdet.<\/p>\n<p style=\"text-align: justify\">A k\u00e9pz\u00e9s <strong>c\u00e9lja<\/strong> a <strong>lelkigondoz\u00f3k<\/strong> t\u00e1rsadalom- \u00e9s b\u00f6lcs\u00e9szettudom\u00e1nyi tov\u00e1bbk\u00e9pz\u00e9se, <strong>saj\u00e1t ment\u00e1lhigi\u00e9n\u00e9j\u00fck meger\u0151s\u00edt\u00e9se<\/strong> \u00e9s a kapcsolatteremt\u00e9shez sz\u00fcks\u00e9ges k\u00e9szs\u00e9gek fejleszt\u00e9se. A r\u00e9sztvev\u0151k az elm\u00e9leti \u00e9s gyakorlati st\u00fadiumokon seg\u00edts\u00e9get kapnak ahhoz, hogy jobban felismerj\u00e9k \u00e9s meg\u00e9rts\u00e9k a seg\u00edts\u00e9gre szorul\u00f3 emberek \u00e9s csoportok probl\u00e9m\u00e1it, seg\u00edteni tudj\u00e1k \u0151ket lelki fejl\u0151d\u00e9s\u00fck \u00fatj\u00e1n \u00e9s d\u00f6nt\u00e9seik meghozatal\u00e1ban, t\u00e1mogass\u00e1k \u0151ket er\u0151forr\u00e1saik megtal\u00e1l\u00e1s\u00e1ban, valamint <strong>felk\u00e9sz\u00fcltebben<\/strong> l\u00e1ss\u00e1k el <strong>a k\u00f6z\u00f6ss\u00e9gi vagy egy\u00e9ni lelkigondoz\u00f3i feladatokat<\/strong>.<\/p>\n<p style=\"text-align: justify\">A k\u00e9pz\u00e9st levelez\u0151 munkarendben, \u00f6nk\u00f6lts\u00e9ges finansz\u00edroz\u00e1si form\u00e1ban ind\u00edtjuk, az \u00f6nk\u00f6lts\u00e9gi d\u00edj 216.000 Ft\/f\u00e9l\u00e9v. A szak k\u00e9pz\u00e9si ideje 4 f\u00e9l\u00e9v, a megszerzend\u0151 kreditek sz\u00e1ma 120.<\/p>\n<p style=\"text-align: center\"><a class=\"btn btn-secondary\" href=\"https:\/\/semmelweis.hu\/mental\/szakiranyu-kepzesek\/lelkigondozo-kepzes\/a-kepzes-bemutatasa-lelki\/\" target=\"_blank\" rel=\"noopener\">Tov\u00e1bbi inform\u00e1ci\u00f3<\/a><\/p>\n<hr \/>\n<h5 style=\"text-align: justify\"><a id=\"laktaciosszaktanacsado\"><\/a>Lakt\u00e1ci\u00f3s szaktan\u00e1csad\u00f3 szakir\u00e1ny\u00fa tov\u00e1bbk\u00e9pz\u00e9si szak<\/h5>\n<p style=\"text-align: justify\">A Ment\u00e1lhigi\u00e9n\u00e9 Int\u00e9zet lakt\u00e1ci\u00f3s szaktan\u00e1csad\u00f3 szakir\u00e1ny\u00fa tov\u00e1bbk\u00e9pz\u00e9si szak c\u00e9lja sz\u00fcl\u00e9szeti \u00e9s gyermekeg\u00e9szs\u00e9g\u00fcgyi ter\u00fcleten dolgoz\u00f3 orvosok, v\u00e9d\u0151n\u0151k, sz\u00fcl\u00e9szn\u0151k, gyermekszak\u00e1pol\u00f3k, gy\u00f3gytorn\u00e1szok, hum\u00e1n seg\u00edt\u0151 foglalkoz\u00e1s\u00fa szakemberek speci\u00e1lis tov\u00e1bbk\u00e9pz\u00e9se a lakt\u00e1ci\u00f3val, anyatejes t\u00e1pl\u00e1l\u00e1ssal kapcsolatos b\u00e1rmilyen probl\u00e9ma magas szint\u0171 ell\u00e1t\u00e1s\u00e1ra. A k\u00e9pz\u00e9s ismeretanyaga megegyezik a\u00a0nemzetk\u00f6zi lakt\u00e1ci\u00f3s szaktan\u00e1csad\u00f3i (IBCLC) vizsga sz\u00e1monk\u00e9rt tematik\u00e1j\u00e1val, \u00edgy annak sikeres teljes\u00edt\u00e9sre is felk\u00e9sz\u00edt.<\/p>\n<p style=\"text-align: justify\">A felv\u00e9tel felt\u00e9tele\u00a0legal\u00e1bb alapk\u00e9pz\u00e9si szakon szerzett oklev\u00e9l a k\u00f6vetkez\u0151 k\u00e9pz\u00e9si ter\u00fcletek valamelyik\u00e9n:<\/p>\n<ul style=\"text-align: justify\">\n<li>orvos- \u00e9s eg\u00e9szs\u00e9gtudom\u00e1ny<\/li>\n<li>b\u00f6lcs\u00e9szettudom\u00e1ny<\/li>\n<li>t\u00e1rsadalomtudom\u00e1ny<\/li>\n<li>pedag\u00f3gusk\u00e9pz\u00e9s<\/li>\n<li>term\u00e9szettudom\u00e1ny<\/li>\n<li>jogi<\/li>\n<li>m\u0171v\u00e9szet<\/li>\n<li>m\u0171v\u00e9szetk\u00f6zvet\u00edt\u00e9s<\/li>\n<li>sporttudom\u00e1ny (rekre\u00e1ci\u00f3 \u00e9s \u00e9letm\u00f3d)<\/li>\n<li>vagy osztatlan mesterk\u00e9pz\u00e9sen szerzett \u00e1llatorvosi oklev\u00e9l<\/li>\n<\/ul>\n<p style=\"text-align: justify\">Tov\u00e1bbi felt\u00e9tel, hogy a jelentkez\u0151 rendelkezzen 1000 \u00f3ra igazolhat\u00f3 klinikai tapasztalattal szoptat\u00f3 anya-gyerek p\u00e1rosok k\u00eds\u00e9r\u00e9se ter\u00e9n, mely kiv\u00e1lthat\u00f3 500 \u00f3ra nemzetk\u00f6zi lakt\u00e1ci\u00f3s szaktan\u00e1csad\u00f3 mentor\u00e1l\u00e1sa mellett t\u00f6rt\u00e9n\u0151 gyakorlattal.<\/p>\n<p style=\"text-align: justify\">A k\u00e9pz\u00e9s sikeres elv\u00e9gz\u00e9se lehet\u0151s\u00e9get ad seg\u00edt\u0151 foglalkoz\u00e1sk\u00e9nt lakt\u00e1ci\u00f3s szaktan\u00e1csad\u00f3i szerepk\u00f6r\/feladatk\u00f6r\/munkak\u00f6r bet\u00f6lt\u00e9s\u00e9re azon int\u00e9zm\u00e9nyekben, amelyek ezt ig\u00e9nylik, l\u00e9trehozz\u00e1k, illetve felk\u00e9sz\u00edt az anya-gyermek p\u00e1rossal foglalkoz\u00f3 b\u00e1rmilyen szakemberk\u00e9nt a szoptatni k\u00edv\u00e1n\u00f3 anya hat\u00e9konyabb t\u00e1mogat\u00e1s\u00e1ra.<\/p>\n<p style=\"text-align: justify\">A k\u00e9pz\u00e9st levelez\u0151 munkarendben, \u00f6nk\u00f6lts\u00e9ges finansz\u00edroz\u00e1si form\u00e1ban ind\u00edtjuk, az \u00f6nk\u00f6lts\u00e9gi d\u00edj a 2026\/2027. tan\u00e9vt\u0151l 240.000 Ft\/f\u00e9l\u00e9v. A szak k\u00e9pz\u00e9si ideje 3 f\u00e9l\u00e9v, 217 kontakt\u00f3r\u00e1val, a megszerzend\u0151 kreditek sz\u00e1ma 90.\u00a0\u00a0<\/p>\n<p style=\"text-align: center\"><a class=\"btn btn-secondary\" href=\"https:\/\/semmelweis.hu\/mental\/szakiranyu-kepzesek\/laktacios-szaktanacsado\/felveteli-tajekoztato\/\" target=\"_blank\" rel=\"noopener\">Tov\u00e1bbi inform\u00e1ci\u00f3<\/a><\/p>\n<hr \/>\n<h5 style=\"text-align: justify\"><a id=\"aktividosodes\"><\/a>Akt\u00edv id\u0151s\u00f6d\u00e9s szakir\u00e1ny\u00fa tov\u00e1bbk\u00e9pz\u00e9s<\/h5>\n<p style=\"text-align: justify\">Az akt\u00edv id\u0151s\u00f6d\u00e9s \u00e9s az innov\u00e1ci\u00f3 Magyarorsz\u00e1g \u00e9s Eur\u00f3pa sz\u00e1m\u00e1ra is kulcsfogalomm\u00e1 v\u00e1lt. Az el\u00f6reged\u00e9sb\u0151l fakad\u00f3 kih\u00edv\u00e1sok az \u00e9let valamennyi ter\u00fclet\u00e9t \u00e9rintik, sz\u00e1mos \u00e9lethelyzetben \u00e9s munkahelyen megker\u00fclhetetlenek.<\/p>\n<p style=\"text-align: justify\">Sz\u00fcks\u00e9gess\u00e9 v\u00e1lt egy olyan interdiszciplin\u00e1ris megk\u00f6zel\u00edt\u00e9s\u0171 k\u00e9pz\u00e9s, amely <strong>id\u0151sbar\u00e1t<\/strong> (age-friendly) <strong>szeml\u00e9lettel<\/strong> t\u00e1mpontokat ny\u00fajt az <strong>id\u0151s\u00f6d\u00e9ssel \u00f6sszef\u00fcgg\u0151 probl\u00e9m\u00e1k<\/strong> megold\u00e1s\u00e1hoz.<\/p>\n<p style=\"text-align: justify\">A k\u00e9pz\u00e9s <strong>c\u00e9lja<\/strong>, hogy a szakemberek a megfelel\u0151 kompetenci\u00e1k birtok\u00e1ban, <strong>innovat\u00edv id\u0151s\u00fcgyi gyakorlatokat<\/strong>, j\u00f3 p\u00e9ld\u00e1kat, <strong>sikeres modellprogramokat<\/strong> adapt\u00e1ljanak, alak\u00edtsanak ki \u00e9s terjesszenek a lehet\u0151 legsz\u00e9lesebb k\u00f6rben.<\/p>\n<p style=\"text-align: justify\">A k\u00e9pz\u00e9s levelez\u0151 munkarendben, online \u00e9s jelenl\u00e9ti tanegys\u00e9gek kombin\u00e1ci\u00f3j\u00e1val (blended-learning k\u00e9pz\u00e9s) val\u00f3sul meg. A k\u00e9pz\u00e9s \u00f6nk\u00f6lts\u00e9ges finansz\u00edroz\u00e1si form\u00e1ban ind\u00edtjuk, az \u00f6nk\u00f6lts\u00e9gi d\u00edj 225.000 Ft\/f\u00e9l\u00e9v. A szak k\u00e9pz\u00e9si ideje 2 f\u00e9l\u00e9v, a megszerzend\u0151 kreditek sz\u00e1ma 60.<\/p>\n<p style=\"text-align: center\"><a class=\"btn btn-secondary\" href=\"https:\/\/semmelweis.hu\/mental\/szakiranyu-kepzesek\/aktiv-idosodes-szakiranyu-tovabbkepzesi-szak\/\" target=\"_blank\" rel=\"noopener\">Tov\u00e1bbi inform\u00e1ci\u00f3<\/a><\/p>\n<hr \/>\n<h5 style=\"text-align: justify\"><a id=\"kozossegiescsaladimediacio\"><\/a>K\u00f6z\u00f6ss\u00e9gi \u00e9s csal\u00e1di medi\u00e1ci\u00f3 szakir\u00e1ny\u00fa tov\u00e1bbk\u00e9pz\u00e9si szak<\/h5>\n<p style=\"text-align: justify\">A <strong>medi\u00e1tor<\/strong> olyan szakember, aki <strong>vit\u00e1s helyzetben p\u00e1rtatlanul k\u00f6zvet\u00edt a felek k\u00f6z\u00f6tt<\/strong>: tereli az egyeztet\u00e9s folyamat\u00e1t \u00e9s a megfogalmazott \u00e9rdekek \u00e9s sz\u00fcks\u00e9gletek figyelembev\u00e9tel\u00e9vel seg\u00edt az \u00e9rintetteknek <strong>egy olyan meg\u00e1llapod\u00e1st megk\u00f6tni a j\u00f6v\u0151re n\u00e9zve<\/strong>, amely valamennyi f\u00e9l sz\u00e1m\u00e1ra el\u00e9gedetts\u00e9get \u00e9s megnyugv\u00e1st tud eredm\u00e9nyezni.<\/p>\n<p style=\"text-align: justify\">A Ment\u00e1lhigi\u00e9n\u00e9 Int\u00e9zet <strong>k\u00e9pz\u00e9se<\/strong> mind tartalm\u00e1ban, mind form\u00e1j\u00e1ban <strong>innovat\u00edvnak<\/strong> tekinthet\u0151 az\u00e1ltal, hogy vegy\u00edti a hagyom\u00e1nyos elm\u00e9leti oktat\u00e1st a modern, kiscsoportos, interakt\u00edv \u00e9s tapasztalati elemekre \u00e9p\u00fcl\u0151 tr\u00e9ningm\u00f3dszerekkel. A k\u00e9pz\u00e9s oktat\u00f3i tudom\u00e1nyos tev\u00e9kenys\u00e9g\u00fck mellett terepen dolgoz\u00f3, gyakorl\u00f3 medi\u00e1torok \u00e9s tr\u00e9nerek, \u00edgy kell\u0151 szak\u00e9rtelemmel tudj\u00e1k k\u00f6zvet\u00edteni a gyakorlati ismereteket \u00e9s tapasztalatokat.<\/p>\n<p style=\"text-align: justify\">A k\u00e9pz\u00e9st levelez\u0151 munkarendben, \u00f6nk\u00f6lts\u00e9ges finansz\u00edroz\u00e1si form\u00e1ban ind\u00edtjuk, az \u00f6nk\u00f6lts\u00e9gi d\u00edj a 2026\/2027. tan\u00e9vt\u0151l 255.000 Ft\/f\u00e9l\u00e9v. A szak k\u00e9pz\u00e9si ideje 3 f\u00e9l\u00e9v, a megszerzend\u0151 kreditek sz\u00e1ma 90.<\/p>\n<p style=\"text-align: center\"><a class=\"btn btn-secondary\" href=\"https:\/\/semmelweis.hu\/mental\/szakiranyu-kepzesek\/kozossegi-es-csaladi-mediacio\/kepzes-bemutatasa-mediacio\/\" target=\"_blank\" rel=\"noopener\">Tov\u00e1bbi inform\u00e1ci\u00f3<\/a><\/p>\n<hr \/>\n<h5><a id=\"mentalhigieneshazassagescsaladlelkigondozo\"><\/a>Ment\u00e1lhigi\u00e9n\u00e9s h\u00e1zass\u00e1g- \u00e9s csal\u00e1d-lelkigondoz\u00f3 szakir\u00e1ny\u00fa tov\u00e1bbk\u00e9pz\u00e9si szak<\/h5>\n<p style=\"text-align: justify\">A\u00a0Ment\u00e1lhigi\u00e9n\u00e9 Int\u00e9zet\u00a02022 febru\u00e1rj\u00e1t\u00f3l\u00a0akkredit\u00e1lt <strong>ment\u00e1lhigi\u00e9n\u00e9s h\u00e1zass\u00e1g- \u00e9s csal\u00e1d-lelkigondoz\u00f3 szakir\u00e1ny\u00fa tov\u00e1bbk\u00e9pz\u00e9s<\/strong>t hirdet.<\/p>\n<p style=\"text-align: justify\">A k\u00e9pz\u00e9s\u00a0c\u00e9lja pasztor\u00e1ci\u00f3s ter\u00fcleten szolg\u00e1l\u00f3 seg\u00edt\u0151 szakemberek, lelkigondoz\u00f3k tov\u00e1bbk\u00e9pz\u00e9se\u00a0a p\u00e1rok, csal\u00e1dok lelkigondoz\u00e1s\u00e1nak specifikus ter\u00fclet\u00e9n. A k\u00e9pz\u00e9s a\u00a0primer \u00e9s a korai szekunder prevenci\u00f3 ter\u00fclet\u00e9re f\u00f3kusz\u00e1l, olyan helyzetekre, amely lelkigondoz\u00f3i kompetenci\u00e1kba tartozhat: p\u00e1rkapcsolati \u00e9s csal\u00e1di probl\u00e9m\u00e1k megel\u0151z\u00e9se, illetve korai felismer\u00e9se,\u00a0k\u00eds\u00e9r\u00e9se\u00a0\u00e9s megfelel\u0151 ell\u00e1t\u00e1sba ir\u00e1ny\u00edt\u00e1sa.<\/p>\n<p style=\"text-align: justify\">A h\u00e1zass\u00e1g- \u00e9s csal\u00e1d-lelkigondoz\u00f3i munka f\u0151bb ter\u00fcletei hozz\u00e1j\u00e1rulnak az eg\u00e9szs\u00e9ges p\u00e1rkapcsolati \u00e9s csal\u00e1di m\u0171k\u00f6d\u00e9shez, \u00edgy\u00a0seg\u00edts\u00e9get ny\u00fajtanak a csal\u00e1dok sz\u00e9thull\u00e1s\u00e1nak megel\u0151z\u00e9s\u00e9ben.<\/p>\n<p style=\"text-align: justify\">Legf\u0151bb ter\u00fcletei:\u00a0<\/p>\n<ul>\n<li style=\"text-align: justify\">p\u00e1rok felk\u00e9sz\u00edt\u00e9se a csal\u00e1di \u00e9letre (p\u00e1rban, ill. csoportban);<\/li>\n<li style=\"text-align: justify\">csal\u00e1di \u00e9letciklus-v\u00e1lt\u00e1st seg\u00edt\u0151 beavatkoz\u00e1sok (p\u00e1rban, ill. csoportban);<\/li>\n<li style=\"text-align: justify\">p\u00e1rkapcsolati konfliktusok \u00e9s probl\u00e9m\u00e1k lelkigondoz\u00f3i k\u00eds\u00e9r\u00e9se egy\u00e9ni settingben;<\/li>\n<li style=\"text-align: justify\">p\u00e1rok k\u00f6z\u00f6s probl\u00e9mamegold\u00e1s\u00e1nak lelkigondoz\u00f3i k\u00eds\u00e9r\u00e9se.<\/li>\n<\/ul>\n<p style=\"text-align: justify\">C\u00e9lja tov\u00e1bb\u00e1 a spiritualit\u00e1st is \u00e9rint\u0151 p\u00e1rkapcsolati elakad\u00e1sokban a p\u00e1rok megold\u00e1skeres\u00e9s\u00e9nek seg\u00edt\u00e9se, a spiritualit\u00e1s, mint er\u0151forr\u00e1s integr\u00e1ci\u00f3ja; valamint a min\u00e9l sz\u00e9lesebb k\u00f6r\u0171, p\u00e1rokat, csal\u00e1dokat \u00e9rint\u0151 ment\u00e1lhigi\u00e9n\u00e9s prevenci\u00f3s programok, lelkip\u00e1sztori modellek megismertet\u00e9se \u00e9s adapt\u00e1l\u00e1sa.<\/p>\n<p style=\"text-align: justify\">A k\u00e9pz\u00e9s k\u00f6lts\u00e9ge a 2026\/2027. tan\u00e9vt\u0151l: 216.000 Ft\/f\u00e9l\u00e9v + a 2 intenz\u00edv k\u00e9pz\u00e9si h\u00e9tv\u00e9ge ell\u00e1t\u00e1si k\u00f6lts\u00e9gei (\u00e9tkez\u00e9s, sz\u00e1ll\u00e1s).<\/p>\n<p style=\"text-align: justify\">A szak k\u00e9pz\u00e9si ideje 4 f\u00e9l\u00e9v, a megszerzend\u0151 kreditek sz\u00e1ma 120.<\/p>\n<p style=\"text-align: center\"><a class=\"btn btn-secondary\" href=\"https:\/\/semmelweis.hu\/mental\/szakiranyu-kepzesek\/csalad-lelkigondozo-tovabbkepzes\/\" target=\"_blank\" rel=\"noopener\">TOV\u00c1BBI INFORM\u00c1CI\u00d3<\/a><\/p>\n<hr \/>\n[slb_exclude]<div data-carousel-extra='{\"blog_id\":4,\"permalink\":\"https:\\\/\\\/semmelweis.hu\\\/ekk\\\/oktatas\\\/szakiranyu-tovabbkepzes\\\/\"}' class=\"tiled-gallery type-rectangular\" data-original-width=\"753\"><div class=\"gallery-row\" style=\"width: 748px; height: 524px;\"><div class=\"gallery-group images-1\" style=\"width: 354px; height: 528px;\"><div class=\"tiled-gallery-item tiled-gallery-item-large\"><a href=\"https:\/\/semmelweis.hu\/ekk\/files\/2011\/06\/RS26382_KA-20141210-IMG_1116-emk-scr.jpg\"><img loading=\"lazy\" decoding=\"async\" data-attachment-id=\"1839\" data-orig-file=\"https:\/\/semmelweis.hu\/ekk\/files\/2011\/06\/RS26382_KA-20141210-IMG_1116-emk-scr.jpg\" data-orig-size=\"500,750\" data-comments-opened=\"0\" data-image-meta=\"{&quot;aperture&quot;:&quot;0&quot;,&quot;credit&quot;:&quot;&quot;,&quot;camera&quot;:&quot;&quot;,&quot;caption&quot;:&quot;&quot;,&quot;created_timestamp&quot;:&quot;0&quot;,&quot;copyright&quot;:&quot;&quot;,&quot;focal_length&quot;:&quot;0&quot;,&quot;iso&quot;:&quot;0&quot;,&quot;shutter_speed&quot;:&quot;0&quot;,&quot;title&quot;:&quot;&quot;,&quot;orientation&quot;:&quot;0&quot;}\" data-image-title=\"RS26382_KA-20141210-IMG_1116-emk-scr\" data-image-description=\"\" data-medium-file=\"https:\/\/semmelweis.hu\/ekk\/files\/2011\/06\/RS26382_KA-20141210-IMG_1116-emk-scr-200x300.jpg\" data-large-file=\"https:\/\/semmelweis.hu\/ekk\/files\/2011\/06\/RS26382_KA-20141210-IMG_1116-emk-scr.jpg\" src=\"https:\/\/semmelweis.hu\/ekk\/files\/2011\/06\/RS26382_KA-20141210-IMG_1116-emk-scr-350x524.jpg\" width=\"350\" height=\"524\" align=\"left\" title=\"\" \/><\/a><\/div><\/div><div class=\"gallery-group images-2\" style=\"width: 394px; height: 528px;\"><div class=\"tiled-gallery-item tiled-gallery-item-large\"><a href=\"https:\/\/semmelweis.hu\/ekk\/files\/2011\/06\/RS37523_KA-20151020-IMG_7307-scr.jpg\"><img loading=\"lazy\" decoding=\"async\" data-attachment-id=\"1851\" data-orig-file=\"https:\/\/semmelweis.hu\/ekk\/files\/2011\/06\/RS37523_KA-20151020-IMG_7307-scr.jpg\" data-orig-size=\"950,633\" data-comments-opened=\"0\" data-image-meta=\"{&quot;aperture&quot;:&quot;0&quot;,&quot;credit&quot;:&quot;&quot;,&quot;camera&quot;:&quot;&quot;,&quot;caption&quot;:&quot;&quot;,&quot;created_timestamp&quot;:&quot;0&quot;,&quot;copyright&quot;:&quot;&quot;,&quot;focal_length&quot;:&quot;0&quot;,&quot;iso&quot;:&quot;0&quot;,&quot;shutter_speed&quot;:&quot;0&quot;,&quot;title&quot;:&quot;&quot;,&quot;orientation&quot;:&quot;0&quot;}\" data-image-title=\"RS37523_KA-20151020-IMG_7307-scr\" data-image-description=\"\" data-medium-file=\"https:\/\/semmelweis.hu\/ekk\/files\/2011\/06\/RS37523_KA-20151020-IMG_7307-scr-300x200.jpg\" data-large-file=\"https:\/\/semmelweis.hu\/ekk\/files\/2011\/06\/RS37523_KA-20151020-IMG_7307-scr.jpg\" src=\"https:\/\/semmelweis.hu\/ekk\/files\/2011\/06\/RS37523_KA-20151020-IMG_7307-scr-390x260.jpg\" width=\"390\" height=\"260\" align=\"left\" title=\"\" \/><\/a><\/div><div class=\"tiled-gallery-item tiled-gallery-item-large\"><a href=\"https:\/\/semmelweis.hu\/ekk\/files\/2011\/06\/RS26413_KA-20141210-IMG_1016-emk-scr.jpg\"><img loading=\"lazy\" decoding=\"async\" data-attachment-id=\"1840\" data-orig-file=\"https:\/\/semmelweis.hu\/ekk\/files\/2011\/06\/RS26413_KA-20141210-IMG_1016-emk-scr.jpg\" data-orig-size=\"950,633\" data-comments-opened=\"0\" data-image-meta=\"{&quot;aperture&quot;:&quot;0&quot;,&quot;credit&quot;:&quot;&quot;,&quot;camera&quot;:&quot;&quot;,&quot;caption&quot;:&quot;&quot;,&quot;created_timestamp&quot;:&quot;0&quot;,&quot;copyright&quot;:&quot;&quot;,&quot;focal_length&quot;:&quot;0&quot;,&quot;iso&quot;:&quot;0&quot;,&quot;shutter_speed&quot;:&quot;0&quot;,&quot;title&quot;:&quot;&quot;,&quot;orientation&quot;:&quot;0&quot;}\" data-image-title=\"RS26413_KA-20141210-IMG_1016-emk-scr\" data-image-description=\"\" data-medium-file=\"https:\/\/semmelweis.hu\/ekk\/files\/2011\/06\/RS26413_KA-20141210-IMG_1016-emk-scr-300x200.jpg\" data-large-file=\"https:\/\/semmelweis.hu\/ekk\/files\/2011\/06\/RS26413_KA-20141210-IMG_1016-emk-scr.jpg\" src=\"https:\/\/semmelweis.hu\/ekk\/files\/2011\/06\/RS26413_KA-20141210-IMG_1016-emk-scr-390x260.jpg\" width=\"390\" height=\"260\" align=\"left\" title=\"\" \/><\/a><\/div><\/div><\/div><\/div>[\/slb_exclude]\n","protected":false},"excerpt":{"rendered":"<p>Karunkon az al\u00e1bbi szakir\u00e1ny\u00fa tov\u00e1bbk\u00e9pz\u00e9sek k\u00f6z\u00fcl v\u00e1laszthat: <a href=\"#mentalhigiene\">Ment\u00e1lhigi\u00e9n\u00e9 szakir\u00e1ny\u00fa tov\u00e1bbk\u00e9pz\u00e9si szak<\/a> <a href=\"#munkahelyimentalhigiene\">Munkahelyi ment\u00e1lhigi\u00e9n\u00e9 szakir\u00e1ny\u00fa tov\u00e1bbk\u00e9pz\u00e9si szak<\/a> <a href=\"#mentalhigieneslelkigondozo\">Ment\u00e1lhigi\u00e9n\u00e9s lelkigondoz\u00f3 szakir\u00e1ny\u00fa tov\u00e1bbk\u00e9pz\u00e9si szak<\/a> <a href=\"#laktaciosszaktanacsado\">Lakt\u00e1ci\u00f3s szaktan\u00e1csad\u00f3 szakir\u00e1ny\u00fa tov\u00e1bbk\u00e9pz\u00e9si szak<\/a> <a href=\"#aktividosodes\">Akt\u00edv id\u0151s\u00f6d\u00e9s szakir\u00e1ny\u00fa tov\u00e1bbk\u00e9pz\u00e9s<\/a> <a href=\"#kozossegiescsaladimediacio\">K\u00f6z\u00f6ss\u00e9gi \u00e9s csal\u00e1di medi\u00e1ci\u00f3 szakir\u00e1ny\u00fa tov\u00e1bbk\u00e9pz\u00e9si szak<\/a> <a href=\"#mentalhigieneshazassagescsaladlelkigondozo\">Ment\u00e1lhigi\u00e9n\u00e9s h\u00e1zass\u00e1g- \u00e9s csal\u00e1d-lelkigondoz\u00f3 szakir\u00e1ny\u00fa tov\u00e1bbk\u00e9pz\u00e9si szak<\/a> <a id=\"mentalhigiene\"><\/a> Ment\u00e1lhigi\u00e9n\u00e9 szakir\u00e1ny\u00fa tov\u00e1bbk\u00e9pz\u00e9si szak A Ment\u00e1lhigi\u00e9n\u00e9 Int\u00e9zet ment\u00e1lhigi\u00e9n\u00e9s szakir\u00e1ny\u00fa tov\u00e1bbk\u00e9pz\u00e9si szak posztgradu\u00e1lis, levelez\u0151 k\u00e9pz\u00e9s seg\u00edt\u0151 foglalkoz\u00e1s\u00fa szakemberek r\u00e9sz\u00e9re. A k\u00e9pz\u00e9sben hivat\u00e1sos seg\u00edt\u0151 szakemberek vesznek r\u00e9szt. A leegyszer\u0171s\u00edt\u0151 mindennapi sz\u00f3haszn\u00e1latt\u00f3l elt\u00e9r\u0151en seg\u00edt\u0151 hivat\u00e1soknak tekintj\u00fck mindazon foglalkoz\u00e1sokat, amelyeknek l\u00e9nyege a m\u00e1sik ember mellett \u00e1ll\u00e1s, annak fejleszt\u00e9se, oktat\u00e1sa, nevel\u00e9se, t\u00e1mogat\u00e1sa, gondoz\u00e1sa, &hellip;<\/p>\n","protected":false},"author":7,"featured_media":0,"parent":4,"menu_order":2,"comment_status":"closed","ping_status":"closed","template":"","meta":{"_acf_changed":false,"footnotes":""},"categories":[],"tags":[],"class_list":["post-23","page","type-page","status-publish","hentry"],"acf":[],"_links":{"self":[{"href":"https:\/\/semmelweis.hu\/ekk\/wp-json\/wp\/v2\/pages\/23","targetHints":{"allow":["GET"]}}],"collection":[{"href":"https:\/\/semmelweis.hu\/ekk\/wp-json\/wp\/v2\/pages"}],"about":[{"href":"https:\/\/semmelweis.hu\/ekk\/wp-json\/wp\/v2\/types\/page"}],"author":[{"embeddable":true,"href":"https:\/\/semmelweis.hu\/ekk\/wp-json\/wp\/v2\/users\/7"}],"replies":[{"embeddable":true,"href":"https:\/\/semmelweis.hu\/ekk\/wp-json\/wp\/v2\/comments?post=23"}],"version-history":[{"count":13,"href":"https:\/\/semmelweis.hu\/ekk\/wp-json\/wp\/v2\/pages\/23\/revisions"}],"predecessor-version":[{"id":6085,"href":"https:\/\/semmelweis.hu\/ekk\/wp-json\/wp\/v2\/pages\/23\/revisions\/6085"}],"up":[{"embeddable":true,"href":"https:\/\/semmelweis.hu\/ekk\/wp-json\/wp\/v2\/pages\/4"}],"wp:attachment":[{"href":"https:\/\/semmelweis.hu\/ekk\/wp-json\/wp\/v2\/media?parent=23"}],"wp:term":[{"taxonomy":"category","embeddable":true,"href":"https:\/\/semmelweis.hu\/ekk\/wp-json\/wp\/v2\/categories?post=23"},{"taxonomy":"post_tag","embeddable":true,"href":"https:\/\/semmelweis.hu\/ekk\/wp-json\/wp\/v2\/tags?post=23"}],"curies":[{"name":"wp","href":"https:\/\/api.w.org\/{rel}","templated":true}]}}