{"id":2249,"date":"2017-05-03T13:28:02","date_gmt":"2017-05-03T11:28:02","guid":{"rendered":"http:\/\/semmelweis.hu\/ekk\/?page_id=2249"},"modified":"2026-01-08T14:09:59","modified_gmt":"2026-01-08T13:09:59","slug":"kari-tanacs-ulesek-2012","status":"publish","type":"page","link":"https:\/\/semmelweis.hu\/ekk\/a-karrol\/kari-tanacs\/kari-tanacs-ulesek\/kari-tanacs-ulesek-2012\/","title":{"rendered":"Kari Tan\u00e1cs \u00fcl\u00e9sek 2012."},"content":{"rendered":"<p><strong>2012. okt\u00f3ber 16. (vide\u00f3konferencia) &#8211; Napirendi pontok:<\/strong><\/p>\n<ol>\n<li>Z\u00e1r\u00f3vizsga bizotts\u00e1g eln\u00f6keinek megv\u00e1laszt\u00e1sa<\/li>\n<\/ol>\n<hr \/>\n<p><strong>2012. november 12. &#8211; Napirendi pontok:<\/strong><\/p>\n<ol>\n<li>22\/2012 sz\u00e1m\u00fa rektori k\u00f6rlev\u00e9l a nemzeti fels\u0151oktat\u00e1sr\u00f3l sz\u00f3l\u00f3 2011. \u00e9vi CCIV. t\u00f6rv\u00e9nnyel \u00e9s kapcsol\u00f3d\u00f3 v\u00e9grehajt\u00e1si rendeleteivel kapcsolatos v\u00e1ltoz\u00e1sokr\u00f3l &#8211; a jogszab\u00e1lyv\u00e1ltoz\u00e1sb\u00f3l fakad\u00f3 teend\u0151k (El\u0151terjeszt\u0151: Dr. Ga\u00e1l P\u00e9ter) \u2013 \u00c1tt\u00e9ve a rendk\u00edv\u00fcli KT \u00fcl\u00e9sre nov. 26-ra.<\/li>\n<li>T\u00e1j\u00e9koztat\u00e1s a Szen\u00e1tus 2012. november 8-ai rendk\u00edv\u00fcli \u00fcl\u00e9s\u00e9n t\u00e1rgyalt, az Egyetem\u00fcnk\u00f6n bevezetni tervezett szervezeti v\u00e1ltoz\u00e1sok v\u00e1rhat\u00f3 ir\u00e1nyair\u00f3l sz\u00f3l\u00f3 napirendi pontr\u00f3l (El\u0151terjeszt\u0151: Dr. Ga\u00e1l P\u00e9ter)<\/li>\n<\/ol>\n<p>Egyebek:<\/p>\n<ol start=\"3\">\n<li>Sink\u00f3 Eszternek a Semmelweis Egyetem kiv\u00e1l\u00f3 oktat\u00f3i kit\u00fcntet\u00e9s\u00e9nek \u00e1tad\u00e1sa (El\u0151terjeszt\u0151: Dr. Ga\u00e1l P\u00e9ter)<\/li>\n<li>T\u00e1j\u00e9koztat\u00e1s a kari honlap adatainak friss\u00edt\u00e9s\u00e9re, aktualiz\u00e1l\u00e1s\u00e1ra valamint naprak\u00e9szen tart\u00e1s\u00e1ra vonatkoz\u00f3 szab\u00e1lyokr\u00f3l (El\u0151terjeszt\u0151: Dr. Ga\u00e1l P\u00e9ter)<\/li>\n<\/ol>\n<hr \/>\n<p><strong>2012. november 26. &#8211; Napirendi pontok:<\/strong><\/p>\n<ol>\n<li>22\/2012 sz\u00e1m\u00fa rektori k\u00f6rlev\u00e9l a nemzeti fels\u0151oktat\u00e1sr\u00f3l sz\u00f3l\u00f3 2011. \u00e9vi CCIV. t\u00f6rv\u00e9nnyel \u00e9s kapcsol\u00f3d\u00f3 v\u00e9grehajt\u00e1si rendeleteivel kapcsolatos v\u00e1ltoz\u00e1sokr\u00f3l &#8211; a jogszab\u00e1lyv\u00e1ltoz\u00e1sb\u00f3l fakad\u00f3 teend\u0151k (El\u0151terjeszt\u0151: Dr. Ga\u00e1l P\u00e9ter)<\/li>\n<li>28\/2012 sz\u00e1m\u00fa rektori k\u00f6rlev\u00e9l a 2012. \u00e9vi szen\u00e1tusi v\u00e1laszt\u00e1sok elrendel\u00e9s\u00e9r\u0151l \u00e9s lebonyol\u00edt\u00e1s\u00e1r\u00f3l (El\u0151terjeszt\u0151: Dr. Ga\u00e1l P\u00e9ter)<\/li>\n<li>29\/2012 sz\u00e1m\u00fa rektori k\u00f6rlev\u00e9l a Semmelweis Egyetem \u00e9p\u00fcleteinek r\u00e9szleges bez\u00e1r\u00e1s\u00e1r\u00f3l \u00e9s m\u0171k\u00f6d\u00e9s\u00e9nek \u00e1tmeneti korl\u00e1toz\u00e1s\u00e1r\u00f3l (El\u0151terjeszt\u0151: Dr. Ga\u00e1l P\u00e9ter)<\/li>\n<li>Curriculum, Kredit\u00e1tviteli \u00e9s Oktat\u00e1si Bizotts\u00e1g tagjainak v\u00e1ltoz\u00e1sa, \u00faj tagok megv\u00e1laszt\u00e1sa (El\u0151terjeszt\u0151: Dr. Ga\u00e1l P\u00e9ter, Dr. Martos Tam\u00e1s)<\/li>\n<li>Fegyelmi Bizotts\u00e1g tagjainak megv\u00e1laszt\u00e1sa (El\u0151terjeszt\u0151: Dr. Ga\u00e1l P\u00e9ter)<\/li>\n<li>Min\u0151s\u00e9gbiztos\u00edt\u00e1si Bizotts\u00e1g tagjainak v\u00e1ltoz\u00e1sa, \u00faj tagok megv\u00e1laszt\u00e1sa (El\u0151terjeszt\u0151: Dr. Ga\u00e1l P\u00e9ter, Dr. Belicza \u00c9va)<\/li>\n<li>Di\u00e1kj\u00f3l\u00e9ti Bizotts\u00e1g tagjainak v\u00e1ltoz\u00e1sa, \u00faj tagok megv\u00e1laszt\u00e1sa (El\u0151terjeszt\u0151: Dr. Ga\u00e1l P\u00e9ter, S\u00e1ra Zolt\u00e1n)<\/li>\n<li>Szoci\u00e1lis \u00e9s Es\u00e9lyegyenl\u0151s\u00e9gi Bizotts\u00e1g tagjainak v\u00e1ltoz\u00e1sa, \u00faj tag megv\u00e1laszt\u00e1sa (El\u0151terjeszt\u0151: Dr. Ga\u00e1l P\u00e9ter, Dr. Dinya Elek)<\/li>\n<\/ol>\n<p>Egyebek:<\/p>\n<p style=\"padding-left: 30px\">9. Alapt\u00e1mogat\u00e1s kiutal\u00e1sa jogosult hallgat\u00f3knak (El\u0151terjeszt\u0151: H\u00d6K k\u00e9pvisel\u0151)<\/p>\n<hr \/>\n<p><strong>2012. december 10. &#8211; Napirendi pontok:<\/strong><\/p>\n<ol>\n<li>D\u00f6nt\u00e9s az Eg\u00e9szs\u00e9g\u00fcgyi K\u00f6zszolg\u00e1lati Kar \u00e1ltal a Szen\u00e1tusba deleg\u00e1lt szem\u00e9lyekr\u0151l a 28\/2012 sz\u00e1m\u00fa rektori k\u00f6rlev\u00e9l el\u0151\u00edr\u00e1sai szerint (el\u0151terjeszt\u0151: Dr. Ga\u00e1l P\u00e9ter)<\/li>\n<li>Szoci\u00e1lis munka mesterk\u00e9pz\u00e9si szak tanterv\u00e9nek fel\u00fclvizsg\u00e1lata (el\u0151terjeszt\u0151: Dr. T\u00f6r\u00f6k P\u00e9ter)<\/li>\n<li>Z\u00e1r\u00f3vizsga-bizotts\u00e1g eln\u00f6k\u00e9nek megv\u00e1laszt\u00e1sa &#8211; szlov\u00e1k nyelv\u0171 kihelyezett k\u00e9pz\u00e9s (el\u0151terjeszt\u0151: Dr. Ga\u00e1l P\u00e9ter)<\/li>\n<li>Egyetemi szint\u0171 kit\u00fcntet\u00e9si javaslatok (el\u0151terjeszt\u0151: Dr. Ga\u00e1l P\u00e9ter)<\/li>\n<li>Egyetemi \u00e1lland\u00f3 bizotts\u00e1gokba kari deleg\u00e1lt v\u00e1laszt\u00e1sa (el\u0151terjeszt\u0151: Dr. Ga\u00e1l P\u00e9ter)<\/li>\n<li>Educatio Nemzetk\u00f6zi Szakki\u00e1ll\u00edt\u00e1s \u00e9s V\u00e1s\u00e1r \u2013 2013. janu\u00e1r 18-19. (el\u0151terjeszt\u0151: Dr. Ga\u00e1l P\u00e9ter)<\/li>\n<\/ol>\n","protected":false},"excerpt":{"rendered":"<p>2012. okt\u00f3ber 16. (vide\u00f3konferencia) &#8211; Napirendi pontok: Z\u00e1r\u00f3vizsga bizotts\u00e1g eln\u00f6keinek megv\u00e1laszt\u00e1sa 2012. november 12. &#8211; Napirendi pontok: 22\/2012 sz\u00e1m\u00fa rektori k\u00f6rlev\u00e9l a nemzeti fels\u0151oktat\u00e1sr\u00f3l sz\u00f3l\u00f3 2011. \u00e9vi CCIV. t\u00f6rv\u00e9nnyel \u00e9s kapcsol\u00f3d\u00f3 v\u00e9grehajt\u00e1si rendeleteivel kapcsolatos v\u00e1ltoz\u00e1sokr\u00f3l &#8211; a jogszab\u00e1lyv\u00e1ltoz\u00e1sb\u00f3l fakad\u00f3 teend\u0151k (El\u0151terjeszt\u0151: Dr. Ga\u00e1l P\u00e9ter) \u2013 \u00c1tt\u00e9ve a rendk\u00edv\u00fcli KT \u00fcl\u00e9sre nov. 26-ra. T\u00e1j\u00e9koztat\u00e1s a Szen\u00e1tus &hellip;<\/p>\n","protected":false},"author":101020,"featured_media":0,"parent":1201,"menu_order":14,"comment_status":"closed","ping_status":"closed","template":"","meta":{"_acf_changed":false,"footnotes":""},"categories":[],"tags":[],"class_list":["post-2249","page","type-page","status-publish","hentry"],"acf":[],"_links":{"self":[{"href":"https:\/\/semmelweis.hu\/ekk\/wp-json\/wp\/v2\/pages\/2249","targetHints":{"allow":["GET"]}}],"collection":[{"href":"https:\/\/semmelweis.hu\/ekk\/wp-json\/wp\/v2\/pages"}],"about":[{"href":"https:\/\/semmelweis.hu\/ekk\/wp-json\/wp\/v2\/types\/page"}],"author":[{"embeddable":true,"href":"https:\/\/semmelweis.hu\/ekk\/wp-json\/wp\/v2\/users\/101020"}],"replies":[{"embeddable":true,"href":"https:\/\/semmelweis.hu\/ekk\/wp-json\/wp\/v2\/comments?post=2249"}],"version-history":[{"count":3,"href":"https:\/\/semmelweis.hu\/ekk\/wp-json\/wp\/v2\/pages\/2249\/revisions"}],"predecessor-version":[{"id":2252,"href":"https:\/\/semmelweis.hu\/ekk\/wp-json\/wp\/v2\/pages\/2249\/revisions\/2252"}],"up":[{"embeddable":true,"href":"https:\/\/semmelweis.hu\/ekk\/wp-json\/wp\/v2\/pages\/1201"}],"wp:attachment":[{"href":"https:\/\/semmelweis.hu\/ekk\/wp-json\/wp\/v2\/media?parent=2249"}],"wp:term":[{"taxonomy":"category","embeddable":true,"href":"https:\/\/semmelweis.hu\/ekk\/wp-json\/wp\/v2\/categories?post=2249"},{"taxonomy":"post_tag","embeddable":true,"href":"https:\/\/semmelweis.hu\/ekk\/wp-json\/wp\/v2\/tags?post=2249"}],"curies":[{"name":"wp","href":"https:\/\/api.w.org\/{rel}","templated":true}]}}