{"id":2247,"date":"2017-05-03T13:20:07","date_gmt":"2017-05-03T11:20:07","guid":{"rendered":"http:\/\/semmelweis.hu\/ekk\/?page_id=2247"},"modified":"2026-01-08T14:09:52","modified_gmt":"2026-01-08T13:09:52","slug":"kari-tanacs-ulesek-2013","status":"publish","type":"page","link":"https:\/\/semmelweis.hu\/ekk\/a-karrol\/kari-tanacs\/kari-tanacs-ulesek\/kari-tanacs-ulesek-2013\/","title":{"rendered":"Kari Tan\u00e1cs \u00fcl\u00e9sek 2013."},"content":{"rendered":"<p><strong>2013. janu\u00e1r 22. &#8211; Napirendi pontok:<\/strong><\/p>\n<ol>\n<li>D\u00f6nt\u00e9s az Eg\u00e9szs\u00e9g\u00fcgyi K\u00f6zszolg\u00e1lati Kar \u00e1ltal a Szen\u00e1tusba deleg\u00e1lt szem\u00e9lyr\u0151l a 124\/b\/2012. (XII.13.) sz\u00e1m\u00fa szen\u00e1tusi hat\u00e1rozat \u00e9rtelm\u00e9ben, a 28\/2012 sz\u00e1m\u00fa rektori k\u00f6rlev\u00e9l el\u0151\u00edr\u00e1sai szerint \u00a0(el\u0151terjeszt\u0151: Dr. Ga\u00e1l P\u00e9ter)<\/li>\n<li>V\u00e9lem\u00e9ny-nyilv\u00e1n\u00edt\u00e1s Dr. habil Dinya Elek egyetemi tan\u00e1ri p\u00e1ly\u00e1zat\u00e1r\u00f3l (El\u0151terjeszt\u0151: Dr. Ga\u00e1l P\u00e9ter)<\/li>\n<li>Kari T\u00e9r\u00edt\u00e9si \u00e9s Juttat\u00e1si Rend m\u00f3dos\u00edt\u00e1sa (El\u0151terjeszt\u0151: Ga\u00e1l P\u00e9ter)<\/li>\n<li>Egyebek<\/li>\n<li>A k\u00f6vetkez\u0151 f\u00e9l\u00e9v Kari Tan\u00e1cs \u00fcl\u00e9seinek id\u0151pontjai \u00e9s helysz\u00ednei<\/li>\n<li>A Szen\u00e1tus 2013. \u00e9v 1. (tavaszi) f\u00e9l\u00e9vi munkaterv\u00e9hez el\u0151terjesztend\u0151 t\u00e9m\u00e1k<\/li>\n<li>K\u00f6zbeszerz\u00e9ssel kapcsolatos k\u00e9rd\u00e9sek<\/li>\n<li>Egyetemi email c\u00edmek v\u00e1ltoz\u00e1sa<\/li>\n<li>K\u00fcls\u0151s megb\u00edz\u00e1si szerz\u0151d\u00e9sek<\/li>\n<li>Educatio ki\u00e1ll\u00edt\u00e1s<\/li>\n<\/ol>\n<hr \/>\n<p><strong>2013. febru\u00e1r 4. &#8211;\u00a0Napirendi pontok:<\/strong><\/p>\n<ol>\n<li>A Ment\u00e1lhigi\u00e9n\u00e9 Int\u00e9zet Ment\u00e1lhigi\u00e9n\u00e9 ter\u00fclet\u00e9n pedag\u00f3gus szakvizsg\u00e1ra felk\u00e9sz\u00edt\u0151 szakir\u00e1ny\u00fa tov\u00e1bbk\u00e9pz\u00e9si szak tanterv\u00e9nek \u00e9s tant\u00e1rgyprogramjainak akkredit\u00e1ci\u00f3ja (El\u0151terjeszt\u0151: Dr. T\u00f6r\u00f6k P\u00e9ter)<\/li>\n<li>Z\u00e1r\u00f3vizsg\u00e1zott, de nyelvvizsg\u00e1t nem szerzett hallgat\u00f3k oklevel\u00e9nek k\u00e9rd\u00e9se (El\u0151terjeszt\u0151: Dr. Sink\u00f3 Eszter)<\/li>\n<\/ol>\n<p>Egyebek<\/p>\n<ol start=\"3\">\n<li>El\u0151terjeszt\u0151: Dr. T\u00f6r\u00f6k P\u00e9ter<\/li>\n<\/ol>\n<hr \/>\n<p><strong>2013. febru\u00e1r 25. &#8211; Napirendi pontok:<\/strong><\/p>\n<ol>\n<li>A Ment\u00e1lhigi\u00e9n\u00e9 Int\u00e9zet \u201eMent\u00e1lhigi\u00e9n\u00e9s csal\u00e1dtudom\u00e1nyi \u00e9s csal\u00e1dter\u00e1pi\u00e1s mesterk\u00e9pz\u00e9si szak\u201d k\u00e9pz\u00e9s ind\u00edt\u00e1si akkredit\u00e1ci\u00f3ja (El\u0151terjeszt\u0151: Dr. habil T\u00f6r\u00f6k P\u00e9ter, Dr. T\u00f6r\u00f6k Szabolcs)<\/li>\n<li>A Ment\u00e1lhigi\u00e9n\u00e9 Int\u00e9zet \u201eMent\u00e1lhigi\u00e9n\u00e9 ter\u00fclet\u00e9n pedag\u00f3gus szakvizsg\u00e1ra felk\u00e9sz\u00edt\u0151 szakir\u00e1ny\u00fa tov\u00e1bbk\u00e9pz\u00e9si szak\u201d tanterv\u00e9nek \u00e9s tant\u00e1rgyprogramjainak akkredit\u00e1ci\u00f3ja (El\u0151terjeszt\u0151: Dr. habil T\u00f6r\u00f6k P\u00e9ter)<\/li>\n<li>A Ment\u00e1lhigi\u00e9n\u00e9 Int\u00e9zet \u201eMent\u00e1lhigi\u00e9n\u00e9s \u00e9s szervezetfejleszt\u0151 szakir\u00e1ny\u00fa tov\u00e1bbk\u00e9pz\u00e9si szak\u201d pedag\u00f3gus szakvizsgak\u00e9nt t\u00f6rt\u00e9n\u0151 elismertet\u00e9s\u00e9nek lehet\u0151s\u00e9ge (El\u0151terjeszt\u0151: Dr. habil T\u00f6r\u00f6k P\u00e9ter)<\/li>\n<li>Tudom\u00e1nyos Di\u00e1kk\u00f6ri Tan\u00e1cs kari (oktat\u00f3i \u00e9s hallgat\u00f3i) k\u00e9pvisel\u0151inek \u00fajrav\u00e1laszt\u00e1sa (El\u0151terjeszt\u0151: Dr. Ga\u00e1l P\u00e9ter)<\/li>\n<li>Az Eg\u00e9szs\u00e9g\u00fcgyi szervez\u0151 alapk\u00e9pz\u00e9si szak szakir\u00e1nyainak fejleszt\u00e9s\u00e9re vonatkoz\u00f3 t\u00e1j\u00e9koztat\u00e1s, kari strat\u00e9giai tervek (Dr. Ga\u00e1l P\u00e9ter, Dr. habil Dinya Elek)<\/li>\n<li>Kari T\u00e9r\u00edt\u00e9si \u00e9s Juttat\u00e1si Rend m\u00f3dos\u00edt\u00e1sa kari \u00f6nk\u00f6lts\u00e9gek\/k\u00f6lts\u00e9gt\u00e9r\u00edt\u00e9sek \u00e9s t\u00e9r\u00edt\u00e9si d\u00edjak (nulla kredites tant\u00e1rgyak, felv\u00e9teli elj\u00e1r\u00e1si d\u00edj, Europass oklev\u00e9lmell\u00e9klet volt hallgat\u00f3 sz\u00e1m\u00e1ra val\u00f3 ut\u00f3lagos ki\u00e1ll\u00edt\u00e1sa) vonatkoz\u00e1s\u00e1ban (El\u0151terjeszt\u0151: Dr. Ga\u00e1l P\u00e9ter, Dr. habil T\u00f6r\u00f6k P\u00e9ter)<\/li>\n<li>Magiszter program (El\u0151terjeszt\u0151: Dr. Belicza \u00c9va)<\/li>\n<\/ol>\n<p>Egyebek:<\/p>\n<ol start=\"8\">\n<li>TVSZ t\u00e1j\u00e9koztat\u00e1s (Dr. Davidovics Krisztina)<\/li>\n<li>T\u00e1j\u00e9koztat\u00e1s a k\u00f6lts\u00e9gvet\u00e9s helyzet\u00e9r\u0151l (Dr. Sink\u00f3 Eszter)<\/li>\n<\/ol>\n<hr \/>\n<p><strong>2013. m\u00e1jus 13. &#8211;\u00a0Napirendi pontok:<\/strong><\/p>\n<ol>\n<li>Szlov\u00e1k nyelv\u0171 kihelyezett k\u00e9pz\u00e9s p\u00f3t-z\u00e1r\u00f3vizsga bizotts\u00e1g eln\u00f6k\u00e9nek megv\u00e1laszt\u00e1sa, El\u0151terjeszt\u0151: Dr. Ga\u00e1l P\u00e9ter<\/li>\n<\/ol>\n<hr \/>\n<p><strong>2013. m\u00e1jus 27. &#8211;\u00a0Napirendi pontok:<\/strong><\/p>\n<ol>\n<li>Professor Emerita c\u00edm adom\u00e1nyoz\u00e1sa (El\u0151terjeszt\u0151: Dr. Ga\u00e1l P\u00e9ter)<\/li>\n<\/ol>\n<hr \/>\n<p><strong>2013. j\u00fanius 17. &#8211;\u00a0Napirendi pontok:<\/strong><\/p>\n<ol>\n<li>Ga\u00e1l P\u00e9ter az Eg\u00e9szs\u00e9g\u00fcgyi K\u00f6zszolg\u00e1lati Kar d\u00e9k\u00e1ni megb\u00edz\u00e1s\u00e1ra beny\u00fajtott p\u00e1ly\u00e1zat\u00e1nak v\u00e9lem\u00e9nyez\u00e9se (El\u0151terjeszt\u0151: Dr. Ga\u00e1l P\u00e9ter)<\/li>\n<li>Pethesn\u00e9 D\u00e1vid Be\u00e1ta a Ment\u00e1lhigi\u00e9n\u00e9 Int\u00e9zet igazgat\u00f3i megb\u00edz\u00e1s\u00e1ra beny\u00fajtott p\u00e1ly\u00e1zat\u00e1nak v\u00e9lem\u00e9nyez\u00e9se (El\u0151terjeszt\u0151: Dr. Ga\u00e1l P\u00e9ter)<\/li>\n<li>Egyetemi tan\u00e1ri (2 f\u0151) \u00e1ll\u00e1shely l\u00e9tes\u00edt\u00e9se a Ment\u00e1lhigi\u00e9n\u00e9 Int\u00e9zetben (El\u0151terjeszt\u0151: Dr. T\u00f6r\u00f6k P\u00e9ter)<\/li>\n<li>Egyetemi docensi (1 f\u0151) \u00e9s egyetemi tan\u00e1ri (1 f\u0151) \u00e1ll\u00e1shely l\u00e9tes\u00edt\u00e9se az Eg\u00e9szs\u00e9g\u00fcgyi Menedzserk\u00e9pz\u0151 K\u00f6zpontban (El\u0151terjeszt\u0151: Dr. Ga\u00e1l P\u00e9ter)<\/li>\n<li>Az Egyetemi Fel\u00fclb\u00edr\u00e1lati Bizotts\u00e1gba kari k\u00e9pvisel\u0151 deleg\u00e1l\u00e1sa (El\u0151terjeszt\u0151: Dr. Ga\u00e1l P\u00e9ter)<\/li>\n<li>Az Eg\u00e9szs\u00e9g\u00fcgyi menedzser mesterk\u00e9pz\u00e9si szak, az Executive eg\u00e9szs\u00e9g\u00fcgyi szakmenedzser szakir\u00e1ny\u00fa tov\u00e1bbk\u00e9pz\u00e9si szak (szlov\u00e1k kihelyezett k\u00e9pz\u00e9s), a Ment\u00e1lhigi\u00e9n\u00e9s lelkigondoz\u00f3 szakir\u00e1ny\u00fa tov\u00e1bbk\u00e9pz\u00e9si szak, valamint a Szoci\u00e1lis munka mesterk\u00e9pz\u00e9si szak z\u00e1r\u00f3vizsg\u00e1i eln\u00f6keinek megszavaz\u00e1sa (El\u0151terjeszt\u0151: Dr. Ga\u00e1l P\u00e9ter, Dr. T\u00f6r\u00f6k P\u00e9ter)<\/li>\n<li>A Kar T\u00e9r\u00edt\u00e9si \u00e9s Juttat\u00e1si Rendj\u00e9nek m\u00f3dos\u00edt\u00e1sa (egyes t\u00e9r\u00edt\u00e9si d\u00edjak \u00f6sszeg\u00e9nek m\u00f3dos\u00edt\u00e1sa) \u00a0(El\u0151terjeszt\u0151: Dr. Ga\u00e1l P\u00e9ter, \u00a0Dr. habil T\u00f6r\u00f6k P\u00e9ter)<\/li>\n<li>A Ment\u00e1lhigi\u00e9n\u00e9 Int\u00e9zet \u201eLakt\u00e1ci\u00f3s szaktan\u00e1csad\u00f3 vizsg\u00e1ra felk\u00e9sz\u00edt\u0151 szakir\u00e1ny\u00fa tov\u00e1bbk\u00e9pz\u00e9si szak\u201d tanterv\u00e9nek \u00e9s tant\u00e1rgyprogramjainak fel\u00fclvizsg\u00e1lata (El\u0151terjeszt\u0151: Dr. habil T\u00f6r\u00f6k P\u00e9ter)<\/li>\n<li>A Ment\u00e1lhigi\u00e9n\u00e9 Int\u00e9zet \u201eMent\u00e1lhigi\u00e9n\u00e9s \u00e9s szervezetfejleszt\u0151 szakir\u00e1ny\u00fa tov\u00e1bbk\u00e9pz\u00e9si szak\u201d tanterv\u00e9nek \u00e9s tant\u00e1rgyprogramjainak fel\u00fclvizsg\u00e1lata (El\u0151terjeszt\u0151: Dr. habil T\u00f6r\u00f6k P\u00e9ter)<\/li>\n<li>A Ment\u00e1lhigi\u00e9n\u00e9 Int\u00e9zet \u201eMent\u00e1lhigi\u00e9n\u00e9 ter\u00fclet\u00e9n pedag\u00f3gus-szakvizsg\u00e1ra felk\u00e9sz\u00edt\u0151 szakir\u00e1ny\u00fa tov\u00e1bbk\u00e9pz\u00e9si szak\u201d tanterv\u00e9nek \u00e9s tant\u00e1rgyprogramjainak fel\u00fclvizsg\u00e1lata (El\u0151terjeszt\u0151: Dr. habil T\u00f6r\u00f6k P\u00e9ter)<\/li>\n<li>A Ment\u00e1lhigi\u00e9n\u00e9 Int\u00e9zet \u201eSzoci\u00e1lis munka mesterk\u00e9pz\u00e9si szak\u201d tanterv\u00e9nek \u00e9s tant\u00e1rgyprogramjainak fel\u00fclvizsg\u00e1lata (El\u0151terjeszt\u0151: Dr. habil T\u00f6r\u00f6k P\u00e9ter)<\/li>\n<li>A Ment\u00e1lhigi\u00e9n\u00e9 Int\u00e9zet \u201eMent\u00e1lhigi\u00e9n\u00e9s lelkigondoz\u00f3 szakir\u00e1ny\u00fa tov\u00e1bbk\u00e9pz\u00e9si szak\u201d tanterv\u00e9nek \u00e9s tant\u00e1rgyprogramjainak fel\u00fclvizsg\u00e1lata (El\u0151terjeszt\u0151: Dr. habil T\u00f6r\u00f6k P\u00e9ter)<\/li>\n<li>Az Eg\u00e9szs\u00e9g\u00fcgyi Informatikai Fejleszt\u0151 \u00e9s Tov\u00e1bbk\u00e9pz\u0151 Int\u00e9zet \u201eKlinikai vizsg\u00e1lati asszisztens (CTA) szakir\u00e1ny\u00fa tov\u00e1bbk\u00e9pz\u00e9si szak\u201d bemeneti k\u00f6vetelm\u00e9nyeinek v\u00e1ltoz\u00e1sa (El\u0151terjeszt\u0151: Dr. habil Dinya Elek)<\/li>\n<li>Az Eg\u00e9szs\u00e9g\u00fcgyi Informatikai Fejleszt\u0151 \u00e9s Tov\u00e1bbk\u00e9pz\u0151 Int\u00e9zet \u201eEg\u00e9szs\u00e9g\u00fcgyi szervez\u0151 BSc alapk\u00e9pz\u00e9s eg\u00e9szs\u00e9gbiztos\u00edt\u00e1s szakir\u00e1ny\u201d ind\u00edt\u00e1sa (El\u0151terjeszt\u0151: Dr. habil Dinya Elek)<\/li>\n<li>Az Eg\u00e9szs\u00e9g\u00fcgyi Informatikai Fejleszt\u0151 \u00e9s Tov\u00e1bbk\u00e9pz\u0151 Int\u00e9zet \u201eEg\u00e9szs\u00e9g\u00fcgyi szervez\u0151 BSc alapk\u00e9pz\u00e9s \u00fcgyvitelszervez\u0151 szakir\u00e1ny\u201d tanterv\u00e9nek \u00e9s tant\u00e1rgyprogramjainak fel\u00fclvizsg\u00e1lata (El\u0151terjeszt\u0151: Dr. habil Dinya Elek)<\/li>\n<li>Az Eg\u00e9szs\u00e9g\u00fcgyi Menedzserk\u00e9pz\u0151 K\u00f6zpont \u201eEg\u00e9szs\u00e9g\u00fcgyi menedzser mesterk\u00e9pz\u00e9si szak\u201d tanterv\u00e9nek \u00e9s tant\u00e1rgyprogramjainak fel\u00fclvizsg\u00e1lata (El\u0151terjeszt\u0151: Dr. Ga\u00e1l P\u00e9ter)<\/li>\n<li>Az Eg\u00e9szs\u00e9g\u00fcgyi Menedzserk\u00e9pz\u0151 K\u00f6zpont \u201eExecutive Eg\u00e9szs\u00e9g\u00fcgyi szakmenedzser szakir\u00e1ny\u00fa tov\u00e1bbk\u00e9pz\u00e9si szak\u201d tanterv\u00e9nek \u00e9s tant\u00e1rgyprogramjainak fel\u00fclvizsg\u00e1lata (El\u0151terjeszt\u0151: Dr. Ga\u00e1l P\u00e9ter)<\/li>\n<\/ol>\n<p>Egyebek:<\/p>\n<ol start=\"18\">\n<li>Egys\u00e9ges K\u00f6zponti levelez\u0151rendszer (Dr. Ga\u00e1l P\u00e9ter)<\/li>\n<li>Diplomaoszt\u00f3kon val\u00f3 r\u00e9szv\u00e9tel : (Dr. habil Dinya Elek)<\/li>\n<li>K\u00f6rnyezetv\u00e9delem \u00fcgye (Dr. habil Dinya Elek)<\/li>\n<li>Szabads\u00e1gok (Dr. habil Dinya Elek)<\/li>\n<li>\u00daj hallgat\u00f3k felv\u00e9tele (Dr. habil Dinya Elek)<\/li>\n<li>Besz\u00e1mol\u00f3 TDK hallgat\u00f3kr\u00f3l (Dr. Darag\u00f3 L\u00e1szl\u00f3)<\/li>\n<li>Szoci\u00e1lis kedvezm\u00e9ny ny\u00fajt\u00e1sa hallgat\u00f3knak (Dr. Ga\u00e1l P\u00e9ter)<\/li>\n<\/ol>\n<hr \/>\n<p><strong>2013. szeptember 16. &#8211;\u00a0Napirendi pontok:<\/strong><\/p>\n<ol>\n<li>Az Eg\u00e9szs\u00e9g\u00fcgyi menedzser mesterk\u00e9pz\u00e9si szak z\u00e1r\u00f3vizsga eln\u00f6keinek megszavaz\u00e1sa (El\u0151terjeszt\u0151: Dr. Ga\u00e1l P\u00e9ter)<\/li>\n<li>Az Eg\u00e9szs\u00e9g\u00fcgyi Menedzserk\u00e9pz\u0151 K\u00f6zpont \u201eExecutive Eg\u00e9szs\u00e9g\u00fcgyi szakmenedzser szakir\u00e1ny\u00fa tov\u00e1bbk\u00e9pz\u00e9si szak\u201d k\u00e9pz\u00e9si \u00e9s kimeneti k\u00f6vetelm\u00e9nyeinek m\u00f3dos\u00edt\u00e1sa (El\u0151terjeszt\u0151: Dr. Ga\u00e1l P\u00e9ter)<\/li>\n<li>javaslat a szlov\u00e1k nyelv\u0171 Eg\u00e9szs\u00e9g\u00fcgyi menedzser mesterk\u00e9pz\u00e9si program mintatanterv\u00e9nek megv\u00e1ltoztat\u00e1s\u00e1ra (El\u0151terjeszt\u0151: Dr. Ga\u00e1l P\u00e9ter)<\/li>\n<li>A Szen\u00e1tus 2013. \u00e9v 2. (\u0151szi) f\u00e9l\u00e9vi munkaterv\u00e9hez el\u0151terjeszteni k\u00edv\u00e1nt t\u00e9m\u00e1k (El\u0151terjeszt\u0151: Dr. Ga\u00e1l P\u00e9ter)<\/li>\n<li>Nyelvi vizsga k\u00e9rd\u00e9se (El\u0151terjeszt\u0151: Dr. Ga\u00e1l P\u00e9ter)<\/li>\n<li>Kari k\u00e9pvisel\u0151 deleg\u00e1l\u00e1sa a Semmelweis Egyetem Doktori Tan\u00e1cs\u00e1ba (El\u0151terjeszt\u0151: Dr. T\u00f6r\u00f6k P\u00e9ter)<\/li>\n<\/ol>\n<p>Egyebek:<\/p>\n<ol start=\"5\">\n<li>t\u00e1j\u00e9koztat\u00f3 a MAB 2013\/2014. tan\u00e9vben orvos \u00e9s eg\u00e9szs\u00e9gtudom\u00e1ny,valamint sporttudom\u00e1ny k\u00e9pz\u00e9si ter\u00fcleteken folytatott programok akkredit\u00e1ci\u00f3j\u00e1r\u00f3l (Dr. Ga\u00e1l P\u00e9ter)\n<ol>\n<li>k\u00e9pz\u00e9sek akkredit\u00e1ci\u00f3ja<\/li>\n<li>oktat\u00f3-kutat\u00f3i l\u00e9tsz\u00e1m<\/li>\n<\/ol>\n<\/li>\n<li>t\u00e1j\u00e9koztat\u00f3 az Oktat\u00e1si Hivatallal kapcsolatos \u00fcgyekr\u0151l (Dr. Ga\u00e1l P\u00e9ter)\n<ol>\n<li>CTA bemeneti k\u00f6vetelm\u00e9nyeket m\u00f3dos\u00edt\u00f3 hat\u00e1rozat<\/li>\n<li>Ment\u00e1lhigi\u00e9n\u00e9s csal\u00e1dtudom\u00e1nyi \u00e9s csal\u00e1dter\u00e1pi\u00e1s mesterk\u00e9pz\u00e9si szak ind\u00edt\u00e1s<\/li>\n<\/ol>\n<\/li>\n<li>t\u00e1j\u00e9koztat\u00f3 az egyetemi Tanulm\u00e1nyi \u00e9s Vizsgaszab\u00e1lyzattal kapcsolatban (Dr. Ga\u00e1l P\u00e9ter)<\/li>\n<li>besz\u00e1mol\u00f3 a Tudom\u00e1nyos Tan\u00e1cs \u00fcl\u00e9s\u00e9r\u0151l (Dr. T\u00f6r\u00f6k P\u00e9ter)<\/li>\n<\/ol>\n<hr \/>\n<p><strong>2013. okt\u00f3ber 15. (vide\u00f3konferencia) &#8211;\u00a0Napirendi pontok:<\/strong><\/p>\n<p style=\"padding-left: 30px\">1. Z\u00e1r\u00f3vizsga bizotts\u00e1g eln\u00f6keinek megv\u00e1laszt\u00e1sa<\/p>\n<hr \/>\n<p><strong>2013. november 18. &#8211;\u00a0Napirendi pontok:<\/strong><\/p>\n<ol>\n<li>Az Eg\u00e9szs\u00e9g\u00fcgyi szervez\u0151 alapk\u00e9pz\u00e9s \u00fcgyvitelszervez\u0151 szakir\u00e1ny szakdolgozat, valamint z\u00e1r\u00f3vizsga bizotts\u00e1g eln\u00f6keinek megszavaz\u00e1sa (El\u0151terjeszt\u0151: Dr. Dinya Elek)<\/li>\n<li>Ment\u00e1lhigi\u00e9n\u00e9 Int\u00e9zet Lakt\u00e1ci\u00f3s szaktan\u00e1csad\u00f3 szakir\u00e1ny\u00fa tov\u00e1bbk\u00e9pz\u00e9si szak Z\u00e1r\u00f3vizsga Bizotts\u00e1g eln\u00f6k\u00e9nek j\u00f3v\u00e1hagy\u00e1sa (El\u0151terjeszt\u0151: Dr. Pethesn\u00e9 D\u00e1vid Be\u00e1ta)<\/li>\n<li>A Kar T\u00e9r\u00edt\u00e9si \u00e9s Juttat\u00e1si Rendj\u00e9nek m\u00f3dos\u00edt\u00e1sa (egyes t\u00e9r\u00edt\u00e9si d\u00edjak \u00f6sszeg\u00e9nek, valamint megnevez\u00e9s\u00e9nek m\u00f3dos\u00edt\u00e1sa) \u00a0(El\u0151terjeszt\u0151: Dr. Pethesn\u00e9 D\u00e1vid Be\u00e1ta)<\/li>\n<li>Kari Tan\u00e1cs \u00f6sszet\u00e9tel\u00e9nek meg\u00faj\u00edt\u00e1sa (El\u0151terjeszt\u0151: Dr. Ga\u00e1l P\u00e9ter)<\/li>\n<li>Kari egy\u00fcttm\u0171k\u00f6d\u00e9si meg\u00e1llapod\u00e1sok (El\u0151terjeszt\u0151: Dr. Ga\u00e1l P\u00e9ter)<\/li>\n<\/ol>\n<p>Egyebek:<\/p>\n<ol start=\"6\">\n<li>Educatio 2014 ki\u00e1ll\u00edt\u00e1s \u2013 felk\u00e9sz\u00fcl\u00e9s<\/li>\n<li>Egyetemi szint\u0171 kit\u00fcntet\u00e9si javaslatok<\/li>\n<li>Besz\u00e1mol\u00f3 a Kari Ny\u00edlt Napr\u00f3l<\/li>\n<\/ol>\n<hr \/>\n<p><strong>2013. december 2. &#8211;\u00a0Napirendi pontok:<\/strong><\/p>\n<ol>\n<li>A Kari Tan\u00e1cs \u00f6sszet\u00e9tel\u00e9nek meg\u00faj\u00edt\u00e1sa (El\u0151terjeszt\u0151: Dr. Ga\u00e1l P\u00e9ter)<\/li>\n<li>A Karon m\u0171k\u00f6d\u0151, a Szen\u00e1tus \u00e1ltal l\u00e9trehozott bizotts\u00e1gok \u00f6sszet\u00e9tel\u00e9nek meg\u00faj\u00edt\u00e1sa (El\u0151terjeszt\u0151: Dr. Ga\u00e1l P\u00e9ter)<\/li>\n<li>A Ment\u00e1lhigi\u00e9n\u00e9 Int\u00e9zet Ment\u00e1lhigi\u00e9n\u00e9s \u00e9s szervezetfejleszt\u0151 szakir\u00e1ny\u00fa tov\u00e1bbk\u00e9pz\u00e9si szak k\u00e9pz\u00e9si ter\u00fclet besorol\u00e1s\u00e1nak m\u00f3dos\u00edt\u00e1si javaslata (El\u0151terjeszt\u0151: Dr. Pethesn\u00e9 D\u00e1vid Be\u00e1ta)<\/li>\n<li>A Ment\u00e1lhigi\u00e9n\u00e9 Int\u00e9zet Szoci\u00e1lis munka mesterk\u00e9pz\u00e9si szakon a Z\u00e1r\u00f3vizsga Bizotts\u00e1g eln\u00f6k\u00e9nek j\u00f3v\u00e1hagy\u00e1sa (El\u0151terjeszt\u0151: Dr. Pethesn\u00e9 D\u00e1vid Be\u00e1ta\uf029<\/li>\n<li>A KS\/KORL\/27\/2013. Rektori k\u00f6rlev\u00e9llel kapcsolatos, a Semmelweis Egyetem szervezeti egys\u00e9geinek alhonlapjait \u00e9rint\u0151 feladatok (El\u0151terjeszt\u0151: Dr. Ga\u00e1l P\u00e9ter)<\/li>\n<\/ol>\n<p>Egyebek:<\/p>\n<ol start=\"6\">\n<li>Neumann Kollokvium besz\u00e1mol\u00f3 (El\u0151terjeszt\u0151: Dinya Elek)<\/li>\n<li>Az Eg\u00e9szs\u00e9g\u00fcgyi szervez\u0151 alapszak, eg\u00e9szs\u00e9g\u00fcgyi \u00fcgyvitelszervez\u0151 szakir\u00e1ny hallgat\u00f3inak szakdolgozatv\u00e9d\u00e9se (El\u0151terjeszt\u0151: Dinya Elek)<\/li>\n<\/ol>\n","protected":false},"excerpt":{"rendered":"<p>2013. janu\u00e1r 22. &#8211; Napirendi pontok: D\u00f6nt\u00e9s az Eg\u00e9szs\u00e9g\u00fcgyi K\u00f6zszolg\u00e1lati Kar \u00e1ltal a Szen\u00e1tusba deleg\u00e1lt szem\u00e9lyr\u0151l a 124\/b\/2012. (XII.13.) sz\u00e1m\u00fa szen\u00e1tusi hat\u00e1rozat \u00e9rtelm\u00e9ben, a 28\/2012 sz\u00e1m\u00fa rektori k\u00f6rlev\u00e9l el\u0151\u00edr\u00e1sai szerint \u00a0(el\u0151terjeszt\u0151: Dr. Ga\u00e1l P\u00e9ter) V\u00e9lem\u00e9ny-nyilv\u00e1n\u00edt\u00e1s Dr. habil Dinya Elek egyetemi tan\u00e1ri p\u00e1ly\u00e1zat\u00e1r\u00f3l (El\u0151terjeszt\u0151: Dr. Ga\u00e1l P\u00e9ter) Kari T\u00e9r\u00edt\u00e9si \u00e9s Juttat\u00e1si Rend m\u00f3dos\u00edt\u00e1sa (El\u0151terjeszt\u0151: Ga\u00e1l P\u00e9ter) &hellip;<\/p>\n","protected":false},"author":101020,"featured_media":0,"parent":1201,"menu_order":13,"comment_status":"closed","ping_status":"closed","template":"","meta":{"_acf_changed":false,"footnotes":""},"categories":[],"tags":[],"class_list":["post-2247","page","type-page","status-publish","hentry"],"acf":[],"_links":{"self":[{"href":"https:\/\/semmelweis.hu\/ekk\/wp-json\/wp\/v2\/pages\/2247","targetHints":{"allow":["GET"]}}],"collection":[{"href":"https:\/\/semmelweis.hu\/ekk\/wp-json\/wp\/v2\/pages"}],"about":[{"href":"https:\/\/semmelweis.hu\/ekk\/wp-json\/wp\/v2\/types\/page"}],"author":[{"embeddable":true,"href":"https:\/\/semmelweis.hu\/ekk\/wp-json\/wp\/v2\/users\/101020"}],"replies":[{"embeddable":true,"href":"https:\/\/semmelweis.hu\/ekk\/wp-json\/wp\/v2\/comments?post=2247"}],"version-history":[{"count":2,"href":"https:\/\/semmelweis.hu\/ekk\/wp-json\/wp\/v2\/pages\/2247\/revisions"}],"predecessor-version":[{"id":2253,"href":"https:\/\/semmelweis.hu\/ekk\/wp-json\/wp\/v2\/pages\/2247\/revisions\/2253"}],"up":[{"embeddable":true,"href":"https:\/\/semmelweis.hu\/ekk\/wp-json\/wp\/v2\/pages\/1201"}],"wp:attachment":[{"href":"https:\/\/semmelweis.hu\/ekk\/wp-json\/wp\/v2\/media?parent=2247"}],"wp:term":[{"taxonomy":"category","embeddable":true,"href":"https:\/\/semmelweis.hu\/ekk\/wp-json\/wp\/v2\/categories?post=2247"},{"taxonomy":"post_tag","embeddable":true,"href":"https:\/\/semmelweis.hu\/ekk\/wp-json\/wp\/v2\/tags?post=2247"}],"curies":[{"name":"wp","href":"https:\/\/api.w.org\/{rel}","templated":true}]}}