{"id":2242,"date":"2017-05-03T12:13:52","date_gmt":"2017-05-03T10:13:52","guid":{"rendered":"http:\/\/semmelweis.hu\/ekk\/?page_id=2242"},"modified":"2026-01-08T14:09:43","modified_gmt":"2026-01-08T13:09:43","slug":"kari-tanacs-ulesek-2014","status":"publish","type":"page","link":"https:\/\/semmelweis.hu\/ekk\/a-karrol\/kari-tanacs\/kari-tanacs-ulesek\/kari-tanacs-ulesek-2014\/","title":{"rendered":"Kari Tan\u00e1cs \u00fcl\u00e9sek 2014."},"content":{"rendered":"<p><strong>2014.\u00a0janu\u00e1r 13. \u2013 Napirendi pontok:<\/strong><\/p>\n<ol>\n<li>V\u00e9lem\u00e9nynyilv\u00e1n\u00edt\u00e1s Dr. Bakacsi Gyula, Dr. Pethesn\u00e9 D\u00e1vid Be\u00e1ta, valamint Prof. Dr. Sz\u00e9man Zsuzsa egyetemi tan\u00e1ri p\u00e1ly\u00e1zat\u00e1r\u00f3l (El\u0151terjeszt\u0151: Dr. Ga\u00e1l P\u00e9ter)<\/li>\n<li>V\u00e9lem\u00e9nynyilv\u00e1n\u00edt\u00e1s Dr. Bakacsi Gyula docensi p\u00e1ly\u00e1zat\u00e1r\u00f3l (El\u0151terjeszt\u0151: Dr. Ga\u00e1l P\u00e9ter)<\/li>\n<li>V\u00e9lem\u00e9nynyilv\u00e1n\u00edt\u00e1s egyetemi szint\u0171 kit\u00fcntet\u00e9sekr\u0151l (El\u0151terjeszt\u0151: Dr. Ga\u00e1l P\u00e9ter)<\/li>\n<li>T\u00e1j\u00e9koztat\u00f3 a 2015. \u00e9vre meghirdetni tervezett egyetemi tan\u00e1ri \u00e9s docensi \u00e1ll\u00e1shelyek ki\u00edr\u00e1s\u00e1r\u00f3l (El\u0151terjeszt\u0151: Dr. Ga\u00e1l P\u00e9ter)<\/li>\n<li>Az Eg\u00e9szs\u00e9g\u00fcgyi Menedzserk\u00e9pz\u0151 K\u00f6zpont Eg\u00e9szs\u00e9g\u00fcgyi menedzser mesterk\u00e9pz\u00e9si szak, valamint az Executive eg\u00e9szs\u00e9g\u00fcgyi szakmenedzser szakir\u00e1ny\u00fa tov\u00e1bbk\u00e9pz\u00e9si szak Z\u00e1r\u00f3vizsga Bizotts\u00e1g eln\u00f6keinek j\u00f3v\u00e1hagy\u00e1sa (El\u0151terjeszt\u0151: Dr. Ga\u00e1l P\u00e9ter)<\/li>\n<li>A Kar T\u00e9r\u00edt\u00e9si \u00e9s Juttat\u00e1si Rendj\u00e9nek m\u00f3dos\u00edt\u00e1sa (Ment\u00e1lhigi\u00e9n\u00e9 Int\u00e9zet egyes k\u00e9pz\u00e9seire vonatkoz\u00f3 t\u00e9r\u00edt\u00e9si d\u00edjak \u00f6sszeg\u00e9nek m\u00f3dos\u00edt\u00e1sa) (El\u0151terjeszt\u0151: Dr. Pethesn\u00e9 D\u00e1vid Be\u00e1ta)<\/li>\n<li>Integr\u00e1lt sz\u00fcl\u0151-csecsem\u0151 konzult\u00e1ci\u00f3 szakir\u00e1ny\u00fa tov\u00e1bbk\u00e9pz\u00e9si szak ind\u00edt\u00e1sa a Ment\u00e1lhigi\u00e9n\u00e9 Int\u00e9zetben (El\u0151terjeszt\u0151: Dr. Pethesn\u00e9 D\u00e1vid Be\u00e1ta)<\/li>\n<\/ol>\n<p>Egyebek:<\/p>\n<ol start=\"8\">\n<li>Szen\u00e1tus 2014. \u00e9v 1. f\u00e9l\u00e9vi munkaterv\u00e9hez el\u0151k\u00e9sz\u00edteni tervezett EKK el\u0151terjeszt\u00e9sek (El\u0151terjeszt\u0151: Dr. Ga\u00e1l P\u00e9ter)<\/li>\n<li>A 2014\u20132015. \u00e9vi Erasmus+ hallgat\u00f3i tanulm\u00e1nyi \u00e9s szakmai mobilit\u00e1s-p\u00e1ly\u00e1zat (El\u0151terjeszt\u0151: Dr. Ga\u00e1l P\u00e9ter)<\/li>\n<li>TDK aktivit\u00e1s id\u0151tartama (El\u0151terjeszt\u0151: Dr. Ga\u00e1l P\u00e9ter)<\/li>\n<li>Educatio ki\u00e1ll\u00edt\u00e1s (El\u0151terjeszt\u0151: Dr. Dinya Elek, H\u00d6K k\u00e9pvisel\u0151i)<\/li>\n<li>Eg\u00e9szs\u00e9g\u00fcgyi szervez\u0151 alapszak eg\u00e9szs\u00e9g\u00fcgyi \u00fcgyvitelszervez\u0151 szakir\u00e1ny v\u00e9gz\u0151s hallgat\u00f3inak diplomaoszt\u00f3 \u00fcnneps\u00e9ge (El\u0151terjeszt\u0151: Dr. Dinya Elek)<\/li>\n<\/ol>\n<hr \/>\n<p><strong>2014.\u00a0\u00e1prilis 7. &#8211; Napirendi pontok:\u00a0<\/strong><\/p>\n<ol>\n<li>Doctor Honoris Causa (El\u0151terjeszt\u0151: Dr. Ga\u00e1l P\u00e9ter) (t\u00f6r\u00f6lve)<\/li>\n<li>\u00c1llami kit\u00fcntet\u00e9sekkel kapcsolatos felh\u00edv\u00e1sok, t\u00e1j\u00e9koztat\u00f3k (El\u0151terjeszt\u0151: Dr.Ga\u00e1l P\u00e9ter)<\/li>\n<li>Alumni Tan\u00e1cs &#8211; kari k\u00e9pvisel\u0151 (El\u0151terjeszt\u0151: Dr. Ga\u00e1l P\u00e9ter)<\/li>\n<li>Kutat\u00e1setikai Bizotts\u00e1g \u00e9s Tudom\u00e1nyetikai K\u00f3dex (El\u0151terjeszt\u0151: Dr. Pethesn\u00e9 D\u00e1vid Be\u00e1ta)<\/li>\n<li>A Kar T\u00e9r\u00edt\u00e9si \u00e9s Juttat\u00e1si Rendj\u00e9nek m\u00f3dos\u00edt\u00e1sa (El\u0151terjeszt\u0151: Dr. Ga\u00e1l P\u00e9ter, Dr. Pethesn\u00e9 D\u00e1vid Be\u00e1ta)<\/li>\n<li>Eg\u00e9szs\u00e9g\u00fcgyi Menedzserk\u00e9pz\u0151 K\u00f6zpont Eg\u00e9szs\u00e9g\u00fcgyi menedzser mesterk\u00e9pz\u00e9si szak, valamint az Executive eg\u00e9szs\u00e9g\u00fcgyi szakmenedzser szakir\u00e1ny\u00fa tov\u00e1bbk\u00e9pz\u00e9si szak Z\u00e1r\u00f3vizsga Bizotts\u00e1g eln\u00f6keinek j\u00f3v\u00e1hagy\u00e1sa (El\u0151terjeszt\u0151: Dr. Ga\u00e1l P\u00e9ter)<\/li>\n<li>Ment\u00e1lhigi\u00e9n\u00e9 Int\u00e9zet Ment\u00e1lhigi\u00e9n\u00e9s \u00e9s szervezetfejleszt\u0151 szakir\u00e1ny\u00fa tov\u00e1bbk\u00e9pz\u00e9si szak, valamint Ment\u00e1lhigi\u00e9n\u00e9 ter\u00fclet\u00e9n pedag\u00f3gus-szakvizsg\u00e1ra felk\u00e9sz\u00edt\u0151 szakir\u00e1ny\u00fa tov\u00e1bbk\u00e9pz\u00e9si szak Z\u00e1r\u00f3vizsga Bizotts\u00e1g eln\u00f6keinek j\u00f3v\u00e1hagy\u00e1sa (El\u0151terjeszt\u0151: Pethesn\u00e9 D\u00e1vid Be\u00e1ta)<\/li>\n<li>Tan\u00e9v rendje (El\u0151terjeszt\u0151: Dr. Ga\u00e1l P\u00e9ter) Kari Nap szervez\u00e9se (El\u0151terjeszt\u0151: Sz\u00e9cs\u00e9nyi-Nagy Bal\u00e1zs, H\u00d6K k\u00e9pvisel\u0151i)<\/li>\n<li>Eg\u00e9szs\u00e9g\u00fcgyi szervez\u0151 alapk\u00e9pz\u00e9s eg\u00e9szs\u00e9gbiztos\u00edt\u00e1si szakir\u00e1ny ind\u00edt\u00e1sa az Eg\u00e9szs\u00e9g\u00fcgyi Informatikai Fejleszt\u0151 \u00e9s Tov\u00e1bbk\u00e9pz\u0151 Int\u00e9zetben (El\u0151terjeszt\u0151: Dr. Dinya Elek)<\/li>\n<li>Ment\u00e1lhigi\u00e9n\u00e9s csal\u00e1dtudom\u00e1nyi \u00e9s csal\u00e1dter\u00e1pi\u00e1s mesterk\u00e9pz\u00e9si szak k\u00e9pz\u00e9si \u00e9s kimeneti k\u00f6vetelm\u00e9nyeinek m\u00f3dos\u00edt\u00e1sa (El\u0151terjeszt\u0151: Dr. Pethesn\u00e9 D\u00e1vid Be\u00e1ta)<\/li>\n<\/ol>\n<p>Egyebek:<\/p>\n<ol start=\"11\">\n<li>Publik\u00e1ci\u00f3k (El\u0151terjeszt\u0151: Dr. Ga\u00e1l P\u00e9ter)<\/li>\n<li>OH h\u00edrek (Dr. Dinya Elek)<\/li>\n<li>Semmelweis Szimp\u00f3zium (El\u0151terjeszt\u0151: Dr. Ga\u00e1l P\u00e9ter)<\/li>\n<li>CKOB szavaz\u00e1s (El\u0151terjeszt\u0151: Dr. Ga\u00e1l P\u00e9ter)<\/li>\n<li>Kari TDK Konferencia besz\u00e1mol\u00f3 (El\u0151terjeszt\u0151: Dr. Darag\u00f3 L\u00e1szl\u00f3)<\/li>\n<li>Rekl\u00e1mok kit\u00e9tele Kari hirdet\u00e9si fel\u00fcleteken (El\u0151terjeszt\u0151: Dr. Ga\u00e1l P\u00e9ter)<\/li>\n<\/ol>\n<hr \/>\n<p><strong>2014. j\u00fanius 11. &#8211; Napirendi pontok:\u00a0<\/strong><\/p>\n<ol>\n<li>Eg\u00e9szs\u00e9g\u00fcgyi Menedzserk\u00e9pz\u0151 K\u00f6zpont Eg\u00e9szs\u00e9g\u00fcgyi menedzser mesterk\u00e9pz\u00e9si szak Z\u00e1r\u00f3vizsga Bizotts\u00e1g eln\u00f6keinek j\u00f3v\u00e1hagy\u00e1sa (El\u0151terjeszt\u0151: Dr. Ga\u00e1l P\u00e9ter)<\/li>\n<li>Ment\u00e1lhigi\u00e9n\u00e9 Int\u00e9zet Szoci\u00e1lis munka mesterk\u00e9pz\u00e9si szak, valamint Ment\u00e1lhigi\u00e9n\u00e9 ter\u00fclet\u00e9n pedag\u00f3gus-szakvizsg\u00e1ra felk\u00e9sz\u00edt\u0151 szakir\u00e1ny\u00fa tov\u00e1bbk\u00e9pz\u00e9si szak Z\u00e1r\u00f3vizsga Bizotts\u00e1g eln\u00f6keinek j\u00f3v\u00e1hagy\u00e1sa (El\u0151terjeszt\u0151: Pethesn\u00e9 D\u00e1vid Be\u00e1ta)<\/li>\n<li>Tanulm\u00e1nyi \u00e9s Vizsgaszab\u00e1lyzat, T\u00e9r\u00edt\u00e9si \u00e9s Juttat\u00e1si Szab\u00e1lyzat \u2013 t\u00e1j\u00e9koztat\u00e1s a szen\u00e1tusi d\u00f6nt\u00e9sr\u0151l (El\u0151terjeszt\u0151: Dr. Ga\u00e1l P\u00e9ter)<\/li>\n<li>A Kar T\u00e9r\u00edt\u00e9si \u00e9s Juttat\u00e1si Rendj\u00e9nek m\u00f3dos\u00edt\u00e1sa (El\u0151terjeszt\u0151: Dr. Ga\u00e1l P\u00e9ter)<\/li>\n<li>Tan\u00e9v rendje tan\u00e9vk\u00f6nyvh\u00f6z (El\u0151terjeszt\u0151: Dr. Ga\u00e1l P\u00e9ter)<\/li>\n<li>Eg\u00e9szs\u00e9g\u00fcgyi Menedzserk\u00e9pz\u0151 K\u00f6zpont szlov\u00e1k nyelv\u0171 Eg\u00e9szs\u00e9g\u00fcgyi menedzser mesterk\u00e9pz\u00e9si szak mintatanterv\u00e9nek m\u00f3dos\u00edt\u00e1sa (El\u0151terjeszt\u0151: Dr. Ga\u00e1l P\u00e9ter)<\/li>\n<li>Eg\u00e9szs\u00e9g\u00fcgyi szervez\u0151 alapk\u00e9pz\u00e9si szak tanterv\u00e9nek m\u00f3dos\u00edt\u00e1sa (&#8222;Polg\u00e1ri v\u00e9delmi \u00e9s katasztr\u00f3fav\u00e9delmi ismeretek&#8221; tant\u00e1rgy) (El\u0151terjeszt\u0151: Dr. Dinya Elek)<\/li>\n<li>Ment\u00e1lhigi\u00e9n\u00e9s \u00e9s szervezetfejleszt\u0151 szakir\u00e1ny\u00fa tov\u00e1bbk\u00e9pz\u00e9si szak tanterv\u00e9nek m\u00f3dos\u00edt\u00e1sa (k\u00e9t tant\u00e1rgy \u2013 \u201eSeg\u00edt\u0151 kapcsolat\u201d \u00e9s \u201eTerepmunka \u00e9s projektmenedzsment\u201d \u2013 k\u00e9pz\u00e9si hossz\u00e1nak, tartalm\u00e1nak v\u00e1ltoz\u00e1sa) (El\u0151terjeszt\u0151: Dr. Pethesn\u00e9 D\u00e1vid Be\u00e1ta)<\/li>\n<li>Oktat\u00f3k k\u00e9pz\u00e9si tananyaga \u2013 \u201eTrain the trainers\u201d k\u00e9pz\u00e9s tematik\u00e1j\u00e1nak j\u00f3v\u00e1hagy\u00e1sa (El\u0151terjeszt\u0151: Dr. Ga\u00e1l P\u00e9ter)<\/li>\n<li>\u201eBels\u0151 koordin\u00e1torok\u201d k\u00e9pz\u00e9s tematik\u00e1j\u00e1nak j\u00f3v\u00e1hagy\u00e1sa (El\u0151terjeszt\u0151: Dr. Ga\u00e1l P\u00e9ter)<\/li>\n<li>Kari szervezeti \u00e1talak\u00edt\u00e1ssal \u00f6sszef\u00fcgg\u0151 k\u00e9rd\u00e9sek &#8211; Tansz\u00e9ki csoport l\u00e9trehoz\u00e1sa (El\u0151terjeszt\u0151: Dr. Ga\u00e1l P\u00e9ter)<\/li>\n<\/ol>\n<p>Egyebek:<\/p>\n<ol start=\"12\">\n<li>j\u00falius 1-jei munkasz\u00fcneti nap<\/li>\n<li>Okt\u00f3ber 23-i \u00fcnneps\u00e9g megszervez\u00e9se<\/li>\n<li>Besz\u00e1mol\u00f3 az Etikai munkacsoport eddigi tev\u00e9kenys\u00e9g\u00e9r\u0151l<\/li>\n<\/ol>\n<hr \/>\n<p><strong>2014. okt\u00f3ber 3. &#8211; Napirendi pontok:<\/strong><\/p>\n<ol>\n<li>Az Eg\u00e9szs\u00e9g\u00fcgyi Menedzserk\u00e9pz\u0151 K\u00f6zpont Eg\u00e9szs\u00e9g\u00fcgyi menedzser mesterk\u00e9pz\u00e9si szak Z\u00e1r\u00f3vizsga Bizotts\u00e1g eln\u00f6keinek j\u00f3v\u00e1hagy\u00e1sa (El\u0151terjeszt\u0151: Dr. Sz\u00f3cska Mikl\u00f3s)<\/li>\n<li>A Kar T\u00e9r\u00edt\u00e9si \u00e9s Juttat\u00e1si Rendj\u00e9nek m\u00f3dos\u00edt\u00e1sa (El\u0151terjeszt\u0151: Dr. Dinya Elek)<\/li>\n<\/ol>\n<hr \/>\n<p><strong>2014.\u00a0november 19. &#8211; Napirendi pontok:<\/strong><\/p>\n<ol>\n<li>Sz\u00f3cska Mikl\u00f3s az Eg\u00e9szs\u00e9g\u00fcgyi Menedzserk\u00e9pz\u0151 K\u00f6zpont igazgat\u00f3i megb\u00edz\u00e1s\u00e1ra beny\u00fajtott p\u00e1ly\u00e1zat\u00e1nak v\u00e9lem\u00e9nyez\u00e9se (El\u0151terjeszt\u0151: Dr. Ga\u00e1l P\u00e9ter)<\/li>\n<li>Az Eg\u00e9szs\u00e9g\u00fcgyi Informatikai Fejleszt\u0151 \u00e9s Tov\u00e1bbk\u00e9pz\u0151 Int\u00e9zet Eg\u00e9szs\u00e9g\u00fcgyi szervez\u0151 alapk\u00e9pz\u00e9s eg\u00e9szs\u00e9gbiztos\u00edt\u00e1s szakir\u00e1ny akkredit\u00e1ci\u00f3j\u00e1nak kezdem\u00e9nyez\u00e9se (El\u0151terjeszt\u0151: Dr. Dinya Elek)<\/li>\n<li>A Karon m\u0171k\u00f6d\u0151, a Szen\u00e1tus \u00e9s a Kar \u00e1ltal l\u00e9trehozott bizotts\u00e1gok \u00f6sszet\u00e9tel\u00e9nek meg\u00faj\u00edt\u00e1sa (El\u0151terjeszt\u0151: Dr. Ga\u00e1l P\u00e9ter)<\/li>\n<li>Az Eg\u00e9szs\u00e9g\u00fcgyi Menedzserk\u00e9pz\u0151 K\u00f6zpont Eg\u00e9szs\u00e9g\u00fcgyi menedzser mesterk\u00e9pz\u00e9si szak (magyar \u00e9s szlov\u00e1k nyelv\u0171 k\u00e9pz\u00e9sben) Z\u00e1r\u00f3vizsga Bizotts\u00e1g eln\u00f6keinek j\u00f3v\u00e1hagy\u00e1sa (El\u0151terjeszt\u0151: Dr. Sz\u00f3cska Mikl\u00f3s)<\/li>\n<li>A Ment\u00e1lhigi\u00e9n\u00e9 Int\u00e9zet Szoci\u00e1lis munka mesterk\u00e9pz\u00e9si szak Z\u00e1r\u00f3vizsga Bizotts\u00e1g eln\u00f6keinek j\u00f3v\u00e1hagy\u00e1sa (El\u0151terjeszt\u0151: Dr. Pethesn\u00e9 D\u00e1vid Be\u00e1ta)<\/li>\n<li>Az Eg\u00e9szs\u00e9g\u00fcgyi Informatikai Fejleszt\u0151 \u00e9s Tov\u00e1bbk\u00e9pz\u0151 Int\u00e9zet Eg\u00e9szs\u00e9g\u00fcgyi szervez\u0151 alapk\u00e9pz\u00e9s \u00fcgyvitelszervez\u0151 szakir\u00e1ny szakdolgozat, valamint z\u00e1r\u00f3vizsga bizotts\u00e1g eln\u00f6keinek j\u00f3v\u00e1hagy\u00e1sa (El\u0151terjeszt\u0151: Dr. Dinya Elek)<\/li>\n<li>Szen\u00e1tus \u00e1ltal l\u00e9trehozott egyetemi bizotts\u00e1gokba, tov\u00e1bb\u00e1 az Alumni Igazgat\u00f3tan\u00e1csba Kari k\u00e9pvisel\u0151 deleg\u00e1l\u00e1sa (El\u0151terjeszt\u0151: Dr. Ga\u00e1l P\u00e9ter)<\/li>\n<li>Az Eg\u00e9szs\u00e9g\u00fcgyi Informatikai Fejleszt\u0151 \u00e9s Tov\u00e1bbk\u00e9pz\u0151 Int\u00e9zet Eg\u00e9szs\u00e9g\u00fcgyi szervez\u0151 alapk\u00e9pz\u00e9si szak mintatanterv\u00e9nek v\u00e1ltoz\u00e1sa (El\u0151terjeszt\u0151: Dr. Dinya Elek)<\/li>\n<\/ol>\n<p>Egyebek:<\/p>\n<ol start=\"9\">\n<li>Kutat\u00e1setikai Bizotts\u00e1g \u00e9s Tudom\u00e1nyetikai K\u00f3dex l\u00e9trehoz\u00e1s\u00e1val kapcsolatos munkacsoporti el\u0151k\u00e9sz\u00edt\u0151 munka bemutat\u00e1sa (El\u0151terjeszt\u0151: Dr. Pethesn\u00e9 D\u00e1vid Be\u00e1ta)<\/li>\n<\/ol>\n<hr \/>\n<p><strong>2014. december 8. &#8211; Napirendi pontok:<\/strong><\/p>\n<ol>\n<li>Szabadon v\u00e1laszthat\u00f3 tant\u00e1rgyak tant\u00e1rgyi programj\u00e1nak j\u00f3v\u00e1hagy\u00e1sa az Eg\u00e9szs\u00e9g\u00fcgyi menedzser mesterk\u00e9pz\u00e9si szakon (El\u0151terjeszt\u0151: Dr. Sz\u00f3cska Mikl\u00f3s)<\/li>\n<\/ol>\n","protected":false},"excerpt":{"rendered":"<p>2014.\u00a0janu\u00e1r 13. \u2013 Napirendi pontok: V\u00e9lem\u00e9nynyilv\u00e1n\u00edt\u00e1s Dr. Bakacsi Gyula, Dr. Pethesn\u00e9 D\u00e1vid Be\u00e1ta, valamint Prof. Dr. Sz\u00e9man Zsuzsa egyetemi tan\u00e1ri p\u00e1ly\u00e1zat\u00e1r\u00f3l (El\u0151terjeszt\u0151: Dr. Ga\u00e1l P\u00e9ter) V\u00e9lem\u00e9nynyilv\u00e1n\u00edt\u00e1s Dr. Bakacsi Gyula docensi p\u00e1ly\u00e1zat\u00e1r\u00f3l (El\u0151terjeszt\u0151: Dr. Ga\u00e1l P\u00e9ter) V\u00e9lem\u00e9nynyilv\u00e1n\u00edt\u00e1s egyetemi szint\u0171 kit\u00fcntet\u00e9sekr\u0151l (El\u0151terjeszt\u0151: Dr. Ga\u00e1l P\u00e9ter) T\u00e1j\u00e9koztat\u00f3 a 2015. \u00e9vre meghirdetni tervezett egyetemi tan\u00e1ri \u00e9s docensi \u00e1ll\u00e1shelyek ki\u00edr\u00e1s\u00e1r\u00f3l &hellip;<\/p>\n","protected":false},"author":101020,"featured_media":0,"parent":1201,"menu_order":12,"comment_status":"closed","ping_status":"closed","template":"","meta":{"_acf_changed":false,"footnotes":""},"categories":[],"tags":[],"class_list":["post-2242","page","type-page","status-publish","hentry"],"acf":[],"_links":{"self":[{"href":"https:\/\/semmelweis.hu\/ekk\/wp-json\/wp\/v2\/pages\/2242","targetHints":{"allow":["GET"]}}],"collection":[{"href":"https:\/\/semmelweis.hu\/ekk\/wp-json\/wp\/v2\/pages"}],"about":[{"href":"https:\/\/semmelweis.hu\/ekk\/wp-json\/wp\/v2\/types\/page"}],"author":[{"embeddable":true,"href":"https:\/\/semmelweis.hu\/ekk\/wp-json\/wp\/v2\/users\/101020"}],"replies":[{"embeddable":true,"href":"https:\/\/semmelweis.hu\/ekk\/wp-json\/wp\/v2\/comments?post=2242"}],"version-history":[{"count":1,"href":"https:\/\/semmelweis.hu\/ekk\/wp-json\/wp\/v2\/pages\/2242\/revisions"}],"predecessor-version":[{"id":2243,"href":"https:\/\/semmelweis.hu\/ekk\/wp-json\/wp\/v2\/pages\/2242\/revisions\/2243"}],"up":[{"embeddable":true,"href":"https:\/\/semmelweis.hu\/ekk\/wp-json\/wp\/v2\/pages\/1201"}],"wp:attachment":[{"href":"https:\/\/semmelweis.hu\/ekk\/wp-json\/wp\/v2\/media?parent=2242"}],"wp:term":[{"taxonomy":"category","embeddable":true,"href":"https:\/\/semmelweis.hu\/ekk\/wp-json\/wp\/v2\/categories?post=2242"},{"taxonomy":"post_tag","embeddable":true,"href":"https:\/\/semmelweis.hu\/ekk\/wp-json\/wp\/v2\/tags?post=2242"}],"curies":[{"name":"wp","href":"https:\/\/api.w.org\/{rel}","templated":true}]}}