{"id":2240,"date":"2017-05-03T11:49:35","date_gmt":"2017-05-03T09:49:35","guid":{"rendered":"http:\/\/semmelweis.hu\/ekk\/?page_id=2240"},"modified":"2026-01-08T14:09:36","modified_gmt":"2026-01-08T13:09:36","slug":"kari-tanacs-ulesek-2015","status":"publish","type":"page","link":"https:\/\/semmelweis.hu\/ekk\/a-karrol\/kari-tanacs\/kari-tanacs-ulesek\/kari-tanacs-ulesek-2015\/","title":{"rendered":"Kari Tan\u00e1cs \u00fcl\u00e9sek 2015."},"content":{"rendered":"<p><strong>2015. janu\u00e1r 13. \u2013 Napirendi pontok:<\/strong><\/p>\n<ol>\n<li>V\u00e9lem\u00e9nynyilv\u00e1n\u00edt\u00e1s egyetemi szint\u0171 kit\u00fcntet\u00e9sekr\u0151l (El\u0151terjeszt\u0151: Dr. Ga\u00e1l P\u00e9ter)<\/li>\n<li>A Karon m\u0171k\u00f6d\u0151, a Szen\u00e1tus \u00e1ltal l\u00e9trehozott Curriculum, Kredit\u00e1tviteli \u00e9s Oktat\u00e1si Bizotts\u00e1g meg\u00faj\u00edt\u00e1sa (El\u0151terjeszt\u0151: Dr. Ga\u00e1l P\u00e9ter, Dr. Martos Tam\u00e1s)<\/li>\n<li>A Kar T\u00e9r\u00edt\u00e9si \u00e9s Juttat\u00e1si Rendj\u00e9nek m\u00f3dos\u00edt\u00e1sa (El\u0151terjeszt\u0151: Dr. Ga\u00e1l P\u00e9ter, Dr. Pethesn\u00e9 D\u00e1vid Be\u00e1ta)<\/li>\n<\/ol>\n<hr \/>\n<p><strong>2015. m\u00e1rcius 10. \u2013 Napirendi pontok:<\/strong><\/p>\n<ol>\n<li>Ment\u00e1lhigi\u00e9n\u00e9 Int\u00e9zet Ment\u00e1lhigi\u00e9n\u00e9s csal\u00e1dtudom\u00e1nyi \u00e9s csal\u00e1dter\u00e1pi\u00e1s mesterk\u00e9pz\u00e9si szak szakfelel\u0151s szem\u00e9ly\u00e9nek v\u00e1ltoz\u00e1sa (El\u0151terjeszt\u0151: Dr. Pethesn\u00e9 D\u00e1vid Be\u00e1ta)<\/li>\n<li>Ment\u00e1lhigi\u00e9n\u00e9 Int\u00e9zet Ment\u00e1lhigi\u00e9n\u00e9s \u00e9s szervezetfejleszt\u0151 szakir\u00e1ny\u00fa tov\u00e1bbk\u00e9pz\u00e9si szak Z\u00e1r\u00f3vizsga Bizotts\u00e1g eln\u00f6keinek j\u00f3v\u00e1hagy\u00e1sa (El\u0151terjeszt\u0151: Dr. Pethesn\u00e9 D\u00e1vid Be\u00e1ta)<\/li>\n<\/ol>\n<hr \/>\n<p><strong>2015. m\u00e1jus 7. \u2013 Napirendi pontok:<\/strong><\/p>\n<ol>\n<li>Ment\u00e1lhigi\u00e9n\u00e9 Int\u00e9zet Szoci\u00e1lis munka mesterk\u00e9pz\u00e9si szak Z\u00e1r\u00f3vizsga Bizotts\u00e1g eln\u00f6keinek j\u00f3v\u00e1hagy\u00e1sa (El\u0151terjeszt\u0151: Dr. Pethesn\u00e9 D\u00e1vid Be\u00e1ta)<\/li>\n<li>Ment\u00e1lhigi\u00e9n\u00e9 Int\u00e9zet Ment\u00e1lhigi\u00e9n\u00e9s lelkigondoz\u00f3 szakir\u00e1ny\u00fa tov\u00e1bbk\u00e9pz\u00e9si\u00a0 szak Z\u00e1r\u00f3vizsga Bizotts\u00e1g eln\u00f6keinek j\u00f3v\u00e1hagy\u00e1sa (El\u0151terjeszt\u0151: Dr. Pethesn\u00e9 D\u00e1vid Be\u00e1ta)<\/li>\n<li>A Kar T\u00e9r\u00edt\u00e9si \u00e9s Juttat\u00e1si Rendj\u00e9nek m\u00f3dos\u00edt\u00e1sa (El\u0151terjeszt\u0151: Dr. Ga\u00e1l P\u00e9ter, Dr. Pethesn\u00e9 D\u00e1vid Be\u00e1ta)\u00a0<\/li>\n<li>Tan\u00e9vrend (El\u0151terjeszt\u0151: Dr. Ga\u00e1l P\u00e9ter)<\/li>\n<li>Kari nap, oktat\u00e1si sz\u00fcnet (El\u0151terjeszt\u0151: Sz\u00e9cs\u00e9nyi-Nagy Bal\u00e1zs)<\/li>\n<li>Ment\u00e1lhigi\u00e9n\u00e9 Int\u00e9zet Szoci\u00e1lis munka mesterk\u00e9pz\u00e9si szak szakfelel\u0151s szem\u00e9ly\u00e9nek v\u00e1ltoz\u00e1sa (El\u0151terjeszt\u0151: Dr. Pethesn\u00e9 D\u00e1vid Be\u00e1ta)<\/li>\n<\/ol>\n<p>Egyebek:<\/p>\n<ol>\n<li>Kutat\u00e1setikai bizotts\u00e1g<\/li>\n<li>MAB l\u00e1togat\u00e1s<\/li>\n<li>Nftv. v\u00e9grehajt\u00e1si rendelet\u00e9nek m\u00f3dos\u00edt\u00e1sa<\/li>\n<li>D\u00e9k\u00e1nhelyettesi p\u00e1ly\u00e1zatok meghirdet\u00e9se<\/li>\n<li>EIFTI v\u00e1ltoz\u00e1sok<\/li>\n<li>Hum\u00e1ner\u0151forr\u00e1s v\u00e1ltoz\u00e1sok, kancell\u00e1r egyet\u00e9rt\u00e9si joga<\/li>\n<li>Rektorv\u00e1laszt\u00e1s<\/li>\n<\/ol>\n<hr \/>\n<p><strong>2015. j\u00fanius 8. \u2013 Napirendi pontok:<\/strong><\/p>\n<ol>\n<li>Az Eg\u00e9szs\u00e9g\u00fcgyi K\u00f6zszolg\u00e1lati Kar d\u00e9k\u00e1nhelyettesi megb\u00edz\u00e1sra beny\u00fajtott p\u00e1ly\u00e1zatainak v\u00e9lem\u00e9nyez\u00e9se (El\u0151terjeszt\u0151: Dr. Ga\u00e1l P\u00e9ter)<\/li>\n<li>Eg\u00e9szs\u00e9g\u00fcgyi Menedzserk\u00e9pz\u0151 K\u00f6zpont Eg\u00e9szs\u00e9g\u00fcgyi menedzser mesterk\u00e9pz\u00e9si szak Z\u00e1r\u00f3vizsga Bizotts\u00e1g eln\u00f6keinek j\u00f3v\u00e1hagy\u00e1sa (El\u0151terjeszt\u0151: Dr. Sz\u00f3cska Mikl\u00f3s)<\/li>\n<li>A Kari bizotts\u00e1gok \u00f6sszet\u00e9tel\u00e9nek meg\u00faj\u00edt\u00e1sa szem\u00e9lyi v\u00e1ltoz\u00e1sok miatt (El\u0151terjeszt\u0151: Dr. Ga\u00e1l P\u00e9ter)<\/li>\n<li>Az Eg\u00e9szs\u00e9g\u00fcgyi Informatikai Fejleszt\u0151 \u00e9s Tov\u00e1bbk\u00e9pz\u0151 Int\u00e9zet n\u00e9vv\u00e1ltoztat\u00e1sa (El\u0151terjeszt\u0151: Dr. Sz\u00f3cska Mikl\u00f3s)<\/li>\n<li>Az Eg\u00e9szs\u00e9g\u00fcgyi Informatikai Fejleszt\u0151 \u00e9s Tov\u00e1bbk\u00e9pz\u0151 Int\u00e9zet Eg\u00e9szs\u00e9g\u00fcgyi szervez\u0151 alapk\u00e9pz\u00e9si szak mintatanterv\u00e9nek v\u00e1ltoz\u00e1sa (El\u0151terjeszt\u0151: Dr. Sz\u00f3cska Mikl\u00f3s)<\/li>\n<li>Az Eg\u00e9szs\u00e9g\u00fcgyi Informatikai Fejleszt\u0151 \u00e9s Tov\u00e1bbk\u00e9pz\u0151 Int\u00e9zet Klinikai vizsg\u00e1lati asszisztens (CTA) szakir\u00e1ny\u00fa tov\u00e1bbk\u00e9pz\u00e9si szak k\u00e9pz\u00e9si \u00e9s kimeneti k\u00f6vetelm\u00e9nyeinek, valamint k\u00e9pz\u00e9si programj\u00e1nak m\u00f3dos\u00edt\u00e1sa (El\u0151terjeszt\u0151: Dr. Sz\u00f3cska Mikl\u00f3s)<\/li>\n<\/ol>\n<p>Egyebek:<\/p>\n<ol>\n<li>MRK felk\u00e9r\u00e9s \u2013 KKK fel\u00fclvizsg\u00e1lat<\/li>\n<li>\u00d6nk\u00f6lts\u00e9gsz\u00e1m\u00edt\u00e1si munkacsoport<\/li>\n<li>EIFTI \u201ePrevenci\u00f3 az eg\u00e9szs\u00e9g\u00e9rt\u201d tant\u00e1rgy<\/li>\n<\/ol>\n<hr \/>\n<p><strong>2015. j\u00fanius 15. \u2013 Napirendi pontok:<\/strong><\/p>\n<ol>\n<li>Kari bizotts\u00e1gok \u00f6sszet\u00e9tel\u00e9nek meg\u00faj\u00edt\u00e1sa (El\u0151terjeszt\u0151: Dr. Ga\u00e1l P\u00e9ter)<\/li>\n<li>Ment\u00e1lhigi\u00e9n\u00e9 Int\u00e9zet Ment\u00e1lhigi\u00e9n\u00e9s csal\u00e1dtudom\u00e1nyi \u00e9s csal\u00e1dter\u00e1pi\u00e1s mesterk\u00e9pz\u00e9si szak mintatanterv\u00e9nek j\u00f3v\u00e1hagy\u00e1sa (El\u0151terjeszt\u0151: Dr. Pethesn\u00e9 D\u00e1vid Be\u00e1ta)<\/li>\n<li>Ment\u00e1lhigi\u00e9n\u00e9 Int\u00e9zet Ment\u00e1lhigi\u00e9n\u00e9s lelkigondoz\u00f3 szakir\u00e1ny\u00fa tov\u00e1bbk\u00e9pz\u00e9si szak tanterv\u00e9nek \u00e9s tant\u00e1rgyi programj\u00e1nak m\u00f3dos\u00edt\u00e1sa (El\u0151terjeszt\u0151: Dr. Pethesn\u00e9 D\u00e1vid Be\u00e1ta)<\/li>\n<li>Ment\u00e1lhigi\u00e9n\u00e9 Int\u00e9zet Szoci\u00e1lis munka mesterk\u00e9pz\u00e9si szak tanterv\u00e9nek \u00e9s tant\u00e1rgyi programj\u00e1nak m\u00f3dos\u00edt\u00e1sa (El\u0151terjeszt\u0151: Dr. Pethesn\u00e9 D\u00e1vid Be\u00e1ta)<\/li>\n<li>Ment\u00e1lhigi\u00e9n\u00e9 Int\u00e9zet Lakt\u00e1ci\u00f3s szaktan\u00e1csad\u00f3 vizsg\u00e1ra felk\u00e9sz\u00edt\u0151 szakir\u00e1ny\u00fa tov\u00e1bbk\u00e9pz\u00e9si szak tanterv\u00e9nek \u00e9s tant\u00e1rgyi programj\u00e1nak m\u00f3dos\u00edt\u00e1sa (El\u0151terjeszt\u0151: Dr. Pethesn\u00e9 D\u00e1vid Be\u00e1ta)<\/li>\n<li>Tansz\u00e9ki csoport l\u00e9trehoz\u00e1sa (El\u0151terjeszt\u0151: Dr. Ga\u00e1l P\u00e9ter)<\/li>\n<\/ol>\n<hr \/>\n<p><strong>2015. november 16. &#8211; Napirendi pontok:<\/strong><\/p>\n<ol>\n<li>A Kari Tan\u00e1cs \u00f6sszet\u00e9tel\u00e9nek meg\u00faj\u00edt\u00e1sa (El\u0151terjeszt\u0151: Dr. Sz\u00f3cska Mikl\u00f3s)<\/li>\n<li>Ment\u00e1lhigi\u00e9n\u00e9 Int\u00e9zet Csal\u00e1di \u00e9s k\u00f6z\u00f6ss\u00e9gi medi\u00e1ci\u00f3 szakir\u00e1ny\u00fa tov\u00e1bbk\u00e9pz\u00e9si szak k\u00e9pz\u00e9si \u00e9s kimeneti k\u00f6vetelm\u00e9nyeinek j\u00f3v\u00e1hagy\u00e1sa (El\u0151terjeszt\u0151: Dr. Pethesn\u00e9 D\u00e1vid Be\u00e1ta)<\/li>\n<li>Ment\u00e1lhigi\u00e9n\u00e9 Int\u00e9zet Ment\u00e1lhigi\u00e9n\u00e9s \u00e9s szervezetfejleszt\u0151 szakir\u00e1ny\u00fa tov\u00e1bbk\u00e9pz\u00e9si szak Z\u00e1r\u00f3vizsga Bizotts\u00e1g eln\u00f6keinek j\u00f3v\u00e1hagy\u00e1sa (El\u0151terjeszt\u0151: Dr. Pethesn\u00e9 D\u00e1vid Be\u00e1ta)<\/li>\n<li>Ment\u00e1lhigi\u00e9n\u00e9 Int\u00e9zet Szoci\u00e1lis munka mesterk\u00e9pz\u00e9si szak Z\u00e1r\u00f3vizsga Bizotts\u00e1g eln\u00f6keinek j\u00f3v\u00e1hagy\u00e1sa (El\u0151terjeszt\u0151: Dr. Pethesn\u00e9 D\u00e1vid Be\u00e1ta)<\/li>\n<li>Ment\u00e1lhigi\u00e9n\u00e9 Int\u00e9zet Lakt\u00e1ci\u00f3s szaktan\u00e1csad\u00f3 vizsg\u00e1ra felk\u00e9sz\u00edt\u0151 szakir\u00e1ny\u00fa tov\u00e1bbk\u00e9pz\u00e9si szak Z\u00e1r\u00f3vizsga Bizotts\u00e1g eln\u00f6keinek j\u00f3v\u00e1hagy\u00e1sa (El\u0151terjeszt\u0151: Dr. Pethesn\u00e9 D\u00e1vid Be\u00e1ta)<\/li>\n<li>Digit\u00e1lis Eg\u00e9szs\u00e9gtudom\u00e1nyi Int\u00e9zet Eg\u00e9szs\u00e9g\u00fcgyi szervez\u0151 alapk\u00e9pz\u00e9s \u00fcgyvitelszervez\u0151 szakir\u00e1ny szakdolgozat, valamint z\u00e1r\u00f3vizsga bizotts\u00e1g eln\u00f6keinek megszavaz\u00e1sa (El\u0151terjeszt\u0151: Dr. Sz\u00f3cska Mikl\u00f3s)<\/li>\n<li>\u00c1ll\u00e1sfoglal\u00e1s mesteroktat\u00f3i munkak\u00f6r bevezet\u00e9s\u00e9r\u0151l (El\u0151terjeszt\u0151: Dr. Sz\u00f3cska Mikl\u00f3s)<\/li>\n<\/ol>\n<p>Egyebek:<\/p>\n<ol start=\"8\">\n<li>Educatio Nemzetk\u00f6zi Oktat\u00e1si Szakki\u00e1ll\u00edt\u00e1s 2016<\/li>\n<\/ol>\n","protected":false},"excerpt":{"rendered":"<p>2015. janu\u00e1r 13. \u2013 Napirendi pontok: V\u00e9lem\u00e9nynyilv\u00e1n\u00edt\u00e1s egyetemi szint\u0171 kit\u00fcntet\u00e9sekr\u0151l (El\u0151terjeszt\u0151: Dr. Ga\u00e1l P\u00e9ter) A Karon m\u0171k\u00f6d\u0151, a Szen\u00e1tus \u00e1ltal l\u00e9trehozott Curriculum, Kredit\u00e1tviteli \u00e9s Oktat\u00e1si Bizotts\u00e1g meg\u00faj\u00edt\u00e1sa (El\u0151terjeszt\u0151: Dr. Ga\u00e1l P\u00e9ter, Dr. Martos Tam\u00e1s) A Kar T\u00e9r\u00edt\u00e9si \u00e9s Juttat\u00e1si Rendj\u00e9nek m\u00f3dos\u00edt\u00e1sa (El\u0151terjeszt\u0151: Dr. Ga\u00e1l P\u00e9ter, Dr. Pethesn\u00e9 D\u00e1vid Be\u00e1ta) 2015. m\u00e1rcius 10. \u2013 Napirendi pontok: &hellip;<\/p>\n","protected":false},"author":101020,"featured_media":0,"parent":1201,"menu_order":11,"comment_status":"closed","ping_status":"closed","template":"","meta":{"_acf_changed":false,"footnotes":""},"categories":[],"tags":[],"class_list":["post-2240","page","type-page","status-publish","hentry"],"acf":[],"_links":{"self":[{"href":"https:\/\/semmelweis.hu\/ekk\/wp-json\/wp\/v2\/pages\/2240","targetHints":{"allow":["GET"]}}],"collection":[{"href":"https:\/\/semmelweis.hu\/ekk\/wp-json\/wp\/v2\/pages"}],"about":[{"href":"https:\/\/semmelweis.hu\/ekk\/wp-json\/wp\/v2\/types\/page"}],"author":[{"embeddable":true,"href":"https:\/\/semmelweis.hu\/ekk\/wp-json\/wp\/v2\/users\/101020"}],"replies":[{"embeddable":true,"href":"https:\/\/semmelweis.hu\/ekk\/wp-json\/wp\/v2\/comments?post=2240"}],"version-history":[{"count":4,"href":"https:\/\/semmelweis.hu\/ekk\/wp-json\/wp\/v2\/pages\/2240\/revisions"}],"predecessor-version":[{"id":2254,"href":"https:\/\/semmelweis.hu\/ekk\/wp-json\/wp\/v2\/pages\/2240\/revisions\/2254"}],"up":[{"embeddable":true,"href":"https:\/\/semmelweis.hu\/ekk\/wp-json\/wp\/v2\/pages\/1201"}],"wp:attachment":[{"href":"https:\/\/semmelweis.hu\/ekk\/wp-json\/wp\/v2\/media?parent=2240"}],"wp:term":[{"taxonomy":"category","embeddable":true,"href":"https:\/\/semmelweis.hu\/ekk\/wp-json\/wp\/v2\/categories?post=2240"},{"taxonomy":"post_tag","embeddable":true,"href":"https:\/\/semmelweis.hu\/ekk\/wp-json\/wp\/v2\/tags?post=2240"}],"curies":[{"name":"wp","href":"https:\/\/api.w.org\/{rel}","templated":true}]}}