{"id":2238,"date":"2017-05-03T11:42:25","date_gmt":"2017-05-03T09:42:25","guid":{"rendered":"http:\/\/semmelweis.hu\/ekk\/?page_id=2238"},"modified":"2026-01-08T14:09:21","modified_gmt":"2026-01-08T13:09:21","slug":"kari-tanacs-ulesek-2017","status":"publish","type":"page","link":"https:\/\/semmelweis.hu\/ekk\/a-karrol\/kari-tanacs\/kari-tanacs-ulesek\/kari-tanacs-ulesek-2017\/","title":{"rendered":"Kari Tan\u00e1cs \u00fcl\u00e9sek 2017."},"content":{"rendered":"<p><strong>2017. janu\u00e1r 19. (elektronikus szavaz\u00e1s) &#8211; Napirendi pontok:<\/strong><\/p>\n<ol>\n<li>Kari szen\u00e1tusi k\u00e9pvisel\u0151 v\u00e1laszt\u00e1s\u00e1r\u00f3l sz\u00f3l\u00f3 szab\u00e1lyzat (Kari M\u0171k\u00f6d\u00e9si Rend m\u00f3dos\u00edt\u00e1sa) (El\u0151terjeszt\u0151: Dr. Ga\u00e1l P\u00e9ter)<\/li>\n<\/ol>\n<hr \/>\n<p><strong>2017. janu\u00e1r 26. &#8211;\u00a0Napirendi pontok:<\/strong><\/p>\n<ol>\n<li>Kari szen\u00e1tusi k\u00e9pvisel\u0151 v\u00e1laszt\u00e1sa (El\u0151terjeszt\u0151: Dr. Ga\u00e1l P\u00e9ter)<\/li>\n<\/ol>\n<hr \/>\n<p><strong>2017. febru\u00e1r 2. (elektronikus szavaz\u00e1s) &#8211;\u00a0Napirendi pontok:<\/strong><\/p>\n<ol>\n<li>Eg\u00e9szs\u00e9g\u00fcgyi szervez\u0151 alapk\u00e9pz\u00e9si szak mintatanterv\u00e9nek m\u00f3dos\u00edt\u00e1sa (El\u0151terjeszt\u0151: Dr. Sz\u00f3cska Mikl\u00f3s)<\/li>\n<li>Szoci\u00e1lis munka mesterk\u00e9pz\u00e9si szak mintatanterv\u00e9nek m\u00f3dos\u00edt\u00e1sa (El\u0151terjeszt\u0151: Dr. Pethesn\u00e9 D\u00e1vid Be\u00e1ta)<\/li>\n<li>Eg\u00e9szs\u00e9g\u00fcgyi menedzser mesterk\u00e9pz\u00e9si szak mintatanterv\u00e9nek m\u00f3dos\u00edt\u00e1sa (El\u0151terjeszt\u0151: Dr. Sz\u00f3cska Mikl\u00f3s)<\/li>\n<li>Ment\u00e1lhigi\u00e9n\u00e9s lelkigondoz\u00f3 szakir\u00e1ny\u00fa tov\u00e1bbk\u00e9pz\u00e9si szak mintatanterv\u00e9nek m\u00f3dos\u00edt\u00e1sa (El\u0151terjeszt\u0151: Dr. Pethesn\u00e9 D\u00e1vid Be\u00e1ta)<\/li>\n<\/ol>\n<hr \/>\n<p><strong>2017. febru\u00e1r 22.\u00a0&#8211; Napirendi pontok:<\/strong><\/p>\n<ol>\n<li>Az Eg\u00e9szs\u00e9g\u00fcgyi Menedzserk\u00e9pz\u0151 K\u00f6zpont igazgat\u00f3helyettesi megb\u00edz\u00e1s\u00e1ra beny\u00fajtott p\u00e1ly\u00e1zatok v\u00e9lem\u00e9nyez\u00e9se (El\u0151terjeszt\u0151: Dr. Ga\u00e1l P\u00e9ter)<\/li>\n<li>Eg\u00e9szs\u00e9g\u00fcgyi Menedzserk\u00e9pz\u0151 K\u00f6zpont Eg\u00e9szs\u00e9g\u00fcgyi menedzser mesterk\u00e9pz\u00e9si szak Z\u00e1r\u00f3vizsga Bizotts\u00e1g eln\u00f6keinek j\u00f3v\u00e1hagy\u00e1sa (El\u0151terjeszt\u0151: Dr. Sz\u00f3cska Mikl\u00f3s)<\/li>\n<li>A Karon m\u0171k\u00f6d\u0151, a Szen\u00e1tus \u00e1ltal l\u00e9trehozott Fegyelmi \u00e9s Etikai Bizotts\u00e1g nev\u00e9nek m\u00f3dos\u00edt\u00e1sa (El\u0151terjeszt\u0151: Dr. Ga\u00e1l P\u00e9ter)<\/li>\n<\/ol>\n<hr \/>\n<p><strong>2017. m\u00e1rcius 8. (elektronikus szavaz\u00e1s) &#8211;\u00a0Napirendi pontok:<\/strong><\/p>\n<ol>\n<li>Ment\u00e1lhigi\u00e9n\u00e9s csal\u00e1dtudom\u00e1nyi \u00e9s csal\u00e1dter\u00e1pi\u00e1s mesterk\u00e9pz\u00e9si szak mintatanterv\u00e9nek m\u00f3dos\u00edt\u00e1sa (El\u0151terjeszt\u0151: Dr. Pethesn\u00e9 D\u00e1vid Be\u00e1ta)<\/li>\n<\/ol>\n<hr \/>\n<p><strong>2017. m\u00e1jus 4. (elektronikus szavaz\u00e1s) &#8211;\u00a0Napirendi pontok:<\/strong><\/p>\n<ol>\n<li>A Kar T\u00e9r\u00edt\u00e9si \u00e9s Juttat\u00e1si Rendj\u00e9nek m\u00f3dos\u00edt\u00e1sa (El\u0151terjeszt\u0151: Dr. Pethesn\u00e9 D\u00e1vid Be\u00e1ta)<\/li>\n<\/ol>\n<hr \/>\n<p><strong>2017. m\u00e1jus 10. &#8211;\u00a0Napirendi pontok:<\/strong><\/p>\n<ol>\n<li>V\u00e9lem\u00e9nynyilv\u00e1n\u00edt\u00e1s Dr. Filakovszky J\u00e1nos egyetemi docensi p\u00e1ly\u00e1zat\u00e1r\u00f3l (Dr. Sz\u00f3cska Mikl\u00f3s)<\/li>\n<li>V\u00e9lem\u00e9nynyilv\u00e1n\u00edt\u00e1s Dr. Tamus Zolt\u00e1n \u00c1d\u00e1m egyetemi docensi p\u00e1ly\u00e1zat\u00e1r\u00f3l (Dr. Sz\u00f3cska Mikl\u00f3s)<\/li>\n<li>V\u00e9lem\u00e9nynyilv\u00e1n\u00edt\u00e1s Dr. L\u00e1m Judit egyetemi docensi p\u00e1ly\u00e1zat\u00e1r\u00f3l (Dr. Sz\u00f3cska Mikl\u00f3s)<\/li>\n<li>V\u00e9lem\u00e9nynyilv\u00e1n\u00edt\u00e1s \u00f3raad\u00f3 oktat\u00f3i c\u00edm adom\u00e1nyoz\u00e1s\u00e1r\u00f3l (El\u0151terjeszt\u0151: Dr. Sz\u00f3cska Mikl\u00f3s)<\/li>\n<li>Ment\u00e1lhigi\u00e9n\u00e9 Int\u00e9zet ment\u00e1lhigi\u00e9n\u00e9s \u00e9s szervezetfejleszt\u0151 szakir\u00e1ny\u00fa tov\u00e1bbk\u00e9pz\u00e9si szak Z\u00e1r\u00f3vizsga Bizotts\u00e1g eln\u00f6keinek j\u00f3v\u00e1hagy\u00e1sa (El\u0151terjeszt\u0151: Dr. Pethesn\u00e9 D\u00e1vid \u00a0\u00a0\u00a0\u00a0 Be\u00e1ta)<\/li>\n<li>Ment\u00e1lhigi\u00e9n\u00e9 Int\u00e9zet ment\u00e1lhigi\u00e9n\u00e9s csal\u00e1dtudom\u00e1nyi \u00e9s csal\u00e1dter\u00e1pi\u00e1s mesterszak Z\u00e1r\u00f3vizsga Bizotts\u00e1g eln\u00f6keinek j\u00f3v\u00e1hagy\u00e1sa (El\u0151terjeszt\u0151: Dr. Pethesn\u00e9 D\u00e1vid Be\u00e1ta)<\/li>\n<li>Ment\u00e1lhigi\u00e9n\u00e9 Int\u00e9zet ment\u00e1lhigi\u00e9n\u00e9s lelkigondoz\u00f3 szakir\u00e1ny\u00fa tov\u00e1bbk\u00e9pz\u00e9si szak Z\u00e1r\u00f3vizsga Bizotts\u00e1g eln\u00f6keinek j\u00f3v\u00e1hagy\u00e1sa (El\u0151terjeszt\u0151: Dr. Pethesn\u00e9 D\u00e1vid Be\u00e1ta)<\/li>\n<li>Ment\u00e1lhigi\u00e9n\u00e9 Int\u00e9zet lakt\u00e1ci\u00f3s szaktan\u00e1csad\u00f3 szakir\u00e1ny\u00fa tov\u00e1bbk\u00e9pz\u00e9si szak Z\u00e1r\u00f3vizsga Bizotts\u00e1g eln\u00f6keinek j\u00f3v\u00e1hagy\u00e1sa (El\u0151terjeszt\u0151: Dr. Pethesn\u00e9 D\u00e1vid Be\u00e1ta)<\/li>\n<li>Ment\u00e1lhigi\u00e9n\u00e9 Int\u00e9zet szoci\u00e1lis munka mesterk\u00e9pz\u00e9s Z\u00e1r\u00f3vizsga Bizotts\u00e1g eln\u00f6keinek j\u00f3v\u00e1hagy\u00e1sa (El\u0151terjeszt\u0151: Dr. Pethesn\u00e9 D\u00e1vid Be\u00e1ta)<\/li>\n<li>Digit\u00e1lis Eg\u00e9szs\u00e9gtudom\u00e1nyi Int\u00e9zet eg\u00e9szs\u00e9g\u00fcgyi szervez\u0151 alapk\u00e9pz\u00e9si szak Z\u00e1r\u00f3vizsga Bizotts\u00e1g eln\u00f6keinek j\u00f3v\u00e1hagy\u00e1sa (El\u0151terjeszt\u0151: Dr. Sz\u00f3cska Mikl\u00f3s)<\/li>\n<li>Eg\u00e9szs\u00e9g\u00fcgyi Menedzserk\u00e9pz\u0151 K\u00f6zpont eg\u00e9szs\u00e9g\u00fcgyi menedzser mesterk\u00e9pz\u00e9si szak Z\u00e1r\u00f3vizsga Bizotts\u00e1g eln\u00f6keinek j\u00f3v\u00e1hagy\u00e1sa (El\u0151terjeszt\u0151: Dr. Sz\u00f3cska Mikl\u00f3s)<\/li>\n<\/ol>\n<hr \/>\n<p><strong>2017. j\u00fanius 7. (elektronikus szavaz\u00e1s)\u00a0&#8211;\u00a0Napirendi pontok:<\/strong><\/p>\n<ol>\n<li>Eg\u00e9szs\u00e9g\u00fcgyi menedzser mesterk\u00e9pz\u00e9si szak szlov\u00e1k nyelv\u0171 k\u00e9pz\u00e9s akkredit\u00e1ci\u00f3s anyag\u00e1nak j\u00f3v\u00e1hagy\u00e1sa<\/li>\n<\/ol>\n<hr \/>\n<p><strong>2017. j\u00fanius 22. (elektronikus szavaz\u00e1s)\u00a0&#8211;\u00a0Napirendi pontok:<\/strong><\/p>\n<ol>\n<li>Ment\u00e1lhigi\u00e9n\u00e9s csal\u00e1dtudom\u00e1nyi \u00e9s csal\u00e1dter\u00e1pi\u00e1s mesterk\u00e9pz\u00e9si szak mintatanterv m\u00f3dos\u00edt\u00e1sa<\/li>\n<li>Eg\u00e9szs\u00e9g\u00fcgyi szervez\u0151 alapk\u00e9pz\u00e9si szak mintatanterv m\u00f3dos\u00edt\u00e1sa<\/li>\n<li>Ment\u00e1lhigi\u00e9n\u00e9s lelkigondoz\u00f3 szakir\u00e1ny\u00fa tov\u00e1bbk\u00e9pz\u00e9si szak mintatanterv m\u00f3dos\u00edt\u00e1sa<\/li>\n<li>Lakt\u00e1ci\u00f3s szaktan\u00e1csad\u00f3 szakir\u00e1ny\u00fa tov\u00e1bbk\u00e9pz\u00e9si szak mintatanterv m\u00f3dos\u00edt\u00e1sa<\/li>\n<li>2017\/2018. Tan\u00e9v rendje<\/li>\n<\/ol>\n<hr \/>\n<p><strong>2017. j\u00falius 13. (elektronikus szavaz\u00e1s)\u00a0&#8211;\u00a0Napirendi pontok:<\/strong><\/p>\n<ol>\n<li>2017\/2018. Tan\u00e9v rendj\u00e9nek m\u00f3dos\u00edt\u00e1sa<\/li>\n<\/ol>\n<hr \/>\n<p><strong>2017. szeptember 6. (elektronikus szavaz\u00e1s)\u00a0&#8211;\u00a0Napirendi pontok:<\/strong><\/p>\n<ol>\n<li>Eg\u00e9szs\u00e9g\u00fcgyi szervez\u0151 alapk\u00e9pz\u00e9si szak mintatanterv\u00e9nek m\u00f3dos\u00edt\u00e1sa<\/li>\n<\/ol>\n<hr \/>\n<p><strong>2017. szeptember 7. (elektronikus szavaz\u00e1s)\u00a0&#8211;\u00a0Napirendi pontok:<\/strong><\/p>\n<ol>\n<li>Ment\u00e1lhigi\u00e9n\u00e9 szakir\u00e1ny\u00fa tov\u00e1bbk\u00e9pz\u00e9si szak mintatanterv\u00e9nek m\u00f3dos\u00edt\u00e1sa<\/li>\n<\/ol>\n<hr \/>\n<p><strong>2017. okt\u00f3ber 2.\u00a0&#8211;\u00a0Napirendi pontok:<\/strong><\/p>\n<ol>\n<li>A Karon m\u0171k\u00f6d\u0151, a Szen\u00e1tus \u00e9s a Kar \u00e1ltal l\u00e9trehozott bizotts\u00e1gok \u00f6sszet\u00e9tel\u00e9nek meg\u00faj\u00edt\u00e1sa \u00a0<\/li>\n<li>A Szen\u00e1tus \u00e1ltal l\u00e9trehozott Egyetemi Tudom\u00e1nyos Tan\u00e1csba kari k\u00e9pvisel\u0151 deleg\u00e1l\u00e1sa\u00a0<\/li>\n<li>Kutat\u00e1si Bizotts\u00e1g l\u00e9trehoz\u00e1sa \u00a0<\/li>\n<li>Ment\u00e1lhigi\u00e9n\u00e9 Int\u00e9zet ment\u00e1lhigi\u00e9n\u00e9s \u00e9s szervezetfejleszt\u0151 szakir\u00e1ny\u00fa tov\u00e1bbk\u00e9pz\u00e9si szak Z\u00e1r\u00f3vizsga Bizotts\u00e1g eln\u00f6keinek j\u00f3v\u00e1hagy\u00e1sa<\/li>\n<li>Ment\u00e1lhigi\u00e9n\u00e9 Int\u00e9zet ment\u00e1lhigi\u00e9n\u00e9s csal\u00e1dtudom\u00e1nyi \u00e9s csal\u00e1dter\u00e1pi\u00e1s mesterk\u00e9pz\u00e9si szak Z\u00e1r\u00f3vizsga Bizotts\u00e1g eln\u00f6keinek j\u00f3v\u00e1hagy\u00e1sa<\/li>\n<li>Ment\u00e1lhigi\u00e9n\u00e9 Int\u00e9zet szoci\u00e1lis munka mesterk\u00e9pz\u00e9si szak Z\u00e1r\u00f3vizsga Bizotts\u00e1g eln\u00f6keinek j\u00f3v\u00e1hagy\u00e1sa\u00a0<\/li>\n<li>Ment\u00e1lhigi\u00e9n\u00e9 Int\u00e9zet lakt\u00e1ci\u00f3s szaktan\u00e1csad\u00f3 szakir\u00e1ny\u00fa tov\u00e1bbk\u00e9pz\u00e9si szak Z\u00e1r\u00f3vizsga Bizotts\u00e1g eln\u00f6keinek j\u00f3v\u00e1hagy\u00e1sa<\/li>\n<li>Ment\u00e1lhigi\u00e9n\u00e9 Int\u00e9zet ment\u00e1lhigi\u00e9n\u00e9s lelkigondoz\u00f3 szakir\u00e1ny\u00fa tov\u00e1bbk\u00e9pz\u00e9si szak Z\u00e1r\u00f3vizsga Bizotts\u00e1g eln\u00f6keinek j\u00f3v\u00e1hagy\u00e1sa<\/li>\n<li>Eg\u00e9szs\u00e9g\u00fcgyi Menedzserk\u00e9pz\u0151 K\u00f6zpont eg\u00e9szs\u00e9g\u00fcgyi menedzser mesterk\u00e9pz\u00e9si szak Z\u00e1r\u00f3vizsga Bizotts\u00e1g eln\u00f6keinek j\u00f3v\u00e1hagy\u00e1sa\u00a0<\/li>\n<li>Kari TDK felel\u0151s\u00f6k j\u00f3v\u00e1hagy\u00e1sa<\/li>\n<\/ol>\n<hr \/>\n<p><strong>2017. november 28.\u00a0&#8211;\u00a0Napirendi pontok:<\/strong><\/p>\n<ol>\n<li><span style=\"font-size: 12pt\">A Karon m\u0171k\u00f6d\u0151, a Kar \u00e1ltal l\u00e9trehozott Min\u0151s\u00e9gbiztos\u00edt\u00e1si Bizotts\u00e1g \u00f6sszet\u00e9tel\u00e9nek meg\u00faj\u00edt\u00e1sa\u00a0<\/span><\/li>\n<li><span style=\"font-size: 12pt\">A Szen\u00e1tus \u00e1ltal l\u00e9trehozott egyetemi bizotts\u00e1gokba Kari k\u00e9pvisel\u0151 deleg\u00e1l\u00e1sa\u00a0<\/span><\/li>\n<li><span style=\"font-size: 12pt\">V\u00e9lem\u00e9nynyilv\u00e1n\u00edt\u00e1s egyetemi szint\u0171 kit\u00fcntet\u00e9sekr\u0151l\u00a0<\/span><\/li>\n<li><span style=\"font-size: 12pt\">Digit\u00e1lis Eg\u00e9szs\u00e9gtudom\u00e1nyi Int\u00e9zet eg\u00e9szs\u00e9g\u00fcgyi szervez\u0151 alapk\u00e9pz\u00e9si szak eg\u00e9szs\u00e9g\u00fcgyi \u00fcgyvitelszervez\u0151 specializ\u00e1ci\u00f3 Z\u00e1r\u00f3vizsga Bizotts\u00e1g eln\u00f6keinek j\u00f3v\u00e1hagy\u00e1sa \u00a0\u00a0<\/span><\/li>\n<li><span style=\"font-size: 12pt\">Eg\u00e9szs\u00e9g\u00fcgyi Menedzserk\u00e9pz\u0151 K\u00f6zpont min\u0151s\u00e9g\u00fcgyi \u00e9s betegbiztons\u00e1gi menedzser szakir\u00e1ny\u00fa tov\u00e1bbk\u00e9pz\u00e9si szak Z\u00e1r\u00f3vizsga Bizotts\u00e1g eln\u00f6keinek j\u00f3v\u00e1hagy\u00e1sa\u00a0<\/span><\/li>\n<\/ol>\n","protected":false},"excerpt":{"rendered":"<p>2017. janu\u00e1r 19. (elektronikus szavaz\u00e1s) &#8211; Napirendi pontok: Kari szen\u00e1tusi k\u00e9pvisel\u0151 v\u00e1laszt\u00e1s\u00e1r\u00f3l sz\u00f3l\u00f3 szab\u00e1lyzat (Kari M\u0171k\u00f6d\u00e9si Rend m\u00f3dos\u00edt\u00e1sa) (El\u0151terjeszt\u0151: Dr. Ga\u00e1l P\u00e9ter) 2017. janu\u00e1r 26. &#8211;\u00a0Napirendi pontok: Kari szen\u00e1tusi k\u00e9pvisel\u0151 v\u00e1laszt\u00e1sa (El\u0151terjeszt\u0151: Dr. Ga\u00e1l P\u00e9ter) 2017. febru\u00e1r 2. (elektronikus szavaz\u00e1s) &#8211;\u00a0Napirendi pontok: Eg\u00e9szs\u00e9g\u00fcgyi szervez\u0151 alapk\u00e9pz\u00e9si szak mintatanterv\u00e9nek m\u00f3dos\u00edt\u00e1sa (El\u0151terjeszt\u0151: Dr. Sz\u00f3cska Mikl\u00f3s) Szoci\u00e1lis munka mesterk\u00e9pz\u00e9si &hellip;<\/p>\n","protected":false},"author":101020,"featured_media":0,"parent":1201,"menu_order":9,"comment_status":"closed","ping_status":"closed","template":"","meta":{"_acf_changed":false,"footnotes":""},"categories":[],"tags":[],"class_list":["post-2238","page","type-page","status-publish","hentry"],"acf":[],"_links":{"self":[{"href":"https:\/\/semmelweis.hu\/ekk\/wp-json\/wp\/v2\/pages\/2238","targetHints":{"allow":["GET"]}}],"collection":[{"href":"https:\/\/semmelweis.hu\/ekk\/wp-json\/wp\/v2\/pages"}],"about":[{"href":"https:\/\/semmelweis.hu\/ekk\/wp-json\/wp\/v2\/types\/page"}],"author":[{"embeddable":true,"href":"https:\/\/semmelweis.hu\/ekk\/wp-json\/wp\/v2\/users\/101020"}],"replies":[{"embeddable":true,"href":"https:\/\/semmelweis.hu\/ekk\/wp-json\/wp\/v2\/comments?post=2238"}],"version-history":[{"count":5,"href":"https:\/\/semmelweis.hu\/ekk\/wp-json\/wp\/v2\/pages\/2238\/revisions"}],"predecessor-version":[{"id":2491,"href":"https:\/\/semmelweis.hu\/ekk\/wp-json\/wp\/v2\/pages\/2238\/revisions\/2491"}],"up":[{"embeddable":true,"href":"https:\/\/semmelweis.hu\/ekk\/wp-json\/wp\/v2\/pages\/1201"}],"wp:attachment":[{"href":"https:\/\/semmelweis.hu\/ekk\/wp-json\/wp\/v2\/media?parent=2238"}],"wp:term":[{"taxonomy":"category","embeddable":true,"href":"https:\/\/semmelweis.hu\/ekk\/wp-json\/wp\/v2\/categories?post=2238"},{"taxonomy":"post_tag","embeddable":true,"href":"https:\/\/semmelweis.hu\/ekk\/wp-json\/wp\/v2\/tags?post=2238"}],"curies":[{"name":"wp","href":"https:\/\/api.w.org\/{rel}","templated":true}]}}