{"id":21,"date":"2011-06-29T09:11:30","date_gmt":"2011-06-29T09:11:30","guid":{"rendered":"http:\/\/sote.webdevil.hu\/ekk\/?page_id=21"},"modified":"2025-12-03T13:19:03","modified_gmt":"2025-12-03T12:19:03","slug":"alapkepzes","status":"publish","type":"page","link":"https:\/\/semmelweis.hu\/ekk\/oktatas\/alapkepzes\/","title":{"rendered":"Alapk\u00e9pz\u00e9s"},"content":{"rendered":"<p style=\"text-align: justify\">A Semmelweis Egyetem Eg\u00e9szs\u00e9g\u00fcgyi K\u00f6zszolg\u00e1lati Kar\u00e1n <strong><a href=\"https:\/\/semmelweis.hu\/dei\/oktatas\/egeszsegugyi-szervezo-bsc\/\" target=\"_blank\" rel=\"noopener\">eg\u00e9szs\u00e9g\u00fcgyi szervez\u0151 BSc alapk\u00e9pz\u00e9sen<\/a>, digit\u00e1lis eg\u00e9szs\u00e9g\u00fcgyi szervez\u0151 specializ\u00e1ci\u00f3n<\/strong> tanulhatnak hallgat\u00f3ink.<\/p>\n<p style=\"text-align: justify\">A k\u00e9pz\u00e9s \u00e1llami \u00f6szt\u00f6nd\u00edjas \u00e9s \u00f6nk\u00f6lts\u00e9ges finansz\u00edroz\u00e1si form\u00e1ban ind\u00edtjuk, az \u00f6nk\u00f6lts\u00e9gi d\u00edj 270.000 Ft\/f\u00e9l\u00e9v. A szak k\u00e9pz\u00e9si ideje 7 f\u00e9l\u00e9v \u00e9s 210 kredit.<\/p>\n<p style=\"text-align: justify\">A k\u00e9pz\u00e9s alapoz\u00f3 tant\u00e1rgyainak keret\u00e9ben elsaj\u00e1t\u00edtj\u00e1k az <strong>orvostudom\u00e1nyi<\/strong> \u00e9s az <strong>informatikai<\/strong> szakter\u00fclet alapismereteit, melyet a kapcsol\u00f3d\u00f3 jogi, etikai, k\u00f6zgazdas\u00e1gi, p\u00e9nz\u00fcgyi, menedzsment \u00e9s szaknyelvi ismeretek tesznek teljess\u00e9. A k\u00e9pz\u00e9s magas sz\u00ednvonal\u00e1t \u2013 mely az alapszakon bel\u00fcl \u00e9vek \u00f3ta els\u0151 az orsz\u00e1gos rangsorban \u2013 a Semmelweis Egyetem oktat\u00f3i mind az orvostudom\u00e1nyi, mind az informatikai ter\u00fcleten biztos\u00edtj\u00e1k.<\/p>\n<p style=\"text-align: justify\">A digit\u00e1lis eg\u00e9szs\u00e9g\u00fcgyi szervez\u0151 specializ\u00e1ci\u00f3 <strong>kifejezetten gyakorlatorient\u00e1lt<\/strong>, eg\u00e9szs\u00e9g\u00fcgyi informatikai, illetve szervez\u00e9si t\u00e1rgyainak (pl. alap- \u00e9s szakell\u00e1t\u00e1si informatikai rendszerek, \u00e1gazati informatika, eg\u00e9szs\u00e9g\u00fcgyi menedzsment, eg\u00e9szs\u00e9g\u00fcgyi kontrolling) oktat\u00e1sa a kar k\u00e9t int\u00e9zet\u00e9ben, a Digit\u00e1lis Eg\u00e9szs\u00e9gtudom\u00e1nyi Int\u00e9zetben \u00e9s az Eg\u00e9szs\u00e9g\u00fcgyi Menedzserk\u00e9pz\u0151 K\u00f6zpontban val\u00f3sul meg.<\/p>\n<p style=\"text-align: justify\">A megszerzett ismeretek \u00e9s k\u00e9szs\u00e9gek birtok\u00e1ban a <strong>v\u00e9gzett hallgat\u00f3ink<\/strong> <strong>olyan munkak\u00f6rnyezetet<\/strong> tudnak teremteni az eg\u00e9szs\u00e9g\u00fcgy ter\u00fclet\u00e9n, amely el\u0151seg\u00edti a <strong>feladatok hat\u00e9konyabb elv\u00e9gz\u00e9s\u00e9t<\/strong>, \u00e9s <strong>hozz\u00e1seg\u00edti a betegeket<\/strong> a min\u00e9l <strong>gyorsabb gy\u00f3gyul\u00e1shoz<\/strong>.<\/p>\n<p style=\"text-align: center\"><a class=\"btn btn-secondary\" href=\"https:\/\/semmelweis.hu\/dei\/oktatas\/egeszsegugyi-szervezo-bsc\/\" target=\"_blank\" rel=\"noopener\">Tov\u00e1bbi inform\u00e1ci\u00f3<\/a><\/p>\n\r\n        [slb_exclude]\r\n        <div class=\"row galeria-wrapper mx-0 h-auto\">\r\n            <div class=\"col-9 pl-0 pr-2\">\r\n            <span class=\"gallery-item frame\">\r\n\t\t\t\t<div class=\"galeria-left-img\"><a href=\"https:\/\/semmelweis.hu\/ekk\/files\/2023\/10\/diploma.jpg\"><img src=https:\/\/semmelweis.hu\/ekk\/files\/2023\/10\/diploma.jpg  \r\n                            alt=\"\" \r\n                            class=\"attachment-sote-gallery-big size-sote-gallery-big\" \r\n                            srcset=\"https:\/\/semmelweis.hu\/ekk\/files\/2023\/10\/diploma-400x267.jpg 400w, https:\/\/semmelweis.hu\/ekk\/files\/2023\/10\/diploma-1024x683.jpg 1024w, https:\/\/semmelweis.hu\/ekk\/files\/2023\/10\/diploma-768x512.jpg 768w, https:\/\/semmelweis.hu\/ekk\/files\/2023\/10\/diploma-753x502.jpg 753w, https:\/\/semmelweis.hu\/ekk\/files\/2023\/10\/diploma-203x135.jpg 203w, https:\/\/semmelweis.hu\/ekk\/files\/2023\/10\/diploma.jpg 1200w\" ><\/a><\/div>\r\n            <\/span>\r\n\r\n            <\/div>\r\n\r\n\t\t\t<div class=\"col-3 pl-0 pr-0\">\r\n\t\t\t\t<div class=\"galeria-right-img d-flex justify-content-between flex-column h-100 w-100 px-0 mx-0 \">\r\n                <div class=\"galeria-box\">\r\n\t\t\t\t\t<h3 class=\"galeria-title\">Gal\u00e9ria<\/h3>\r\n\t\t\t\t\t<div class=\"galeria-subtitle\">\r\n\r\n\t\t\t\t\t\t<div class=\"galeria-page-counter\"><span>3<\/span>k\u00e9p<\/div>\r\n                    <\/div> <\/div>\r\n                    <span class=\"gallery-item frame d-none d-md-flex\">\r\n\t\t\t\t\t<div class=\"galeria-small-img mt-0\"><a href=\"https:\/\/semmelweis.hu\/ekk\/files\/2023\/10\/diploma3.jpg\"><img src=https:\/\/semmelweis.hu\/ekk\/files\/2023\/10\/diploma3.jpg \r\n                                alt=\"\"  \r\n                                class=\"attachment-sote-gallery-small size-sote-gallery-small\" \r\n                                srcset=\"https:\/\/semmelweis.hu\/ekk\/files\/2023\/10\/diploma3-400x267.jpg 400w, https:\/\/semmelweis.hu\/ekk\/files\/2023\/10\/diploma3-1024x683.jpg 1024w, https:\/\/semmelweis.hu\/ekk\/files\/2023\/10\/diploma3-768x512.jpg 768w, https:\/\/semmelweis.hu\/ekk\/files\/2023\/10\/diploma3-753x502.jpg 753w, https:\/\/semmelweis.hu\/ekk\/files\/2023\/10\/diploma3-203x135.jpg 203w, https:\/\/semmelweis.hu\/ekk\/files\/2023\/10\/diploma3.jpg 1200w\" ><\/a><\/div>\r\n                    <\/span>\r\n                    <span class=\"gallery-item frame d-none d-md-flex\">\r\n\t\t\t\t\t<div class=\"galeria-small-img mt-0\"><a href=\"https:\/\/semmelweis.hu\/ekk\/files\/2023\/10\/diplomaatado.jpg\"><img src=https:\/\/semmelweis.hu\/ekk\/files\/2023\/10\/diplomaatado.jpg \r\n                                alt=\"\" \r\n                                class=\"attachment-sote-gallery-small size-sote-gallery-small\" \r\n                                srcset=\"https:\/\/semmelweis.hu\/ekk\/files\/2023\/10\/diplomaatado-400x267.jpg 400w, https:\/\/semmelweis.hu\/ekk\/files\/2023\/10\/diplomaatado-1024x683.jpg 1024w, https:\/\/semmelweis.hu\/ekk\/files\/2023\/10\/diplomaatado-768x512.jpg 768w, https:\/\/semmelweis.hu\/ekk\/files\/2023\/10\/diplomaatado-753x502.jpg 753w, https:\/\/semmelweis.hu\/ekk\/files\/2023\/10\/diplomaatado-203x135.jpg 203w, https:\/\/semmelweis.hu\/ekk\/files\/2023\/10\/diplomaatado.jpg 1200w\" ><\/a><\/div>\r\n                    <\/span>\r\n\r\n                <\/div>\r\n\r\n            <\/div>\r\n\r\n            \r\n            <\/div>\r\n\r\n            [\/slb_exclude]\r\n\t\n<p style=\"text-align: justify\">\u00a0<\/p>\n<p style=\"text-align: justify\">\u00a0<\/p>\n","protected":false},"excerpt":{"rendered":"<p>A Semmelweis Egyetem Eg\u00e9szs\u00e9g\u00fcgyi K\u00f6zszolg\u00e1lati Kar\u00e1n <a href=\"https:\/\/semmelweis.hu\/dei\/oktatas\/egeszsegugyi-szervezo-bsc\/\" target=\"_blank\" rel=\"noopener\">eg\u00e9szs\u00e9g\u00fcgyi szervez\u0151 BSc alapk\u00e9pz\u00e9sen<\/a> , digit\u00e1lis eg\u00e9szs\u00e9g\u00fcgyi szervez\u0151 specializ\u00e1ci\u00f3n tanulhatnak hallgat\u00f3ink. A k\u00e9pz\u00e9s \u00e1llami \u00f6szt\u00f6nd\u00edjas \u00e9s \u00f6nk\u00f6lts\u00e9ges finansz\u00edroz\u00e1si form\u00e1ban ind\u00edtjuk, az \u00f6nk\u00f6lts\u00e9gi d\u00edj 270.000 Ft\/f\u00e9l\u00e9v. A szak k\u00e9pz\u00e9si ideje 7 f\u00e9l\u00e9v \u00e9s 210 kredit. A k\u00e9pz\u00e9s alapoz\u00f3 tant\u00e1rgyainak keret\u00e9ben elsaj\u00e1t\u00edtj\u00e1k az orvostudom\u00e1nyi \u00e9s az informatikai szakter\u00fclet alapismereteit, melyet a kapcsol\u00f3d\u00f3 jogi, etikai, k\u00f6zgazdas\u00e1gi, &hellip;<\/p>\n","protected":false},"author":7,"featured_media":0,"parent":4,"menu_order":0,"comment_status":"closed","ping_status":"open","template":"","meta":{"_acf_changed":false,"footnotes":""},"categories":[],"tags":[],"class_list":["post-21","page","type-page","status-publish","hentry"],"acf":[],"_links":{"self":[{"href":"https:\/\/semmelweis.hu\/ekk\/wp-json\/wp\/v2\/pages\/21","targetHints":{"allow":["GET"]}}],"collection":[{"href":"https:\/\/semmelweis.hu\/ekk\/wp-json\/wp\/v2\/pages"}],"about":[{"href":"https:\/\/semmelweis.hu\/ekk\/wp-json\/wp\/v2\/types\/page"}],"author":[{"embeddable":true,"href":"https:\/\/semmelweis.hu\/ekk\/wp-json\/wp\/v2\/users\/7"}],"replies":[{"embeddable":true,"href":"https:\/\/semmelweis.hu\/ekk\/wp-json\/wp\/v2\/comments?post=21"}],"version-history":[{"count":11,"href":"https:\/\/semmelweis.hu\/ekk\/wp-json\/wp\/v2\/pages\/21\/revisions"}],"predecessor-version":[{"id":5906,"href":"https:\/\/semmelweis.hu\/ekk\/wp-json\/wp\/v2\/pages\/21\/revisions\/5906"}],"up":[{"embeddable":true,"href":"https:\/\/semmelweis.hu\/ekk\/wp-json\/wp\/v2\/pages\/4"}],"wp:attachment":[{"href":"https:\/\/semmelweis.hu\/ekk\/wp-json\/wp\/v2\/media?parent=21"}],"wp:term":[{"taxonomy":"category","embeddable":true,"href":"https:\/\/semmelweis.hu\/ekk\/wp-json\/wp\/v2\/categories?post=21"},{"taxonomy":"post_tag","embeddable":true,"href":"https:\/\/semmelweis.hu\/ekk\/wp-json\/wp\/v2\/tags?post=21"}],"curies":[{"name":"wp","href":"https:\/\/api.w.org\/{rel}","templated":true}]}}