{"id":1974,"date":"2016-10-17T16:48:56","date_gmt":"2016-10-17T14:48:56","guid":{"rendered":"http:\/\/semmelweis.hu\/ekk\/?page_id=1974"},"modified":"2025-01-23T08:02:07","modified_gmt":"2025-01-23T07:02:07","slug":"dijak-kituntetesek-2","status":"publish","type":"page","link":"https:\/\/semmelweis.hu\/ekk\/a-karrol\/dijak-kituntetesek-2\/","title":{"rendered":"D\u00edjak, kit\u00fcntet\u00e9sek"},"content":{"rendered":"<div class=\"responsive-tabs\">\n<h2 class=\"tabtitle\">Egyetemi d\u00edjak<\/h2>\n<div class=\"tabcontent\">\n\n<p><strong>Professor Emeritus c\u00edm<\/strong><\/p>\n<ul>\n<li>\u00a0Dr. habil. Dinya Elek (2019)<\/li>\n<\/ul>\n<p><strong>Semmelweis Egyetem Kiv\u00e1l\u00f3 Oktat\u00f3ja<\/strong><\/p>\n<ul>\n<li>Dr. Cserh\u00e1ti Zolt\u00e1n (2024)<\/li>\n<li style=\"font-weight: 400\"><span style=\"font-weight: 400\">Dr. Belicza \u00c9va (2018)<\/span><\/li>\n<li style=\"font-weight: 400\"><span style=\"font-weight: 400\">Dr. Ga\u00e1l P\u00e9ter (2017)<\/span><\/li>\n<li style=\"font-weight: 400\"><span style=\"font-weight: 400\">Dr. Sz\u00f3cska Mikl\u00f3s (2017)<\/span><\/li>\n<li style=\"font-weight: 400\"><span style=\"font-weight: 400\">Dr. Sink\u00f3 Eszter (2011)<\/span><\/li>\n<\/ul>\n<p><strong>Semmelweis Egyetem Kiv\u00e1l\u00f3 Dolgoz\u00f3ja<\/strong><\/p>\n<ul>\n<li>Farkas Be\u00e1ta (2024)<\/li>\n<li>Tenevszki Kosztadin (2024)<\/li>\n<li class=\"gmail_default\">Barta Andr\u00e1s (2022)<\/li>\n<li class=\"gmail_default\">Bod\u00f3 Klaudia (2022)<\/li>\n<li class=\"gmail_default\">Dr. Palicz Tam\u00e1s (2022)<\/li>\n<li style=\"font-weight: 400\"><span style=\"font-weight: 400\">Dr. Davidovics Krisztina (2018)<\/span><\/li>\n<li style=\"font-weight: 400\"><span style=\"font-weight: 400\">K\u0151szegi T\u00edmea (2014)<\/span><\/li>\n<li style=\"font-weight: 400\"><span style=\"font-weight: 400\">Szand\u00e1nyi Beatrix (2014)<\/span><\/li>\n<li style=\"font-weight: 400\"><span style=\"font-weight: 400\">Pencz Bernadett (2013)<\/span><\/li>\n<li style=\"font-weight: 400\"><span style=\"font-weight: 400\">Dr. Belicza \u00c9va (2011)<\/span><\/li>\n<li style=\"font-weight: 400\"><span style=\"font-weight: 400\">Farkas Be\u00e1ta (2011)<\/span><\/li>\n<\/ul>\n<p><strong> \u00a0Rektori dics\u00e9ret<\/strong><\/p>\n<ul>\n<li>Dr. Belicza \u00c9va (2024)<\/li>\n<li>Dr. Danis Ildik\u00f3 (2023)<\/li>\n<li>Dr. Pethesn\u00e9 D\u00e1vid Be\u00e1ta (2022)<\/li>\n<li style=\"font-weight: 400\"><span style=\"font-weight: 400\">M\u00e1rfyn\u00e9 Kerekes Szilvia (2018)<\/span><\/li>\n<li style=\"font-weight: 400\"><span style=\"font-weight: 400\">Dr. T\u00f6r\u00f6k G\u00e1bor (2015)<\/span><\/li>\n<li style=\"font-weight: 400\"><span style=\"font-weight: 400\">Calin M\u00e1rta (2013)<\/span><\/li>\n<li style=\"font-weight: 400\"><span style=\"font-weight: 400\">Losonczy Levente (2013)<\/span><\/li>\n<\/ul>\n<p><strong>Kancell\u00e1ri dics\u00e9ret:<\/strong><\/p>\n<ul>\n<li>P\u00e1lizs Brigitta (2022)<\/li>\n<li>Gasparik Szilvia (2022)<\/li>\n<\/ul>\n<p><strong>D\u00e9k\u00e1ni dics\u00e9ret<\/strong><\/p>\n<ul>\n<li>Dr. Antal Zsuzsanna (2024)<\/li>\n<li>Dr. Ga\u00e1l P\u00e9ter (2024)<\/li>\n<li>Dr. Juh\u00e1sz P\u00e9ter (2024)<\/li>\n<li>K\u00f3der Fruzsina (2024)<\/li>\n<li>Dr. L\u0151rincz Orsolya (2024)<\/li>\n<li>Nebehaj Orsolya (2024)<\/li>\n<li>Polakovics N\u00f3ra (2024)<\/li>\n<li>Szaszovszky Eszter (2024)<\/li>\n<li>Dr. B\u00f3n\u00e9 Veronika (2024)<\/li>\n<li>Dr. Somosin\u00e9 T\u00e9senyi Timea (2024)<\/li>\n<li>Farkas Szilvia (2023)<\/li>\n<li>Fej\u00e9r-Sz\u00e9kely Anna (2023)<\/li>\n<li>G\u00f6nd\u00f6csn\u00e9 Horkai Vikt\u00f3ria (2023)<\/li>\n<li>Lente Bogl\u00e1rka No\u00e9mi (2023)<\/li>\n<li>Poly\u00e1k-\u00c1rvai Krisztina (2023)<\/li>\n<li>Dr. Safadi Hel\u00e9na (2023)<\/li>\n<li>Sinka L\u00e1szl\u00f3n\u00e9 Adamik Erika (2023)<\/li>\n<li>Sziklai M\u00e1rta (2023)<\/li>\n<li class=\"gmail_default\">Dr. \u00c1d\u00e1m Szilvia (2022)<\/li>\n<li class=\"gmail_default\">Dr. B\u00e1lity Csaba (2022)<\/li>\n<li class=\"gmail_default\">B\u00edr\u00f3 Attila (2022)<\/li>\n<li class=\"gmail_default\">Dr. K\u00e9ri Di\u00e1na (2022)<\/li>\n<li class=\"gmail_default\">Makai Marianna (2022)<\/li>\n<li class=\"gmail_default\">Radnai Andr\u00e1s (2022)<\/li>\n<li class=\"gmail_default\">Szand\u00e1nyi Beatrix (2022)<\/li>\n<li class=\"gmail_default\">Dr. Tamus Zolt\u00e1n (2022)<\/li>\n<li class=\"gmail_default\">T\u00f3th Tam\u00e1s (2022)<\/li>\n<li>Asztalos Bernadett (2021)<\/li>\n<li>Gyurkovics Zolt\u00e1nn\u00e9 (2021)<\/li>\n<li>Dr. Gin\u00e1l G\u00e1born\u00e9 Guly\u00e1s Katalin (2021)<\/li>\n<li>Jo\u00f3 Tam\u00e1s (2021)<\/li>\n<li>Dr. Kov\u00e1cs Eszter (2021)<\/li>\n<li>Dr. L\u00e1m Judit (2021)<\/li>\n<li>Marosi Gergely \u00c1d\u00e1m (2021)<\/li>\n<li>Dr. Sink\u00f3 Eszter (2021)<\/li>\n<li>Dr. Tak\u00e1cs Erika (2021)<\/li>\n<li>Dr. T\u00f6r\u00f6k Szabolcs (2021)<\/li>\n<li>Borb\u00e1s Attila (2020)<\/li>\n<li>Szabad Vikt\u00f3ria (2020)<\/li>\n<li>Vajk\u00f3 Erzs\u00e9bet (2020)<\/li>\n<li style=\"font-weight: 400\"><span style=\"font-weight: 400\">Bucholczn\u00e9 Szombathy M\u00e1ria (2016)<\/span><\/li>\n<li style=\"font-weight: 400\"><span style=\"font-weight: 400\">Nagy M\u00e1rta (2013)<\/span><\/li>\n<li style=\"font-weight: 400\"><span style=\"font-weight: 400\">Dr. Pilinszki Attila (2013)<\/span><\/li>\n<\/ul>\n<p><strong>Semmelweis-d\u00edj <\/strong><\/p>\n<ul>\n<li style=\"font-weight: 400\"><span style=\"font-weight: 400\">Dr. Tomcs\u00e1nyi Teod\u00f3ra prof. emer. (2013)<\/span><\/li>\n<\/ul>\n<p><strong>Pro Universitate d\u00edj <\/strong><\/p>\n<ul>\n<li>Dr. Iv\u00e1dy Vilmos (2020)<\/li>\n<li style=\"font-weight: 400\"><span style=\"font-weight: 400\">Dr. Harmatta J\u00e1nos (2013)<\/span><\/li>\n<\/ul>\n<p><strong>Pro Universitate d\u00edj ez\u00fcst fokozat<\/strong><\/p>\n<ul>\n<li style=\"font-weight: 400\"><span style=\"font-weight: 400\">Dr. Horv\u00e1th-Szab\u00f3 Katalin (2014)<\/span><\/li>\n<\/ul>\n<p><strong>Pro Universitate \u00e9rdemrend<\/strong><\/p>\n<ul>\n<li>Dr. Nagy Endre (2020)<\/li>\n<li>\n<p>Dr. Sz\u00e9man Zsuzsanna (2021)<\/p>\n<\/li>\n<\/ul>\n<p><strong>\u00d3raad\u00f3 oktat\u00f3<\/strong><\/p>\n<ul>\n<li style=\"font-weight: 400\"><span style=\"font-weight: 400\">Dr. Iv\u00e1ncsy Tam\u00e1s \u00a0(2017)<\/span><\/li>\n<li style=\"font-weight: 400\"><span style=\"font-weight: 400\">Dr. Nagy G\u00e9za \u00a0(2017)<\/span><\/li>\n<\/ul>\n\n<\/div><h2 class=\"tabtitle\">Munkat\u00e1rsak egy\u00e9b d\u00edjai<\/h2>\n<div class=\"tabcontent\">\n\n<p><strong>Dr. habil. Dinya Elek<\/strong><\/p>\n<ul>\n<li>Markusovszky-d\u00edj (2007)<\/li>\n<\/ul>\n<p><strong>Dr. Harmatta J\u00e1nos<\/strong><\/p>\n<ul>\n<li>Magyar \u00c9rdemrend Lovagkeresztje kit\u00fcntet\u00e9s (2015)<\/li>\n<li>Magyar Pszichi\u00e1triai T\u00e1rsas\u00e1g Ol\u00e1h Guszt\u00e1v \u00e9letm\u0171d\u00edj (2015)<\/li>\n<li>Batthy\u00e1ny-Strattman L\u00e1szl\u00f3-d\u00edj (2013)<\/li>\n<li>Szlov\u00e1k Pszichoter\u00e1pi\u00e1s T\u00e1rsas\u00e1g Kit\u00fcntet\u00e9se a szlov\u00e1k pszichoter\u00e1pia \u00e9rdek\u00e9ben v\u00e9gzett oktat\u00f3i tev\u00e9kenys\u00e9g\u00e9rt<\/li>\n<\/ul>\n<p><strong>P\u00e1l Ferenc (k\u00fcls\u0151s oktat\u00f3)<\/strong>\u00a0 \u00a0 \u00a0 \u00a0 \u00a0<\/p>\n<ul>\n<li>Prima Primissima k\u00f6z\u00f6ns\u00e9gd\u00edj (2013)<\/li>\n<\/ul>\n<p><strong>Dr. Pethesn\u00e9 D\u00e1vid Be\u00e1ta PhD<\/strong><\/p>\n<ul>\n<li>Magyar Szociol\u00f3giai T\u00e1rsas\u00e1g Erdei eml\u00e9k\u00e9rem (2001)<\/li>\n<\/ul>\n<p><strong>Dr. Tomcs\u00e1nyi Teod\u00f3ra prof. emer. \u00a0 \u00a0 \u00a0<\/strong><\/p>\n<ul>\n<li>Magyar \u00c9rdemrend tisztikeresztje polg\u00e1ri tagozat kit\u00fcntet\u00e9s (2013)<\/li>\n<li>Szent-Gy\u00f6rgyi Albert-d\u00edj (2012)<\/li>\n<li>Frakn\u00f3i Vilmos-d\u00edj (2000)<\/li>\n<\/ul>\n<p><strong>Dr. T\u00f6r\u00f6k Szabolcs J\u00e1nos \u00a0 \u00a0 \u00a0 \u00a0 \u00a0 \u00a0<\/strong><\/p>\n<ul>\n<li>Orvosi Rehabilit\u00e1ci\u00f3 \u00e9s Fizik\u00e1lis Medicina Magyarorsz\u00e1gi T\u00e1rsas\u00e1ga \u00e1ltal meghirdetett \u201eDr. L\u00e1szl\u00f3 Gergely eml\u00e9kp\u00e1ly\u00e1zaton I. d\u00edj (2006)<\/li>\n<li>A Magyar Gyermekorvosok T\u00e1rsas\u00e1ga \u00e1ltal meghirdetett \u201eDr. Pet\u00e9nyi G\u00e9za\u201d p\u00e1ly\u00e1zaton I. d\u00edj (2006)<\/li>\n<li>\u201eVeritas et Virtus\u201d Alap\u00edtv\u00e1ny Ifjabb dr. Farkas Zsolt eml\u00e9k\u00e9re alap\u00edtott p\u00e1ly\u00e1zaton II. d\u00edj (2005)<\/li>\n<\/ul>\n<\/div><\/div>\n","protected":false},"excerpt":{"rendered":"<p>Professor Emeritus c\u00edm \u00a0Dr. habil. Dinya Elek (2019) Semmelweis Egyetem Kiv\u00e1l\u00f3 Oktat\u00f3ja Dr. Cserh\u00e1ti Zolt\u00e1n (2024) Dr. Belicza \u00c9va (2018) Dr. Ga\u00e1l P\u00e9ter (2017) Dr. Sz\u00f3cska Mikl\u00f3s (2017) Dr. Sink\u00f3 Eszter (2011) Semmelweis Egyetem Kiv\u00e1l\u00f3 Dolgoz\u00f3ja Farkas Be\u00e1ta (2024) Tenevszki Kosztadin (2024) Barta Andr\u00e1s (2022) Bod\u00f3 Klaudia (2022) Dr. Palicz Tam\u00e1s (2022) Dr. Davidovics Krisztina &hellip;<\/p>\n","protected":false},"author":101020,"featured_media":0,"parent":3,"menu_order":9,"comment_status":"closed","ping_status":"closed","template":"","meta":{"_acf_changed":false,"footnotes":""},"categories":[],"tags":[],"class_list":["post-1974","page","type-page","status-publish","hentry"],"acf":[],"_links":{"self":[{"href":"https:\/\/semmelweis.hu\/ekk\/wp-json\/wp\/v2\/pages\/1974","targetHints":{"allow":["GET"]}}],"collection":[{"href":"https:\/\/semmelweis.hu\/ekk\/wp-json\/wp\/v2\/pages"}],"about":[{"href":"https:\/\/semmelweis.hu\/ekk\/wp-json\/wp\/v2\/types\/page"}],"author":[{"embeddable":true,"href":"https:\/\/semmelweis.hu\/ekk\/wp-json\/wp\/v2\/users\/101020"}],"replies":[{"embeddable":true,"href":"https:\/\/semmelweis.hu\/ekk\/wp-json\/wp\/v2\/comments?post=1974"}],"version-history":[{"count":11,"href":"https:\/\/semmelweis.hu\/ekk\/wp-json\/wp\/v2\/pages\/1974\/revisions"}],"predecessor-version":[{"id":5645,"href":"https:\/\/semmelweis.hu\/ekk\/wp-json\/wp\/v2\/pages\/1974\/revisions\/5645"}],"up":[{"embeddable":true,"href":"https:\/\/semmelweis.hu\/ekk\/wp-json\/wp\/v2\/pages\/3"}],"wp:attachment":[{"href":"https:\/\/semmelweis.hu\/ekk\/wp-json\/wp\/v2\/media?parent=1974"}],"wp:term":[{"taxonomy":"category","embeddable":true,"href":"https:\/\/semmelweis.hu\/ekk\/wp-json\/wp\/v2\/categories?post=1974"},{"taxonomy":"post_tag","embeddable":true,"href":"https:\/\/semmelweis.hu\/ekk\/wp-json\/wp\/v2\/tags?post=1974"}],"curies":[{"name":"wp","href":"https:\/\/api.w.org\/{rel}","templated":true}]}}