{"id":154,"date":"2011-07-18T13:50:31","date_gmt":"2011-07-18T13:50:31","guid":{"rendered":"http:\/\/sote.webdevil.hu\/ekk\/?page_id=97"},"modified":"2025-03-06T09:46:03","modified_gmt":"2025-03-06T08:46:03","slug":"dr-gaal-peter","status":"publish","type":"page","link":"https:\/\/semmelweis.hu\/ekk\/dr-gaal-peter\/","title":{"rendered":"Dr. Ga\u00e1l P\u00e9ter"},"content":{"rendered":"<p>Tansz\u00e9kvezet\u0151, egyetemi tan\u00e1r, Kari Tan\u00e1cs tag, Etikai \u00e9s Fegyelmi Bizotts\u00e1g eln\u00f6ke, d\u00e9k\u00e1ni tan\u00e1csad\u00f3<\/p>\n<figure id=\"attachment_4208\" aria-describedby=\"caption-attachment-4208\" style=\"width: 270px\" class=\"wp-caption alignright\"><a href=\"https:\/\/semmelweis.hu\/ekk\/files\/2022\/03\/Gaal-Peter1-1.jpg\"><img loading=\"lazy\" decoding=\"async\" class=\"wp-image-4208\" src=\"https:\/\/semmelweis.hu\/ekk\/files\/2022\/03\/Gaal-Peter1-1-400x393.jpg\" alt=\"\" width=\"270\" height=\"265\" srcset=\"https:\/\/semmelweis.hu\/ekk\/files\/2022\/03\/Gaal-Peter1-1-400x393.jpg 400w, https:\/\/semmelweis.hu\/ekk\/files\/2022\/03\/Gaal-Peter1-1.jpg 692w\" sizes=\"auto, (max-width: 270px) 100vw, 270px\" \/><\/a><figcaption id=\"caption-attachment-4208\" class=\"wp-caption-text\">Dr. Ga\u00e1l P\u00e9ter<\/figcaption><\/figure>\n<p>Sz\u00fclet\u00e9si hely, \u00e9v: Budapest, 1969.<\/p>\n<p><strong>K\u00e9pzetts\u00e9g: <\/strong>\u00e1ltal\u00e1nos orvos, 1993, MSc in Health Services Management, 1995, okleveles eg\u00e9szs\u00e9g\u00fcgyi szakmenedzser, 1996<strong>. <\/strong><\/p>\n<p><strong>Tudom\u00e1nyos fokozat: <\/strong>PhD 2004. \u00a0 \u00a0 \u00a0 \u00a0<\/p>\n<p><strong>Munkahelyek:<\/strong> \n<table id=\"tablepress-2\" class=\"tablepress tablepress-id-2\">\n<tbody class=\"row-striping\">\n<tr class=\"row-1\">\n\t<td class=\"column-1\">1993-1995<\/td><td class=\"column-2\">SOTE, Magatart\u00e1studom\u00e1nyi Int\u00e9zet, projektmenedzser, orvosgyakornok<\/td>\n<\/tr>\n<tr class=\"row-2\">\n\t<td class=\"column-1\">1996-2010<\/td><td class=\"column-2\">Semmelweis Egyetem Eg\u00e9szs\u00e9g\u00fcgyi Menedzserk\u00e9pz\u0151 K\u00f6zpont, programvezet\u0151<\/td>\n<\/tr>\n<tr class=\"row-3\">\n\t<td class=\"column-1\">1999<\/td><td class=\"column-2\">Eg\u00e9szs\u00e9g\u00fcgyi Miniszt\u00e9rium, Strat\u00e9giai tervez\u00e9si \u00e9s ell\u00e1t\u00e1sszervez\u00e9si f\u0151oszt\u00e1ly, r\u00e9sz\u00e1ll\u00e1s\u00fa tan\u00e1csad\u00f3<\/td>\n<\/tr>\n<tr class=\"row-4\">\n\t<td class=\"column-1\">2010-2014<\/td><td class=\"column-2\">Semmelweis Egyetem Eg\u00e9szs\u00e9g\u00fcgyi Menedzserk\u00e9pz\u0151 K\u00f6zpont, mb. igazgat\u00f3<\/td>\n<\/tr>\n<tr class=\"row-5\">\n\t<td class=\"column-1\">2010-2013<\/td><td class=\"column-2\">Semmelweis Egyetem Eg\u00e9szs\u00e9g\u00fcgyi K\u00f6zszolg\u00e1lati Kar, mb. d\u00e9k\u00e1n<\/td>\n<\/tr>\n<tr class=\"row-6\">\n\t<td class=\"column-1\">2013-2019<\/td><td class=\"column-2\">Semmelweis Egyetem Eg\u00e9szs\u00e9g\u00fcgyi K\u00f6zszolg\u00e1lati Kar, d\u00e9k\u00e1n<\/td>\n<\/tr>\n<\/tbody>\n<\/table>\n<!-- #tablepress-2 from cache --><\/p>\n<p><strong>Nyelvismeret: <\/strong>angol (t\u00e1rgyal\u00e1si szint)<\/p>\n<p><strong>Oktat\u00f3i tev\u00e9kenys\u00e9g<\/strong><strong>: <\/strong>hatod\u00e9ves orvostanhallgat\u00f3k (\u00c1OK) \u00e9s rezidensek oktat\u00e1sa (\u00c1OK-FOK-GYOK), Eg\u00e9szs\u00e9gpolitika tant\u00e1rgy oktat\u00e1sa az Executive eg\u00e9szs\u00e9g\u00fcgyi szakmenedzser szakir\u00e1ny\u00fa tov\u00e1bbk\u00e9pz\u00e9s keret\u00e9ben (1996-t\u00f3l), illetve az Eg\u00e9szs\u00e9g\u00fcgyi menedzser mesterk\u00e9pz\u00e9s programban (2011-t\u0151l) Az eg\u00e9szs\u00e9g\u00fcgyi rendszer menedzsmentje \u00e9s eg\u00e9szs\u00e9gpolitika oktat\u00e1sa hazai \u00e9s nemzetk\u00f6zi programokban.<\/p>\n<p lang=\"en-US\"><strong>Szakmai- k\u00f6z\u00e9leti tiszts\u00e9gek<\/strong><\/p>\n<ul>\n<li>Eg\u00e9szs\u00e9g\u00fcgyi Szakmai Koll\u00e9giumi Tan\u00e1cs (Menedzsment \u00e9s eg\u00e9szs\u00e9ggazdas\u00e1gtan), 2011.<\/li>\n<li>Magyar Eg\u00e9szs\u00e9g\u00fcgyi Menedzsment T\u00e1rsas\u00e1g, MEMT (alap\u00edt\u00f3tag)<\/li>\n<li>Magyar Eg\u00e9szs\u00e9g-gazdas\u00e1gtani T\u00e1rsas\u00e1g, META<\/li>\n<\/ul>\n<p lang=\"en-US\"><strong>Szerkeszt\u0151 bizotts\u00e1gi tag:<\/strong><\/p>\n<ul>\n<li>IME &#8211; Az Eg\u00e9szs\u00e9g\u00fcgyi Vezet\u0151k Szaklapja (2011- )<\/li>\n<li>Eg\u00e9szs\u00e9g\u00fcgyi Gazdas\u00e1gi Szemle, Tan\u00e1csad\u00f3 Test\u00fclet (2011- )<\/li>\n<\/ul>\n<p><a href=\"https:\/\/vm.mtmt.hu\/search\/slist.php?AuthorID=10024133\" target=\"_blank\" rel=\"noopener\"> Dr. Ga\u00e1l P\u00e9ter k\u00f6zlem\u00e9nyjegyz\u00e9ke<\/a><\/p>\n","protected":false},"excerpt":{"rendered":"<p>Tansz\u00e9kvezet\u0151, egyetemi tan\u00e1r, Kari Tan\u00e1cs tag, Etikai \u00e9s Fegyelmi Bizotts\u00e1g eln\u00f6ke, d\u00e9k\u00e1ni tan\u00e1csad\u00f3 Sz\u00fclet\u00e9si hely, \u00e9v: Budapest, 1969. K\u00e9pzetts\u00e9g: \u00e1ltal\u00e1nos orvos, 1993, MSc in Health Services Management, 1995, okleveles eg\u00e9szs\u00e9g\u00fcgyi szakmenedzser, 1996. Tudom\u00e1nyos fokozat: PhD 2004. \u00a0 \u00a0 \u00a0 \u00a0 Munkahelyek: Nyelvismeret: angol (t\u00e1rgyal\u00e1si szint) Oktat\u00f3i tev\u00e9kenys\u00e9g: hatod\u00e9ves orvostanhallgat\u00f3k (\u00c1OK) \u00e9s rezidensek oktat\u00e1sa (\u00c1OK-FOK-GYOK), Eg\u00e9szs\u00e9gpolitika &hellip;<\/p>\n","protected":false},"author":7,"featured_media":0,"parent":0,"menu_order":0,"comment_status":"open","ping_status":"open","template":"","meta":{"_acf_changed":false,"footnotes":""},"categories":[],"tags":[],"class_list":["post-154","page","type-page","status-publish","hentry"],"acf":[],"_links":{"self":[{"href":"https:\/\/semmelweis.hu\/ekk\/wp-json\/wp\/v2\/pages\/154","targetHints":{"allow":["GET"]}}],"collection":[{"href":"https:\/\/semmelweis.hu\/ekk\/wp-json\/wp\/v2\/pages"}],"about":[{"href":"https:\/\/semmelweis.hu\/ekk\/wp-json\/wp\/v2\/types\/page"}],"author":[{"embeddable":true,"href":"https:\/\/semmelweis.hu\/ekk\/wp-json\/wp\/v2\/users\/7"}],"replies":[{"embeddable":true,"href":"https:\/\/semmelweis.hu\/ekk\/wp-json\/wp\/v2\/comments?post=154"}],"version-history":[{"count":12,"href":"https:\/\/semmelweis.hu\/ekk\/wp-json\/wp\/v2\/pages\/154\/revisions"}],"predecessor-version":[{"id":5658,"href":"https:\/\/semmelweis.hu\/ekk\/wp-json\/wp\/v2\/pages\/154\/revisions\/5658"}],"wp:attachment":[{"href":"https:\/\/semmelweis.hu\/ekk\/wp-json\/wp\/v2\/media?parent=154"}],"wp:term":[{"taxonomy":"category","embeddable":true,"href":"https:\/\/semmelweis.hu\/ekk\/wp-json\/wp\/v2\/categories?post=154"},{"taxonomy":"post_tag","embeddable":true,"href":"https:\/\/semmelweis.hu\/ekk\/wp-json\/wp\/v2\/tags?post=154"}],"curies":[{"name":"wp","href":"https:\/\/api.w.org\/{rel}","templated":true}]}}