{"id":1531,"date":"2016-02-15T10:58:24","date_gmt":"2016-02-15T09:58:24","guid":{"rendered":"http:\/\/semmelweis.hu\/ekk\/?page_id=1531"},"modified":"2021-02-11T11:02:52","modified_gmt":"2021-02-11T10:02:52","slug":"diakhitel-informaciok","status":"publish","type":"page","link":"https:\/\/semmelweis.hu\/ekk\/dokumentumtar\/diakhitel-informaciok\/","title":{"rendered":"Di\u00e1khitel inform\u00e1ci\u00f3k"},"content":{"rendered":"","protected":true},"excerpt":{"rendered":"","protected":true},"author":101020,"featured_media":0,"parent":53,"menu_order":0,"comment_status":"closed","ping_status":"closed","template":"","meta":{"_acf_changed":false,"footnotes":""},"categories":[],"tags":[],"class_list":["post-1531","page","type-page","status-publish","post-password-required","hentry"],"acf":[],"_links":{"self":[{"href":"https:\/\/semmelweis.hu\/ekk\/wp-json\/wp\/v2\/pages\/1531","targetHints":{"allow":["GET"]}}],"collection":[{"href":"https:\/\/semmelweis.hu\/ekk\/wp-json\/wp\/v2\/pages"}],"about":[{"href":"https:\/\/semmelweis.hu\/ekk\/wp-json\/wp\/v2\/types\/page"}],"author":[{"embeddable":true,"href":"https:\/\/semmelweis.hu\/ekk\/wp-json\/wp\/v2\/users\/101020"}],"replies":[{"embeddable":true,"href":"https:\/\/semmelweis.hu\/ekk\/wp-json\/wp\/v2\/comments?post=1531"}],"version-history":[{"count":11,"href":"https:\/\/semmelweis.hu\/ekk\/wp-json\/wp\/v2\/pages\/1531\/revisions"}],"predecessor-version":[{"id":3833,"href":"https:\/\/semmelweis.hu\/ekk\/wp-json\/wp\/v2\/pages\/1531\/revisions\/3833"}],"up":[{"embeddable":true,"href":"https:\/\/semmelweis.hu\/ekk\/wp-json\/wp\/v2\/pages\/53"}],"wp:attachment":[{"href":"https:\/\/semmelweis.hu\/ekk\/wp-json\/wp\/v2\/media?parent=1531"}],"wp:term":[{"taxonomy":"category","embeddable":true,"href":"https:\/\/semmelweis.hu\/ekk\/wp-json\/wp\/v2\/categories?post=1531"},{"taxonomy":"post_tag","embeddable":true,"href":"https:\/\/semmelweis.hu\/ekk\/wp-json\/wp\/v2\/tags?post=1531"}],"curies":[{"name":"wp","href":"https:\/\/api.w.org\/{rel}","templated":true}]}}