{"id":1253,"date":"2016-01-19T15:09:26","date_gmt":"2016-01-19T14:09:26","guid":{"rendered":"http:\/\/semmelweis.hu\/ekk\/?page_id=1253"},"modified":"2020-06-17T12:51:44","modified_gmt":"2020-06-17T10:51:44","slug":"hallgatoi-szervezetek-2","status":"publish","type":"page","link":"https:\/\/semmelweis.hu\/ekk\/hallgatoi-elet\/hallgatoi-szervezetek-2\/","title":{"rendered":"Hallgat\u00f3i szervezetek"},"content":{"rendered":"<p>Az Egyetemen m\u0171k\u00f6d\u0151 hallgat\u00f3i szervezetekr\u0151l <a href=\"https:\/\/semmelweis.hu\/egyetemi-hallgatoknak\/hallgatoi-szervezetek\/\" target=\"_blank\" rel=\"noopener noreferrer\">itt \u00e9rdekl\u0151dhet<\/a>.<\/p>\n","protected":false},"excerpt":{"rendered":"<p>Az Egyetemen m\u0171k\u00f6d\u0151 hallgat\u00f3i szervezetekr\u0151l <a href=\"https:\/\/semmelweis.hu\/egyetemi-hallgatoknak\/hallgatoi-szervezetek\/\" target=\"_blank\" rel=\"noopener noreferrer\">itt \u00e9rdekl\u0151dhet<\/a>.<\/p>\n","protected":false},"author":101020,"featured_media":0,"parent":8,"menu_order":7,"comment_status":"closed","ping_status":"closed","template":"","meta":{"_acf_changed":false,"footnotes":""},"categories":[],"tags":[],"class_list":["post-1253","page","type-page","status-publish","hentry"],"acf":[],"_links":{"self":[{"href":"https:\/\/semmelweis.hu\/ekk\/wp-json\/wp\/v2\/pages\/1253","targetHints":{"allow":["GET"]}}],"collection":[{"href":"https:\/\/semmelweis.hu\/ekk\/wp-json\/wp\/v2\/pages"}],"about":[{"href":"https:\/\/semmelweis.hu\/ekk\/wp-json\/wp\/v2\/types\/page"}],"author":[{"embeddable":true,"href":"https:\/\/semmelweis.hu\/ekk\/wp-json\/wp\/v2\/users\/101020"}],"replies":[{"embeddable":true,"href":"https:\/\/semmelweis.hu\/ekk\/wp-json\/wp\/v2\/comments?post=1253"}],"version-history":[{"count":3,"href":"https:\/\/semmelweis.hu\/ekk\/wp-json\/wp\/v2\/pages\/1253\/revisions"}],"predecessor-version":[{"id":3532,"href":"https:\/\/semmelweis.hu\/ekk\/wp-json\/wp\/v2\/pages\/1253\/revisions\/3532"}],"up":[{"embeddable":true,"href":"https:\/\/semmelweis.hu\/ekk\/wp-json\/wp\/v2\/pages\/8"}],"wp:attachment":[{"href":"https:\/\/semmelweis.hu\/ekk\/wp-json\/wp\/v2\/media?parent=1253"}],"wp:term":[{"taxonomy":"category","embeddable":true,"href":"https:\/\/semmelweis.hu\/ekk\/wp-json\/wp\/v2\/categories?post=1253"},{"taxonomy":"post_tag","embeddable":true,"href":"https:\/\/semmelweis.hu\/ekk\/wp-json\/wp\/v2\/tags?post=1253"}],"curies":[{"name":"wp","href":"https:\/\/api.w.org\/{rel}","templated":true}]}}