{"id":1177,"date":"2016-01-19T11:53:40","date_gmt":"2016-01-19T10:53:40","guid":{"rendered":"http:\/\/semmelweis.hu\/ekk\/?page_id=1177"},"modified":"2026-02-26T18:04:04","modified_gmt":"2026-02-26T17:04:04","slug":"nyilt-napok","status":"publish","type":"page","link":"https:\/\/semmelweis.hu\/ekk\/felveteli\/nyilt-napok\/","title":{"rendered":"Ny\u00edlt nap"},"content":{"rendered":"<div class=\"w-100\" style=\"text-align: center\"><span style=\"color: #313b40;font-family: Montserrat, sans-serif;font-size: 20px;font-weight: bold;text-align: center;background-color: #ffffff\">EG\u00c9SZS\u00c9G\u00dcGYI K\u00d6ZSZOLG\u00c1LATI KAR &#8211; ONLINE NY\u00cdLT NAP<\/span><\/div>\n<p style=\"text-align: justify\">Hatodik alkalommal rendezte meg 2026. janu\u00e1r 22. \u00e9s 24. k\u00f6z\u00f6tt online ny\u00edlt napj\u00e1t a Semmelweis Egyetem, ahol az orvos- \u00e9s eg\u00e9szs\u00e9gtudom\u00e1nyok ir\u00e1nt \u00e9rdekl\u0151d\u0151k minden hasznos inform\u00e1ci\u00f3t megkaphattak a tov\u00e1bbtanul\u00e1sr\u00f3l.<\/p>\n<p style=\"text-align: justify\"><strong>Hallgasd meg Dr. Merkely B\u00e9la rektor, Feket\u00e9n\u00e9 Dr. Szab\u00f3 \u00c9va, strat\u00e9giai \u00e9s fejleszt\u00e9si rektorhelyettes \u00e9s Nagy Imre Rich\u00e1rd, a Hallgat\u00f3i \u00d6nkorm\u00e1nyzat eln\u00f6k\u00e9nek inspir\u00e1l\u00f3 gondolatait, k\u00f6sz\u00f6nt\u0151j\u00e9t!<\/strong><\/p>\n<p class=\"style-scope ytd-watch-metadata\" style=\"text-align: center\"><strong><a class=\"btn btn-secondary\" href=\"https:\/\/www.youtube.com\/watch?v=GhwAG8UexfM\">Rektori nyit\u00f3besz\u00e9lget\u00e9s<\/a><\/strong><\/p>\n<p class=\"style-scope ytd-watch-metadata\" style=\"text-align: justify\"><span style=\"font-size: 1rem;text-align: left\">Az \u00e9l\u0151 ad\u00e1s sor\u00e1n a vezet\u0151k \u00e1tfog\u00f3 k\u00e9pet adtak az egyetem:<\/span><\/p>\n<ul style=\"list-style-type: square\">\n<li>oktat\u00e1si \u00e9s fejleszt\u00e9si ir\u00e1nyair\u00f3l<\/li>\n<li>strat\u00e9giai c\u00e9lkit\u0171z\u00e9seir\u0151l\u00a0<\/li>\n<li>a felv\u00e9teli elj\u00e1r\u00e1s saj\u00e1toss\u00e1gair\u00f3l,\u00a0<\/li>\n<li>valamint a hallgat\u00f3i k\u00f6z\u00f6ss\u00e9get \u00e9rint\u0151 lehet\u0151s\u00e9gekr\u0151l \u00e9s szolg\u00e1ltat\u00e1sokr\u00f3l<\/li>\n<\/ul>\n<p style=\"text-align: justify\">A Semmelweis Egyetem Eg\u00e9szs\u00e9g\u00fcgyi K\u00f6zszolg\u00e1lati Kar (EKK) <strong>2026. janu\u00e1r 22-ei ny\u00edlt napj\u00e1<\/strong>n a j\u00f6v\u0151 technol\u00f3gi\u00e1i \u00e9s eg\u00e9szs\u00e9g\u00fcgyi trendjei ker\u00fcltek f\u00f3kuszba. Az esem\u00e9ny programjai seg\u00edtettek meg\u00e9rteni, mi\u00e9rt \u00e9rdemes a digit\u00e1lis eg\u00e9szs\u00e9g\u00fcgyi k\u00e9pz\u00e9sek vil\u00e1g\u00e1t v\u00e1lasztani.<\/p>\n<p style=\"text-align: justify\"><strong>Az Eg\u00e9szs\u00e9g\u00fcgyi K\u00f6zszolg\u00e1lati Kar (EKK) 2026. JANU\u00c1R 22-ei ny\u00edlt napj\u00e1n streamelt programj\u00e1nak teljes felv\u00e9tele az al\u00e1bbi gombra kattintva megtekinthet\u0151:<\/strong><\/p>\n<p class=\"style-scope ytd-watch-metadata\" style=\"text-align: center\"><strong><a class=\"btn btn-secondary\" href=\"https:\/\/www.youtube.com\/watch?v=YPpLFpPkLBU\">SEMMELWEIS ONLINE NY\u00cdLT NAP 2026 &#8211; SE EKK<\/a><\/strong><\/p>\n<div class=\"keretes w-100\">\n<p style=\"text-align: justify\"><strong>Mir\u0151l esett sz\u00f3 az online ny\u00edlt napon?<\/strong><\/p>\n<p><span class=\"yt-core-attributed-string--link-inherit-color\" dir=\"auto\"><a class=\"yt-core-attributed-string__link yt-core-attributed-string__link--call-to-action-color\" href=\"https:\/\/www.youtube.com\/watch?v=YPpLFpPkLBU\" target=\"\">00:00:00<\/a><\/span><span class=\"yt-core-attributed-string--link-inherit-color\" dir=\"auto\"> Rektori k\u00f6sz\u00f6nt\u0151 <\/span><span class=\"yt-core-attributed-string--link-inherit-color\" dir=\"auto\"><br \/>\n<a class=\"yt-core-attributed-string__link yt-core-attributed-string__link--call-to-action-color\" href=\"https:\/\/www.youtube.com\/watch?v=YPpLFpPkLBU&amp;t=116s\" target=\"\">00:01:56 <\/a><\/span><span class=\"yt-core-attributed-string--link-inherit-color\" dir=\"auto\">D\u00e9k\u00e1ni K\u00f6sz\u00f6nt\u0151, \u00e1ltal\u00e1nos t\u00e1j\u00e9koztat\u00f3 <br \/>\n<\/span><span class=\"yt-core-attributed-string--link-inherit-color\" dir=\"auto\"><a class=\"yt-core-attributed-string__link yt-core-attributed-string__link--call-to-action-color\" href=\"https:\/\/www.youtube.com\/watch?v=YPpLFpPkLBU&amp;t=515s\" target=\"\">00:08:35 <\/a><\/span><span class=\"yt-core-attributed-string--link-inherit-color\" dir=\"auto\">Felv\u00e9teli testimonial &#8211; EKK <\/span><span class=\"yt-core-attributed-string--link-inherit-color\" dir=\"auto\"><br \/>\n<a class=\"yt-core-attributed-string__link yt-core-attributed-string__link--call-to-action-color\" href=\"https:\/\/www.youtube.com\/watch?v=YPpLFpPkLBU&amp;t=615s\" target=\"\">00:10:15 <\/a><\/span><span class=\"yt-core-attributed-string--link-inherit-color\" dir=\"auto\">Medikus kupa <br \/>\n<\/span><span class=\"yt-core-attributed-string--link-inherit-color\" dir=\"auto\"><a class=\"yt-core-attributed-string__link yt-core-attributed-string__link--call-to-action-color\" href=\"https:\/\/www.youtube.com\/watch?v=YPpLFpPkLBU&amp;t=807s\" target=\"\">00:13:27<\/a><\/span><span class=\"yt-core-attributed-string--link-inherit-color\" dir=\"auto\"> T\u00e1j\u00e9koztat\u00f3 az eg\u00e9szs\u00e9g\u00fcgyi szervez\u0151 alapk\u00e9pz\u00e9sr\u0151l -Nagy-Kutasi Andrea, mesteroktat\u00f3 <\/span><span class=\"yt-core-attributed-string--link-inherit-color\" dir=\"auto\"><a class=\"yt-core-attributed-string__link yt-core-attributed-string__link--call-to-action-color\" href=\"https:\/\/www.youtube.com\/watch?v=YPpLFpPkLBU&amp;t=1740s\" target=\"\">00:29:00<\/a><\/span><span class=\"yt-core-attributed-string--link-inherit-color\" dir=\"auto\"> Alapoz\u00f3 tant\u00e1rgyak ismertet\u00e9se &#8211; Marosi Gergely <br \/>\n<\/span><span class=\"yt-core-attributed-string--link-inherit-color\" dir=\"auto\"><a class=\"yt-core-attributed-string__link yt-core-attributed-string__link--call-to-action-color\" href=\"https:\/\/www.youtube.com\/watch?v=YPpLFpPkLBU&amp;t=2195s\" target=\"\">00:36:35<\/a><\/span><span class=\"yt-core-attributed-string--link-inherit-color\" dir=\"auto\"> K\u00e9rd\u00e9sek \u00e9s v\u00e1laszok &#8211; Kudel\u00e1k M\u00e1rk, M\u00e9szeros Evelin <\/span><span class=\"yt-core-attributed-string--link-inherit-color\" dir=\"auto\"><br \/>\n<a class=\"yt-core-attributed-string__link yt-core-attributed-string__link--call-to-action-color\" href=\"https:\/\/www.youtube.com\/watch?v=YPpLFpPkLBU&amp;t=3146s\" target=\"\">00:52:26<\/a><\/span><span class=\"yt-core-attributed-string--link-inherit-color\" dir=\"auto\"> A digit\u00e1lis eg\u00e9szs\u00e9g\u00fcgy gyakorlati oktat\u00e1sa &#8211; Kalm\u00e1r Istv\u00e1n, mesteroktat\u00f3 <br \/>\n<\/span><span class=\"yt-core-attributed-string--link-inherit-color\" dir=\"auto\"><a class=\"yt-core-attributed-string__link yt-core-attributed-string__link--call-to-action-color\" href=\"https:\/\/www.youtube.com\/watch?v=YPpLFpPkLBU&amp;t=3692s\" target=\"\">01:01:32<\/a><\/span><span class=\"yt-core-attributed-string--link-inherit-color\" dir=\"auto\"> MySemmelweis <\/span><span class=\"yt-core-attributed-string--link-inherit-color\" dir=\"auto\"><br \/>\n<a class=\"yt-core-attributed-string__link yt-core-attributed-string__link--call-to-action-color\" href=\"https:\/\/www.youtube.com\/watch?v=YPpLFpPkLBU&amp;t=3897s\" target=\"\">01:04:57<\/a><\/span><span class=\"yt-core-attributed-string--link-inherit-color\" dir=\"auto\"> Tudom\u00e1nyos Di\u00e1kk\u00f6ri Tan\u00e1cs kisfilmje <br \/>\n<\/span><span class=\"yt-core-attributed-string--link-inherit-color\" dir=\"auto\"><a class=\"yt-core-attributed-string__link yt-core-attributed-string__link--call-to-action-color\" href=\"https:\/\/www.youtube.com\/watch?v=YPpLFpPkLBU&amp;t=4013s\" target=\"\">01:06:53<\/a><\/span><span class=\"yt-core-attributed-string--link-inherit-color\" dir=\"auto\"> A digit\u00e1lis eg\u00e9szs\u00e9g\u00fcgy helyzete \u00e9s fejl\u0151d\u00e9si lehet\u0151s\u00e9gei &#8211; Dr. Remete S\u00e1ndor Gerg\u0151, tan\u00e1rseg\u00e9d <br \/>\n<\/span><span class=\"yt-core-attributed-string--link-inherit-color\" dir=\"auto\"><a class=\"yt-core-attributed-string__link yt-core-attributed-string__link--call-to-action-color\" href=\"https:\/\/www.youtube.com\/watch?v=YPpLFpPkLBU&amp;t=4934s\" target=\"\">01:22:14<\/a><\/span><span class=\"yt-core-attributed-string--link-inherit-color\" dir=\"auto\"> Hallgat\u00f3i F\u00f3rum <\/span><\/p>\n<\/div>\n<blockquote class=\"wp-embedded-content\" data-secret=\"hWbbpojHaU\"><p><a href=\"https:\/\/semmelweis.hu\/hirek\/2026\/01\/27\/semmelweis-online-nyilt-nap-elo-podcast-es-forumok-is-vartak-a-felvetelizoket\/\">Semmelweis Online Ny\u00edlt Nap: \u00c9l\u0151 podcast \u00e9s f\u00f3rumok is v\u00e1rt\u00e1k a felv\u00e9teliz\u0151ket<\/a><\/p><\/blockquote>\n<p><iframe loading=\"lazy\" class=\"wp-embedded-content\" sandbox=\"allow-scripts\" security=\"restricted\" style=\"position: absolute; visibility: hidden;\" title=\"&#8220;Semmelweis Online Ny\u00edlt Nap: \u00c9l\u0151 podcast \u00e9s f\u00f3rumok is v\u00e1rt\u00e1k a felv\u00e9teliz\u0151ket&#8221; &#8212; Semmelweis H\u00edrek\" src=\"https:\/\/semmelweis.hu\/hirek\/2026\/01\/27\/semmelweis-online-nyilt-nap-elo-podcast-es-forumok-is-vartak-a-felvetelizoket\/embed\/#?secret=bYHpZMwudu#?secret=hWbbpojHaU\" data-secret=\"hWbbpojHaU\" width=\"600\" height=\"338\" frameborder=\"0\" marginwidth=\"0\" marginheight=\"0\" scrolling=\"no\"><\/iframe><\/p>\n<p style=\"text-align: justify\">Az online ny\u00edlt nap ut\u00e1n szem\u00e9lyesen is felfedezhett\u00e9k az \u00e9rdekl\u0151d\u0151k a kar hallgat\u00f3i tereit, bepillantanthattak egy izgalmas gyakorlatba, vagy megtekinthett\u00e9k a koll\u00e9giumot a <strong>2026. febru\u00e1r 10-11-<\/strong>\u00e9n <strong>16:00-18:00<\/strong> \u00f3ra k\u00f6z\u00f6tt megrendezett<\/p>\n<h4 style=\"text-align: center\"><strong><em>Campus Tour<\/em><\/strong><\/h4>\n<p style=\"text-align: justify\">napok valamelyik\u00e9n. Mindk\u00e9t napon ugyanaz a program v\u00e1rta a leend\u0151 hallgat\u00f3kat. Az esem\u00e9nyen a jelenlegi hallgat\u00f3k \u00e9s\/vagy oktat\u00f3k vezett\u00e9k k\u00f6rbe az \u00e9rdekl\u0151d\u0151ket, \u00e9s v\u00e1laszoltak minden felmer\u00fcl\u0151 k\u00e9rd\u00e9sre.<\/p>\n<p style=\"text-align: justify\">A Campus Tour sor\u00e1n az Eg\u00e9szs\u00e9g\u00fcgyi K\u00f6zszolg\u00e1lati Kar k\u00e9pz\u00e9sei k\u00f6z\u00fcl az al\u00e1bbi k\u00e9pz\u00e9seinkr\u0151l esett sz\u00f3 b\u0151vebben:<\/p>\n<ul>\n<li><a href=\"https:\/\/semmelweis.hu\/dei\/oktatas\/\" target=\"_blank\" rel=\"noopener\">Eg\u00e9szs\u00e9g\u00fcgyi szervez\u0151 (digit\u00e1lis eg\u00e9szs\u00e9g\u00fcgyi szervez\u0151) alapk\u00e9pz\u00e9si szak<\/a>\u00a0<\/li>\n<\/ul>\n<ul>\n<li><a href=\"https:\/\/semmelweis.hu\/mental\/mesterkepzesek\/rendszerszemleletu-pszichologia-mesterkepzesi-szak\/\" target=\"_blank\" rel=\"noopener\">Rendszerszeml\u00e9let\u0171 pszichol\u00f3gia mesterk\u00e9pz\u00e9si szak<\/a>\u00a0<\/li>\n<\/ul>\n<p>Az Eg\u00e9szs\u00e9g\u00fcgyi K\u00f6zszolg\u00e1lati Kar tov\u00e1bbi k\u00e9pz\u00e9seir\u0151l az al\u00e1bbi linkeken tudsz t\u00e1j\u00e9koz\u00f3dni.<\/p>\n<p><strong>Alapk\u00e9pz\u00e9s (BSc):<\/strong><\/p>\n<ul>\n<li><a href=\"https:\/\/semmelweis.hu\/dei\/oktatas\/\" target=\"_blank\" rel=\"noopener\">Digit\u00e1lis Eg\u00e9szs\u00e9gtudom\u00e1nyi Int\u00e9zet k\u00e9pz\u00e9sei<\/a><\/li>\n<\/ul>\n<p><strong>Mesterk\u00e9pz\u00e9s (MSc\/MA):<\/strong><\/p>\n<ul>\n<li><a href=\"https:\/\/semmelweis.hu\/mental\/mesterkepzesek\/\" target=\"_blank\" rel=\"noopener\">Ment\u00e1lhigi\u00e9n\u00e9 Int\u00e9zet k\u00e9pz\u00e9sei<\/a>\u00a0<\/li>\n<li><a href=\"https:\/\/semmelweis.hu\/emk\/oktatas\/mesterkepzes\/\" target=\"_blank\" rel=\"noopener\">Eg\u00e9szs\u00e9g\u00fcgyi\u00a0Menedzserk\u00e9pz\u0151\u00a0K\u00f6zpont\u00a0k\u00e9pz\u00e9sei<\/a><\/li>\n<\/ul>\n<p><strong>Szakir\u00e1ny\u00fa tov\u00e1bbk\u00e9pz\u00e9sek:<\/strong><\/p>\n<ul>\n<li><a href=\"https:\/\/semmelweis.hu\/emk\/oktatas\/szakiranyu-tovabbkepzeseink\/\" target=\"_blank\" rel=\"noopener\">Eg\u00e9szs\u00e9g\u00fcgyi\u00a0Menedzserk\u00e9pz\u0151\u00a0K\u00f6zpont\u00a0k\u00e9pz\u00e9sei<\/a><\/li>\n<\/ul>\n<blockquote class=\"wp-embedded-content\" data-secret=\"vCawaqFJfw\"><p><a href=\"https:\/\/semmelweis.hu\/hirek\/2026\/02\/18\/iden-ketnapos-kampuszturaval-varta-a-semmelweis-az-erdeklodo-kozepiskolasokat\/\">Id\u00e9n k\u00e9tnapos kampuszt\u00far\u00e1val v\u00e1rta a Semmelweis az \u00e9rdekl\u0151d\u0151 k\u00f6z\u00e9piskol\u00e1sokat<\/a><\/p><\/blockquote>\n<p><iframe loading=\"lazy\" class=\"wp-embedded-content\" sandbox=\"allow-scripts\" security=\"restricted\" style=\"position: absolute; visibility: hidden;\" title=\"&#8220;Id\u00e9n k\u00e9tnapos kampuszt\u00far\u00e1val v\u00e1rta a Semmelweis az \u00e9rdekl\u0151d\u0151 k\u00f6z\u00e9piskol\u00e1sokat&#8221; &#8212; Semmelweis H\u00edrek\" src=\"https:\/\/semmelweis.hu\/hirek\/2026\/02\/18\/iden-ketnapos-kampuszturaval-varta-a-semmelweis-az-erdeklodo-kozepiskolasokat\/embed\/#?secret=V3BcQY9DFs#?secret=vCawaqFJfw\" data-secret=\"vCawaqFJfw\" width=\"600\" height=\"338\" frameborder=\"0\" marginwidth=\"0\" marginheight=\"0\" scrolling=\"no\"><\/iframe><\/p>\n","protected":false},"excerpt":{"rendered":"<p>EG\u00c9SZS\u00c9G\u00dcGYI K\u00d6ZSZOLG\u00c1LATI KAR &#8211; ONLINE NY\u00cdLT NAP Hatodik alkalommal rendezte meg 2026. janu\u00e1r 22. \u00e9s 24. k\u00f6z\u00f6tt online ny\u00edlt napj\u00e1t a Semmelweis Egyetem, ahol az orvos- \u00e9s eg\u00e9szs\u00e9gtudom\u00e1nyok ir\u00e1nt \u00e9rdekl\u0151d\u0151k minden hasznos inform\u00e1ci\u00f3t megkaphattak a tov\u00e1bbtanul\u00e1sr\u00f3l. Hallgasd meg Dr. Merkely B\u00e9la rektor, Feket\u00e9n\u00e9 Dr. Szab\u00f3 \u00c9va, strat\u00e9giai \u00e9s fejleszt\u00e9si rektorhelyettes \u00e9s Nagy Imre Rich\u00e1rd, a &hellip;<\/p>\n","protected":false},"author":101020,"featured_media":0,"parent":1171,"menu_order":4,"comment_status":"closed","ping_status":"closed","template":"","meta":{"_acf_changed":false,"footnotes":""},"categories":[],"tags":[],"class_list":["post-1177","page","type-page","status-publish","hentry"],"acf":[],"_links":{"self":[{"href":"https:\/\/semmelweis.hu\/ekk\/wp-json\/wp\/v2\/pages\/1177","targetHints":{"allow":["GET"]}}],"collection":[{"href":"https:\/\/semmelweis.hu\/ekk\/wp-json\/wp\/v2\/pages"}],"about":[{"href":"https:\/\/semmelweis.hu\/ekk\/wp-json\/wp\/v2\/types\/page"}],"author":[{"embeddable":true,"href":"https:\/\/semmelweis.hu\/ekk\/wp-json\/wp\/v2\/users\/101020"}],"replies":[{"embeddable":true,"href":"https:\/\/semmelweis.hu\/ekk\/wp-json\/wp\/v2\/comments?post=1177"}],"version-history":[{"count":12,"href":"https:\/\/semmelweis.hu\/ekk\/wp-json\/wp\/v2\/pages\/1177\/revisions"}],"predecessor-version":[{"id":6060,"href":"https:\/\/semmelweis.hu\/ekk\/wp-json\/wp\/v2\/pages\/1177\/revisions\/6060"}],"up":[{"embeddable":true,"href":"https:\/\/semmelweis.hu\/ekk\/wp-json\/wp\/v2\/pages\/1171"}],"wp:attachment":[{"href":"https:\/\/semmelweis.hu\/ekk\/wp-json\/wp\/v2\/media?parent=1177"}],"wp:term":[{"taxonomy":"category","embeddable":true,"href":"https:\/\/semmelweis.hu\/ekk\/wp-json\/wp\/v2\/categories?post=1177"},{"taxonomy":"post_tag","embeddable":true,"href":"https:\/\/semmelweis.hu\/ekk\/wp-json\/wp\/v2\/tags?post=1177"}],"curies":[{"name":"wp","href":"https:\/\/api.w.org\/{rel}","templated":true}]}}