{"id":1175,"date":"2016-01-19T11:50:51","date_gmt":"2016-01-19T10:50:51","guid":{"rendered":"http:\/\/semmelweis.hu\/ekk\/?page_id=1175"},"modified":"2022-08-05T09:48:09","modified_gmt":"2022-08-05T07:48:09","slug":"felveteli-statisztikak","status":"publish","type":"page","link":"https:\/\/semmelweis.hu\/ekk\/felveteli\/felveteli-statisztikak\/","title":{"rendered":"Felv\u00e9teli statisztik\u00e1k"},"content":{"rendered":"<p>A \u00a0Karral kapcsolatos \u00e1ltal\u00e1nos statisztik\u00e1k <a href=\"https:\/\/www.felvi.hu\/felveteli\/ponthatarok_statisztikak\/elmult_evek\/!ElmultEvek\/index.php\/elmult_evek_statisztikai\/karonkent-idosorosan?filters%5Bsta_kar_id%5D=821\" target=\"_blank\" rel=\"noopener noreferrer\">ezen a linken<\/a> \u00e9rhet\u0151ek el.<\/p>\n<p>A <a href=\"http:\/\/felvi.hu\" target=\"_blank\" rel=\"noopener noreferrer\">felvi.hu<\/a>\u00a0oldalon t\u00f6bb f\u00e9le szempont szerint is megn\u00e9zheti Karunk k\u00e9pz\u00e9seit.<br \/>\nA <a href=\"https:\/\/www.felvi.hu\/felveteli\/ponthatarok_statisztikak\/elmult_evek\/!ElmultEvek\/index.php\/elmult_evek_statisztikai\/ponthatarok?filters%5Bsta_int_id%5D=34&amp;filters%5Bsta_kar_id%5D=821&amp;filters%5Bsta_ev%5D=\" target=\"_blank\" rel=\"noopener noreferrer\">ponthat\u00e1rok, jelentkez\u0151k \u00e9s felvettek sz\u00e1ma alapj\u00e1n itt<\/a>\u00a0kereshet.<\/p>\n<p>A keres\u00e9sn\u00e9l az &#8216;Int\u00e9zm\u00e9nyv\u00e1laszt\u00f3&#8217; sz\u0171r\u0151ben a &#8216;Semmelweis Egyetem (SE)&#8217;-et, a &#8216;Karv\u00e1laszt\u00f3&#8217; sz\u0171r\u0151ben a &#8216;Semmelweis Egyetem Eg\u00e9sz\u00e9g\u00fcgyi K\u00f6zszolg\u00e1lati Kar (SE-EKK)&#8217;-t v\u00e1lassza.<\/p>\n","protected":false},"excerpt":{"rendered":"<p>A \u00a0Karral kapcsolatos \u00e1ltal\u00e1nos statisztik\u00e1k <a href=\"https:\/\/www.felvi.hu\/felveteli\/ponthatarok_statisztikak\/elmult_evek\/!ElmultEvek\/index.php\/elmult_evek_statisztikai\/karonkent-idosorosan?filters%5Bsta_kar_id%5D=821\" target=\"_blank\" rel=\"noopener noreferrer\">ezen a linken<\/a> \u00e9rhet\u0151ek el.<br \/>\nA <a href=\"http:\/\/felvi.hu\" target=\"_blank\" rel=\"noopener noreferrer\">felvi.hu<\/a>\u00a0oldalon t\u00f6bb f\u00e9le szempont szerint is megn\u00e9zheti Karunk k\u00e9pz\u00e9seit.<br \/>\nA <a href=\"https:\/\/www.felvi.hu\/felveteli\/ponthatarok_statisztikak\/elmult_evek\/!ElmultEvek\/index.php\/elmult_evek_statisztikai\/ponthatarok?filters%5Bsta_int_id%5D=34&amp;filters%5Bsta_kar_id%5D=821&amp;filters%5Bsta_ev%5D=\" target=\"_blank\" rel=\"noopener noreferrer\">ponthat\u00e1rok, jelentkez\u0151k \u00e9s felvettek sz\u00e1ma alapj\u00e1n itt<\/a>\u00a0kereshet.<br \/>\nA keres\u00e9sn\u00e9l az &#8216;Int\u00e9zm\u00e9nyv\u00e1laszt\u00f3&#8217; sz\u0171r\u0151ben a &#8216;Semmelweis Egyetem (SE)&#8217;-et, a &#8216;Karv\u00e1laszt\u00f3&#8217; sz\u0171r\u0151ben a &#8216;Semmelweis Egyetem Eg\u00e9sz\u00e9g\u00fcgyi K\u00f6zszolg\u00e1lati Kar (SE-EKK)&#8217;-t v\u00e1lassza.<\/p>\n","protected":false},"author":101018,"featured_media":0,"parent":1171,"menu_order":6,"comment_status":"closed","ping_status":"closed","template":"","meta":{"_acf_changed":false,"footnotes":""},"categories":[],"tags":[],"class_list":["post-1175","page","type-page","status-publish","hentry"],"acf":[],"_links":{"self":[{"href":"https:\/\/semmelweis.hu\/ekk\/wp-json\/wp\/v2\/pages\/1175","targetHints":{"allow":["GET"]}}],"collection":[{"href":"https:\/\/semmelweis.hu\/ekk\/wp-json\/wp\/v2\/pages"}],"about":[{"href":"https:\/\/semmelweis.hu\/ekk\/wp-json\/wp\/v2\/types\/page"}],"author":[{"embeddable":true,"href":"https:\/\/semmelweis.hu\/ekk\/wp-json\/wp\/v2\/users\/101018"}],"replies":[{"embeddable":true,"href":"https:\/\/semmelweis.hu\/ekk\/wp-json\/wp\/v2\/comments?post=1175"}],"version-history":[{"count":8,"href":"https:\/\/semmelweis.hu\/ekk\/wp-json\/wp\/v2\/pages\/1175\/revisions"}],"predecessor-version":[{"id":3133,"href":"https:\/\/semmelweis.hu\/ekk\/wp-json\/wp\/v2\/pages\/1175\/revisions\/3133"}],"up":[{"embeddable":true,"href":"https:\/\/semmelweis.hu\/ekk\/wp-json\/wp\/v2\/pages\/1171"}],"wp:attachment":[{"href":"https:\/\/semmelweis.hu\/ekk\/wp-json\/wp\/v2\/media?parent=1175"}],"wp:term":[{"taxonomy":"category","embeddable":true,"href":"https:\/\/semmelweis.hu\/ekk\/wp-json\/wp\/v2\/categories?post=1175"},{"taxonomy":"post_tag","embeddable":true,"href":"https:\/\/semmelweis.hu\/ekk\/wp-json\/wp\/v2\/tags?post=1175"}],"curies":[{"name":"wp","href":"https:\/\/api.w.org\/{rel}","templated":true}]}}