{"id":1171,"date":"2016-01-19T11:44:42","date_gmt":"2016-01-19T10:44:42","guid":{"rendered":"http:\/\/semmelweis.hu\/ekk\/?page_id=1171"},"modified":"2025-10-10T11:25:24","modified_gmt":"2025-10-10T09:25:24","slug":"felveteli","status":"publish","type":"page","link":"https:\/\/semmelweis.hu\/ekk\/felveteli\/","title":{"rendered":"Felv\u00e9teli"},"content":{"rendered":"<p style=\"text-align: justify\">A Semmelweis Egyetem Eg\u00e9szs\u00e9g\u00fcgyi K\u00f6zszolg\u00e1lati Kara meghat\u00e1roz\u00f3an t\u00e1rsadalomtudom\u00e1nyi orient\u00e1lts\u00e1g\u00fa, de interdiszciplin\u00e1ris, hat\u00e1rter\u00fcleti k\u00e9pz\u00e9seket integr\u00e1l\u00f3 kar, amely programjaival lefedi a teljes k\u00e9pz\u00e9si spektrumot az alapk\u00e9pz\u00e9st\u0151l kezdve a mesterk\u00e9pz\u00e9sen, illetve a doktori k\u00e9pz\u00e9sen kereszt\u00fcl a szakir\u00e1ny\u00fa tov\u00e1bbk\u00e9pz\u00e9sig.<\/p>\n<p><iframe loading=\"lazy\" title=\"Hallgat\u00f3i j\u00f3tan\u00e1csok a sz\u00f3beli felv\u00e9telihez \u2013 Eg\u00e9szs\u00e9g\u00fcgyi K\u00f6zszolg\u00e1lati Kar\" width=\"563\" height=\"1000\" src=\"https:\/\/www.youtube.com\/embed\/tUS9gVzWaKw?feature=oembed\" frameborder=\"0\" allow=\"accelerometer; autoplay; clipboard-write; encrypted-media; gyroscope; picture-in-picture; web-share\" referrerpolicy=\"strict-origin-when-cross-origin\" allowfullscreen><\/iframe><\/p>\n<p style=\"text-align: center\"><a class=\"button\" href=\"https:\/\/semmelweis.hu\/ekk\/oktatas\/\" target=\"null\">Tov\u00e1bbi inform\u00e1ci\u00f3 a kar k\u00e9pz\u00e9seir\u0151l<\/a><\/p>\n<div class=\"keretes w-100\">\n<ul style=\"list-style-type: square\">\n<li><strong><a href=\"https:\/\/semmelweis.hu\/ekk\/felveteli\/beiratkozas\/\" target=\"_blank\" rel=\"noopener\">Beiratkoz\u00e1s<\/a><\/strong><\/li>\n<li><strong><a href=\"https:\/\/semmelweis.hu\/ekk\/felveteli\/diakigazolvany\/\" target=\"_blank\" rel=\"noopener\">Di\u00e1kigazolv\u00e1ny<\/a><\/strong><\/li>\n<li><strong><a href=\"https:\/\/semmelweis.hu\/ekk\/felveteli\/nyilt-napok\/\" target=\"_blank\" rel=\"noopener\">Ny\u00edlt nap<\/a><\/strong><\/li>\n<li><strong><a href=\"https:\/\/semmelweis.hu\/ekk\/felveteli\/felveteli-statisztikak\/\" target=\"_blank\" rel=\"noopener\">Felv\u00e9teli statisztik\u00e1k<\/a><\/strong><\/li>\n<\/ul>\n<\/div>\n<h5 style=\"text-align: justify\">Az EKK h\u00e1rom nagy ter\u00fcleten szervez k\u00e9pz\u00e9si, kutat\u00e1si programokat:<\/h5>\n<ul style=\"list-style-type: square;text-align: justify\">\n<li>a k\u00f6zszolg\u00e1lat szervezetei \u00e9s a korm\u00e1nyzati menedzsment ter\u00fclet\u00e9n (eg\u00e9szs\u00e9g\u00fcgyi int\u00e9zm\u00e9nyi menedzsment \u00e9s eg\u00e9szs\u00e9gpolitika)<\/li>\n<li>a k\u00f6zszolg\u00e1lati informatika, technol\u00f3gia \u00e9s innov\u00e1ci\u00f3 menedzsment ter\u00fclet\u00e9n (eg\u00e9szs\u00e9g\u00fcgyi informatika, eg\u00e9szs\u00e9g\u00fcgyi \u00fcgyvitelszervez\u00e9s, eHealth \u00e9s telemedicina)<\/li>\n<li>a t\u00e1rsadalmi- \u00e9s lelki eg\u00e9szs\u00e9gfejleszt\u00e9s ter\u00fclet\u00e9n (szoci\u00e1lis munka, interdiszciplin\u00e1ris csal\u00e1dtudom\u00e1ny, iskolai szoci\u00e1lis munka, ment\u00e1lhigi\u00e9n\u00e9, munkahelyi ment\u00e1lhigi\u00e9n\u00e9, ment\u00e1lhigi\u00e9n\u00e9s lelkigondoz\u00e1s, h\u00e1zass\u00e1g &#8211; \u00e9s csal\u00e1d-lelkigondoz\u00e1s, lakt\u00e1ci\u00f3s szaktan\u00e1csad\u00f3 k\u00e9pz\u00e9s, integr\u00e1lt sz\u00fcl\u0151-csecsem\u0151 konzult\u00e1ci\u00f3, k\u00f6z\u00f6ss\u00e9gi \u00e9s csal\u00e1di medi\u00e1ci\u00f3, id\u0151s\u00fcgyi interakt\u00edv \u00e9let\u00fat tan\u00e1csad\u00f3).<\/li>\n<\/ul>\n<h4><strong>Alapk\u00e9pz\u00e9s<\/strong><\/h4>\n<p style=\"text-align: justify\"><strong>Alapk\u00e9pz\u00e9s<\/strong> eset\u00e9ben a felv\u00e9teli elj\u00e1r\u00e1s, a jelentkez\u00e9s beny\u00fajt\u00e1s\u00e1ra vonatkoz\u00f3 szab\u00e1lyok \u00e9s hat\u00e1rid\u0151k az Oktat\u00e1si Hivatal \u00e1ltal meghat\u00e1rozottak szerint, a <a href=\"http:\/\/www.felvi.hu\" target=\"_blank\" rel=\"noopener\">www.felvi.hu<\/a> fel\u00fcleten kereszt\u00fcl t\u00f6rt\u00e9nnek. A Kar \u00e1ltal ind\u00edtand\u00f3 k\u00e9pz\u00e9sek \u00e9s a felv\u00e9teli k\u00f6vetelm\u00e9nyek a felvi.hu honlapon k\u00f6zz\u00e9tett <a href=\"https:\/\/www.felvi.hu\/felveteli\/jelentkezes\/felveteli_tajekoztato\">felv\u00e9teli t\u00e1j\u00e9koztat\u00f3ban<\/a> jelennek meg.<\/p>\n<p style=\"text-align: justify\">A szakle\u00edr\u00e1s el\u00e9rhet\u0151 a k\u00e9pz\u00e9st ind\u00edt\u00f3 int\u00e9zet honlapj\u00e1n is:<\/p>\n<ul style=\"text-align: justify\">\n<li style=\"text-align: left\"><strong><a href=\"https:\/\/semmelweis.hu\/dei\/felvetelizoknek\/felveteli-tajekoztato\/\" target=\"_blank\" rel=\"noopener\">Eg\u00e9szs\u00e9g\u00fcgyi szervez\u0151 alapk\u00e9pz\u00e9si szak<\/a><\/strong><\/li>\n<\/ul>\n<h4><strong>Mesterk\u00e9pz\u00e9s<\/strong><\/h4>\n<p style=\"text-align: justify\"><strong>Mesterk\u00e9pz\u00e9s<\/strong>ekn\u00e9l az alapk\u00e9pz\u00e9shez k\u00e9pest elt\u00e9r\u00e9s, hogy kiz\u00e1r\u00f3lag az a jelentkez\u0151 vehet\u0151 fel, aki legal\u00e1bb alapk\u00e9pz\u00e9sben szerzett v\u00e9gzetts\u00e9ggel rendelkezik \u00e9s oklevelet szerzett. A felv\u00e9teli k\u00f6vetelm\u00e9nyekr\u0151l \u00e9s a jelentkez\u0151k rangsorol\u00e1s\u00e1r\u00f3l a fels\u0151oktat\u00e1si int\u00e9zm\u00e9ny saj\u00e1t hat\u00e1sk\u00f6rben d\u00f6nt. A felv\u00e9teli elj\u00e1r\u00e1s, a jelentkez\u00e9s beny\u00fajt\u00e1s\u00e1ra vonatkoz\u00f3 szab\u00e1lyok \u00e9s hat\u00e1rid\u0151k az alapk\u00e9pz\u00e9shez hasonl\u00f3an a felvi.hu-n meghat\u00e1rozottak szerint t\u00f6rt\u00e9nnek.<\/p>\n<p style=\"text-align: justify\">A mesterk\u00e9pz\u00e9sekre t\u00f6rt\u00e9nt\u0151 felv\u00e9teli k\u00f6vetelm\u00e9nyekr\u0151l az al\u00e1bbi linkeken \u00e9rhet\u0151k el tov\u00e1bbi inform\u00e1ci\u00f3k:<\/p>\n<ul style=\"text-align: justify\">\n<li style=\"text-align: left\"><a href=\"https:\/\/semmelweis.hu\/emk\/oktatas\/mesterkepzes\/egeszsegugyi-adattudomany-msc\/\" target=\"_blank\" rel=\"noopener\"><strong>Eg\u00e9szs\u00e9g\u00fcgyi adattudom\u00e1ny mesterk\u00e9pz\u00e9si szak<\/strong><\/a><\/li>\n<li><a href=\"https:\/\/semmelweis.hu\/emk\/oktatas\/mesterkepzes\/egeszsegugyi-menedzser-msc\/\" target=\"_blank\" rel=\"noopener\"><strong>Eg\u00e9szs\u00e9g\u00fcgyi menedzser mesterk\u00e9pz\u00e9si szak<\/strong><\/a><\/li>\n<li><a href=\"https:\/\/semmelweis.hu\/emk\/oktatas\/mesterkepzes\/egeszsegugyi-minosegugyi-es-betegbiztonsagi-menedzsment-msc\/\" target=\"_blank\" rel=\"noopener\"><strong>Eg\u00e9szs\u00e9g\u00fcgyi-min\u0151s\u00e9g\u00fcgyi \u00e9s betegbiztons\u00e1gi menedzsment mesterk\u00e9pz\u00e9si szak<\/strong><\/a><\/li>\n<li><a href=\"https:\/\/semmelweis.hu\/emk\/oktatas\/mesterkepzes\/integralt-szocialis-szolgaltatasi-menedzsment-iszszm\/\" target=\"_blank\" rel=\"noopener\"><strong>Integr\u00e1lt szoci\u00e1lis szolg\u00e1ltat\u00e1si menedzsment mesterk\u00e9pz\u00e9si szak<\/strong><\/a><\/li>\n<li style=\"text-align: left\"><a href=\"https:\/\/semmelweis.hu\/mental\/mesterkepzesek\/interdiszciplinaris-csaladtudomany\/felvetel-a-kepzesre-csalad-2\/\" target=\"_blank\" rel=\"noopener\"><strong>Interdiszciplin\u00e1ris csal\u00e1dtudom\u00e1nyi mesterk\u00e9pz\u00e9si szak\u00a0<\/strong><\/a><\/li>\n<li style=\"text-align: left\"><strong><a href=\"https:\/\/semmelweis.hu\/mental\/mesterkepzesek\/szocialis-munka\/felvetel-a-kepzesre\/\" target=\"_blank\" rel=\"noopener\">Szoci\u00e1lis munka mesterk\u00e9pz\u00e9si szak<\/a><\/strong><\/li>\n<\/ul>\n<h4><strong>Szakir\u00e1ny\u00fa tov\u00e1bbk\u00e9pz\u00e9s<\/strong><\/h4>\n<p style=\"text-align: justify\"><strong>Szakir\u00e1ny\u00fa tov\u00e1bbk\u00e9pz\u00e9s<\/strong>ek eset\u00e9ben az alapk\u00e9pz\u00e9shez \u00e9s a mesterk\u00e9pz\u00e9shez k\u00e9pest tov\u00e1bbi elt\u00e9r\u00e9s, hogy a felv\u00e9teli k\u00f6vetelm\u00e9nyeken \u00e9s a jelentkez\u0151k rangsorol\u00e1s\u00e1n t\u00fal a jelentkez\u00e9s hat\u00e1ridej\u00e9t, a jelentkez\u00e9s m\u00f3dj\u00e1t \u00e9s a felv\u00e9teli elj\u00e1r\u00e1st \u00e9s annak k\u00f6vetelm\u00e9nyeit is a fels\u0151oktat\u00e1si int\u00e9zm\u00e9ny hat\u00e1rozza meg.<\/p>\n<p style=\"text-align: justify\">Az egyes szakir\u00e1ny\u00fa tov\u00e1bbk\u00e9pz\u00e9sekr\u0151l a k\u00e9pz\u00e9st ind\u00edt\u00f3 int\u00e9zetek honlapj\u00e1n tal\u00e1lhat\u00f3 tov\u00e1bbi inform\u00e1ci\u00f3:<\/p>\n<ul style=\"text-align: justify\">\n<li style=\"list-style-type: none\">\n<ul style=\"text-align: justify;list-style-type: disc\">\n<li style=\"text-align: left\"><strong><a href=\"https:\/\/semmelweis.hu\/mental\/szakiranyu-kepzesek\/csalad-lelkigondozo-tovabbkepzes\/felvetel-a-kepzesre\/\">H\u00e1zass\u00e1g- \u00e9s csal\u00e1d-lelkigondoz\u00f3 szakir\u00e1ny\u00fa tov\u00e1bbk\u00e9pz\u00e9si szak<\/a><\/strong><\/li>\n<li style=\"text-align: left\"><strong><a href=\"https:\/\/semmelweis.hu\/mental\/szakiranyu-kepzesek\/aktiv-idosodes-szakiranyu-tovabbkepzesi-szak\/\">Akt\u00edv id\u0151s\u00f6d\u00e9s szakir\u00e1ny\u00fa tov\u00e1bbk\u00e9pz\u00e9si szak<\/a><\/strong><\/li>\n<li style=\"text-align: left\"><strong><a href=\"https:\/\/semmelweis.hu\/mental\/szakiranyu-kepzesek\/kozossegi-es-csaladi-mediacio\/\">K\u00f6z\u00f6ss\u00e9gi \u00e9s csal\u00e1di medi\u00e1ci\u00f3 szakir\u00e1ny\u00fa tov\u00e1bbk\u00e9pz\u00e9si szak<\/a><\/strong><\/li>\n<li style=\"text-align: left\"><strong><a href=\"https:\/\/semmelweis.hu\/mental\/szakiranyu-kepzesek\/laktacios-szaktanacsado\/felveteli-tajekoztato\/\">Lakt\u00e1ci\u00f3s szaktan\u00e1csad\u00f3 szakir\u00e1ny\u00fa tov\u00e1bbk\u00e9pz\u00e9si szak<\/a><\/strong><\/li>\n<li style=\"text-align: left\"><strong><a href=\"https:\/\/semmelweis.hu\/mental\/szakiranyu-kepzesek\/lelkigondozo-kepzes\/\">Ment\u00e1lhigi\u00e9n\u00e9s lelkigondoz\u00f3 szakir\u00e1ny\u00fa tov\u00e1bbk\u00e9pz\u00e9si szak<\/a><\/strong><\/li>\n<li style=\"text-align: left\"><strong><a href=\"https:\/\/semmelweis.hu\/mental\/szakiranyu-kepzesek\/mentalhigiene-tovabbkepzes\/\">Ment\u00e1lhigi\u00e9n\u00e9 szakir\u00e1ny\u00fa tov\u00e1bbk\u00e9pz\u00e9si szak<\/a><\/strong><\/li>\n<li style=\"text-align: left\"><strong><a href=\"https:\/\/semmelweis.hu\/mental\/munkahelyi-mentalhigiene-szakiranyu-tovabbkepzes\/\">Munkahelyi ment\u00e1lhigi\u00e9n\u00e9 szakir\u00e1ny\u00fa tov\u00e1bbk\u00e9pz\u00e9si szak<\/a><\/strong><\/li>\n<\/ul>\n<\/li>\n<\/ul>\n<p>&nbsp;<\/p>\n<p><iframe loading=\"lazy\" title=\"Eg\u00e9szs\u00e9g\u00fcgyi K\u00f6zszolg\u00e1lati Kar (EKK) Semmelweis Egyetem - Showtime\" width=\"753\" height=\"424\" src=\"https:\/\/www.youtube.com\/embed\/6zsYrNl_t4o?feature=oembed\" frameborder=\"0\" allow=\"accelerometer; autoplay; clipboard-write; encrypted-media; gyroscope; picture-in-picture; web-share\" referrerpolicy=\"strict-origin-when-cross-origin\" allowfullscreen><\/iframe><\/p>\n","protected":false},"excerpt":{"rendered":"<p>A Semmelweis Egyetem Eg\u00e9szs\u00e9g\u00fcgyi K\u00f6zszolg\u00e1lati Kara meghat\u00e1roz\u00f3an t\u00e1rsadalomtudom\u00e1nyi orient\u00e1lts\u00e1g\u00fa, de interdiszciplin\u00e1ris, hat\u00e1rter\u00fcleti k\u00e9pz\u00e9seket integr\u00e1l\u00f3 kar, amely programjaival lefedi a teljes k\u00e9pz\u00e9si spektrumot az alapk\u00e9pz\u00e9st\u0151l kezdve a mesterk\u00e9pz\u00e9sen, illetve a doktori k\u00e9pz\u00e9sen kereszt\u00fcl a szakir\u00e1ny\u00fa tov\u00e1bbk\u00e9pz\u00e9sig. <a class=\"button\" href=\"https:\/\/semmelweis.hu\/ekk\/oktatas\/\" target=\"null\">Tov\u00e1bbi inform\u00e1ci\u00f3 a kar k\u00e9pz\u00e9seir\u0151l<\/a> <a href=\"https:\/\/semmelweis.hu\/ekk\/felveteli\/beiratkozas\/\" target=\"_blank\" rel=\"noopener\">Beiratkoz\u00e1s<\/a> <a href=\"https:\/\/semmelweis.hu\/ekk\/felveteli\/diakigazolvany\/\" target=\"_blank\" rel=\"noopener\">Di\u00e1kigazolv\u00e1ny<\/a> <a href=\"https:\/\/semmelweis.hu\/ekk\/felveteli\/nyilt-napok\/\" target=\"_blank\" rel=\"noopener\">Ny\u00edlt nap<\/a> <a href=\"https:\/\/semmelweis.hu\/ekk\/felveteli\/felveteli-statisztikak\/\" target=\"_blank\" rel=\"noopener\">Felv\u00e9teli statisztik\u00e1k<\/a> Az EKK h\u00e1rom nagy ter\u00fcleten szervez k\u00e9pz\u00e9si, kutat\u00e1si programokat: a k\u00f6zszolg\u00e1lat szervezetei \u00e9s a korm\u00e1nyzati menedzsment ter\u00fclet\u00e9n (eg\u00e9szs\u00e9g\u00fcgyi int\u00e9zm\u00e9nyi menedzsment &hellip;<\/p>\n","protected":false},"author":101018,"featured_media":0,"parent":0,"menu_order":0,"comment_status":"closed","ping_status":"closed","template":"","meta":{"_acf_changed":false,"footnotes":""},"categories":[],"tags":[],"class_list":["post-1171","page","type-page","status-publish","hentry"],"acf":[],"_links":{"self":[{"href":"https:\/\/semmelweis.hu\/ekk\/wp-json\/wp\/v2\/pages\/1171","targetHints":{"allow":["GET"]}}],"collection":[{"href":"https:\/\/semmelweis.hu\/ekk\/wp-json\/wp\/v2\/pages"}],"about":[{"href":"https:\/\/semmelweis.hu\/ekk\/wp-json\/wp\/v2\/types\/page"}],"author":[{"embeddable":true,"href":"https:\/\/semmelweis.hu\/ekk\/wp-json\/wp\/v2\/users\/101018"}],"replies":[{"embeddable":true,"href":"https:\/\/semmelweis.hu\/ekk\/wp-json\/wp\/v2\/comments?post=1171"}],"version-history":[{"count":13,"href":"https:\/\/semmelweis.hu\/ekk\/wp-json\/wp\/v2\/pages\/1171\/revisions"}],"predecessor-version":[{"id":5820,"href":"https:\/\/semmelweis.hu\/ekk\/wp-json\/wp\/v2\/pages\/1171\/revisions\/5820"}],"wp:attachment":[{"href":"https:\/\/semmelweis.hu\/ekk\/wp-json\/wp\/v2\/media?parent=1171"}],"wp:term":[{"taxonomy":"category","embeddable":true,"href":"https:\/\/semmelweis.hu\/ekk\/wp-json\/wp\/v2\/categories?post=1171"},{"taxonomy":"post_tag","embeddable":true,"href":"https:\/\/semmelweis.hu\/ekk\/wp-json\/wp\/v2\/tags?post=1171"}],"curies":[{"name":"wp","href":"https:\/\/api.w.org\/{rel}","templated":true}]}}