{"id":78,"date":"2021-10-07T12:49:21","date_gmt":"2021-10-07T10:49:21","guid":{"rendered":"https:\/\/semmelweis.hu\/egynapossebeszet\/?page_id=78"},"modified":"2024-10-16T14:40:33","modified_gmt":"2024-10-16T12:40:33","slug":"betegfelvetel","status":"publish","type":"page","link":"https:\/\/semmelweis.hu\/egynapossebeszet\/betegfelvetel\/","title":{"rendered":"Betegfelv\u00e9teli \u00e9s t\u00e1voz\u00e1si inform\u00e1ci\u00f3k"},"content":{"rendered":"<h4><strong>Betegfelv\u00e9teli \u00e9s t\u00e1voz\u00e1si rend klinik\u00e1nkon:<\/strong><\/h4>\n<p>&nbsp;<\/p>\n<ul>\n<li>Betegfelv\u00e9telkor \u2013 <strong>ha felt\u00e9tlen\u00fcl sz\u00fcks\u00e9ges<\/strong> &#8211; egy f\u0151 hozz\u00e1tartoz\u00f3 k\u00eds\u00e9rheti be a p\u00e1cienst.<\/li>\n<li>A beteg otthon\u00e1ba bocs\u00e1t\u00e1sakor a p\u00e1ciens egy f\u0151 hozz\u00e1tartoz\u00f3 k\u00eds\u00e9ret\u00e9ben t\u00e1vozhat.<\/li>\n<li>Egy\u00e9b id\u0151pontokban az oszt\u00e1lyon k\u00eds\u00e9r\u0151 nem tart\u00f3zkodhat.<\/li>\n<li><strong style=\"font-size: 18pt\">L\u00e1togat\u00e1si rend:<\/strong>\n<p>Tekintettel arra, hogy az egynapos seb\u00e9szeti beavatkoz\u00e1sok eset\u00e9ben, a betegek t\u00f6bbs\u00e9ge, m\u00e9g a felv\u00e9tel napj\u00e1n t\u00e1vozik, az \u0151 eset\u00fckben l\u00e1togat\u00e1sra nincsen sz\u00fcks\u00e9g.<\/p>\n<p>Azon p\u00e1ciensek eset\u00e9ben, akik az \u00e9jszak\u00e1t az egynapos seb\u00e9szeti klinik\u00e1n t\u00f6ltik, a l\u00e1togat\u00e1s a mindenkori \u00e9rv\u00e9nyes l\u00e1togat\u00e1si rend alapj\u00e1n t\u00f6rt\u00e9nik:<\/p>\n<p>Jelenleg \u00e9rv\u00e9nyes szab\u00e1lyok:\u00a0<\/p>\n<p>1. L\u00e1togat\u00e1si id\u0151: 16 \u00f3r\u00e1t\u00f3l -18 \u00f3r\u00e1ig.<br \/>\n2. Egy beteghez naponta legfeljebb k\u00e9t l\u00e1togat\u00f3 mehet be, szem\u00e9lyenk\u00e9nt maximum 30 perces id\u0151tartamra, vagy egy l\u00e1togat\u00f3 maximum 60 perces id\u0151tartamra.<\/li>\n<\/ul>\n","protected":false},"excerpt":{"rendered":"<p>Betegfelv\u00e9teli \u00e9s t\u00e1voz\u00e1si rend klinik\u00e1nkon: &nbsp; Betegfelv\u00e9telkor \u2013 ha felt\u00e9tlen\u00fcl sz\u00fcks\u00e9ges &#8211; egy f\u0151 hozz\u00e1tartoz\u00f3 k\u00eds\u00e9rheti be a p\u00e1cienst. A beteg otthon\u00e1ba bocs\u00e1t\u00e1sakor a p\u00e1ciens egy f\u0151 hozz\u00e1tartoz\u00f3 k\u00eds\u00e9ret\u00e9ben t\u00e1vozhat. Egy\u00e9b id\u0151pontokban az oszt\u00e1lyon k\u00eds\u00e9r\u0151 nem tart\u00f3zkodhat. L\u00e1togat\u00e1si rend: Tekintettel arra, hogy az egynapos seb\u00e9szeti beavatkoz\u00e1sok eset\u00e9ben, a betegek t\u00f6bbs\u00e9ge, m\u00e9g a felv\u00e9tel napj\u00e1n t\u00e1vozik, &hellip;<\/p>\n","protected":false},"author":12,"featured_media":0,"parent":0,"menu_order":2,"comment_status":"closed","ping_status":"closed","template":"","meta":{"_acf_changed":false,"footnotes":""},"categories":[],"tags":[],"class_list":["post-78","page","type-page","status-publish","hentry"],"acf":[],"_links":{"self":[{"href":"https:\/\/semmelweis.hu\/egynapossebeszet\/wp-json\/wp\/v2\/pages\/78","targetHints":{"allow":["GET"]}}],"collection":[{"href":"https:\/\/semmelweis.hu\/egynapossebeszet\/wp-json\/wp\/v2\/pages"}],"about":[{"href":"https:\/\/semmelweis.hu\/egynapossebeszet\/wp-json\/wp\/v2\/types\/page"}],"author":[{"embeddable":true,"href":"https:\/\/semmelweis.hu\/egynapossebeszet\/wp-json\/wp\/v2\/users\/12"}],"replies":[{"embeddable":true,"href":"https:\/\/semmelweis.hu\/egynapossebeszet\/wp-json\/wp\/v2\/comments?post=78"}],"version-history":[{"count":11,"href":"https:\/\/semmelweis.hu\/egynapossebeszet\/wp-json\/wp\/v2\/pages\/78\/revisions"}],"predecessor-version":[{"id":389,"href":"https:\/\/semmelweis.hu\/egynapossebeszet\/wp-json\/wp\/v2\/pages\/78\/revisions\/389"}],"wp:attachment":[{"href":"https:\/\/semmelweis.hu\/egynapossebeszet\/wp-json\/wp\/v2\/media?parent=78"}],"wp:term":[{"taxonomy":"category","embeddable":true,"href":"https:\/\/semmelweis.hu\/egynapossebeszet\/wp-json\/wp\/v2\/categories?post=78"},{"taxonomy":"post_tag","embeddable":true,"href":"https:\/\/semmelweis.hu\/egynapossebeszet\/wp-json\/wp\/v2\/tags?post=78"}],"curies":[{"name":"wp","href":"https:\/\/api.w.org\/{rel}","templated":true}]}}