{"id":64,"date":"2021-10-06T12:06:33","date_gmt":"2021-10-06T10:06:33","guid":{"rendered":"https:\/\/semmelweis.hu\/egynapossebeszet\/?page_id=64"},"modified":"2026-03-03T13:53:39","modified_gmt":"2026-03-03T12:53:39","slug":"aneszteziologia","status":"publish","type":"page","link":"https:\/\/semmelweis.hu\/egynapossebeszet\/szakrendelesek\/aneszteziologia\/","title":{"rendered":"Aneszteziol\u00f3giai szakrendel\u00e9s"},"content":{"rendered":"<h2 style=\"text-align: center\">Szent R\u00f3kus Klinikai T\u00f6mb k\u00f3rh\u00e1zi \u00e9p\u00fclet<br \/>\n1085 Budapest,\u00a0Gyulai P\u00e1l utca 2.<\/h2>\n<h1>Aneszteziol\u00f3giai szakrendel\u00e9s:<br \/>\n<span style=\"font-size: 12pt\">Beutal\u00f3 k\u00f6teles rendel\u00e9s<\/span><\/h1>\n<div class=\"keretes w-100\">\n<p><strong>Id\u0151pontk\u00e9r\u00e9s:<\/strong> H\u00e9tk\u00f6znap 6:00 -7:00<br \/>\n<strong>Telefonsz\u00e1m:<\/strong> +36 70 492 0868\u00a0 \u00a0 \u00a0+36 20 663 2081<br \/>\n<strong>Asszisztens:<\/strong> Szab\u00f3 Zsuzsanna<br \/>\n\u00a0 \u00a0 \u00a0 \u00a0 \u00a0 \u00a0 \u00a0 \u00a0 \u00a0 \u00a0 \u00a0 Nov\u00e1k Andrea<\/p>\n<\/div>\n<p><strong>Dr. Krausz Margit f\u0151orvos\u00a0<\/strong><\/p>\n<p><strong>Rendel\u00e9si id\u0151:<br \/>\n<\/strong><\/p>\n<p>H\u00e9tf\u0151 9:00-15:00<br \/>\nKedd 9:00-15:00<br \/>\nSzerda 9:00-15:00<br \/>\nCs\u00fct\u00f6rt\u00f6k 9:00-15:00<br \/>\nP\u00e9ntek 9:00-15:00<\/p>\n<p>&nbsp;<\/p>\n<p><strong>Dr. Herepey \u00c1gnes f\u0151orvos\u00a0\u00a0<\/strong><\/p>\n<p><strong>Rendel\u00e9si id\u0151:<br \/>\n<\/strong><\/p>\n<p>Kedd:8:30-13:00<br \/>\nSzerda:8:30-13:00<br \/>\nMinden p\u00e1ros h\u00e9t p\u00e9ntek:8:30-13:00<\/p>\n<p>&nbsp;<\/p>\n<p>&nbsp;<\/p>\n<p>&nbsp;<\/p>\n<p>&nbsp;<\/p>\n","protected":false},"excerpt":{"rendered":"<p>Szent R\u00f3kus Klinikai T\u00f6mb k\u00f3rh\u00e1zi \u00e9p\u00fclet 1085 Budapest,\u00a0Gyulai P\u00e1l utca 2. Aneszteziol\u00f3giai szakrendel\u00e9s: Beutal\u00f3 k\u00f6teles rendel\u00e9s Id\u0151pontk\u00e9r\u00e9s: H\u00e9tk\u00f6znap 6:00 -7:00 Telefonsz\u00e1m: +36 70 492 0868\u00a0 \u00a0 \u00a0+36 20 663 2081 Asszisztens: Szab\u00f3 Zsuzsanna \u00a0 \u00a0 \u00a0 \u00a0 \u00a0 \u00a0 \u00a0 \u00a0 \u00a0 \u00a0 \u00a0 Nov\u00e1k Andrea Dr. Krausz Margit f\u0151orvos\u00a0 Rendel\u00e9si id\u0151: H\u00e9tf\u0151 9:00-15:00 Kedd &hellip;<\/p>\n","protected":false},"author":12,"featured_media":0,"parent":11,"menu_order":2,"comment_status":"closed","ping_status":"closed","template":"","meta":{"_acf_changed":false,"footnotes":""},"categories":[],"tags":[],"class_list":["post-64","page","type-page","status-publish","hentry"],"acf":[],"_links":{"self":[{"href":"https:\/\/semmelweis.hu\/egynapossebeszet\/wp-json\/wp\/v2\/pages\/64","targetHints":{"allow":["GET"]}}],"collection":[{"href":"https:\/\/semmelweis.hu\/egynapossebeszet\/wp-json\/wp\/v2\/pages"}],"about":[{"href":"https:\/\/semmelweis.hu\/egynapossebeszet\/wp-json\/wp\/v2\/types\/page"}],"author":[{"embeddable":true,"href":"https:\/\/semmelweis.hu\/egynapossebeszet\/wp-json\/wp\/v2\/users\/12"}],"replies":[{"embeddable":true,"href":"https:\/\/semmelweis.hu\/egynapossebeszet\/wp-json\/wp\/v2\/comments?post=64"}],"version-history":[{"count":12,"href":"https:\/\/semmelweis.hu\/egynapossebeszet\/wp-json\/wp\/v2\/pages\/64\/revisions"}],"predecessor-version":[{"id":621,"href":"https:\/\/semmelweis.hu\/egynapossebeszet\/wp-json\/wp\/v2\/pages\/64\/revisions\/621"}],"up":[{"embeddable":true,"href":"https:\/\/semmelweis.hu\/egynapossebeszet\/wp-json\/wp\/v2\/pages\/11"}],"wp:attachment":[{"href":"https:\/\/semmelweis.hu\/egynapossebeszet\/wp-json\/wp\/v2\/media?parent=64"}],"wp:term":[{"taxonomy":"category","embeddable":true,"href":"https:\/\/semmelweis.hu\/egynapossebeszet\/wp-json\/wp\/v2\/categories?post=64"},{"taxonomy":"post_tag","embeddable":true,"href":"https:\/\/semmelweis.hu\/egynapossebeszet\/wp-json\/wp\/v2\/tags?post=64"}],"curies":[{"name":"wp","href":"https:\/\/api.w.org\/{rel}","templated":true}]}}