{"id":59,"date":"2021-10-06T12:03:01","date_gmt":"2021-10-06T10:03:01","guid":{"rendered":"https:\/\/semmelweis.hu\/egynapossebeszet\/?page_id=59"},"modified":"2026-03-03T13:52:20","modified_gmt":"2026-03-03T12:52:20","slug":"szemeszet","status":"publish","type":"page","link":"https:\/\/semmelweis.hu\/egynapossebeszet\/szakrendelesek\/szemeszet\/","title":{"rendered":"Szem\u00e9szeti szakrendel\u00e9s"},"content":{"rendered":"<h2 style=\"text-align: center\">Szent R\u00f3kus Klinikai T\u00f6mb\u00a0<br \/>\n1085 Budapest,\u00a0Gyulai P\u00e1l utca 2.<\/h2>\n<h1>Szem\u00e9szeti szakrendel\u00e9s:<br \/>\n<span style=\"font-size: 12pt\">Nem beutal\u00f3 k\u00f6teles rendel\u00e9s<\/span><\/h1>\n<div class=\"keretes w-100\">\n<p><strong>Id\u0151pontk\u00e9r\u00e9s:<br \/>\n<em><a href=\"https:\/\/www.eeszt.gov.hu\/hu\/nyito-oldal\">Elektronikus Eg\u00e9szs\u00e9g\u00fcgyi Szolg\u00e1ltat\u00e1si T\u00e9r (EESZT)<\/a>\u00a0port\u00e1lj\u00e1n<\/em><\/strong> <br \/>\nH\u00e9tf\u0151 6:30-8:00<br \/>\nSzerda 6:30-8:00<br \/>\nCs\u00fct\u00f6rt\u00f6k 6:30-8:00<\/p>\n<p><strong>Telefonsz\u00e1m:<\/strong> +36 30 685 9692<br \/>\n<strong>Asszisztens:<\/strong> K\u00e1pl\u00e1r Orsolya<br \/>\n\u00a0 \u00a0 \u00a0 \u00a0 \u00a0 \u00a0 \u00a0 \u00a0 \u00a0 \u00a0 \u00a0 Nov\u00e1k Edit<\/p>\n<\/div>\n<p>&nbsp;<\/p>\n<p><strong><span style=\"font-size: 18pt\">Dr. Balsay Zolt\u00e1n f\u0151orvos <\/span><\/strong><strong><span style=\"font-size: 18pt\"><span style=\"color: #ff0000\">\u00a0<\/span><\/span><\/strong><\/p>\n<p><strong>Rendel\u00e9si id\u0151:<br \/>\n<\/strong><span style=\"font-family: inherit;font-size: inherit\">Szerda 8:00-14:00<br \/>\n<\/span>Cs\u00fct\u00f6rt\u00f6k\u00a0 8:00-14.00<br \/>\nP\u00e9ntek\u00a0\u00a0 8:00-14:00\u00a0\u00a0\u00a0<\/p>\n<p><strong><span style=\"font-size: 18pt\">Dr. Sipos Istv\u00e1n f\u0151orvos<\/span><\/strong><\/p>\n<p><strong>Rendel\u00e9si id\u0151:<br \/>\n<\/strong>Cs\u00fct\u00f6rt\u00f6k: 6:00-8:00<br \/>\nP\u00e9ntek:6:00-8:00<br \/>\n<strong>Csak m\u0171t\u00e9tes betegek ell\u00e1t\u00e1sa t\u00f6rt\u00e9nik!<\/strong><\/p>\n<p><span style=\"font-size: 18pt\"><strong>Dr. Hamvay M\u00f3nika\u00a0<\/strong><\/span><\/p>\n<p><strong>Rendel\u00e9si id\u0151:<\/strong> <br \/>\nKedd 8:00-14:00<\/p>\n<p><strong><span style=\"font-size: 18pt\">Dr. Papp L\u00e1szl\u00f3 Tivadar\u00a0<\/span><\/strong><\/p>\n<p><strong>Rendel\u00e9si id\u0151:<\/strong> <br \/>\nSzerda 8:00-13:00\u00a0<\/p>\n<p><strong><span style=\"font-size: 18pt\">Dr. Burka Gabriella\u00a0<\/span><\/strong><\/p>\n<p><strong><span style=\"font-size: 14pt\">Rendel\u00e9si id\u0151:\u00a0<\/span><\/strong><\/p>\n<p>H\u00e9tf\u0151: 8:00-13:00<br \/>\nKedd: 8:00-13:00\u00a0<br \/>\n( minden h\u00f3napban egy keddi nap m\u0171t\u00e9tes nap.)<\/p>\n<p>T\u00e1j\u00e9koztat\u00e1s a rendel\u00e9sr\u0151l \u00e9s a m\u0171t\u00e9ti ell\u00e1t\u00e1sr\u00f3l:<\/p>\n<p>A Szem\u00e9szeti Szakambulanci\u00e1nkon valamennyi szem\u00e9szeti panasz eset\u00e9n igyeksz\u00fcnk ell\u00e1t\u00e1st ny\u00fajtani. Beutal\u00f3 n\u00e9lk\u00fcl, lakc\u00edmt\u0151l f\u00fcggetlen\u00fcl, id\u0151pontra fogadjuk mindazokat, akik bizalmukkal megtisztelik Int\u00e9zm\u00e9ny\u00fcnket. Megszokott teh\u00e1t, hogy pl. hom\u00e1lyos l\u00e1t\u00e1ssal k\u00f6zvetlen\u00fcl jelentkeznek szakrendel\u00e9s\u00fcnk\u00f6n, \u00e9s erre a j\u00f6v\u0151ben is b\u00e1tor\u00edtjuk leend\u0151 Kedves Betegeinket. Panasszal \u00e9rkez\u0151kn\u00e9l k\u00fcl\u00f6n\u00f6sk\u00e9ppen, de sz\u0171r\u0151vizsg\u00e1lataink sor\u00e1n, vagy ak\u00e1r a h\u00e9tk\u00f6znapi szem\u00fcveg rendel\u00e9skor is figyelmet ford\u00edtunk az \u00e1tfog\u00f3 \u00e1llapotfelm\u00e9r\u00e9sre.<\/p>\n<p>Sz\u00fcrkeh\u00e1lyog eset\u00e9n a b\u00fcszke hagyom\u00e1nyokkal rendelkez\u0151 Egynapos Seb\u00e9szet\u00fcnk lehet\u0151v\u00e9 teszi azt is, hogy Betegeinket a gy\u00f3gyul\u00e1sig k\u00eds\u00e9rj\u00fck, s\u0151t az ut\u00f3gondoz\u00e1st is feladatunknak tekintj\u00fck. Szaktud\u00e1sunk \u00e9s felszerelts\u00e9g\u00fcnk a mai kor elv\u00e1r\u00e1sainak megfelel\u0151 sz\u00ednvonal\u00fa ell\u00e1t\u00e1st garant\u00e1l. Szakambulanci\u00e1nk, valamint Egynapos Seb\u00e9szet\u00fcnk v\u00e1r\u00f3list\u00e1i az \u00e1ltal\u00e1nosan tapasztalatokhoz k\u00e9pest j\u00f3val kedvez\u0151bb.<\/p>\n<p><strong><span style=\"color: #ff0000;font-size: 18pt\">S\u00fcrg\u0151s esetben:<\/span><\/strong><br \/>\n<span style=\"font-size: 18pt\">Szem\u00e9szeti Klinika<\/span><br \/>\n<span style=\"font-size: 18pt\">1085. Budapest M\u00e1ria u 39<\/span><\/p>\n","protected":false},"excerpt":{"rendered":"<p>Szent R\u00f3kus Klinikai T\u00f6mb\u00a0 1085 Budapest,\u00a0Gyulai P\u00e1l utca 2. Szem\u00e9szeti szakrendel\u00e9s: Nem beutal\u00f3 k\u00f6teles rendel\u00e9s Id\u0151pontk\u00e9r\u00e9s: <a href=\"https:\/\/www.eeszt.gov.hu\/hu\/nyito-oldal\">Elektronikus Eg\u00e9szs\u00e9g\u00fcgyi Szolg\u00e1ltat\u00e1si T\u00e9r (EESZT)<\/a> \u00a0port\u00e1lj\u00e1n H\u00e9tf\u0151 6:30-8:00 Szerda 6:30-8:00 Cs\u00fct\u00f6rt\u00f6k 6:30-8:00 Telefonsz\u00e1m: +36 30 685 9692 Asszisztens: K\u00e1pl\u00e1r Orsolya \u00a0 \u00a0 \u00a0 \u00a0 \u00a0 \u00a0 \u00a0 \u00a0 \u00a0 \u00a0 \u00a0 Nov\u00e1k Edit &nbsp; Dr. Balsay Zolt\u00e1n f\u0151orvos \u00a0 Rendel\u00e9si id\u0151: Szerda 8:00-14:00 Cs\u00fct\u00f6rt\u00f6k\u00a0 &hellip;<\/p>\n","protected":false},"author":12,"featured_media":0,"parent":11,"menu_order":0,"comment_status":"closed","ping_status":"closed","template":"","meta":{"_acf_changed":false,"footnotes":""},"categories":[],"tags":[],"class_list":["post-59","page","type-page","status-publish","hentry"],"acf":[],"_links":{"self":[{"href":"https:\/\/semmelweis.hu\/egynapossebeszet\/wp-json\/wp\/v2\/pages\/59","targetHints":{"allow":["GET"]}}],"collection":[{"href":"https:\/\/semmelweis.hu\/egynapossebeszet\/wp-json\/wp\/v2\/pages"}],"about":[{"href":"https:\/\/semmelweis.hu\/egynapossebeszet\/wp-json\/wp\/v2\/types\/page"}],"author":[{"embeddable":true,"href":"https:\/\/semmelweis.hu\/egynapossebeszet\/wp-json\/wp\/v2\/users\/12"}],"replies":[{"embeddable":true,"href":"https:\/\/semmelweis.hu\/egynapossebeszet\/wp-json\/wp\/v2\/comments?post=59"}],"version-history":[{"count":11,"href":"https:\/\/semmelweis.hu\/egynapossebeszet\/wp-json\/wp\/v2\/pages\/59\/revisions"}],"predecessor-version":[{"id":619,"href":"https:\/\/semmelweis.hu\/egynapossebeszet\/wp-json\/wp\/v2\/pages\/59\/revisions\/619"}],"up":[{"embeddable":true,"href":"https:\/\/semmelweis.hu\/egynapossebeszet\/wp-json\/wp\/v2\/pages\/11"}],"wp:attachment":[{"href":"https:\/\/semmelweis.hu\/egynapossebeszet\/wp-json\/wp\/v2\/media?parent=59"}],"wp:term":[{"taxonomy":"category","embeddable":true,"href":"https:\/\/semmelweis.hu\/egynapossebeszet\/wp-json\/wp\/v2\/categories?post=59"},{"taxonomy":"post_tag","embeddable":true,"href":"https:\/\/semmelweis.hu\/egynapossebeszet\/wp-json\/wp\/v2\/tags?post=59"}],"curies":[{"name":"wp","href":"https:\/\/api.w.org\/{rel}","templated":true}]}}