{"id":460,"date":"2024-12-12T13:53:21","date_gmt":"2024-12-12T12:53:21","guid":{"rendered":"https:\/\/semmelweis.hu\/egynapossebeszet\/?page_id=460"},"modified":"2026-03-03T13:50:38","modified_gmt":"2026-03-03T12:50:38","slug":"kezsebeszet","status":"publish","type":"page","link":"https:\/\/semmelweis.hu\/egynapossebeszet\/szakrendelesek\/kezsebeszet\/","title":{"rendered":"K\u00e9zseb\u00e9szet"},"content":{"rendered":"<h2>Szent R\u00f3kus Klinikai T\u00f6mb<br \/>\n1085 Budapest,\u00a0Gyulai P\u00e1l utca 2.<\/h2>\n<p><strong>K\u00e9zseb\u00e9szet szakrendel\u00e9s &#8211; Beutal\u00f3 k\u00f6teles\u00a0<\/strong><\/p>\n<div class=\"fontos_div\">\n<p><strong>Id\u0151pontk\u00e9r\u00e9s:<\/strong>\u00a0H\u00e9tk\u00f6znap 8:00-14:00\u00a0<br \/>\n<strong>Telefonsz\u00e1m:<\/strong>\u00a0+3630 877 0226\u00a0<br \/>\n<strong>Asszisztens:<\/strong>\u00a0Deme Eszter<\/p>\n<\/div>\n<p>&nbsp;<\/p>\n<p><span style=\"font-size: 18pt\"><strong>Dr. Kaszap Bal\u00e1zs\u00a0<\/strong><\/span><\/p>\n<p>Rendel\u00e9si id\u0151:\u00a0<\/p>\n<p>Szerda: 9:00-15:00\u00a0 beteg fogad\u00e1s kiz\u00e1r\u00f3lag <strong>el\u0151jegyz\u00e9s alapj\u00e1n<\/strong>\u00a0t\u00f6rt\u00e9nik<\/p>\n<p>&nbsp;<\/p>\n","protected":false},"excerpt":{"rendered":"<p>Szent R\u00f3kus Klinikai T\u00f6mb<br \/>\n1085 Budapest,\u00a0Gyulai P\u00e1l utca 2.<br \/>\nK\u00e9zseb\u00e9szet szakrendel\u00e9s &#8211; Beutal\u00f3 k\u00f6teles\u00a0<\/p>\n<p>Id\u0151pontk\u00e9r\u00e9s:\u00a0H\u00e9tk\u00f6znap 8:00-14:00\u00a0<br \/>\nTelefonsz\u00e1m:\u00a0+3630 877 0226\u00a0<br \/>\nAsszisztens:\u00a0Deme Eszter<\/p>\n<p>&nbsp;<br \/>\nDr. Kaszap Bal\u00e1zs\u00a0<br \/>\nRendel\u00e9si id\u0151:\u00a0<br \/>\nSzerda: 9:00-15:00\u00a0 beteg fogad\u00e1s kiz\u00e1r\u00f3lag el\u0151jegyz\u00e9s alapj\u00e1n\u00a0t\u00f6rt\u00e9nik<br \/>\n&nbsp;<\/p>\n","protected":false},"author":102414,"featured_media":0,"parent":11,"menu_order":0,"comment_status":"closed","ping_status":"closed","template":"","meta":{"_acf_changed":false,"footnotes":""},"categories":[],"tags":[],"class_list":["post-460","page","type-page","status-publish","hentry"],"acf":[],"_links":{"self":[{"href":"https:\/\/semmelweis.hu\/egynapossebeszet\/wp-json\/wp\/v2\/pages\/460","targetHints":{"allow":["GET"]}}],"collection":[{"href":"https:\/\/semmelweis.hu\/egynapossebeszet\/wp-json\/wp\/v2\/pages"}],"about":[{"href":"https:\/\/semmelweis.hu\/egynapossebeszet\/wp-json\/wp\/v2\/types\/page"}],"author":[{"embeddable":true,"href":"https:\/\/semmelweis.hu\/egynapossebeszet\/wp-json\/wp\/v2\/users\/102414"}],"replies":[{"embeddable":true,"href":"https:\/\/semmelweis.hu\/egynapossebeszet\/wp-json\/wp\/v2\/comments?post=460"}],"version-history":[{"count":10,"href":"https:\/\/semmelweis.hu\/egynapossebeszet\/wp-json\/wp\/v2\/pages\/460\/revisions"}],"predecessor-version":[{"id":617,"href":"https:\/\/semmelweis.hu\/egynapossebeszet\/wp-json\/wp\/v2\/pages\/460\/revisions\/617"}],"up":[{"embeddable":true,"href":"https:\/\/semmelweis.hu\/egynapossebeszet\/wp-json\/wp\/v2\/pages\/11"}],"wp:attachment":[{"href":"https:\/\/semmelweis.hu\/egynapossebeszet\/wp-json\/wp\/v2\/media?parent=460"}],"wp:term":[{"taxonomy":"category","embeddable":true,"href":"https:\/\/semmelweis.hu\/egynapossebeszet\/wp-json\/wp\/v2\/categories?post=460"},{"taxonomy":"post_tag","embeddable":true,"href":"https:\/\/semmelweis.hu\/egynapossebeszet\/wp-json\/wp\/v2\/tags?post=460"}],"curies":[{"name":"wp","href":"https:\/\/api.w.org\/{rel}","templated":true}]}}