{"id":4,"date":"2021-10-05T11:37:51","date_gmt":"2021-10-05T09:37:51","guid":{"rendered":"https:\/\/semmelweis.hu\/egynapossebeszet\/?page_id=4"},"modified":"2024-09-09T13:42:59","modified_gmt":"2024-09-09T11:42:59","slug":"klinikankrol","status":"publish","type":"page","link":"https:\/\/semmelweis.hu\/egynapossebeszet\/klinikankrol\/","title":{"rendered":"Klinik\u00e1nkr\u00f3l"},"content":{"rendered":"<h1>A Multidiszciplin\u00e1ris Egynapos Seb\u00e9szeti Klinika bemutat\u00e1sa<\/h1>\n<p>Magyarorsz\u00e1gon 1993-ban indultak az egynapos seb\u00e9szeti ell\u00e1t\u00e1sok, 1997-ben alakult meg a Multidiszciplin\u00e1ris Egynapos Seb\u00e9szeti T\u00e1rsas\u00e1g, amely 2005-ben meg\u00fajult \u00e9s csatlakozott a Nemzetk\u00f6zi Egynapos Seb\u00e9szeti T\u00e1rsas\u00e1ghoz (IAAS).<\/p>\n<p>A Szent R\u00f3kus K\u00f3rh\u00e1z, 2007-ben hozta l\u00e9tre az orsz\u00e1g egyik legnagyobb \u00f6n\u00e1ll\u00f3 egynapos seb\u00e9szet\u00e9t. 8 szakm\u00e1ban 5 m\u0171t\u0151asztalon v\u00e9gezt\u00fcnk ez id\u00e1ig k\u00f6zel 50.000 m\u0171t\u00e9tet. A klinika jelenlegi igazgat\u00f3ja, 2007-t\u00f5l a mai napig a MEST vezet\u0151s\u00e9g\u00e9nek tagja. Az egynapos ell\u00e1t\u00e1si forma fejleszt\u00e9se, az eg\u00e9szs\u00e9gpolitikai c\u00e9lok k\u00f6z\u00f6tt is kiemelt helyen szerepel, ennek oka, hogy az \u00edgy v\u00e9gzett beavatkoz\u00e1sok rendk\u00edv\u00fcl k\u00f6lts\u00e9ghat\u00e9konyak, a nozokomi\u00e1lis fert\u0151z\u00e9sek sz\u00e1ma cs\u00f6kken, a betegek sz\u00e1m\u00e1ra a m\u0171t\u00e9t id\u0151pontja pontosan tervezhet\u0151, <span style=\"font-size: 1rem\">j\u00f3l szervezett, biztons\u00e1gos ell\u00e1t\u00e1si m\u00f3dszer, ami magas ar\u00e1ny\u00fa beteg el\u00e9gedetts\u00e9ggel eredm\u00e9nyez.<\/span> 2020. j\u00fanius 1- \u00e9n, a 223 \u00e9ves Szent R\u00f3kus K\u00f3rh\u00e1z \u00e9s Int\u00e9zm\u00e9nyei a 250 \u00e9ves Semmelweis Egyetemhez integr\u00e1l\u00f3dott, mely sor\u00e1n kialak\u00edt\u00e1sra ker\u00fclt a Multidiszciplin\u00e1ris Egynapos Seb\u00e9szeti Klinika.<\/p>\n<p>Az \u00faj klinika egy olyan \u00f6n\u00e1ll\u00f3 unitot k\u00e9pez a Semmelweis Egyetem Klinik\u00e1inak sor\u00e1ban, mely multidiszciplin\u00e1ris form\u00e1ban \u2013 g\u00e9g\u00e9szeti, n\u0151gy\u00f3gy\u00e1szati, ortop\u00e9diai, seb\u00e9szeti, szem\u00e9szeti, urol\u00f3giai- m\u0171t\u00e9teket v\u00e9gez, nem vesz r\u00e9szt az akut beteg ell\u00e1t\u00e1sban, \u00edgy az egynapos seb\u00e9szet el\u0151nyei maxim\u00e1lisan kihaszn\u00e1lhat\u00f3ak. A t\u00e1rsklinik\u00e1k sz\u00e1m\u00e1ra lehet\u0151s\u00e9get biztos\u00edtunk egynapos m\u0171t\u00e9tjeik elv\u00e9gz\u00e9s\u00e9re, ennek eredm\u00e9nyek\u00e9nt a\u00a0 m\u0171t\u00e9ti kapacit\u00e1suk b\u0151v\u00fcl, ezzel a v\u00e1r\u00f3list\u00e1k direct \u00e9s indirect cs\u00f6kkennek, egyben helyet \u00e9s id\u0151t adunk a rezidens k\u00e9pz\u00e9snek.\u00a0<\/p>\n<p>A t\u00e1rsklinik\u00e1kkal val\u00f3 egy\u00fcttm\u0171k\u00f6d\u00e9s eredm\u00e9nyek\u00e9ppen a Semmelweis Egyetem Ortop\u00e9diai-, Seb\u00e9szeti, Transzplant\u00e1ci\u00f3s \u00e9s Gasztroenterol\u00f3giai-, Szem\u00e9szeti-, Sz\u00fcl\u00e9szeti \u00e9s N\u0151gy\u00f3gy\u00e1szati-, V\u00e1rosmajori Sz\u00edv- \u00e9s \u00c9rgy\u00f3gy\u00e1szati Klinika orvosaival havonta t\u00f6bb, mint n\u00e9gysz\u00e1z egynapos beavatkoz\u00e1st v\u00e9gz\u00fcnk. A m\u0171t\u00e9ti sz\u00e1m fokozatos n\u00f6vel\u00e9s\u00e9t tervezz\u00fck.<\/p>\n<p>Az integr\u00e1ci\u00f3 ut\u00e1n bekapcsol\u00f3dtunk a szakk\u00e9pz\u00e9sben r\u00e9szt vev\u0151 tanul\u00f3k gyakorlati oktat\u00e1s\u00e1ba, szorosan egy\u00fcttm\u0171k\u00f6dve az \u00c1pol\u00e1svezet\u00e9si \u00e9s Szakdolgoz\u00f3i Oktat\u00e1si Igazgat\u00e1ssal.<\/p>\n<p>&nbsp;<\/p>\n<p>&nbsp;<\/p>\n","protected":false},"excerpt":{"rendered":"<p>Szeretettel k\u00f6sz\u00f6ntj\u00fck a Multidiszciplin\u00e1ris Egynapos Seb\u00e9szeti Klinika honlapj\u00e1n. Weboldalunk seg\u00edts\u00e9g\u00e9vel, szeretn\u00e9nk \u00d6nnek bemutatni, a Szent R\u00f3kus Klinikai T\u00f6mbben elhelyezked\u0151 Klinik\u00e1nkat.<\/p>\n<p>&nbsp;<\/p>\n<p>Dr. G\u00f6b\u00f6l Zsolt Viktor<br \/>\nMultidiszciplin\u00e1ris Egynapos Seb\u00e9szeti Klinika igazgat\u00f3ja<\/p>\n","protected":false},"author":12,"featured_media":57,"parent":0,"menu_order":0,"comment_status":"closed","ping_status":"closed","template":"","meta":{"_acf_changed":false,"footnotes":""},"categories":[],"tags":[],"class_list":["post-4","page","type-page","status-publish","has-post-thumbnail","hentry"],"acf":[],"_links":{"self":[{"href":"https:\/\/semmelweis.hu\/egynapossebeszet\/wp-json\/wp\/v2\/pages\/4","targetHints":{"allow":["GET"]}}],"collection":[{"href":"https:\/\/semmelweis.hu\/egynapossebeszet\/wp-json\/wp\/v2\/pages"}],"about":[{"href":"https:\/\/semmelweis.hu\/egynapossebeszet\/wp-json\/wp\/v2\/types\/page"}],"author":[{"embeddable":true,"href":"https:\/\/semmelweis.hu\/egynapossebeszet\/wp-json\/wp\/v2\/users\/12"}],"replies":[{"embeddable":true,"href":"https:\/\/semmelweis.hu\/egynapossebeszet\/wp-json\/wp\/v2\/comments?post=4"}],"version-history":[{"count":10,"href":"https:\/\/semmelweis.hu\/egynapossebeszet\/wp-json\/wp\/v2\/pages\/4\/revisions"}],"predecessor-version":[{"id":388,"href":"https:\/\/semmelweis.hu\/egynapossebeszet\/wp-json\/wp\/v2\/pages\/4\/revisions\/388"}],"wp:featuredmedia":[{"embeddable":true,"href":"https:\/\/semmelweis.hu\/egynapossebeszet\/wp-json\/wp\/v2\/media\/57"}],"wp:attachment":[{"href":"https:\/\/semmelweis.hu\/egynapossebeszet\/wp-json\/wp\/v2\/media?parent=4"}],"wp:term":[{"taxonomy":"category","embeddable":true,"href":"https:\/\/semmelweis.hu\/egynapossebeszet\/wp-json\/wp\/v2\/categories?post=4"},{"taxonomy":"post_tag","embeddable":true,"href":"https:\/\/semmelweis.hu\/egynapossebeszet\/wp-json\/wp\/v2\/tags?post=4"}],"curies":[{"name":"wp","href":"https:\/\/api.w.org\/{rel}","templated":true}]}}