{"id":33,"date":"2021-10-05T13:47:42","date_gmt":"2021-10-05T11:47:42","guid":{"rendered":"https:\/\/semmelweis.hu\/egynapossebeszet\/?page_id=33"},"modified":"2025-10-13T10:39:02","modified_gmt":"2025-10-13T08:39:02","slug":"munkatarsaink","status":"publish","type":"page","link":"https:\/\/semmelweis.hu\/egynapossebeszet\/munkatarsaink\/","title":{"rendered":"Munkat\u00e1rsaink"},"content":{"rendered":"<h1><span style=\"font-size: 18pt\">Klinikai igazgat\u00f3<\/span><\/h1>\n<p style=\"text-align: justify\"><span style=\"font-size: 18pt\"><strong>Dr.\u00a0 G\u00f6b\u00f6l Zsolt<\/strong><\/span><br \/>\n<span style=\"font-size: 18pt\">Szent R\u00f3kus Klinikai T\u00f6mb Orvos-F\u0151igazgat\u00f3,\u00a0<\/span><br \/>\n<span style=\"font-size: 18pt\">E-mail: gobol.zsolt.viktor@semmelweis.hu<\/span><br \/>\n<span style=\"font-size: 18pt\">Telefonsz\u00e1m: +3630 687-9153<\/span><\/p>\n<h2 style=\"text-align: justify\"><span style=\"font-size: 18pt\">Klinika Vezet\u0151 F\u0151n\u0151v\u00e9r<\/span><\/h2>\n<p><span style=\"font-size: 18pt\"><strong>Groman Judit<br \/>\n<\/strong>E-mail c\u00edm: groman.judit@semmelweis.hu<br \/>\nTelefonsz\u00e1m: +3630 678-2092<\/span><\/p>\n<h2><span style=\"font-size: 18pt\">Titk\u00e1rs\u00e1gi \u00dcgyint\u00e9z\u0151<\/span><\/h2>\n<p><span style=\"font-size: 18pt\"><strong>Pap Gabriella<br \/>\n<\/strong>E-mail c\u00edm: pap.gabriella@semmelweis.hu<\/span><br \/>\n<span style=\"font-size: 18pt\">Telefonsz\u00e1m: +3670457-2369 \u00a0<\/span><\/p>\n<h2><span style=\"font-size: 18pt\">Orvos\u00edrnokok<\/span><\/h2>\n<p><strong>Urb\u00e1n Erika<\/strong>\u00a0<br \/>\nOrvos\u00edrnok (szem\u00e9szet)<br \/>\nTelefonsz\u00e1m: +3630 816-4057 <br \/>\nE-mail c\u00edm: urban.erika@semmelweis.hu<\/p>\n<p style=\"text-align: justify\"><strong>Matus Piroska Anna<\/strong><br \/>\nOrvos\u00edrnok (n\u0151gy\u00f3gy\u00e1szat)<br \/>\n<span style=\"font-size: 1rem\">Telefonsz\u00e1m: +3630 160-0417<br \/>\n<\/span>E-mail c\u00edm: matus.piroska.anna@semmelweis.hu<\/p>\n<p><strong>Hodbabni M\u00e1ria<\/strong><\/p>\n<p>Orvos\u00edrnok (ortop\u00e9dia)<br \/>\nTelefonsz\u00e1m:+3630 016-4643<br \/>\nE-mail c\u00edm: hodbabni.maria@semmelweis.hu<\/p>\n<p><strong>Berkin\u00e9 Csik Szilvia<\/strong><\/p>\n<p>Orvos\u00edrnok<br \/>\nTelefonsz\u00e1m: +3670 396-1196<br \/>\nE-mail c\u00edm: berkine.csik.szilvia@semmelweis.hu<\/p>\n<p><strong>Hepp-Horv\u00e1th Szilvia<\/strong><\/p>\n<p>Orvos\u00edrnok<br \/>\nTelefonsz\u00e1m:\u00a0 +3630 166-0966<br \/>\nE-mail c\u00edm: hepp.horvath.szilvia@semmelweis.hu<\/p>\n<h1>orvosok:<\/h1>\n<p>A Semmelweis Egyetem Ortop\u00e9diai-, Seb\u00e9szeti, Transzplant\u00e1ci\u00f3s \u00e9s Gasztroenterol\u00f3giai-, Szem\u00e9szeti-, V\u00e1rosmajori Sz\u00edv- \u00e9s \u00c9rgy\u00f3gy\u00e1szati Klinika szakorvosai \u00e9s rezidensei v\u00e9geznek m\u0171t\u00e9ti beavatkoz\u00e1sokat.<\/p>\n<p><strong>\u00c1lland\u00f3 orvosaink:<\/strong><\/p>\n<ul style=\"list-style-type: square\">\n<li>Baksay L\u00e1szl\u00f3<\/li>\n<li>Balsay Zolt\u00e1n<\/li>\n<li>Bal\u00e1zs \u00c1kos<\/li>\n<li>B\u00e1r\u00e1ny J\u00e1nos<\/li>\n<li>B\u00e1nki L\u00e1szl\u00f3<\/li>\n<li>Bessenyei Zsuzsanna<\/li>\n<li>Burka Gabriella<\/li>\n<li>Csabafi Csaba<\/li>\n<li>Csemniczky Guszt\u00e1v<\/li>\n<li>Domokos Tam\u00e1s N\u00e1ndor<\/li>\n<li>Ferreira G\u00e1bor<\/li>\n<li>F\u00fcl\u00f6p Tam\u00e1s<\/li>\n<li>Hamvay M\u00f3nika<\/li>\n<li>Herepey \u00c1gnes<\/li>\n<li>Iharos D\u00f3ra<\/li>\n<li>Krasznai Bogl\u00e1rka<\/li>\n<li>Orb\u00e1n \u00c1gnes<\/li>\n<li>\u00d3nody P\u00e9ter<\/li>\n<li>Pusk\u00e1s L\u00e1szl\u00f3<\/li>\n<li>S\u00e1rossi Zsuzsanna Ilona<\/li>\n<li>S\u00e1volt \u00c1kos (\u00f6nk\u00e9ntes seg\u00edt\u0151)<\/li>\n<li>Sipos Istv\u00e1n<\/li>\n<li>Szak\u00e1cs No\u00e9mi<\/li>\n<li>Sz\u0171cs Enik\u0151<\/li>\n<li>Tolnay Lajos<\/li>\n<li>T\u00f3th Bence<\/li>\n<li>T\u00f3th Eszter<\/li>\n<li>T\u00f6nk\u00f6l Tam\u00e1s<\/li>\n<li>Tsolmon Jamiyanmijid<\/li>\n<li>V\u00e1mosi P\u00e9ter<\/li>\n<li>Vars\u00e1nyi Antal<\/li>\n<\/ul>\n<p>K\u00f6zrem\u0171k\u00f6d\u0151 szakorvosainkat a Klinika Vezet\u0151 \u00c1pol\u00f3 seg\u00edts\u00e9g\u00e9vel \u00e9rhetik el.<\/p>\n<p style=\"text-align: justify\"><strong>Klinika Vezet\u0151 F\u0151n\u0151v\u00e9r:<\/strong> Groman Judit<\/p>\n<p><strong>Fekv\u0151r\u00e9szleg Vezet\u0151 \u00c1pol\u00f3:<\/strong>\u00a0Juszel M\u00f3nika<\/p>\n<p><strong>J\u00e1r\u00f3beteg Vezet\u0151 \u00c1pol\u00f3:<\/strong> B\u00e1ndolin\u00e9 Seb\u0151k M\u00f3nika<\/p>\n","protected":false},"excerpt":{"rendered":"<p>Klinikai igazgat\u00f3 Dr.\u00a0 G\u00f6b\u00f6l Zsolt Szent R\u00f3kus Klinikai T\u00f6mb Orvos-F\u0151igazgat\u00f3,\u00a0 E-mail: gobol.zsolt.viktor@semmelweis.hu Telefonsz\u00e1m: +3630 687-9153 Klinika Vezet\u0151 F\u0151n\u0151v\u00e9r Groman Judit E-mail c\u00edm: groman.judit@semmelweis.hu Telefonsz\u00e1m: +3630 678-2092 Titk\u00e1rs\u00e1gi \u00dcgyint\u00e9z\u0151 Pap Gabriella E-mail c\u00edm: pap.gabriella@semmelweis.hu Telefonsz\u00e1m: +3670457-2369 \u00a0 Orvos\u00edrnokok Urb\u00e1n Erika\u00a0 Orvos\u00edrnok (szem\u00e9szet) Telefonsz\u00e1m: +3630 816-4057 E-mail c\u00edm: urban.erika@semmelweis.hu Matus Piroska Anna Orvos\u00edrnok (n\u0151gy\u00f3gy\u00e1szat) Telefonsz\u00e1m: +3630 160-0417 &hellip;<\/p>\n","protected":false},"author":12,"featured_media":0,"parent":0,"menu_order":3,"comment_status":"closed","ping_status":"closed","template":"","meta":{"_acf_changed":false,"footnotes":""},"categories":[],"tags":[],"class_list":["post-33","page","type-page","status-publish","hentry"],"acf":[],"_links":{"self":[{"href":"https:\/\/semmelweis.hu\/egynapossebeszet\/wp-json\/wp\/v2\/pages\/33","targetHints":{"allow":["GET"]}}],"collection":[{"href":"https:\/\/semmelweis.hu\/egynapossebeszet\/wp-json\/wp\/v2\/pages"}],"about":[{"href":"https:\/\/semmelweis.hu\/egynapossebeszet\/wp-json\/wp\/v2\/types\/page"}],"author":[{"embeddable":true,"href":"https:\/\/semmelweis.hu\/egynapossebeszet\/wp-json\/wp\/v2\/users\/12"}],"replies":[{"embeddable":true,"href":"https:\/\/semmelweis.hu\/egynapossebeszet\/wp-json\/wp\/v2\/comments?post=33"}],"version-history":[{"count":12,"href":"https:\/\/semmelweis.hu\/egynapossebeszet\/wp-json\/wp\/v2\/pages\/33\/revisions"}],"predecessor-version":[{"id":586,"href":"https:\/\/semmelweis.hu\/egynapossebeszet\/wp-json\/wp\/v2\/pages\/33\/revisions\/586"}],"wp:attachment":[{"href":"https:\/\/semmelweis.hu\/egynapossebeszet\/wp-json\/wp\/v2\/media?parent=33"}],"wp:term":[{"taxonomy":"category","embeddable":true,"href":"https:\/\/semmelweis.hu\/egynapossebeszet\/wp-json\/wp\/v2\/categories?post=33"},{"taxonomy":"post_tag","embeddable":true,"href":"https:\/\/semmelweis.hu\/egynapossebeszet\/wp-json\/wp\/v2\/tags?post=33"}],"curies":[{"name":"wp","href":"https:\/\/api.w.org\/{rel}","templated":true}]}}