{"id":30,"date":"2021-10-05T13:41:14","date_gmt":"2021-10-05T11:41:14","guid":{"rendered":"https:\/\/semmelweis.hu\/egynapossebeszet\/?page_id=30"},"modified":"2024-02-01T07:51:45","modified_gmt":"2024-02-01T06:51:45","slug":"elerhetosegek","status":"publish","type":"page","link":"https:\/\/semmelweis.hu\/egynapossebeszet\/elerhetosegek\/","title":{"rendered":"El\u00e9rhet\u0151s\u00e9gek"},"content":{"rendered":"<p><strong>Multidiszciplin\u00e1ris Egynapos Seb\u00e9szeti Klinika \u00e9s Szakambulancia<\/strong><strong>\u00a0<\/strong><\/p>\n<p><strong>C\u00cdM:<\/strong>\u00a01085 Budapest, Gyulai P\u00e1l u. 2.\u00a0<br \/>\n<strong>POSTAC\u00cdM:<\/strong> 1085 Budapest, \u00dcll\u0151i \u00fat 26. ; 1428 Budapest, Pf. 2.<\/p>\n\n<!-- iframe plugin v.4.9 wordpress.org\/plugins\/iframe\/ -->\n<iframe src=\"https:\/\/www.google.com\/maps\/embed?pb=!1m18!1m12!1m3!1d2695.7103690059125!2d19.065301515626697!3d47.495555379177425!2m3!1f0!2f0!3f0!3m2!1i1024!2i768!4f13.1!3m3!1m2!1s0x4741dc5d77cb86fb%3A0xa9b3232d2b15dfa9!2sBudapest%2C%20Gyulai%20P%C3%A1l%20u.%202%2C%201085!5e0!3m2!1shu!2shu!4v1633434001222!5m2!1shu!2shu\" width=\"100%\" height=\"450\" style=\"border:0;\" allowfullscreen loading=\"lazy\" scrolling=\"yes\" class=\"iframe-class\" frameborder=\"0\"><\/iframe>\n\n","protected":false},"excerpt":{"rendered":"<p>Multidiszciplin\u00e1ris Egynapos Seb\u00e9szeti Klinika \u00e9s Szakambulancia\u00a0<br \/>\nC\u00cdM:\u00a01085 Budapest, Gyulai P\u00e1l u. 2.\u00a0<br \/>\nPOSTAC\u00cdM: 1085 Budapest, \u00dcll\u0151i \u00fat 26. ; 1428 Budapest, Pf. 2.<\/p>\n","protected":false},"author":12,"featured_media":0,"parent":0,"menu_order":8,"comment_status":"closed","ping_status":"closed","template":"","meta":{"_acf_changed":false,"footnotes":""},"categories":[],"tags":[],"class_list":["post-30","page","type-page","status-publish","hentry"],"acf":[],"_links":{"self":[{"href":"https:\/\/semmelweis.hu\/egynapossebeszet\/wp-json\/wp\/v2\/pages\/30","targetHints":{"allow":["GET"]}}],"collection":[{"href":"https:\/\/semmelweis.hu\/egynapossebeszet\/wp-json\/wp\/v2\/pages"}],"about":[{"href":"https:\/\/semmelweis.hu\/egynapossebeszet\/wp-json\/wp\/v2\/types\/page"}],"author":[{"embeddable":true,"href":"https:\/\/semmelweis.hu\/egynapossebeszet\/wp-json\/wp\/v2\/users\/12"}],"replies":[{"embeddable":true,"href":"https:\/\/semmelweis.hu\/egynapossebeszet\/wp-json\/wp\/v2\/comments?post=30"}],"version-history":[{"count":4,"href":"https:\/\/semmelweis.hu\/egynapossebeszet\/wp-json\/wp\/v2\/pages\/30\/revisions"}],"predecessor-version":[{"id":202,"href":"https:\/\/semmelweis.hu\/egynapossebeszet\/wp-json\/wp\/v2\/pages\/30\/revisions\/202"}],"wp:attachment":[{"href":"https:\/\/semmelweis.hu\/egynapossebeszet\/wp-json\/wp\/v2\/media?parent=30"}],"wp:term":[{"taxonomy":"category","embeddable":true,"href":"https:\/\/semmelweis.hu\/egynapossebeszet\/wp-json\/wp\/v2\/categories?post=30"},{"taxonomy":"post_tag","embeddable":true,"href":"https:\/\/semmelweis.hu\/egynapossebeszet\/wp-json\/wp\/v2\/tags?post=30"}],"curies":[{"name":"wp","href":"https:\/\/api.w.org\/{rel}","templated":true}]}}