{"id":274,"date":"2023-06-21T20:14:17","date_gmt":"2023-06-21T18:14:17","guid":{"rendered":"https:\/\/semmelweis.hu\/egynapossebeszet\/?page_id=274"},"modified":"2023-07-13T18:33:29","modified_gmt":"2023-07-13T16:33:29","slug":"adatvedelem","status":"publish","type":"page","link":"https:\/\/semmelweis.hu\/egynapossebeszet\/klinikankrol\/adatvedelem\/","title":{"rendered":"Adatv\u00e9delem"},"content":{"rendered":"<p>A Semmelweis Egyetemen a szem\u00e9lyes \u00e9s k\u00fcl\u00f6nleges adatok kezel\u00e9se \u00e9s v\u00e9delme a jogszab\u00e1lyoknak megfelel\u0151en, biztons\u00e1gosan t\u00f6rt\u00e9nik. Ezt a\u00a0<strong><a href=\"https:\/\/semmelweis.hu\/gyermekklinika2\/files\/2021\/07\/Adatvedelmi_Szabalyzat_hatalyos_20210708tol.pdf\" target=\"_blank\" rel=\"noopener\">Semmelweis Egyetem Adatv\u00e9delmi Szab\u00e1lyzata<\/a><\/strong>\u00a0foglalja \u00f6ssze.<\/p>\n<p>Az egyetemi adatv\u00e9delmi felel\u0151s alapvet\u0151 feladata, hogy az Adatv\u00e9delmi Szab\u00e1lyzatban r\u00f6gz\u00edtett feladatait teljes\u00edtve gondoskodjon az egyetem adatv\u00e9delmi \u00e9s az ezzel \u00f6sszef\u00fcgg\u0151 adatbiztons\u00e1gi szempontokat kiel\u00e9g\u00edt\u0151 m\u0171k\u00f6d\u00e9s\u00e9r\u0151l.<\/p>\n<p>Adatkezel\u00e9si t\u00e1j\u00e9koztat\u00f3 az adatkezel\u00e9ssel \u00e9rintett szem\u00e9lyek r\u00e9sz\u00e9re:<\/p>\n<p><a href=\"https:\/\/semmelweis.hu\/egynapossebeszet\/files\/2023\/07\/Adatkezelesi-tajekoztato.pdf\">Adatkezel\u00e9si t\u00e1j\u00e9koztat\u00f3<\/a><\/p>\n<p><a href=\"https:\/\/semmelweis.hu\/egynapossebeszet\/files\/2023\/06\/Adatkezelesi-nyilvantartas-Munkaugy_-MESK.xlsx\">Adatkezel\u00e9si-nyilv\u00e1ntart\u00e1s Munka\u00fcgy_ MESK<\/a><\/p>\n<p><a href=\"https:\/\/semmelweis.hu\/egynapossebeszet\/files\/2023\/06\/Adatkezeles-Fekvobeteg-ellatas-Jarobeteg-ellatas-Titkarsag-MESK.xlsx\">Adatkezel\u00e9s Fekv\u0151beteg ell\u00e1t\u00e1s, J\u00e1r\u00f3beteg ell\u00e1t\u00e1s, Titk\u00e1rs\u00e1g MESK<\/a><\/p>\n","protected":false},"excerpt":{"rendered":"<p>A Semmelweis Egyetemen a szem\u00e9lyes \u00e9s k\u00fcl\u00f6nleges adatok kezel\u00e9se \u00e9s v\u00e9delme a jogszab\u00e1lyoknak megfelel\u0151en, biztons\u00e1gosan t\u00f6rt\u00e9nik. Ezt a\u00a0 <a href=\"https:\/\/semmelweis.hu\/gyermekklinika2\/files\/2021\/07\/Adatvedelmi_Szabalyzat_hatalyos_20210708tol.pdf\" target=\"_blank\" rel=\"noopener\">Semmelweis Egyetem Adatv\u00e9delmi Szab\u00e1lyzata<\/a> \u00a0foglalja \u00f6ssze. Az egyetemi adatv\u00e9delmi felel\u0151s alapvet\u0151 feladata, hogy az Adatv\u00e9delmi Szab\u00e1lyzatban r\u00f6gz\u00edtett feladatait teljes\u00edtve gondoskodjon az egyetem adatv\u00e9delmi \u00e9s az ezzel \u00f6sszef\u00fcgg\u0151 adatbiztons\u00e1gi szempontokat kiel\u00e9g\u00edt\u0151 m\u0171k\u00f6d\u00e9s\u00e9r\u0151l. Adatkezel\u00e9si t\u00e1j\u00e9koztat\u00f3 az adatkezel\u00e9ssel \u00e9rintett szem\u00e9lyek r\u00e9sz\u00e9re: <a href=\"https:\/\/semmelweis.hu\/egynapossebeszet\/files\/2023\/07\/Adatkezelesi-tajekoztato.pdf\">Adatkezel\u00e9si t\u00e1j\u00e9koztat\u00f3<\/a> <a href=\"https:\/\/semmelweis.hu\/egynapossebeszet\/files\/2023\/06\/Adatkezelesi-nyilvantartas-Munkaugy_-MESK.xlsx\">Adatkezel\u00e9si-nyilv\u00e1ntart\u00e1s Munka\u00fcgy_ MESK<\/a> &hellip;<\/p>\n","protected":false},"author":101950,"featured_media":0,"parent":4,"menu_order":0,"comment_status":"closed","ping_status":"closed","template":"","meta":{"_acf_changed":false,"footnotes":""},"categories":[],"tags":[],"class_list":["post-274","page","type-page","status-publish","hentry"],"acf":[],"_links":{"self":[{"href":"https:\/\/semmelweis.hu\/egynapossebeszet\/wp-json\/wp\/v2\/pages\/274","targetHints":{"allow":["GET"]}}],"collection":[{"href":"https:\/\/semmelweis.hu\/egynapossebeszet\/wp-json\/wp\/v2\/pages"}],"about":[{"href":"https:\/\/semmelweis.hu\/egynapossebeszet\/wp-json\/wp\/v2\/types\/page"}],"author":[{"embeddable":true,"href":"https:\/\/semmelweis.hu\/egynapossebeszet\/wp-json\/wp\/v2\/users\/101950"}],"replies":[{"embeddable":true,"href":"https:\/\/semmelweis.hu\/egynapossebeszet\/wp-json\/wp\/v2\/comments?post=274"}],"version-history":[{"count":5,"href":"https:\/\/semmelweis.hu\/egynapossebeszet\/wp-json\/wp\/v2\/pages\/274\/revisions"}],"predecessor-version":[{"id":285,"href":"https:\/\/semmelweis.hu\/egynapossebeszet\/wp-json\/wp\/v2\/pages\/274\/revisions\/285"}],"up":[{"embeddable":true,"href":"https:\/\/semmelweis.hu\/egynapossebeszet\/wp-json\/wp\/v2\/pages\/4"}],"wp:attachment":[{"href":"https:\/\/semmelweis.hu\/egynapossebeszet\/wp-json\/wp\/v2\/media?parent=274"}],"wp:term":[{"taxonomy":"category","embeddable":true,"href":"https:\/\/semmelweis.hu\/egynapossebeszet\/wp-json\/wp\/v2\/categories?post=274"},{"taxonomy":"post_tag","embeddable":true,"href":"https:\/\/semmelweis.hu\/egynapossebeszet\/wp-json\/wp\/v2\/tags?post=274"}],"curies":[{"name":"wp","href":"https:\/\/api.w.org\/{rel}","templated":true}]}}