{"id":158,"date":"2022-02-09T19:17:27","date_gmt":"2022-02-09T18:17:27","guid":{"rendered":"https:\/\/semmelweis.hu\/egynapossebeszet\/?page_id=158"},"modified":"2025-01-22T09:50:44","modified_gmt":"2025-01-22T08:50:44","slug":"ful-orr-gegeszet","status":"publish","type":"page","link":"https:\/\/semmelweis.hu\/egynapossebeszet\/szakrendelesek\/ful-orr-gegeszet\/","title":{"rendered":"F\u00fcl-Orr-G\u00e9g\u00e9szet"},"content":{"rendered":"<h2 style=\"text-align: center\">Szent R\u00f3kus Klinikai T\u00f6mb Rendel\u0151int\u00e9zet<br \/>\n1085 Budapest, Gyulai P\u00e1l utca 2<\/h2>\n<h1>F\u00fcl-orr-g\u00e9g\u00e9szet:<\/h1>\n<div class=\"keretes w-100\">\n<p><strong><span style=\"font-size: 14pt\">Id\u0151pontk\u00e9r\u00e9s:<\/span><\/strong><br \/>\nH\u00e9tk\u00f6znap 8:00-16:00\u00a0<br \/>\n<strong><span style=\"font-size: 14pt\">Telefonsz\u00e1m:<\/span><\/strong> 06-30-016-4186<br \/>\n\u00a0 \u00a0 \u00a0 \u00a0 \u00a0 \u00a0 \u00a0 \u00a0 \u00a0 \u00a0 \u00a0 06-30-566-2520<br \/>\n\u00a0 \u00a0 \u00a0 \u00a0 \u00a0 \u00a0 \u00a0 \u00a0 \u00a0 \u00a0 \u00a0 06-20-663-2235<\/p>\n<\/div>\n<h4>\u00a0<\/h4>\n<p><strong><span style=\"font-size: 18pt\">Dr. T\u00f3th Eszter<\/span><\/strong><\/p>\n<p><strong>Rendel\u00e9si id\u0151:<br \/>\n<\/strong><span style=\"font-family: inherit;font-size: inherit\">H\u00e9tf\u0151: 8:00-12:00<\/span><\/p>\n<p>&nbsp;<\/p>\n<p>Az egynapos f\u00fcl-orr-g\u00e9g\u00e9szeti m\u0171t\u00e9tek keret\u00e9ben a legt\u00f6bb kis-k\u00f6zepes nagys\u00e1g\u00fa f\u00fcl-orr-g\u00e9g\u00e9szeti beavatkoz\u00e1s elv\u00e9gezhet\u0151. Az al\u00e1bbi betegs\u00e9gek, mint a kr\u00f3nikus orrdugul\u00e1s, orrs\u00f6v\u00e9ny \u00a0ferd\u00fcl\u00e9s, orrcsepp-f\u00fcgg\u0151s\u00e9g, kr\u00f3nikus orrmell\u00e9k\u00fcreg gyullad\u00e1s, orrpolyposis bizonyos form\u00e1i, sz\u00e1j\u00fcregi elv\u00e1ltoz\u00e1sok, mint kisebb fibrom\u00e1k, papillom\u00e1k, cyst\u00e1k \u00e9s a horkol\u00e1s, alv\u00e1si apnoe m\u0171t\u00e9ti ell\u00e1t\u00e1s\u00e1t v\u00e9gezz\u00fck a legkorszer\u0171bb m\u00f3dszerekkel \u00e9s technik\u00e1val. M\u0171t\u00e9teinket altat\u00e1sban v\u00e9gezz\u00fck, \u00e1ltal\u00e1ban 12-24 \u00f3r\u00e1s benn tart\u00f3zkod\u00e1st ig\u00e9nyelnek.<\/p>\n<p>Az orrs\u00f6v\u00e9nym\u0171t\u00e9t sor\u00e1n korszer\u0171, biol\u00f3giailag leboml\u00f3 tampont alkalmazunk, mellyel a beteg k\u00fcl\u00f6n\u00f6sebb kellemetlens\u00e9g \u00e9s f\u00e1jdalom n\u00e9lk\u00fcl tudja \u00e1tv\u00e9szelni a beavatkoz\u00e1s ut\u00e1ni n\u00e9h\u00e1ny napot.<\/p>\n<p>Speci\u00e1lis ell\u00e1t\u00e1st ny\u00fajtunk a horkol\u00e1sos betegeinknek, oszt\u00e1lyunkon az \u00fan. alv\u00e1s alatti endoszk\u00f3pi\u00e1s vizsg\u00e1lat seg\u00edts\u00e9g\u00e9vel a horkol\u00e1st alv\u00e1s k\u00f6zben vizsg\u00e1ljuk, \u00e9s egy teljesen pontos k\u00e9pet kapunk arr\u00f3l, hogy a fels\u0151 l\u00e9g\u00faton a garatban, torokban hol milyen m\u00e9rt\u00e9k\u0171 elz\u00e1r\u00f3d\u00e1s, illetve rezon\u00e1ci\u00f3 j\u00f6n l\u00e9tre. Ennek f\u00fcggv\u00e9ny\u00e9ben a tov\u00e1bbi m\u0171t\u00e9ti ell\u00e1t\u00e1s speci\u00e1lisan, egy\u00e9nre szabva megtervezhet\u0151.<\/p>\n<p>M\u0171t\u00e9teink: orrs\u00f6v\u00e9ny plasztika, orrkagyl\u00f3 m\u0171t\u00e9tek, orrmell\u00e9k\u00fcregi endoszk\u00f3pos m\u0171t\u00e9tek, garat-sz\u00e1j\u00fcregi m\u0171t\u00e9tek, j\u00f3indulat\u00fa fej-nyaki elv\u00e1ltoz\u00e1sok elt\u00e1vol\u00edt\u00e1sa,horkol\u00e1sg\u00e1tl\u00f3 m\u0171t\u00e9tek.<\/p>\n<p>M\u0171t\u00e9teinkre el\u0151zetes konzult\u00e1ci\u00f3 ut\u00e1n, a f\u00fcl-orr-g\u00e9ge szakrendel\u00e9sen el\u0151jegyz\u00e9s alapj\u00e1n tudnak jelentkezni dr. T\u00f3th Esztern\u00e9l.<\/p>\n","protected":false},"excerpt":{"rendered":"<p>Szent R\u00f3kus Klinikai T\u00f6mb Rendel\u0151int\u00e9zet 1085 Budapest, Gyulai P\u00e1l utca 2 F\u00fcl-orr-g\u00e9g\u00e9szet: Id\u0151pontk\u00e9r\u00e9s: H\u00e9tk\u00f6znap 8:00-16:00\u00a0 Telefonsz\u00e1m: 06-30-016-4186 \u00a0 \u00a0 \u00a0 \u00a0 \u00a0 \u00a0 \u00a0 \u00a0 \u00a0 \u00a0 \u00a0 06-30-566-2520 \u00a0 \u00a0 \u00a0 \u00a0 \u00a0 \u00a0 \u00a0 \u00a0 \u00a0 \u00a0 \u00a0 06-20-663-2235 \u00a0 Dr. T\u00f3th Eszter Rendel\u00e9si id\u0151: H\u00e9tf\u0151: 8:00-12:00 &nbsp; Az egynapos f\u00fcl-orr-g\u00e9g\u00e9szeti m\u0171t\u00e9tek keret\u00e9ben &hellip;<\/p>\n","protected":false},"author":101950,"featured_media":0,"parent":11,"menu_order":1,"comment_status":"closed","ping_status":"closed","template":"","meta":{"_acf_changed":false,"footnotes":""},"categories":[],"tags":[],"class_list":["post-158","page","type-page","status-publish","hentry"],"acf":[],"_links":{"self":[{"href":"https:\/\/semmelweis.hu\/egynapossebeszet\/wp-json\/wp\/v2\/pages\/158","targetHints":{"allow":["GET"]}}],"collection":[{"href":"https:\/\/semmelweis.hu\/egynapossebeszet\/wp-json\/wp\/v2\/pages"}],"about":[{"href":"https:\/\/semmelweis.hu\/egynapossebeszet\/wp-json\/wp\/v2\/types\/page"}],"author":[{"embeddable":true,"href":"https:\/\/semmelweis.hu\/egynapossebeszet\/wp-json\/wp\/v2\/users\/101950"}],"replies":[{"embeddable":true,"href":"https:\/\/semmelweis.hu\/egynapossebeszet\/wp-json\/wp\/v2\/comments?post=158"}],"version-history":[{"count":7,"href":"https:\/\/semmelweis.hu\/egynapossebeszet\/wp-json\/wp\/v2\/pages\/158\/revisions"}],"predecessor-version":[{"id":496,"href":"https:\/\/semmelweis.hu\/egynapossebeszet\/wp-json\/wp\/v2\/pages\/158\/revisions\/496"}],"up":[{"embeddable":true,"href":"https:\/\/semmelweis.hu\/egynapossebeszet\/wp-json\/wp\/v2\/pages\/11"}],"wp:attachment":[{"href":"https:\/\/semmelweis.hu\/egynapossebeszet\/wp-json\/wp\/v2\/media?parent=158"}],"wp:term":[{"taxonomy":"category","embeddable":true,"href":"https:\/\/semmelweis.hu\/egynapossebeszet\/wp-json\/wp\/v2\/categories?post=158"},{"taxonomy":"post_tag","embeddable":true,"href":"https:\/\/semmelweis.hu\/egynapossebeszet\/wp-json\/wp\/v2\/tags?post=158"}],"curies":[{"name":"wp","href":"https:\/\/api.w.org\/{rel}","templated":true}]}}