{"id":929,"date":"2025-02-19T12:41:57","date_gmt":"2025-02-19T11:41:57","guid":{"rendered":"https:\/\/semmelweis.hu\/egeszsegfejlesztes\/?page_id=929"},"modified":"2026-03-02T14:42:30","modified_gmt":"2026-03-02T13:42:30","slug":"dolgozoi-mentalis-egeszsegtanacsado","status":"publish","type":"page","link":"https:\/\/semmelweis.hu\/egeszsegfejlesztes\/szolgaltatasok-semmelweis-polgaroknak\/dolgozoi-mentalis-egeszsegtanacsado\/","title":{"rendered":"Dolgoz\u00f3i Ment\u00e1lis Eg\u00e9szs\u00e9gtan\u00e1csad\u00f3"},"content":{"rendered":"<p style=\"text-align: center\"><strong>A Dolgoz\u00f3i Ment\u00e1lis Eg\u00e9szs\u00e9gtan\u00e1csad\u00f3 c\u00e9lja az, hogy lehet\u0151s\u00e9get biztos\u00edtson az egyetem dolgoz\u00f3i sz\u00e1m\u00e1ra arra, hogy pszichol\u00f3giai tan\u00e1csad\u00e1st vehessenek ig\u00e9nybe.<\/strong><\/p>\n<p><span style=\"color: #ffffff\"><b><a href=\"https:\/\/semmelweis.hu\/egeszsegfejlesztes\/files\/2024\/12\/12-1.jpg\"><img loading=\"lazy\" decoding=\"async\" class=\"wp-image-52336 size-large alignnone\" src=\"https:\/\/semmelweis.hu\/egeszsegfejlesztes\/files\/2024\/12\/12-1-1024x748.jpg\" alt=\"\" width=\"753\" height=\"550\" srcset=\"https:\/\/semmelweis.hu\/egeszsegfejlesztes\/files\/2024\/12\/12-1-1024x748.jpg 1024w, https:\/\/semmelweis.hu\/egeszsegfejlesztes\/files\/2024\/12\/12-1-400x292.jpg 400w, https:\/\/semmelweis.hu\/egeszsegfejlesztes\/files\/2024\/12\/12-1-768x561.jpg 768w, https:\/\/semmelweis.hu\/egeszsegfejlesztes\/files\/2024\/12\/12-1-753x550.jpg 753w, https:\/\/semmelweis.hu\/egeszsegfejlesztes\/files\/2024\/12\/12-1.jpg 1300w\" sizes=\"auto, (max-width: 753px) 100vw, 753px\" \/><\/a><br \/>\n<\/b><\/span><\/p>\n<p><strong>Minden olyan lelki eredet\u0171 probl\u00e9m\u00e1val fordulhatnak a Tan\u00e1csad\u00f3hoz, amely a munka v\u00e9gz\u00e9s\u00e9vel kapcsolatos, vagy akad\u00e1lyozza azt valamilyen m\u00f3don.<\/strong><\/p>\n<p>Ilyen probl\u00e9ma lehet t\u00f6bbek k\u00f6z\u00f6tt:<\/p>\n<ul>\n<li style=\"text-align: left\">stressz \u00e9s szorong\u00e1s kezel\u00e9s\u00e9nek neh\u00e9zs\u00e9ge<\/li>\n<li style=\"text-align: left\">kapcsolati \u00e9s\/vagy p\u00e1rkapcsolati probl\u00e9m\u00e1k<\/li>\n<li style=\"text-align: left\">id\u0151gazd\u00e1lkod\u00e1si k\u00e9rd\u00e9sek<\/li>\n<li style=\"text-align: left\">csal\u00e1dtagokkal kapcsolatos neh\u00e9zs\u00e9gek<\/li>\n<li style=\"text-align: left\">k\u00fcl\u00f6nb\u00f6z\u0151 vesztes\u00e9gekb\u0151l<\/li>\n<li style=\"text-align: left\">saj\u00e1t\/sz\u00fcl\u0151k\/gyermekek\/partnerek betegs\u00e9g\u00e9b\u0151l ad\u00f3d\u00f3 probl\u00e9m\u00e1k<\/li>\n<li style=\"text-align: left\">szakmai identit\u00e1s keres\u00e9se<\/li>\n<li style=\"text-align: left\">elbizonytalanod\u00e1s<\/li>\n<li style=\"text-align: left\">d\u00f6nt\u00e9si neh\u00e9zs\u00e9gek<\/li>\n<\/ul>\n<div class=\"fontos_div w-100\">\n<p>Els\u0151 alkalommal r\u00e9szt vev\u0151k legyenek kedvesek v\u00e9gig olvasni az oldalon tal\u00e1lhat\u00f3 inform\u00e1ci\u00f3kat.<\/p>\n<p>Gyors bejelentkez\u00e9s\u00e9rt kattintson <strong><a href=\"https:\/\/semmelweis.hu\/egeszsegfejlesztes\/online-egeszsegszolgaltatasok\/dolgozoi-tanacsado-szolgalat\/dolgozoi-tanacsado-bejelentkezes\/\">IDE<\/a>.<\/strong><\/p>\n<\/div>\n<h2 style=\"text-align: left\"><span style=\"font-size: 18pt;color: #000080\">Milyen seg\u00edts\u00e9get ny\u00fajt a Tan\u00e1csad\u00f3?<\/span><\/h2>\n<div class=\"w-100\" style=\"text-align: left\">\n<p><strong><em>Dr. Purebl Gy\u00f6rgy<\/em><\/strong> int\u00e9zetigazgat\u00f3 \u00farral \u00e9s <strong><em>Dr. P\u00e1lfin\u00e9 Dr. Kegye Adrienne<\/em><\/strong>-el, a Dolgoz\u00f3i Tan\u00e1csad\u00f3 Szolg\u00e1lat vezet\u0151j\u00e9vel k\u00e9sz\u00fclt <strong><a href=\"https:\/\/semmelweis.hu\/egeszsegfejlesztes\/2021\/02\/05\/hatekonyan-megkuzdeni-a-kihivasokkal-mar-lehet-jelentkezni-a-dolgozoi-tanacsado-szolgalathoz\/\">kor\u00e1bbi interj\u00fankb\u00f3l<\/a><\/strong> azt is megtudhatja, hogyan seg\u00edt a Szolg\u00e1lat hat\u00e9konyan megk\u00fczdeni a kih\u00edv\u00e1sokkal.<\/p>\n<\/div>\n<h3>\u00a0<\/h3>\n<h3><strong>Egy\u00e9ni tan\u00e1csad\u00e1s<\/strong><\/h3>\n<p style=\"text-align: left\">A Tan\u00e1csad\u00f3 els\u0151sorban <strong>\u00e9letvezet\u00e9si neh\u00e9zs\u00e9gekben, stresszel, ki\u00e9g\u00e9ssel kapcsolatos k\u00e9rd\u00e9sek<\/strong>ben ny\u00fajt seg\u00edts\u00e9get. B\u00e1r szakembereink pszichi\u00e1terek, klinikai szakpszichol\u00f3gusok vagy egy\u00e9b, de pszichoterapeuta szakvizsg\u00e1val is rendelkez\u0151 szakorvosok, a tan\u00e1csad\u00e1s nem azonos a pszichi\u00e1triai ell\u00e1t\u00e1ssal.<\/p>\n<div class=\"fontos_div\">\n<p style=\"text-align: left\">A dolgoz\u00f3k adatai nem ker\u00fclnek be az eg\u00e9szs\u00e9g\u00fcgyi ell\u00e1t\u00f3 rendszer adatai k\u00f6z\u00e9, az ell\u00e1t\u00e1st nem a t\u00e1rsadalombiztos\u00edt\u00e1s, hanem az egyetem finansz\u00edrozza.<\/p>\n<\/div>\n<p style=\"text-align: left\">A tan\u00e1csad\u00e1s seg\u00edt megel\u0151zni k\u00e9s\u0151bbi komolyabb pszichol\u00f3giai t\u00fcnetek kialakul\u00e1s\u00e1t, \u00edgy <strong>prevenci\u00f3s jelleggel b\u00edr<\/strong>. Amennyiben a tan\u00e1csad\u00e1s helyett pszichi\u00e1triai vagy klinikai pszichol\u00f3giai seg\u00edts\u00e9g sz\u00fcks\u00e9ges, \u00e9s a dolgoz\u00f3 ezt ig\u00e9nyli, a Tan\u00e1csad\u00f3 munkat\u00e1rsai inform\u00e1ci\u00f3t adnak a csal\u00e1dbar\u00e1t egyetemen bel\u00fcli \u00a0\u00e9s azon k\u00edv\u00fcli el\u00e9rhet\u0151 ter\u00e1pi\u00e1s lehet\u0151s\u00e9gekr\u0151l.<\/p>\n<p style=\"text-align: left\"><a href=\"https:\/\/semmelweis.hu\/egeszsegfejlesztes\/files\/2024\/12\/Honlap-kepek_FEKVO-1.jpg\"><img loading=\"lazy\" decoding=\"async\" class=\"aligncenter wp-image-52337 size-large\" src=\"https:\/\/semmelweis.hu\/egeszsegfejlesztes\/files\/2024\/12\/Honlap-kepek_FEKVO-1-1024x748.jpg\" alt=\"\" width=\"753\" height=\"550\" srcset=\"https:\/\/semmelweis.hu\/egeszsegfejlesztes\/files\/2024\/12\/Honlap-kepek_FEKVO-1-1024x748.jpg 1024w, https:\/\/semmelweis.hu\/egeszsegfejlesztes\/files\/2024\/12\/Honlap-kepek_FEKVO-1-400x292.jpg 400w, https:\/\/semmelweis.hu\/egeszsegfejlesztes\/files\/2024\/12\/Honlap-kepek_FEKVO-1-768x561.jpg 768w, https:\/\/semmelweis.hu\/egeszsegfejlesztes\/files\/2024\/12\/Honlap-kepek_FEKVO-1-753x550.jpg 753w, https:\/\/semmelweis.hu\/egeszsegfejlesztes\/files\/2024\/12\/Honlap-kepek_FEKVO-1.jpg 1300w\" sizes=\"auto, (max-width: 753px) 100vw, 753px\" \/><\/a><\/p>\n<p>&nbsp;<\/p>\n<h3><strong>Csoportos foglalkoz\u00e1s<\/strong><\/h3>\n<p style=\"text-align: left\"><strong>Az egy\u00e9ni konzult\u00e1ci\u00f3k mellett a Tan\u00e1csad\u00f3\u00a0csoportos szolg\u00e1ltat\u00e1sokat is ny\u00fajt, p\u00e9ld\u00e1ul:<\/strong><\/p>\n<p>2026. m\u00e1rciusban indul\u00f3 csoport: M\u0171v\u00e9szetter\u00e1pi\u00e1s Csoport. Tov\u00e1bbi inform\u00e1ci\u00f3k\u00e9rt kattintson <a href=\"https:\/\/semmelweis.hu\/egeszsegfejlesztes\/szolgaltatasok-semmelweis-polgaroknak\/dolgozoi-mentalis-egeszsegtanacsado\/csoportos-foglalkozasok\/\">IDE.\u00a0<\/a><\/p>\n<p><strong><span style=\"color: #ff0000\">T\u00e1j\u00e9koztat\u00f3:<\/span> A M\u0171v\u00e9szetter\u00e1pi\u00e1s csoport betelt,\u00a0 meg\u00e9rt\u00e9s\u00fcket k\u00f6sz\u00f6nj\u00fck!<\/strong><\/p>\n<div class=\"keretes w-100\">\n<p><strong>Az aktu\u00e1lis csoportokr\u00f3l a honlapon a &#8222;<a href=\"https:\/\/semmelweis.hu\/egeszsegfejlesztes\/szolgaltatasok-semmelweis-polgaroknak\/dolgozoi-mentalis-egeszsegtanacsado\/csoportos-foglalkozasok\/\">Dolgoz\u00f3i Ment\u00e1lis Eg\u00e9szs\u00e9gtan\u00e1csad\u00f3 csoportos foglalkoz\u00e1sok<\/a>&#8221; c\u00edm alatt t\u00e1j\u00e9koz\u00f3dhat.<\/strong><\/p>\n<\/div>\n<h2 style=\"text-align: left\"><span style=\"font-size: 18pt;color: #000080\">Amivel a Dolgoz\u00f3i Ment\u00e1lis Eg\u00e9szs\u00e9gtan\u00e1csad\u00f3 nem foglalkozik<\/span><\/h2>\n<ul style=\"text-align: left\">\n<li style=\"font-weight: 400\"><span style=\"font-weight: 400\">Nem tud s\u00fcrg\u0151s seg\u00edts\u00e9get ny\u00fajtani.<\/span><\/li>\n<li style=\"font-weight: 400\"><span style=\"font-weight: 400\">Nem tud seg\u00edteni alkohollal, szerhaszn\u00e1lattal kapcsolatos probl\u00e9m\u00e1ban, vagy egy\u00e9b f\u00fcgg\u0151s\u00e9gben (pl szerencsej\u00e1t\u00e9k).<\/span><\/li>\n<li style=\"font-weight: 400\"><span style=\"font-weight: 400\">A Tan\u00e1csad\u00f3 Szolg\u00e1lat nem ny\u00fajt gy\u00f3gyszeres kezel\u00e9st.<\/span><\/li>\n<li>Abban az esetben, ha nem tan\u00e1csad\u00e1sra, hanem r\u00f6videbb vagy hosszabb pszichoter\u00e1pi\u00e1ra van sz\u00fcks\u00e9ge.<\/li>\n<\/ul>\n<p style=\"text-align: left\"><span style=\"font-weight: 400\">A fentiek eset\u00e9ben az Egyetemen a <strong><a href=\"https:\/\/semmelweis.hu\/pszichiatria\/\">Pszichi\u00e1triai \u00e9s Pszichoter\u00e1pi\u00e1s Klinika<\/a><\/strong>, az egyetemen k\u00edv\u00fcl pedig a ter\u00fcleti ell\u00e1t\u00f3k tudnak seg\u00edteni. Az al\u00e1bbi linken megtal\u00e1lja orsz\u00e1gban el\u00e9rhet\u0151, ter\u00fcletileg illet\u00e9kes <strong><a href=\"https:\/\/callforhelp.hu\/pszichiatriak\/\">pszichi\u00e1triai szakrendel\u0151ket<\/a><\/strong>.\u00a0<\/span><\/p>\n<h2 style=\"text-align: left\"><span style=\"font-size: 18pt;color: #000080\">Hogyan zajlik a szolg\u00e1ltat\u00e1s?<\/span><\/h2>\n<h5 style=\"text-align: left\"><span style=\"font-size: 14pt;color: #000000\">Els\u0151 alkalom<\/span><\/h5>\n<p style=\"text-align: left\"><span style=\"color: #000000;font-size: 14pt\"><span style=\"font-weight: 400\">A bejelentkez\u00e9st k\u00f6vet\u0151 kapcsolatfelv\u00e9tel ut\u00e1n egy szem\u00e9lyes, t\u00e1j\u00e9koz\u00f3d\u00f3 besz\u00e9lget\u00e9ssel ind\u00edtunk, melynek sor\u00e1n k\u00f6r\u00fclj\u00e1rjuk azokat a k\u00e9rd\u00e9seket, probl\u00e9m\u00e1kat, amelyekben seg\u00edts\u00e9get szeretne k\u00e9rni, majd felt\u00e9rk\u00e9pezz\u00fck a lehet\u0151s\u00e9geket. \u00a0<\/span><\/span><\/p>\n<div class=\"w-100\">\n<p style=\"text-align: left\"><span style=\"color: #000000;font-size: 14pt\"><span style=\"font-weight: 400\"><strong>Egy konzult\u00e1ci\u00f3 <\/strong>id\u0151tartama <strong>45 perc<\/strong>. <\/span><\/span><span style=\"color: #000000;font-size: 14pt\"><span style=\"font-weight: 400\">Ezt k\u00f6vet\u0151en m\u00e9g 3-4 alkalom ny\u00edlik arra, hogy\u00a0 f\u00f3kusz\u00e1ltan foglalkozzunk a felmer\u00fclt probl\u00e9m\u00e1val.<\/span><\/span><\/p>\n<\/div>\n<h5>\u00a0<\/h5>\n<h5 style=\"text-align: left\"><span style=\"font-size: 14pt;color: #000000\">Tov\u00e1bbi lehet\u0151s\u00e9gek<\/span><\/h5>\n<p><span style=\"font-size: 14pt\"><span style=\"font-weight: 400\">Amennyiben a probl\u00e9ma hosszabb \u00e9s m\u00e9lyebb beavatkoz\u00e1st ig\u00e9nyl\u0151, akkor javaslatot tesz\u00fcnk a tov\u00e1bbiakkal kapcsolatban, \u00e9s igyeksz\u00fcnk seg\u00edts\u00e9get ny\u00fajtani a megfelel\u0151 int\u00e9zm\u00e9ny vagy szakember megtal\u00e1l\u00e1s\u00e1ban is (ambul\u00e1ns betegell\u00e1t\u00e1s, vagy sz\u00fcks\u00e9g eset\u00e9n ak\u00e1r k\u00f3rh\u00e1zi kezel\u00e9s el\u00e9r\u00e9s\u00e9hez is seg\u00edts\u00e9get ny\u00fajtunk)<\/span><\/span><\/p>\n<div class=\"keretes w-100\">\n<p>A kapcsolatfelv\u00e9tel \u00e9s a tan\u00e1csad\u00e1s\u00a0 <strong>online<\/strong> t\u00f6rt\u00e9nik. <br \/>\n<em>Ig\u00e9ny eset\u00e9n szem\u00e9lyes konzult\u00e1ci\u00f3ra is van korl\u00e1tozottan lehet\u0151s\u00e9g, amennyiben ezt szeretn\u00e9 ig\u00e9nybe venni, k\u00e9rj\u00fck el\u0151re jelezze emailben (dolgozoi.tanacsado@semmelweis.hu)<\/em><\/p>\n<\/div>\n<h2><span style=\"color: #000080;font-size: 18pt\">Hogyan vehetem ig\u00e9nybe a Tan\u00e1csad\u00f3t?<\/span><\/h2>\n<p style=\"text-align: left\"><a href=\"https:\/\/semmelweis.hu\/egeszsegfejlesztes\/files\/2025\/09\/Egyeni-tanacsadasok-ORAREND.png\"><img loading=\"lazy\" decoding=\"async\" class=\"aligncenter wp-image-53188 size-large\" src=\"https:\/\/semmelweis.hu\/egeszsegfejlesztes\/files\/2025\/09\/Egyeni-tanacsadasok-ORAREND-1024x748.png\" alt=\"\" width=\"753\" height=\"550\" srcset=\"https:\/\/semmelweis.hu\/egeszsegfejlesztes\/files\/2025\/09\/Egyeni-tanacsadasok-ORAREND-1024x748.png 1024w, https:\/\/semmelweis.hu\/egeszsegfejlesztes\/files\/2025\/09\/Egyeni-tanacsadasok-ORAREND-400x292.png 400w, https:\/\/semmelweis.hu\/egeszsegfejlesztes\/files\/2025\/09\/Egyeni-tanacsadasok-ORAREND-768x561.png 768w, https:\/\/semmelweis.hu\/egeszsegfejlesztes\/files\/2025\/09\/Egyeni-tanacsadasok-ORAREND-753x550.png 753w, https:\/\/semmelweis.hu\/egeszsegfejlesztes\/files\/2025\/09\/Egyeni-tanacsadasok-ORAREND.png 1300w\" sizes=\"auto, (max-width: 753px) 100vw, 753px\" \/><\/a><\/p>\n<p style=\"text-align: center\"><b style=\"text-align: justify;font-size: 1rem\"><a class=\"button-big\" href=\"https:\/\/semmelweis.hu\/egeszsegfejlesztes\/online-egeszsegszolgaltatasok\/dolgozoi-tanacsado-szolgalat\/dolgozoi-tanacsado-bejelentkezes\/\">BEJELENTKEZ\u00c9S<\/a><\/b><\/p>\n<ol style=\"text-align: left\">\n<li><span style=\"color: #000000\"><strong>Bejelentkez\u00e9s<\/strong>.<br \/>\nAz id\u0151pontok legfeljebb 5 nappal kor\u00e1bban foglalhat\u00f3ak le. A jelentkez\u00e9st \u00e9s id\u0151pontfoglal\u00e1st k\u00f6vet\u0151en e-mailben visszaigazol\u00e1st kap.<br \/>\n<\/span><\/li>\n<li><span style=\"color: #000000\"><b>Az els\u0151 tan\u00e1csad\u00e1s el\u0151tt <\/b>k\u00e9rj\u00fck, t\u00f6ltse ki a <a class=\"btn\" href=\"https:\/\/semmelweis.hu\/egeszsegfejlesztes\/letoltendo-dokumentumok-dolgozoi-tanacsadasra\/\">LET\u00d6LTEND\u0150 DOKUMENTUMOK<\/a> men\u00fcpont alatt tal\u00e1lhat\u00f3<\/span><br \/>\n<span style=\"color: #000000\"><strong> \u201eA nyilatkozat online dolgoz\u00f3i tan\u00e1csad\u00e1shoz\u201d<\/strong> dokumentumot.<\/span><\/li>\n<li><span style=\"color: #000000\">Ezt digit\u00e1lis form\u00e1ban(word\/excel\/pdf), prec\u00edzen kit\u00f6ltve k\u00fcldje meg a jelentkez\u00e9s\u00e9re \u00e9rkez\u0151 visszaigazol\u00e1st k\u00f6vet\u0151en,\u00a0<strong>v\u00e1lasz emailben<\/strong>\u00a0legk\u00e9s\u0151bb a tan\u00e1csad\u00e1s el\u0151tti napon.<\/span><\/li>\n<\/ol>\n<div class=\"fontos_div\">\n<p>A tan\u00e1csad\u00e1si esem\u00e9nyek nem ker\u00fclnek be az eg\u00e9szs\u00e9g\u00fcgyi dokument\u00e1ci\u00f3ba, \u00e9s titkosak, az egyetemen bel\u00fcl sem ker\u00fclnek ki a Tan\u00e1csad\u00f3b\u00f3l.<\/p>\n<\/div>\n<p>&nbsp;<\/p>\n<p><span style=\"color: #003366\"><strong><span style=\"font-size: 18pt\">Tov\u00e1bbi lehet\u0151s\u00e9gek:<\/span><\/strong><\/span><\/p>\n<p>A Semmelweis Egyetemen el\u00e9rhet\u0151 tov\u00e1bbi \u00e9letm\u00f3d- \u00e9s eg\u00e9szs\u00e9g szolg\u00e1ltat\u00e1sok megismer\u00e9s\u00e9hez, illetve m\u00e1s, Semmelweis polg\u00e1roknak sz\u00f3l\u00f3 programokhoz, kedvezm\u00e9nyekhez \u00e9s jogosults\u00e1gokhoz kattintson a\u00a0<strong><a href=\"https:\/\/semmelweis.hu\/csaladbarat\/\">Csal\u00e1dbar\u00e1t Egyetem Program<\/a><\/strong>\u00a0honlapj\u00e1ra.<\/p>\n<h2 style=\"text-align: left\"><span style=\"font-size: 18pt;color: #003366\">Kapcsolatok:<\/span><\/h2>\n<h6 style=\"text-align: left\"><a href=\"https:\/\/semmelweis.hu\/egeszsegfejlesztes\/files\/2024\/11\/1-2.jpg\"><img loading=\"lazy\" decoding=\"async\" class=\"piktogram alignnone wp-image-52076\" src=\"https:\/\/semmelweis.hu\/egeszsegfejlesztes\/files\/2024\/11\/1-2-400x400.jpg\" alt=\"\" width=\"32\" height=\"32\" srcset=\"https:\/\/semmelweis.hu\/egeszsegfejlesztes\/files\/2024\/11\/1-2-400x400.jpg 400w, https:\/\/semmelweis.hu\/egeszsegfejlesztes\/files\/2024\/11\/1-2-150x150.jpg 150w, https:\/\/semmelweis.hu\/egeszsegfejlesztes\/files\/2024\/11\/1-2.jpg 500w\" sizes=\"auto, (max-width: 32px) 100vw, 32px\" \/><\/a>dolgozoi.tanacsado@semmelweis.hu<\/h6>\n<p>Munkak\u00f6z\u00f6ss\u00e9gek jelentkez\u00e9s\u00e9t is sz\u00edvesen v\u00e1rjuk ezen az emailc\u00edmen.<\/p>\n<p>&nbsp;<\/p>\n<p><em>A program a Semmelweis Egyetem EUniWell projektj\u00e9nek keret\u00e9ben, a Nemzeti Kutat\u00e1si, Fejleszt\u00e9si \u00e9s Innov\u00e1ci\u00f3s Hivatal t\u00e1mogat\u00e1s\u00e1val val\u00f3sul meg.<\/em><\/p>\n<table style=\"height: 317px;width: 100%;border-collapse: collapse;border-style: hidden\">\n<tbody>\n<tr style=\"height: 317px\">\n<td style=\"width: 50%;height: 317px\"><a href=\"https:\/\/semmelweis.hu\/egeszsegfejlesztes\/files\/2026\/03\/euniwell-brand-RGB.jpg\"><img loading=\"lazy\" decoding=\"async\" class=\"aligncenter  wp-image-53657\" src=\"https:\/\/semmelweis.hu\/egeszsegfejlesztes\/files\/2026\/03\/euniwell-brand-RGB-1024x851.jpg\" alt=\"\" width=\"429\" height=\"357\" srcset=\"https:\/\/semmelweis.hu\/egeszsegfejlesztes\/files\/2026\/03\/euniwell-brand-RGB-1024x851.jpg 1024w, https:\/\/semmelweis.hu\/egeszsegfejlesztes\/files\/2026\/03\/euniwell-brand-RGB-400x333.jpg 400w, https:\/\/semmelweis.hu\/egeszsegfejlesztes\/files\/2026\/03\/euniwell-brand-RGB-768x639.jpg 768w, https:\/\/semmelweis.hu\/egeszsegfejlesztes\/files\/2026\/03\/euniwell-brand-RGB-1536x1277.jpg 1536w, https:\/\/semmelweis.hu\/egeszsegfejlesztes\/files\/2026\/03\/euniwell-brand-RGB-2048x1703.jpg 2048w, https:\/\/semmelweis.hu\/egeszsegfejlesztes\/files\/2026\/03\/euniwell-brand-RGB-753x626.jpg 753w\" sizes=\"auto, (max-width: 429px) 100vw, 429px\" \/><\/a><\/td>\n<td style=\"width: 50%;height: 317px\"><a href=\"https:\/\/semmelweis.hu\/egeszsegfejlesztes\/files\/2026\/03\/NKFIH.jpg\"><img loading=\"lazy\" decoding=\"async\" class=\"aligncenter  wp-image-53656\" src=\"https:\/\/semmelweis.hu\/egeszsegfejlesztes\/files\/2026\/03\/NKFIH-1024x564.jpg\" alt=\"\" width=\"599\" height=\"330\" srcset=\"https:\/\/semmelweis.hu\/egeszsegfejlesztes\/files\/2026\/03\/NKFIH-1024x564.jpg 1024w, https:\/\/semmelweis.hu\/egeszsegfejlesztes\/files\/2026\/03\/NKFIH-400x220.jpg 400w, https:\/\/semmelweis.hu\/egeszsegfejlesztes\/files\/2026\/03\/NKFIH-768x423.jpg 768w, https:\/\/semmelweis.hu\/egeszsegfejlesztes\/files\/2026\/03\/NKFIH-1536x845.jpg 1536w, https:\/\/semmelweis.hu\/egeszsegfejlesztes\/files\/2026\/03\/NKFIH-2048x1127.jpg 2048w, https:\/\/semmelweis.hu\/egeszsegfejlesztes\/files\/2026\/03\/NKFIH-753x414.jpg 753w\" sizes=\"auto, (max-width: 599px) 100vw, 599px\" \/><\/a><\/td>\n<\/tr>\n<\/tbody>\n<\/table>\n<p>&nbsp;<\/p>\n<p>&nbsp;<\/p>\n<p><span style=\"font-size: 12pt\"><em>Fot\u00f3k: <br \/>\n<\/em><\/span><span style=\"font-size: 12pt\"><em>SHVETS production: https:\/\/www.pexels.com\/hu-hu\/foto\/jegyzetfuzet-hivatal-iroda-nok-7176319\/, Pixabay\u00a0<\/em><\/span><\/p>\n","protected":false},"excerpt":{"rendered":"<p>A Dolgoz\u00f3i Ment\u00e1lis Eg\u00e9szs\u00e9gtan\u00e1csad\u00f3 c\u00e9lja az, hogy lehet\u0151s\u00e9get biztos\u00edtson az egyetem dolgoz\u00f3i sz\u00e1m\u00e1ra arra, hogy pszichol\u00f3giai tan\u00e1csad\u00e1st vehessenek ig\u00e9nybe. <a href=\"https:\/\/semmelweis.hu\/egeszsegfejlesztes\/files\/2024\/12\/12-1.jpg\"><\/a> Minden olyan lelki eredet\u0171 probl\u00e9m\u00e1val fordulhatnak a Tan\u00e1csad\u00f3hoz, amely a munka v\u00e9gz\u00e9s\u00e9vel kapcsolatos, vagy akad\u00e1lyozza azt valamilyen m\u00f3don. Ilyen probl\u00e9ma lehet t\u00f6bbek k\u00f6z\u00f6tt: stressz \u00e9s szorong\u00e1s kezel\u00e9s\u00e9nek neh\u00e9zs\u00e9ge kapcsolati \u00e9s\/vagy p\u00e1rkapcsolati probl\u00e9m\u00e1k id\u0151gazd\u00e1lkod\u00e1si k\u00e9rd\u00e9sek csal\u00e1dtagokkal kapcsolatos &hellip;<\/p>\n","protected":false},"author":101613,"featured_media":53261,"parent":347,"menu_order":3,"comment_status":"closed","ping_status":"closed","template":"","meta":{"_acf_changed":false,"footnotes":""},"categories":[153],"tags":[],"class_list":["post-929","page","type-page","status-publish","has-post-thumbnail","hentry","category-nyitolap-kartyak"],"acf":[],"_links":{"self":[{"href":"https:\/\/semmelweis.hu\/egeszsegfejlesztes\/wp-json\/wp\/v2\/pages\/929","targetHints":{"allow":["GET"]}}],"collection":[{"href":"https:\/\/semmelweis.hu\/egeszsegfejlesztes\/wp-json\/wp\/v2\/pages"}],"about":[{"href":"https:\/\/semmelweis.hu\/egeszsegfejlesztes\/wp-json\/wp\/v2\/types\/page"}],"author":[{"embeddable":true,"href":"https:\/\/semmelweis.hu\/egeszsegfejlesztes\/wp-json\/wp\/v2\/users\/101613"}],"replies":[{"embeddable":true,"href":"https:\/\/semmelweis.hu\/egeszsegfejlesztes\/wp-json\/wp\/v2\/comments?post=929"}],"version-history":[{"count":12,"href":"https:\/\/semmelweis.hu\/egeszsegfejlesztes\/wp-json\/wp\/v2\/pages\/929\/revisions"}],"predecessor-version":[{"id":53578,"href":"https:\/\/semmelweis.hu\/egeszsegfejlesztes\/wp-json\/wp\/v2\/pages\/929\/revisions\/53578"}],"up":[{"embeddable":true,"href":"https:\/\/semmelweis.hu\/egeszsegfejlesztes\/wp-json\/wp\/v2\/pages\/347"}],"wp:featuredmedia":[{"embeddable":true,"href":"https:\/\/semmelweis.hu\/egeszsegfejlesztes\/wp-json\/wp\/v2\/media\/53261"}],"wp:attachment":[{"href":"https:\/\/semmelweis.hu\/egeszsegfejlesztes\/wp-json\/wp\/v2\/media?parent=929"}],"wp:term":[{"taxonomy":"category","embeddable":true,"href":"https:\/\/semmelweis.hu\/egeszsegfejlesztes\/wp-json\/wp\/v2\/categories?post=929"},{"taxonomy":"post_tag","embeddable":true,"href":"https:\/\/semmelweis.hu\/egeszsegfejlesztes\/wp-json\/wp\/v2\/tags?post=929"}],"curies":[{"name":"wp","href":"https:\/\/api.w.org\/{rel}","templated":true}]}}