{"id":53660,"date":"2026-03-02T14:46:17","date_gmt":"2026-03-02T13:46:17","guid":{"rendered":"https:\/\/semmelweis.hu\/egeszsegfejlesztes\/?page_id=53660"},"modified":"2026-04-08T14:43:23","modified_gmt":"2026-04-08T12:43:23","slug":"53660-2","status":"publish","type":"page","link":"https:\/\/semmelweis.hu\/egeszsegfejlesztes\/rendezvenyek\/konferenciak-es-szakmai-forumok\/hatekony-egeszsegfejlesztes-konferencia-ii-hek-ii\/53660-2\/","title":{"rendered":"Hat\u00e9kony Eg\u00e9szs\u00e9gfejleszt\u00e9s II. \u2013 M\u00e1sodik workshop"},"content":{"rendered":"<h1>\u00dajraind\u00edt\u00e1s.exe- Hogyan programozd \u00fajra \u00f6nmagad<\/h1>\n<p><b>Tervezett id\u0151pont:<\/b> 2026. 04. 16. 17:00- 19:15<\/p>\n<p><strong>Helysz\u00edn<\/strong><b>:\u00a0<\/b>Eg\u00e9szs\u00e9gtudom\u00e1nyi Kar \u2013 1088 Budapest, Szentkir\u00e1lyi u. 12-14., Kossuth Zsuzsanna Oktat\u00e1si T\u00f6mb, 1. emelet <span style=\"font-weight: 400\">1.07<\/span><\/p>\n<p><strong>Jelentkez\u00e9s:\u00a0<a href=\"https:\/\/docs.google.com\/forms\/d\/e\/1FAIpQLSehLiRicuQJFggLbygCoyII7Tyr-3lTVBMYm3lYHsfLYQaE9A\/viewform?usp=header\" target=\"_blank\" rel=\"noopener\">ITT<\/a><\/strong><\/p>\n<div class=\"fontos_div w-100\">\n<p><span style=\"font-weight: 400\">A rendezv\u00e9ny k\u00f6z\u00e9ppontj\u00e1ban bels\u0151 m\u0171k\u00f6d\u00e9s\u00fcnk \u00e1ll. Arra keress\u00fck a v\u00e1laszt, hogyan hatnak s\u00e9m\u00e1ink \u00e9s lelki \u00e1llapotaink a mindennapi \u00e9let\u00fcnkre, kapcsolatainkra \u00e9s d\u00f6nt\u00e9seinkre.<\/span><\/p>\n<\/div>\n<div class=\"pictureSemmelweis\"><span style=\"color: #ff6600\"><a href=\"https:\/\/semmelweis.hu\/egeszsegfejlesztes\/files\/2026\/03\/a-hetkoznapi-stressztol-a-szorongasos-zavarokig-prof-dr-purebl-gyorgy-pszichiater-online-eloadasa.jpg\"><img loading=\"lazy\" decoding=\"async\" class=\"aligncenter wp-image-53728 size-large\" src=\"https:\/\/semmelweis.hu\/egeszsegfejlesztes\/files\/2026\/03\/a-hetkoznapi-stressztol-a-szorongasos-zavarokig-prof-dr-purebl-gyorgy-pszichiater-online-eloadasa-1024x576.jpg\" alt=\"\" width=\"753\" height=\"424\" srcset=\"https:\/\/semmelweis.hu\/egeszsegfejlesztes\/files\/2026\/03\/a-hetkoznapi-stressztol-a-szorongasos-zavarokig-prof-dr-purebl-gyorgy-pszichiater-online-eloadasa-1024x576.jpg 1024w, https:\/\/semmelweis.hu\/egeszsegfejlesztes\/files\/2026\/03\/a-hetkoznapi-stressztol-a-szorongasos-zavarokig-prof-dr-purebl-gyorgy-pszichiater-online-eloadasa-400x225.jpg 400w, https:\/\/semmelweis.hu\/egeszsegfejlesztes\/files\/2026\/03\/a-hetkoznapi-stressztol-a-szorongasos-zavarokig-prof-dr-purebl-gyorgy-pszichiater-online-eloadasa-768x432.jpg 768w, https:\/\/semmelweis.hu\/egeszsegfejlesztes\/files\/2026\/03\/a-hetkoznapi-stressztol-a-szorongasos-zavarokig-prof-dr-purebl-gyorgy-pszichiater-online-eloadasa-753x424.jpg 753w, https:\/\/semmelweis.hu\/egeszsegfejlesztes\/files\/2026\/03\/a-hetkoznapi-stressztol-a-szorongasos-zavarokig-prof-dr-purebl-gyorgy-pszichiater-online-eloadasa.jpg 1200w\" sizes=\"auto, (max-width: 753px) 100vw, 753px\" \/><\/a><\/span><\/div>\n<p><span style=\"font-weight: 400;font-family: Montserrat\">Az el\u0151ad\u00e1s \u00e9s kerekasztal-besz\u00e9lget\u00e9s teret ad a k\u00fcl\u00f6nb\u00f6z\u0151 n\u00e9z\u0151pontok tal\u00e1lkoz\u00e1s\u00e1nak \u00e9s a gyakorlati tapasztalatok megoszt\u00e1s\u00e1nak. <\/span><\/p>\n<p><span style=\"font-family: Montserrat\"><span style=\"font-weight: 400\">A f\u0151 el\u0151ad\u00f3 <\/span><b>Dr. Purebl Gy\u00f6rgy<\/b><span style=\"font-weight: 400\"> az Egyetem Magatart\u00e1studom\u00e1nyi Int\u00e9zet\u00e9nek int\u00e9zm\u00e9nyvezet\u0151je, aki az eg\u00e9szs\u00e9ges \u00e9lethez, k\u00fcl\u00f6n\u00f6sen a test \u00e9s l\u00e9lek egyens\u00faly\u00e1nak kialak\u00edt\u00e1s\u00e1hoz elengedhetetlennek tartja a mindennapi tudatoss\u00e1got \u00e9s a megfelel\u0151 alv\u00e1si szok\u00e1sok kialak\u00edt\u00e1s\u00e1t.<\/span><\/span><\/p>\n<p><span style=\"font-family: Montserrat\"><strong>Tervezett program:<\/strong><\/span><\/p>\n<ul>\n<li><span style=\"font-weight: 400;font-family: Montserrat\">17:00\u201317:10 \u2013 \u00c9rkez\u00e9s, regisztr\u00e1ci\u00f3<\/span><\/li>\n<li><span style=\"font-weight: 400;font-family: Montserrat\">17:10\u201317:50 \u2013 <strong>Dr. Purebl Gy\u00f6rgy<\/strong>, Semmelweis Egyetem, Magatart\u00e1studom\u00e1nyi Int\u00e9zet int\u00e9zm\u00e9nyvezet\u0151<\/span><\/li>\n<li><span style=\"font-weight: 400;font-family: Montserrat\">17:50\u201318:00 \u2013 Sz\u00fcnet<\/span><\/li>\n<li><span style=\"font-weight: 400;font-family: Montserrat\">18:00\u201319:00 \u2013 <strong>Kerekasztal-besz\u00e9lget\u00e9s<\/strong>*<\/span><\/li>\n<li><span style=\"font-weight: 400;font-family: Montserrat\">19:00\u201319:10 \u2013 K\u00e9rd\u00e9sek, z\u00e1r\u00e1s<\/span><\/li>\n<\/ul>\n<p><span style=\"font-family: Montserrat\"><span style=\"font-weight: 400\">moder\u00e1l: <\/span><b>Lippai Roland<\/b><span style=\"font-weight: 400\">, szociol\u00f3gus<\/span><\/span><\/p>\n<p><span style=\"color: #000000;font-family: Montserrat\"><strong>*Kerekasztal tervezett r\u00e9sztvev\u0151i:<\/strong><\/span><\/p>\n<ul>\n<li style=\"font-weight: 400\"><span style=\"font-family: Montserrat\"><b>Dr. Purebl Gy\u00f6rgy,<\/b><span style=\"font-weight: 400\"> Semmelweis Egyetem, Magatart\u00e1studom\u00e1nyi Int\u00e9zet int\u00e9zm\u00e9nyvezet\u0151<\/span><\/span><\/li>\n<li><span style=\"font-family: Montserrat\"><strong>Reinhardt Gabriella<\/strong> &#8211; kisgyermekes sz\u00fcl\u0151kkel \u00e9s csal\u00e1dokkal foglalkoz\u00f3 tan\u00e1csad\u00f3 szakpszichol\u00f3gus, az Anyapszichol\u00f3gus oldal \u00fczemeltet\u0151je<\/span><\/li>\n<\/ul>\n<div class=\"keretes w-100\">\n<p><span style=\"font-family: Montserrat\"><strong>Jelentkez\u00e9s a m\u00e1sodik workshopra <a href=\"https:\/\/docs.google.com\/forms\/d\/e\/1FAIpQLSehLiRicuQJFggLbygCoyII7Tyr-3lTVBMYm3lYHsfLYQaE9A\/viewform?usp=header\" target=\"_blank\" rel=\"noopener\">ITT.<\/a><\/strong><\/span><\/p>\n<\/div>\n<p><span style=\"font-family: Montserrat;font-size: 10pt\">K\u00c9P FORR\u00c1SA: <a href=\"https:\/\/www.ihrendezvenykozpont.hu\/programok\/programok\/a-hetkoznapi-stressztol-a-szorongasos-zavarokig-prof-dr-purebl-gyorgy-pszichiater-online-eloadasa.html\">ITT<\/a><\/p>\n<p><\/span><\/p>\n<h1>T\u00e1mogat\u00f3ink:<\/h1>\n<table style=\"width: 100%;border-collapse: collapse;border-style: hidden\">\n<tbody>\n<tr>\n<td style=\"width: 50%\"><a href=\"https:\/\/semmelweis.hu\/egeszsegfejlesztes\/files\/2025\/10\/1.png\"><img loading=\"lazy\" decoding=\"async\" class=\"aligncenter size-full wp-image-53330\" src=\"https:\/\/semmelweis.hu\/egeszsegfejlesztes\/files\/2025\/10\/1.png\" alt=\"\" width=\"500\" height=\"250\" srcset=\"https:\/\/semmelweis.hu\/egeszsegfejlesztes\/files\/2025\/10\/1.png 500w, https:\/\/semmelweis.hu\/egeszsegfejlesztes\/files\/2025\/10\/1-400x200.png 400w\" sizes=\"auto, (max-width: 500px) 100vw, 500px\" \/><\/a><\/td>\n<td style=\"width: 50%\"><a href=\"https:\/\/semmelweis.hu\/egeszsegfejlesztes\/files\/2025\/10\/3.png\"><img loading=\"lazy\" decoding=\"async\" class=\"aligncenter size-full wp-image-53332\" src=\"https:\/\/semmelweis.hu\/egeszsegfejlesztes\/files\/2025\/10\/3.png\" alt=\"\" width=\"500\" height=\"250\" srcset=\"https:\/\/semmelweis.hu\/egeszsegfejlesztes\/files\/2025\/10\/3.png 500w, https:\/\/semmelweis.hu\/egeszsegfejlesztes\/files\/2025\/10\/3-400x200.png 400w\" sizes=\"auto, (max-width: 500px) 100vw, 500px\" \/><\/a><\/td>\n<\/tr>\n<\/tbody>\n<\/table>\n<p>&nbsp;<\/p>\n","protected":false},"excerpt":{"rendered":"<p>\u00dajraind\u00edt\u00e1s.exe- Hogyan programozd \u00fajra \u00f6nmagad Tervezett id\u0151pont: 2026. 04. 16. 17:00- 19:15 Helysz\u00edn:\u00a0Eg\u00e9szs\u00e9gtudom\u00e1nyi Kar \u2013 1088 Budapest, Szentkir\u00e1lyi u. 12-14., Kossuth Zsuzsanna Oktat\u00e1si T\u00f6mb, 1. emelet 1.07 Jelentkez\u00e9s:\u00a0 <a href=\"https:\/\/docs.google.com\/forms\/d\/e\/1FAIpQLSehLiRicuQJFggLbygCoyII7Tyr-3lTVBMYm3lYHsfLYQaE9A\/viewform?usp=header\" target=\"_blank\" rel=\"noopener\">ITT<\/a> A rendezv\u00e9ny k\u00f6z\u00e9ppontj\u00e1ban bels\u0151 m\u0171k\u00f6d\u00e9s\u00fcnk \u00e1ll. Arra keress\u00fck a v\u00e1laszt, hogyan hatnak s\u00e9m\u00e1ink \u00e9s lelki \u00e1llapotaink a mindennapi \u00e9let\u00fcnkre, kapcsolatainkra \u00e9s d\u00f6nt\u00e9seinkre. <a href=\"https:\/\/semmelweis.hu\/egeszsegfejlesztes\/files\/2026\/03\/a-hetkoznapi-stressztol-a-szorongasos-zavarokig-prof-dr-purebl-gyorgy-pszichiater-online-eloadasa.jpg\"><\/a> Az el\u0151ad\u00e1s \u00e9s kerekasztal-besz\u00e9lget\u00e9s teret &hellip;<\/p>\n","protected":false},"author":102493,"featured_media":53728,"parent":53147,"menu_order":2,"comment_status":"closed","ping_status":"closed","template":"","meta":{"_acf_changed":false,"footnotes":""},"categories":[],"tags":[],"class_list":["post-53660","page","type-page","status-publish","has-post-thumbnail","hentry"],"acf":[],"_links":{"self":[{"href":"https:\/\/semmelweis.hu\/egeszsegfejlesztes\/wp-json\/wp\/v2\/pages\/53660","targetHints":{"allow":["GET"]}}],"collection":[{"href":"https:\/\/semmelweis.hu\/egeszsegfejlesztes\/wp-json\/wp\/v2\/pages"}],"about":[{"href":"https:\/\/semmelweis.hu\/egeszsegfejlesztes\/wp-json\/wp\/v2\/types\/page"}],"author":[{"embeddable":true,"href":"https:\/\/semmelweis.hu\/egeszsegfejlesztes\/wp-json\/wp\/v2\/users\/102493"}],"replies":[{"embeddable":true,"href":"https:\/\/semmelweis.hu\/egeszsegfejlesztes\/wp-json\/wp\/v2\/comments?post=53660"}],"version-history":[{"count":10,"href":"https:\/\/semmelweis.hu\/egeszsegfejlesztes\/wp-json\/wp\/v2\/pages\/53660\/revisions"}],"predecessor-version":[{"id":53746,"href":"https:\/\/semmelweis.hu\/egeszsegfejlesztes\/wp-json\/wp\/v2\/pages\/53660\/revisions\/53746"}],"up":[{"embeddable":true,"href":"https:\/\/semmelweis.hu\/egeszsegfejlesztes\/wp-json\/wp\/v2\/pages\/53147"}],"wp:featuredmedia":[{"embeddable":true,"href":"https:\/\/semmelweis.hu\/egeszsegfejlesztes\/wp-json\/wp\/v2\/media\/53728"}],"wp:attachment":[{"href":"https:\/\/semmelweis.hu\/egeszsegfejlesztes\/wp-json\/wp\/v2\/media?parent=53660"}],"wp:term":[{"taxonomy":"category","embeddable":true,"href":"https:\/\/semmelweis.hu\/egeszsegfejlesztes\/wp-json\/wp\/v2\/categories?post=53660"},{"taxonomy":"post_tag","embeddable":true,"href":"https:\/\/semmelweis.hu\/egeszsegfejlesztes\/wp-json\/wp\/v2\/tags?post=53660"}],"curies":[{"name":"wp","href":"https:\/\/api.w.org\/{rel}","templated":true}]}}