{"id":53598,"date":"2026-02-02T12:52:14","date_gmt":"2026-02-02T11:52:14","guid":{"rendered":"https:\/\/semmelweis.hu\/egeszsegfejlesztes\/?page_id=53598"},"modified":"2026-03-03T13:25:47","modified_gmt":"2026-03-03T12:25:47","slug":"hek-ii-workshopok","status":"publish","type":"page","link":"https:\/\/semmelweis.hu\/egeszsegfejlesztes\/rendezvenyek\/konferenciak-es-szakmai-forumok\/hatekony-egeszsegfejlesztes-konferencia-ii-hek-ii\/hek-ii-workshopok\/","title":{"rendered":"Hat\u00e9kony Eg\u00e9szs\u00e9gfejleszt\u00e9s II. &#8211; Els\u0151 workshop"},"content":{"rendered":"<h1 style=\"text-align: left\"><span style=\"font-family: Montserrat\"><b>K\u00f6z\u00f6ss\u00e9g(i) h\u00e1l\u00f3\u00a0 \u2013 kih\u00faz vagy leh\u00faz<\/b><\/span><\/h1>\n<p><span style=\"font-family: Montserrat\"><b>Id\u0151pont:<\/b><span style=\"font-weight: 400\"> 2026. m\u00e1rcius 16. (h\u00e9tf\u0151) 17:30-19:30 \u00f3ra<\/span><\/span><\/p>\n<p><span style=\"font-family: Montserrat\"><strong>Helysz\u00edn<\/strong><b>: <\/b>Eg\u00e9szs\u00e9gtudom\u00e1nyi Kar &#8211; 1088 Budapest, Szentkir\u00e1lyi u. 12-14.,\u00a0Kossuth Zsuzsanna Oktat\u00e1si T\u00f6mb, 1. emelet 1.07<\/span><\/p>\n<p><span style=\"font-family: Montserrat\"><strong>Jelentkez\u00e9s: <a href=\"https:\/\/forms.gle\/bCLEfwBAH69pLqgL7\" target=\"_blank\" rel=\"noopener\">ITT<\/a><\/strong><\/span><\/p>\n<div class=\"fontos_div w-100\">\n<p><span style=\"font-weight: 400;font-family: Montserrat\">A rendezv\u00e9ny k\u00f6z\u00e9ppontj\u00e1ban a <strong>bullying<\/strong> jelens\u00e9ge, a <strong>gyermekv\u00e9delem<\/strong> aktu\u00e1lis k\u00e9rd\u00e9sei \u00e9s a megel\u0151z\u00e9s lehet\u0151s\u00e9gei \u00e1llnak. Arra keress\u00fck a v\u00e1laszt, hogyan hatnak az <strong>online k\u00f6z\u00f6ss\u00e9gi terek<\/strong> a gyermekek \u00e9s fiatalok biztons\u00e1g\u00e1ra, lelki j\u00f3ll\u00e9t\u00e9re \u00e9s fejl\u0151d\u00e9s\u00e9re.<\/span><\/p>\n<\/div>\n<p><a href=\"https:\/\/semmelweis.hu\/egeszsegfejlesztes\/files\/2025\/11\/hek34.jpg\"><img loading=\"lazy\" decoding=\"async\" class=\"aligncenter wp-image-53475 size-full\" src=\"https:\/\/semmelweis.hu\/egeszsegfejlesztes\/files\/2025\/11\/hek34.jpg\" alt=\"\" width=\"975\" height=\"713\" srcset=\"https:\/\/semmelweis.hu\/egeszsegfejlesztes\/files\/2025\/11\/hek34.jpg 975w, https:\/\/semmelweis.hu\/egeszsegfejlesztes\/files\/2025\/11\/hek34-400x293.jpg 400w, https:\/\/semmelweis.hu\/egeszsegfejlesztes\/files\/2025\/11\/hek34-768x562.jpg 768w, https:\/\/semmelweis.hu\/egeszsegfejlesztes\/files\/2025\/11\/hek34-753x551.jpg 753w\" sizes=\"auto, (max-width: 975px) 100vw, 975px\" \/><\/a><\/p>\n<p><span style=\"font-weight: 400;font-family: Montserrat\">Az esem\u00e9ny c\u00e9lja, hogy k\u00f6z\u00e9rthet\u0151, ugyanakkor szakmailag megalapozott m\u00f3don mutassa be a (k\u00f6z\u00f6ss\u00e9gi) m\u00e9dia felel\u0151ss\u00e9g\u00e9t \u00e9s szerep\u00e9t, valamint a j\u00f3 gyakorlatokat \u00e9s az egy\u00fcttm\u0171k\u00f6d\u00e9s lehet\u0151s\u00e9geit az \u00e9rintett szerepl\u0151k \u2013 sz\u00fcl\u0151k, pedag\u00f3gusok, szakemberek \u00e9s d\u00f6nt\u00e9shoz\u00f3k \u2013 k\u00f6z\u00f6tt.<\/span><\/p>\n<p><span style=\"font-family: Montserrat\"><span style=\"font-weight: 400\">Az el\u0151ad\u00e1s \u00e9s kerekasztal-besz\u00e9lget\u00e9s teret ad a k\u00fcl\u00f6nb\u00f6z\u0151 n\u00e9z\u0151pontok tal\u00e1lkoz\u00e1s\u00e1nak \u00e9s a gyakorlati tapasztalatok megoszt\u00e1s\u00e1nak. A f\u0151 el\u0151ad\u00f3 <\/span><b>P\u00f6ltl \u00c1kos<\/b><span style=\"font-weight: 400\"> csal\u00e1dbiztons\u00e1gi szak\u00e9rt\u0151, aki k\u00fcl\u00f6n\u00f6s hangs\u00falyt fektet a digit\u00e1lis t\u00e9r kih\u00edv\u00e1saira \u00e9s vesz\u00e9lyeire, valamint a t\u00falzott k\u00e9perny\u0151haszn\u00e1lat gyermekekre gyakorolt hat\u00e1saira.<\/span><\/span><\/p>\n<p><strong><span style=\"font-family: Montserrat\">Tervezett program:<\/span><\/strong><\/p>\n<ul>\n<li><span style=\"font-family: Montserrat\"><span style=\"font-weight: 400\">17:30\u201317:40 \u2013 \u00c9rkez\u00e9s, regisztr\u00e1ci\u00f3<\/span><\/span><\/li>\n<li><span style=\"font-family: Montserrat\"><span style=\"font-weight: 400\">17:40\u201318:20 \u2013 P\u00f6ltl \u00c1kos, csal\u00e1dbiztons\u00e1gi szak\u00e9rt\u0151 el\u0151ad\u00e1sa<\/span><\/span><\/li>\n<li><span style=\"font-family: Montserrat\"><span style=\"font-weight: 400\">18:20\u201318:30 \u2013 Sz\u00fcnet<\/span><\/span><\/li>\n<li><span style=\"font-family: Montserrat\"><span style=\"font-weight: 400\">18:30\u201319:30 \u2013 Kerekasztal-besz\u00e9lget\u00e9s*<\/span><\/span><\/li>\n<li><span style=\"font-family: Montserrat\"><span style=\"font-weight: 400\">19:30\u201319:45 \u2013 K\u00e9rd\u00e9sek, z\u00e1r\u00e1s<\/span><\/span><\/li>\n<\/ul>\n<p><strong><span style=\"font-family: Montserrat\">*Kerekasztalt moder\u00e1l:<\/span><\/strong><\/p>\n<ul>\n<li style=\"font-weight: 400\"><span style=\"font-family: Montserrat\"><b>P\u00f6ltl \u00c1kos<\/b><span style=\"font-weight: 400\">, csal\u00e1dbiztons\u00e1gi szak\u00e9rt\u0151<\/span><\/span><\/li>\n<\/ul>\n<p><strong><span style=\"font-family: Montserrat\">*Kerekasztal tervezett r\u00e9sztvev\u0151i:<\/span><\/strong><\/p>\n<ul>\n<li style=\"font-weight: 400\"><span style=\"font-family: Montserrat\"><b>Hal Melinda<\/b><span style=\"font-weight: 400\">, klinikai szakpszichol\u00f3gus, k\u00f6zgazd\u00e1sz, Nemzeti Ment\u00e1l Pajzs Program<\/span><\/span><\/li>\n<li style=\"font-weight: 400\"><span style=\"font-family: Montserrat\"><b>dr. Csal\u00e1r Dorina<\/b><span style=\"font-weight: 400\">, gyermekjogi szakjog\u00e1sz, Nemzeti M\u00e9dia- \u00e9s H\u00edrk\u00f6zl\u00e9si Hat\u00f3s\u00e1g, Internet Hotline Oszt\u00e1ly<\/span><\/span><\/li>\n<li style=\"font-weight: 400\"><span style=\"font-family: Montserrat\"><b>Horv\u00e1th \u00c1d\u00e1m,<\/b><span style=\"font-weight: 400\"> Education:Next eln\u00f6ke<\/span><\/span><\/li>\n<li style=\"font-weight: 400\"><span style=\"font-family: Montserrat\"><span style=\"font-weight: 400\"><strong>Hegyes Bertalan<\/strong>, tartalomgy\u00e1rt\u00f3<\/span><\/span><\/li>\n<\/ul>\n<p>&nbsp;<\/p>\n<div class=\"keretes w-100\">\n<p style=\"text-align: center\"><strong><span style=\"font-family: Montserrat\">Jelentkez\u00e9s az els\u0151 workshopra <a class=\"button\" href=\"https:\/\/forms.gle\/bCLEfwBAH69pLqgL7\" target=\"_blank\" rel=\"noopener\">ITT.\u00a0<\/a><\/span><\/strong><\/p>\n<\/div>\n<h1 style=\"text-align: center\">T\u00e1mogat\u00f3ink:<\/h1>\n<table style=\"border-collapse: collapse;width: 100%;height: 89px\">\n<tbody>\n<tr style=\"height: 89px\">\n<td style=\"width: 50%;height: 89px;text-align: center\"><a href=\"https:\/\/semmelweis.hu\/egeszsegfejlesztes\/files\/2025\/10\/1.png\"><img loading=\"lazy\" decoding=\"async\" class=\"aligncenter size-full wp-image-53330\" src=\"https:\/\/semmelweis.hu\/egeszsegfejlesztes\/files\/2025\/10\/1.png\" alt=\"\" width=\"500\" height=\"250\" srcset=\"https:\/\/semmelweis.hu\/egeszsegfejlesztes\/files\/2025\/10\/1.png 500w, https:\/\/semmelweis.hu\/egeszsegfejlesztes\/files\/2025\/10\/1-400x200.png 400w\" sizes=\"auto, (max-width: 500px) 100vw, 500px\" \/><\/a><\/td>\n<td style=\"width: 50%;height: 89px;text-align: center\"><a href=\"https:\/\/semmelweis.hu\/egeszsegfejlesztes\/files\/2025\/10\/3.png\"><img loading=\"lazy\" decoding=\"async\" class=\"aligncenter size-full wp-image-53332\" src=\"https:\/\/semmelweis.hu\/egeszsegfejlesztes\/files\/2025\/10\/3.png\" alt=\"\" width=\"500\" height=\"250\" srcset=\"https:\/\/semmelweis.hu\/egeszsegfejlesztes\/files\/2025\/10\/3.png 500w, https:\/\/semmelweis.hu\/egeszsegfejlesztes\/files\/2025\/10\/3-400x200.png 400w\" sizes=\"auto, (max-width: 500px) 100vw, 500px\" \/><\/a><\/td>\n<\/tr>\n<\/tbody>\n<\/table>\n","protected":false},"excerpt":{"rendered":"<p>K\u00f6z\u00f6ss\u00e9g(i) h\u00e1l\u00f3\u00a0 \u2013 kih\u00faz vagy leh\u00faz Id\u0151pont: 2026. m\u00e1rcius 16. (h\u00e9tf\u0151) 17:30-19:30 \u00f3ra Helysz\u00edn: Eg\u00e9szs\u00e9gtudom\u00e1nyi Kar &#8211; 1088 Budapest, Szentkir\u00e1lyi u. 12-14.,\u00a0Kossuth Zsuzsanna Oktat\u00e1si T\u00f6mb, 1. emelet 1.07 Jelentkez\u00e9s: <a href=\"https:\/\/forms.gle\/bCLEfwBAH69pLqgL7\" target=\"_blank\" rel=\"noopener\">ITT<\/a> A rendezv\u00e9ny k\u00f6z\u00e9ppontj\u00e1ban a bullying jelens\u00e9ge, a gyermekv\u00e9delem aktu\u00e1lis k\u00e9rd\u00e9sei \u00e9s a megel\u0151z\u00e9s lehet\u0151s\u00e9gei \u00e1llnak. Arra keress\u00fck a v\u00e1laszt, hogyan hatnak az online k\u00f6z\u00f6ss\u00e9gi terek a &hellip;<\/p>\n","protected":false},"author":102493,"featured_media":0,"parent":53147,"menu_order":1,"comment_status":"closed","ping_status":"closed","template":"","meta":{"_acf_changed":false,"footnotes":""},"categories":[],"tags":[],"class_list":["post-53598","page","type-page","status-publish","hentry"],"acf":[],"_links":{"self":[{"href":"https:\/\/semmelweis.hu\/egeszsegfejlesztes\/wp-json\/wp\/v2\/pages\/53598","targetHints":{"allow":["GET"]}}],"collection":[{"href":"https:\/\/semmelweis.hu\/egeszsegfejlesztes\/wp-json\/wp\/v2\/pages"}],"about":[{"href":"https:\/\/semmelweis.hu\/egeszsegfejlesztes\/wp-json\/wp\/v2\/types\/page"}],"author":[{"embeddable":true,"href":"https:\/\/semmelweis.hu\/egeszsegfejlesztes\/wp-json\/wp\/v2\/users\/102493"}],"replies":[{"embeddable":true,"href":"https:\/\/semmelweis.hu\/egeszsegfejlesztes\/wp-json\/wp\/v2\/comments?post=53598"}],"version-history":[{"count":10,"href":"https:\/\/semmelweis.hu\/egeszsegfejlesztes\/wp-json\/wp\/v2\/pages\/53598\/revisions"}],"predecessor-version":[{"id":53690,"href":"https:\/\/semmelweis.hu\/egeszsegfejlesztes\/wp-json\/wp\/v2\/pages\/53598\/revisions\/53690"}],"up":[{"embeddable":true,"href":"https:\/\/semmelweis.hu\/egeszsegfejlesztes\/wp-json\/wp\/v2\/pages\/53147"}],"wp:attachment":[{"href":"https:\/\/semmelweis.hu\/egeszsegfejlesztes\/wp-json\/wp\/v2\/media?parent=53598"}],"wp:term":[{"taxonomy":"category","embeddable":true,"href":"https:\/\/semmelweis.hu\/egeszsegfejlesztes\/wp-json\/wp\/v2\/categories?post=53598"},{"taxonomy":"post_tag","embeddable":true,"href":"https:\/\/semmelweis.hu\/egeszsegfejlesztes\/wp-json\/wp\/v2\/tags?post=53598"}],"curies":[{"name":"wp","href":"https:\/\/api.w.org\/{rel}","templated":true}]}}