{"id":53351,"date":"2025-10-15T13:32:03","date_gmt":"2025-10-15T11:32:03","guid":{"rendered":"https:\/\/semmelweis.hu\/egeszsegfejlesztes\/?page_id=53351"},"modified":"2025-10-16T15:35:00","modified_gmt":"2025-10-16T13:35:00","slug":"egyedi-adatkezelesi-tajekoztato","status":"publish","type":"page","link":"https:\/\/semmelweis.hu\/egeszsegfejlesztes\/akozpontrol\/egyedi-adatkezelesi-tajekoztato\/","title":{"rendered":"Egyedi adatkezel\u00e9si t\u00e1j\u00e9koztat\u00f3"},"content":{"rendered":"<p style=\"text-align: center\"><b>A SEMMELWEIS EG\u00c9SZS\u00c9GFEJLESZT\u00c9SI K\u00d6ZPONT <\/b><strong>\u00c1LTAL V\u00c9GZETT SZEM\u00c9LYES ADATKEZEL\u00c9SSEL KAPCSOLATOS INFORM\u00c1CI\u00d3K EL\u00c9RHET\u0150S\u00c9GE<\/strong><\/p>\n<p>&nbsp;<\/p>\n<p><strong>Semmelweis Eg\u00e9szs\u00e9gfejleszt\u00e9si K\u00f6zpont<\/strong> \u2013 adatkezel\u00e9si t\u00e1j\u00e9koztat\u00f3ja:<br \/>\n<a href=\"https:\/\/semmelweis.hu\/egeszsegfejlesztes\/files\/2025\/10\/Adatkezelesi-tajekoztato-az-adatkezelesek-altal-erintett-szemelyek-reszere_20251016-1.pdf\">Adatkezel\u00e9si t\u00e1j\u00e9koztat\u00f3 az adatkezel\u00e9sek \u00e1ltal \u00e9rintett szem\u00e9lyek r\u00e9sz\u00e9re_20251016<\/a><\/p>\n<p>1.1. Az adatkezel\u0151 <strong>munka\u00fcgyi <\/strong>feladataival \u00f6sszef\u00fcgg\u0151 adatkezel\u00e9sekkel kapcsolatos inform\u00e1ci\u00f3k el\u00e9rhet\u0151s\u00e9ge:<br \/>\n<em>Felt\u00f6lt\u00e9s folyamatban.<\/em><\/p>\n<p>1.2. Az adatkezel\u0151 <strong>prevenci\u00f3s szolg\u00e1ltat\u00e1sok <\/strong>feladataival <strong>\u00a0<\/strong>\u00f6sszef\u00fcgg\u0151 adatkezel\u00e9sekkel kapcsolatos inform\u00e1ci\u00f3k el\u00e9rhet\u0151s\u00e9ge:<br \/>\n<em>Felt\u00f6lt\u00e9s folyamatban.<\/em><\/p>\n<p>1.3. Az adatkezel\u0151 <strong>rendezv\u00e9nyszervez\u00e9si <\/strong>feladataival <strong>\u00a0<\/strong>\u00f6sszef\u00fcgg\u0151 adatkezel\u00e9sekkel kapcsolatos inform\u00e1ci\u00f3k el\u00e9rhet\u0151s\u00e9ge:<br \/>\n<a href=\"https:\/\/semmelweis.hu\/egeszsegfejlesztes\/files\/2025\/10\/SEK_Adatkezelesi-nyilvantartas_rendezvenyek_V1_20251015-1.xls\">SEK_Adatkezel\u00e9si nyilv\u00e1ntart\u00e1s_rendezv\u00e9nyek_V1_20251015<\/a><\/p>\n<p>1.4. Az adatkezel\u0151 <strong>adminisztr\u00e1ci\u00f3s <\/strong>feladataival <strong>\u00a0<\/strong>\u00f6sszef\u00fcgg\u0151 adatkezel\u00e9sekkel kapcsolatos inform\u00e1ci\u00f3k el\u00e9rhet\u0151s\u00e9ge:<br \/>\n<em>Felt\u00f6lt\u00e9s folyamatban.<\/em><\/p>\n","protected":false},"excerpt":{"rendered":"<p>A SEMMELWEIS EG\u00c9SZS\u00c9GFEJLESZT\u00c9SI K\u00d6ZPONT \u00c1LTAL V\u00c9GZETT SZEM\u00c9LYES ADATKEZEL\u00c9SSEL KAPCSOLATOS INFORM\u00c1CI\u00d3K EL\u00c9RHET\u0150S\u00c9GE &nbsp; Semmelweis Eg\u00e9szs\u00e9gfejleszt\u00e9si K\u00f6zpont \u2013 adatkezel\u00e9si t\u00e1j\u00e9koztat\u00f3ja: <a href=\"https:\/\/semmelweis.hu\/egeszsegfejlesztes\/files\/2025\/10\/Adatkezelesi-tajekoztato-az-adatkezelesek-altal-erintett-szemelyek-reszere_20251016-1.pdf\">Adatkezel\u00e9si t\u00e1j\u00e9koztat\u00f3 az adatkezel\u00e9sek \u00e1ltal \u00e9rintett szem\u00e9lyek r\u00e9sz\u00e9re_20251016<\/a> 1.1. Az adatkezel\u0151 munka\u00fcgyi feladataival \u00f6sszef\u00fcgg\u0151 adatkezel\u00e9sekkel kapcsolatos inform\u00e1ci\u00f3k el\u00e9rhet\u0151s\u00e9ge: Felt\u00f6lt\u00e9s folyamatban. 1.2. Az adatkezel\u0151 prevenci\u00f3s szolg\u00e1ltat\u00e1sok feladataival \u00a0\u00f6sszef\u00fcgg\u0151 adatkezel\u00e9sekkel kapcsolatos inform\u00e1ci\u00f3k el\u00e9rhet\u0151s\u00e9ge: Felt\u00f6lt\u00e9s folyamatban. 1.3. Az adatkezel\u0151 rendezv\u00e9nyszervez\u00e9si feladataival \u00a0\u00f6sszef\u00fcgg\u0151 adatkezel\u00e9sekkel kapcsolatos inform\u00e1ci\u00f3k el\u00e9rhet\u0151s\u00e9ge: <a href=\"https:\/\/semmelweis.hu\/egeszsegfejlesztes\/files\/2025\/10\/SEK_Adatkezelesi-nyilvantartas_rendezvenyek_V1_20251015-1.xls\">SEK_Adatkezel\u00e9si nyilv\u00e1ntart\u00e1s_rendezv\u00e9nyek_V1_20251015<\/a> 1.4. Az &hellip;<\/p>\n","protected":false},"author":101806,"featured_media":0,"parent":9,"menu_order":4,"comment_status":"closed","ping_status":"closed","template":"template-fullwidth.php","meta":{"_acf_changed":false,"footnotes":""},"categories":[],"tags":[],"class_list":["post-53351","page","type-page","status-publish","hentry"],"acf":[],"_links":{"self":[{"href":"https:\/\/semmelweis.hu\/egeszsegfejlesztes\/wp-json\/wp\/v2\/pages\/53351","targetHints":{"allow":["GET"]}}],"collection":[{"href":"https:\/\/semmelweis.hu\/egeszsegfejlesztes\/wp-json\/wp\/v2\/pages"}],"about":[{"href":"https:\/\/semmelweis.hu\/egeszsegfejlesztes\/wp-json\/wp\/v2\/types\/page"}],"author":[{"embeddable":true,"href":"https:\/\/semmelweis.hu\/egeszsegfejlesztes\/wp-json\/wp\/v2\/users\/101806"}],"replies":[{"embeddable":true,"href":"https:\/\/semmelweis.hu\/egeszsegfejlesztes\/wp-json\/wp\/v2\/comments?post=53351"}],"version-history":[{"count":4,"href":"https:\/\/semmelweis.hu\/egeszsegfejlesztes\/wp-json\/wp\/v2\/pages\/53351\/revisions"}],"predecessor-version":[{"id":53359,"href":"https:\/\/semmelweis.hu\/egeszsegfejlesztes\/wp-json\/wp\/v2\/pages\/53351\/revisions\/53359"}],"up":[{"embeddable":true,"href":"https:\/\/semmelweis.hu\/egeszsegfejlesztes\/wp-json\/wp\/v2\/pages\/9"}],"wp:attachment":[{"href":"https:\/\/semmelweis.hu\/egeszsegfejlesztes\/wp-json\/wp\/v2\/media?parent=53351"}],"wp:term":[{"taxonomy":"category","embeddable":true,"href":"https:\/\/semmelweis.hu\/egeszsegfejlesztes\/wp-json\/wp\/v2\/categories?post=53351"},{"taxonomy":"post_tag","embeddable":true,"href":"https:\/\/semmelweis.hu\/egeszsegfejlesztes\/wp-json\/wp\/v2\/tags?post=53351"}],"curies":[{"name":"wp","href":"https:\/\/api.w.org\/{rel}","templated":true}]}}