{"id":53208,"date":"2025-09-08T16:35:08","date_gmt":"2025-09-08T14:35:08","guid":{"rendered":"https:\/\/semmelweis.hu\/egeszsegfejlesztes\/?page_id=53208"},"modified":"2025-10-31T15:37:55","modified_gmt":"2025-10-31T14:37:55","slug":"fradi-merkozesek-jegy-igenyles","status":"publish","type":"page","link":"https:\/\/semmelweis.hu\/egeszsegfejlesztes\/rendezvenyek\/egyuttmukodeseink\/fradi-merkozesek-jegy-igenyles\/","title":{"rendered":"Fradi m\u00e9rk\u0151z\u00e9sek &#8211; jegy ig\u00e9nyl\u00e9s"},"content":{"rendered":"<p>&nbsp;<\/p>\n<p><a href=\"https:\/\/semmelweis.hu\/egeszsegfejlesztes\/files\/2025\/09\/FRADI.png\"><img loading=\"lazy\" decoding=\"async\" class=\"aligncenter wp-image-53219 size-full\" src=\"https:\/\/semmelweis.hu\/egeszsegfejlesztes\/files\/2025\/09\/FRADI.png\" alt=\"\" width=\"1920\" height=\"480\" srcset=\"https:\/\/semmelweis.hu\/egeszsegfejlesztes\/files\/2025\/09\/FRADI.png 1920w, https:\/\/semmelweis.hu\/egeszsegfejlesztes\/files\/2025\/09\/FRADI-400x100.png 400w, https:\/\/semmelweis.hu\/egeszsegfejlesztes\/files\/2025\/09\/FRADI-1024x256.png 1024w, https:\/\/semmelweis.hu\/egeszsegfejlesztes\/files\/2025\/09\/FRADI-768x192.png 768w, https:\/\/semmelweis.hu\/egeszsegfejlesztes\/files\/2025\/09\/FRADI-1536x384.png 1536w, https:\/\/semmelweis.hu\/egeszsegfejlesztes\/files\/2025\/09\/FRADI-753x188.png 753w\" sizes=\"auto, (max-width: 1920px) 100vw, 1920px\" \/><\/a><\/p>\n<div class=\"keretes w-100\"><strong><span style=\"color: #ff0000\">Figyelem!<\/span> A rendelkez\u00e9sre \u00e1ll\u00f3 jegyek elkeltek, a jegyig\u00e9nyl\u00e9s lez\u00e1rult.<\/strong><br \/>\n<strong>Meg\u00e9rt\u00e9s\u00fcket k\u00f6sz\u00f6nj\u00fck!<\/strong><\/div>\n<div>A Semmelweis Eg\u00e9szs\u00e9gfejleszt\u00e9si K\u00f6zpont \u00e9s a Sportfive Hungary Kft. (Groupama Ar\u00e9na \u00fczemeltet\u0151je)\u00a0idei egy\u00fcttm\u0171k\u00f6d\u00e9s\u00e9nek keret\u00e9ben<b> ingyenesen lehet\u0151s\u00e9get biztos\u00edtunk a Semmelweis Polg\u00e1rok sz\u00e1m\u00e1ra jegyek ig\u00e9nyl\u00e9s\u00e9re a hazai Ferencv\u00e1ros labdar\u00fag\u00f3 m\u00e9rk\u0151z\u00e9sekre az \u0151szi szezonban. <\/b><\/div>\n<div>\u00a0<\/div>\n<div>Ehhez k\u00e9rj\u00fck, k\u00f6vesse az al\u00e1bbi l\u00e9p\u00e9seket:<\/div>\n<div>\u00a0<\/div>\n<div>\n<ol>\n<li>Amennyiben nem rendelkezik szurkol\u00f3i k\u00e1rty\u00e1val, ig\u00e9nyeljen egyszeri 2000 Ft-os k\u00f6lts\u00e9g\u00e9rt, melyr\u0151l b\u0151vebb t\u00e1j\u00e9koztat\u00e1st \u00e9s a sz\u00fcks\u00e9ges nyomtatv\u00e1nyt itt tal\u00e1lja meg: <a class=\"button\" href=\"https:\/\/meccsjegy.fradi.hu\/kartya_info\" target=\"_blank\" rel=\"noopener\">FRADI K\u00c1RTYA<\/a>\u00a0<\/li>\n<li>Ha m\u00e1r rendelkezik szurkol\u00f3i k\u00e1rty\u00e1val, t\u00f6ltse ki regisztr\u00e1ci\u00f3s \u0171rlapunkat: \u00a0<a class=\"btn btn-success\" href=\"https:\/\/docs.google.com\/forms\/d\/1zC09SGRab4yhE88PDWYQlxF-OomjNTqgtVi7pczv7Ik\/edit\" target=\"_blank\" rel=\"noopener\">JEGYIG\u00c9NYL\u00c9S<\/a><\/li>\n<\/ol>\n<\/div>\n<div>\u00a0<\/div>\n<div><b>K\u00e9rj\u00fck, ig\u00e9nyl\u00e9s el\u0151tt olvassa el r\u00e9szletes t\u00e1j\u00e9koztat\u00f3nkat!<\/b><\/div>\n<div>\n<ul>\n<li>A jegyek sz\u00e1ma limit\u00e1lt, \u00f6sszesen 100 db. Amint elfogy a keret, a regisztr\u00e1ci\u00f3s fel\u00fcletet lez\u00e1rjuk.<\/li>\n<li>T\u00f6bb m\u00e9rk\u0151z\u00e9sre is ig\u00e9nyelhet jegyet, de k\u00e9rj\u00fck, csak olyan id\u0151pontot v\u00e1lasszon, amelyen biztosan r\u00e9szt tud venni, \u00edgy nem veszi el m\u00e1st\u00f3l a lehet\u0151s\u00e9get.<\/li>\n<li>Az \u0171rlapon a m\u00e9rk\u0151z\u00e9sek tervezett d\u00e1tuma l\u00e1that\u00f3, melyek v\u00e1ltozhatnak. Ebben az esetben t\u00e1j\u00e9koztat\u00f3 e-mailt k\u00fcld\u00fcnk. Amennyiben nem felel meg az \u00faj id\u0151pont, lehet\u0151s\u00e9get biztos\u00edtunk \u00e1tfoglal\u00e1sra egy m\u00e1sik m\u00e9rk\u0151z\u00e9sre.<\/li>\n<li>\u00a0A jegyeket a m\u00e9rk\u0151z\u00e9st megel\u0151z\u0151 h\u00e9ten elektronikusan k\u00fcldj\u00fck ki a megadott e-mail c\u00edmre. K\u00e9rj\u00fck, olyan el\u00e9rhet\u0151s\u00e9get adjon meg, melyet rendszeresen figyelemmel k\u00eds\u00e9r.<\/li>\n<li>A Semmelweis Egyetem dolgoz\u00f3i csal\u00e1dtagjaik sz\u00e1m\u00e1ra is ig\u00e9nyelhetnek jegyet. Ebben az esetben k\u00e9rj\u00fck, hogy a munkav\u00e1llal\u00f3 Semmelweis K\u00e1rtya sz\u00e1m\u00e1t adj\u00e1k meg minden leadott k\u00eds\u00e9r\u0151 eset\u00e9ben (minden r\u00e9sztvev\u0151 adataival k\u00fcl\u00f6n-k\u00fcl\u00f6n kit\u00f6ltend\u0151 az \u0171rlap).<\/li>\n<li>Pr\u00f3baid\u0151s munkaviszony let\u00f6lt\u00e9se alatt is ig\u00e9nyelhet jegyet. Ebben az esetben a k\u00e1rtyasz\u00e1m helyett \u00edrja be a megfelel\u0151 mez\u0151be, hogy &#8222;pr\u00f3baid\u0151&#8221;.<\/li>\n<li>A Semmelweis Egyetem hallgat\u00f3i csak saj\u00e1t r\u00e9szre ig\u00e9nyelhetnek jegyet.<\/li>\n<\/ul>\n<p>&nbsp;<\/p>\n<div class=\"fontos_div w-100\">Tov\u00e1bbi k\u00e9rd\u00e9s eset\u00e9n keress\u00e9k K\u00f6zpontunkat az<br \/>\n<em>egeszsegfejlesztesikp@semmelweis.hu <\/em>e-mail c\u00edmen.<\/div>\n<\/div>\n<div>\u00a0<\/div>\n<div>\u00a0<\/div>\n<p>&nbsp;<\/p>\n<p>&nbsp;<\/p>\n","protected":false},"excerpt":{"rendered":"<p>&nbsp; <a href=\"https:\/\/semmelweis.hu\/egeszsegfejlesztes\/files\/2025\/09\/FRADI.png\"><\/a> Figyelem! A rendelkez\u00e9sre \u00e1ll\u00f3 jegyek elkeltek, a jegyig\u00e9nyl\u00e9s lez\u00e1rult. Meg\u00e9rt\u00e9s\u00fcket k\u00f6sz\u00f6nj\u00fck! A Semmelweis Eg\u00e9szs\u00e9gfejleszt\u00e9si K\u00f6zpont \u00e9s a Sportfive Hungary Kft. (Groupama Ar\u00e9na \u00fczemeltet\u0151je)\u00a0idei egy\u00fcttm\u0171k\u00f6d\u00e9s\u00e9nek keret\u00e9ben ingyenesen lehet\u0151s\u00e9get biztos\u00edtunk a Semmelweis Polg\u00e1rok sz\u00e1m\u00e1ra jegyek ig\u00e9nyl\u00e9s\u00e9re a hazai Ferencv\u00e1ros labdar\u00fag\u00f3 m\u00e9rk\u0151z\u00e9sekre az \u0151szi szezonban. \u00a0 Ehhez k\u00e9rj\u00fck, k\u00f6vesse az al\u00e1bbi l\u00e9p\u00e9seket: \u00a0 Amennyiben nem rendelkezik szurkol\u00f3i &hellip;<\/p>\n","protected":false},"author":102493,"featured_media":0,"parent":52284,"menu_order":0,"comment_status":"closed","ping_status":"closed","template":"","meta":{"_acf_changed":false,"footnotes":""},"categories":[],"tags":[],"class_list":["post-53208","page","type-page","status-publish","hentry"],"acf":[],"_links":{"self":[{"href":"https:\/\/semmelweis.hu\/egeszsegfejlesztes\/wp-json\/wp\/v2\/pages\/53208","targetHints":{"allow":["GET"]}}],"collection":[{"href":"https:\/\/semmelweis.hu\/egeszsegfejlesztes\/wp-json\/wp\/v2\/pages"}],"about":[{"href":"https:\/\/semmelweis.hu\/egeszsegfejlesztes\/wp-json\/wp\/v2\/types\/page"}],"author":[{"embeddable":true,"href":"https:\/\/semmelweis.hu\/egeszsegfejlesztes\/wp-json\/wp\/v2\/users\/102493"}],"replies":[{"embeddable":true,"href":"https:\/\/semmelweis.hu\/egeszsegfejlesztes\/wp-json\/wp\/v2\/comments?post=53208"}],"version-history":[{"count":10,"href":"https:\/\/semmelweis.hu\/egeszsegfejlesztes\/wp-json\/wp\/v2\/pages\/53208\/revisions"}],"predecessor-version":[{"id":53229,"href":"https:\/\/semmelweis.hu\/egeszsegfejlesztes\/wp-json\/wp\/v2\/pages\/53208\/revisions\/53229"}],"up":[{"embeddable":true,"href":"https:\/\/semmelweis.hu\/egeszsegfejlesztes\/wp-json\/wp\/v2\/pages\/52284"}],"wp:attachment":[{"href":"https:\/\/semmelweis.hu\/egeszsegfejlesztes\/wp-json\/wp\/v2\/media?parent=53208"}],"wp:term":[{"taxonomy":"category","embeddable":true,"href":"https:\/\/semmelweis.hu\/egeszsegfejlesztes\/wp-json\/wp\/v2\/categories?post=53208"},{"taxonomy":"post_tag","embeddable":true,"href":"https:\/\/semmelweis.hu\/egeszsegfejlesztes\/wp-json\/wp\/v2\/tags?post=53208"}],"curies":[{"name":"wp","href":"https:\/\/api.w.org\/{rel}","templated":true}]}}