{"id":53147,"date":"2025-08-21T15:15:37","date_gmt":"2025-08-21T13:15:37","guid":{"rendered":"https:\/\/semmelweis.hu\/egeszsegfejlesztes\/?page_id=53147"},"modified":"2026-02-24T11:00:07","modified_gmt":"2026-02-24T10:00:07","slug":"hatekony-egeszsegfejlesztes-konferencia-ii-hek-ii","status":"publish","type":"page","link":"https:\/\/semmelweis.hu\/egeszsegfejlesztes\/rendezvenyek\/konferenciak-es-szakmai-forumok\/hatekony-egeszsegfejlesztes-konferencia-ii-hek-ii\/","title":{"rendered":"II. Hat\u00e9kony Eg\u00e9szs\u00e9gfejleszt\u00e9s Konferencia (HEK) &#8211; EG\u00c9SZS\u00c9G ELVITELRE"},"content":{"rendered":"<h1 style=\"text-align: center\"><img loading=\"lazy\" decoding=\"async\" class=\"aligncenter wp-image-53395 size-full\" src=\"https:\/\/semmelweis.hu\/egeszsegfejlesztes\/files\/2025\/10\/II.-Hatekony-Egeszsegfejlesztes-Konferencia-HEK-2-1024x256-k.png\" alt=\"\" width=\"582\" height=\"161\" srcset=\"https:\/\/semmelweis.hu\/egeszsegfejlesztes\/files\/2025\/10\/II.-Hatekony-Egeszsegfejlesztes-Konferencia-HEK-2-1024x256-k.png 582w, https:\/\/semmelweis.hu\/egeszsegfejlesztes\/files\/2025\/10\/II.-Hatekony-Egeszsegfejlesztes-Konferencia-HEK-2-1024x256-k-400x111.png 400w\" sizes=\"auto, (max-width: 582px) 100vw, 582px\" \/>EG\u00c9SZS\u00c9G ELVITELRE<\/h1>\n<h4 style=\"text-align: center\"><strong>2025. 11. 07-08.<\/strong><\/h4>\n<h4 style=\"text-align: center\"><strong><span style=\"font-size: 14pt\">Semmelweis Egyetem Elm\u00e9leti Orvostudom\u00e1nyi K\u00f6zpont <\/span><\/strong><br \/>\n<strong><span style=\"font-size: 14pt\">(1094 Budapest, T\u0171zolt\u00f3 u. 37-47.)<\/span><\/strong><\/h4>\n<div class=\"keretes w-100\">\n<h2 style=\"text-align: center\">Tud\u00e1s, \u00e9lm\u00e9ny, prevenci\u00f3 \u2013 elvitelre<\/h2>\n<p><span style=\"font-weight: 400\">A <\/span><b>II. Hat\u00e9kony Eg\u00e9szs\u00e9gfejleszt\u00e9s Konferencia \u2013 \u201eEg\u00e9szs\u00e9g elvitelre\u201d<\/b><span style=\"font-weight: 400\"> arra h\u00edv, hogy egy\u00fctt gondolkodjunk a prevenci\u00f3r\u00f3l, az eg\u00e9szs\u00e9ges \u00e9letm\u00f3d lehet\u0151s\u00e9geir\u0151l \u00e9s a digit\u00e1lis vil\u00e1g kih\u00edv\u00e1sair\u00f3l. Inspir\u00e1l\u00f3 el\u0151ad\u00e1sok, interakt\u00edv workshopok \u00e9s kerekasztal-besz\u00e9lget\u00e9sek v\u00e1rj\u00e1k a r\u00e9sztvev\u0151ket, hogy \u00faj tud\u00e1st \u00e9s gyakorlati eszk\u00f6z\u00f6ket vihessenek haza.<\/span><\/p>\n<p><span style=\"font-weight: 400\">A c\u00e9lunk, hogy mindenki konkr\u00e9t, azonnal alkalmazhat\u00f3 \u00f6tletekkel \u00e9s megold\u00e1sokkal gazdagodjon \u2013 az eg\u00e9szs\u00e9g sz\u00f3 szerint \u201eelvihet\u0151v\u00e9\u201d v\u00e1ljon.<\/span><\/p>\n<\/div>\n<p>Az eg\u00e9szs\u00e9gfejleszt\u00e9s a 21. sz\u00e1zad egyik legnagyobb kih\u00edv\u00e1sa \u00e9s lehet\u0151s\u00e9ge: hogyan juttathatjuk el hat\u00e9konyan az eg\u00e9szs\u00e9g\u00fczeneteket a k\u00fcl\u00f6nb\u00f6z\u0151 gener\u00e1ci\u00f3khoz, \u00e9s milyen szerepet kap ebben a digit\u00e1lis vil\u00e1g, az innov\u00e1ci\u00f3 \u00e9s a k\u00f6z\u00f6ss\u00e9gi aktivit\u00e1s?<\/p>\n<div>\n<div class=\"fontos_div\">\n<p>A K\u00f6zpontunk \u00e1ltal szervezett II. Hat\u00e9kony Eg\u00e9szs\u00e9gfejleszt\u00e9s Konferencia c\u00e9lja, hogy bemutassa a legfrissebb kutat\u00e1sokat, j\u00f3 gyakorlatokat \u00e9s innovat\u00edv m\u00f3dszereket, valamint teret adjon a szakmai p\u00e1rbesz\u00e9dnek \u00e9s a k\u00e9zzelfoghat\u00f3, azonnal alkalmazhat\u00f3 eszk\u00f6z\u00f6k k\u00f6z\u00f6s megismer\u00e9s\u00e9nek.<\/p>\n<\/div>\n<\/div>\n<h3>Mit k\u00edn\u00e1l a program?<\/h3>\n<ul>\n<li><strong>Plen\u00e1ris el\u0151ad\u00e1sok:<\/strong> korm\u00e1nyzati, egyetemi \u00e9s szakmai szervezetek k\u00e9pvisel\u0151i osztj\u00e1k meg v\u00edzi\u00f3jukat a prevenci\u00f3 \u00e9s eg\u00e9szs\u00e9gfejleszt\u00e9s j\u00f6v\u0151j\u00e9r\u0151l.<\/li>\n<li><strong>Kerekasztal-besz\u00e9lget\u00e9sek: <\/strong>aktu\u00e1lis t\u00e1rsadalmi \u00e9s szakmai dilemm\u00e1k neves szak\u00e9rt\u0151k bevon\u00e1s\u00e1val, a digit\u00e1lis vil\u00e1g \u00e9s a gener\u00e1ci\u00f3k eg\u00e9szs\u00e9ge f\u00f3kusz\u00e1ban.<\/li>\n<li><strong>Interakt\u00edv workshopok: <\/strong>saj\u00e1t\u00e9lm\u00e9ny\u0171, kis l\u00e9tsz\u00e1m\u00fa foglalkoz\u00e1sok, ahol a r\u00e9sztvev\u0151k a gyakorlatban pr\u00f3b\u00e1lhatj\u00e1k ki a prevenci\u00f3 \u00faj eszk\u00f6zeit (digit\u00e1lis j\u00f3ll\u00e9t, dr\u00e1mapedag\u00f3gia, innovat\u00edv sz\u0171r\u00e9sek).<\/li>\n<li><strong>K\u00eds\u00e9r\u0151programok:<\/strong> betegszervezetek bemutatkoz\u00e1sa, interakt\u00edv demonstr\u00e1ci\u00f3s eszk\u00f6z\u00f6k a Nemzeti N\u00e9peg\u00e9szs\u00e9g\u00fcgyi \u00e9s Gy\u00f3gyszer\u00e9szeti K\u00f6zpont j\u00f3volt\u00e1b\u00f3l.<\/li>\n<li><strong>Gyakorlati haszon a r\u00e9sztvev\u0151knek: <\/strong>friss kutat\u00e1si eredm\u00e9nyek \u00e9s j\u00f3 gyakorlatok megismer\u00e9se, azonnal haszn\u00e1lhat\u00f3 prevenci\u00f3s m\u00f3dszerek elsaj\u00e1t\u00edt\u00e1sa, a digit\u00e1lis vil\u00e1g eg\u00e9szs\u00e9gre gyakorolt hat\u00e1sainak jobb meg\u00e9rt\u00e9se, valamint szakmai tapasztalatcsere \u00e9s \u00faj egy\u00fcttm\u0171k\u00f6d\u00e9sek kialak\u00edt\u00e1sa.<\/li>\n<\/ul>\n<h3>Kiknek aj\u00e1nljuk?<\/h3>\n<p>Mindazoknak, akik fontosnak tartj\u00e1k a lakoss\u00e1g eg\u00e9szs\u00e9gfejleszt\u00e9s\u00e9t \u00e9s a prevenci\u00f3 hat\u00e9konys\u00e1g\u00e1t:<\/p>\n<ul>\n<li>pedag\u00f3gusoknak, eg\u00e9szs\u00e9gfejleszt\u0151knek, v\u00e9d\u0151n\u0151knek,<\/li>\n<li>eg\u00e9szs\u00e9g\u00fcgyi dolgoz\u00f3knak, pszichol\u00f3gusoknak, seg\u00edt\u0151 szakembereknek,<\/li>\n<li>d\u00f6nt\u00e9shoz\u00f3knak, int\u00e9zm\u00e9nyvezet\u0151knek \u00e9s szakpolitikai szerepl\u0151knek,<\/li>\n<li>civil \u00e9s betegszervezetek k\u00e9pvisel\u0151inek,<\/li>\n<li>hallgat\u00f3knak, akik nyitottak az eg\u00e9szs\u00e9gfejleszt\u00e9s innovat\u00edv megk\u00f6zel\u00edt\u00e9seire.<\/li>\n<\/ul>\n<blockquote>\n<p style=\"text-align: center\">A konferencia c\u00e9lja, hogy k\u00f6z\u00f6sen tegy\u00fcnk l\u00e9p\u00e9seket egy eg\u00e9szs\u00e9gesebb, tudatosabb t\u00e1rsadalom fel\u00e9.<\/p>\n<\/blockquote>\n<p style=\"text-align: center\">Szeretettel v\u00e1rjuk mindazokat, akik hisznek abban, hogy a prevenci\u00f3 a j\u00f6v\u0151 kulcsa.<\/p>\n<p style=\"text-align: center\"><span style=\"font-size: 14pt\"><a class=\"button\" href=\"https:\/\/forms.gle\/gLL7Ua1agNKjo8v89\" target=\"_blank\" rel=\"noopener\">regisztr\u00e1ci\u00f3<\/a>\u00a0 \u00a0 \u00a0 \u00a0 \u00a0\u00a0 \u00a0\u00a0 <\/span><span style=\"font-size: 14pt\"><a class=\"btn btn-light\" href=\"https:\/\/semmelweis.hu\/egeszsegfejlesztes\/files\/2025\/11\/II.-HEK_uj-2-napos-program.pdf\" target=\"_blank\" rel=\"noopener\">program (pdf)<\/a><a id=\"workshop\"><\/a><\/span><\/p>\n<hr \/>\n<h1 style=\"text-align: center\">Workshopok<\/h1>\n<div class=\"fontos_div\">\n<p>Az al\u00e1bbi workshopok p\u00e1rhuzamosan ker\u00fclnek megrendez\u00e9sre.<\/p>\n<p>Amennyiben betelnek, a plen\u00e1ris \u00fcl\u00e9sen val\u00f3 r\u00e9szv\u00e9telre van lehet\u0151s\u00e9g.<\/p>\n<\/div>\n<h2 style=\"text-align: center\">1. Nap: 2025.11.07.<\/h2>\n<h4 style=\"text-align: center\"><strong><span style=\"font-size: 18pt\">Digit\u00e1lis \u00f6nismeret\u00a0workshopok <\/span><\/strong><\/h4>\n<h6 style=\"text-align: center\">15:15- 16:35<\/h6>\n<h6><b>\u26a0\ufe0f Fontos inform\u00e1ci\u00f3: <\/b>A workshopok maxim\u00e1lis l\u00e9tsz\u00e1ma 20 f\u0151, a helyeket a regisztr\u00e1ci\u00f3 sorrendj\u00e9ben tudjuk biztos\u00edtani.\u00a0<\/h6>\n<ul>\n<li>\n<h6><strong>Gondolkodj okosan!<\/strong> &#8211;\u00a0M\u00e9diatudatoss\u00e1g, kritikai gondolkod\u00e1s<br \/>\n<strong><a href=\"https:\/\/forms.gle\/UQeBo4bPbTcGgZTt5\" target=\"_blank\" rel=\"noopener\">Jelentkezem \u2192<\/a><\/strong><\/h6>\n<\/li>\n<li>\n<h6><strong>Mir\u0151l \u00e1rulkodik, mit \u00e1rul el r\u00f3lunk a k\u00f6z\u00f6ss\u00e9gim\u00e9dia-aktivit\u00e1sunk?<\/strong> &#8211; Digit\u00e1lis vs. val\u00f3di identit\u00e1sunk<br \/>\n<strong><a href=\"https:\/\/forms.gle\/P8gWUYRBXVi5RobH6\" target=\"_blank\" rel=\"noopener\">Jelentkezem \u2192<\/a><\/strong><\/h6>\n<\/li>\n<li>\n<h6><strong style=\"text-align: center\">Mit tesznek vel\u00fcnk a digit\u00e1lis hat\u00e1sok(k)? &#8211; <\/strong>Technostressz \u00e9s digit\u00e1lis detox<br \/>\n<strong><a href=\"https:\/\/forms.gle\/aHrriFLyNna9mFQr5\" target=\"_blank\" rel=\"noopener\">Jelentkezem \u2192<\/a><\/strong><\/h6>\n<\/li>\n<\/ul>\n<hr \/>\n<h2 style=\"text-align: center\">2. Nap: 2025.11.08.<\/h2>\n<h4 style=\"text-align: center\"><strong>Gener\u00e1ci\u00f3s akad\u00e1lyok workshopok<\/strong><\/h4>\n<h6 style=\"text-align: center\">11:40-13:00<\/h6>\n<h6>\u26a0\ufe0f <strong>Fontos inform\u00e1ci\u00f3:<\/strong> A workshopok maxim\u00e1lis l\u00e9tsz\u00e1ma 20 f\u0151, a helyeket a regisztr\u00e1ci\u00f3 sorrendj\u00e9ben tudjuk biztos\u00edtani.\u00a0<\/h6>\n<ul>\n<li>\n<h6><span data-olk-copy-source=\"MessageBody\"><strong>Hogyan jussunk el digit\u00e1lis eszk\u00f6z\u00f6k n\u00e9lk\u00fcl, de innovat\u00edv m\u00f3dszerekkel a gyerekek tudat\u00e1ig? <\/strong><\/span>&#8211; Dr\u00e1mapedag\u00f3gia<br \/>\n<strong><a href=\"https:\/\/forms.gle\/mcrxB9EnWfg2zuyZ7\" target=\"_blank\" rel=\"noopener\">Jelentkezem \u2192<\/a><\/strong><\/h6>\n<\/li>\n<li>\n<h6><strong>Hogyan kiab\u00e1ljuk t\u00fal vagy ker\u00fclj\u00fck meg a digit\u00e1lis zajt, hogy eljussunk a fiatal feln\u0151ttek tudat\u00e1ig? <br \/>\n<a href=\"https:\/\/forms.gle\/Nqo9hdMLhFW5jrAi6\" target=\"_blank\" rel=\"noopener\">Jelentkezem \u2192<\/a><\/strong><\/h6>\n<\/li>\n<li>\n<h6><strong>Az MI p\u00e1cienseiv\u00e9 v\u00e1l(t)unk?<\/strong> &#8211; Az elmos\u00f3d\u00f3 hat\u00e1rok \u00e1tl\u00e9p\u00e9s\u00e9nek el\u0151nyei \u00e9s hi\u00e1nyoss\u00e1gai <strong><a href=\"https:\/\/forms.gle\/Js4YfhmXxnoAAdGY9\" target=\"_blank\" rel=\"noopener\">Jelentkezem \u2192<\/a>\u00a0<\/strong><\/h6>\n<\/li>\n<\/ul>\n<hr \/>\n<h1 style=\"text-align: center\">T\u00e1mogat\u00f3ink:<\/h1>\n<table class=\" aligncenter\" style=\"height: 93px;width: 100.581%;border-collapse: collapse;border-style: none\">\n<tbody>\n<tr>\n<td style=\"width: 330.587px;border-style: hidden;text-align: center;vertical-align: middle\"><a href=\"https:\/\/aktivmagyarorszag.hu\/\"><img loading=\"lazy\" decoding=\"async\" class=\"aligncenter wp-image-53330 size-full\" src=\"https:\/\/semmelweis.hu\/egeszsegfejlesztes\/files\/2025\/10\/1.png\" alt=\"\" width=\"500\" height=\"250\" srcset=\"https:\/\/semmelweis.hu\/egeszsegfejlesztes\/files\/2025\/10\/1.png 500w, https:\/\/semmelweis.hu\/egeszsegfejlesztes\/files\/2025\/10\/1-400x200.png 400w\" sizes=\"auto, (max-width: 500px) 100vw, 500px\" \/><\/a><\/td>\n<td style=\"width: 330.587px;border-style: hidden;text-align: center;vertical-align: middle\"><a href=\"https:\/\/semmelweis.hu\/\"><img loading=\"lazy\" decoding=\"async\" class=\"aligncenter wp-image-53332 size-full\" src=\"https:\/\/semmelweis.hu\/egeszsegfejlesztes\/files\/2025\/10\/3.png\" alt=\"\" width=\"500\" height=\"250\" srcset=\"https:\/\/semmelweis.hu\/egeszsegfejlesztes\/files\/2025\/10\/3.png 500w, https:\/\/semmelweis.hu\/egeszsegfejlesztes\/files\/2025\/10\/3-400x200.png 400w\" sizes=\"auto, (max-width: 500px) 100vw, 500px\" \/><\/a><\/td>\n<td style=\"width: 330.825px;border-style: hidden;text-align: center;vertical-align: middle\"><a href=\"https:\/\/semmelweis.hu\/egeszsegfejlesztes\/\"><img loading=\"lazy\" decoding=\"async\" class=\"wp-image-53331 size-full alignnone\" src=\"https:\/\/semmelweis.hu\/egeszsegfejlesztes\/files\/2025\/10\/2.png\" alt=\"\" width=\"500\" height=\"250\" srcset=\"https:\/\/semmelweis.hu\/egeszsegfejlesztes\/files\/2025\/10\/2.png 500w, https:\/\/semmelweis.hu\/egeszsegfejlesztes\/files\/2025\/10\/2-400x200.png 400w\" sizes=\"auto, (max-width: 500px) 100vw, 500px\" \/><\/a><\/td>\n<\/tr>\n<\/tbody>\n<\/table>\n<p>&nbsp;<\/p>\n<p>&nbsp;<\/p>\n","protected":false},"excerpt":{"rendered":"<p>EG\u00c9SZS\u00c9G ELVITELRE 2025. 11. 07-08. Semmelweis Egyetem Elm\u00e9leti Orvostudom\u00e1nyi K\u00f6zpont (1094 Budapest, T\u0171zolt\u00f3 u. 37-47.) Tud\u00e1s, \u00e9lm\u00e9ny, prevenci\u00f3 \u2013 elvitelre A II. Hat\u00e9kony Eg\u00e9szs\u00e9gfejleszt\u00e9s Konferencia \u2013 \u201eEg\u00e9szs\u00e9g elvitelre\u201d arra h\u00edv, hogy egy\u00fctt gondolkodjunk a prevenci\u00f3r\u00f3l, az eg\u00e9szs\u00e9ges \u00e9letm\u00f3d lehet\u0151s\u00e9geir\u0151l \u00e9s a digit\u00e1lis vil\u00e1g kih\u00edv\u00e1sair\u00f3l. Inspir\u00e1l\u00f3 el\u0151ad\u00e1sok, interakt\u00edv workshopok \u00e9s kerekasztal-besz\u00e9lget\u00e9sek v\u00e1rj\u00e1k a r\u00e9sztvev\u0151ket, hogy \u00faj &hellip;<\/p>\n","protected":false},"author":102493,"featured_media":53342,"parent":50427,"menu_order":1,"comment_status":"closed","ping_status":"closed","template":"","meta":{"_acf_changed":false,"footnotes":""},"categories":[],"tags":[],"class_list":["post-53147","page","type-page","status-publish","has-post-thumbnail","hentry"],"acf":[],"_links":{"self":[{"href":"https:\/\/semmelweis.hu\/egeszsegfejlesztes\/wp-json\/wp\/v2\/pages\/53147","targetHints":{"allow":["GET"]}}],"collection":[{"href":"https:\/\/semmelweis.hu\/egeszsegfejlesztes\/wp-json\/wp\/v2\/pages"}],"about":[{"href":"https:\/\/semmelweis.hu\/egeszsegfejlesztes\/wp-json\/wp\/v2\/types\/page"}],"author":[{"embeddable":true,"href":"https:\/\/semmelweis.hu\/egeszsegfejlesztes\/wp-json\/wp\/v2\/users\/102493"}],"replies":[{"embeddable":true,"href":"https:\/\/semmelweis.hu\/egeszsegfejlesztes\/wp-json\/wp\/v2\/comments?post=53147"}],"version-history":[{"count":10,"href":"https:\/\/semmelweis.hu\/egeszsegfejlesztes\/wp-json\/wp\/v2\/pages\/53147\/revisions"}],"predecessor-version":[{"id":53432,"href":"https:\/\/semmelweis.hu\/egeszsegfejlesztes\/wp-json\/wp\/v2\/pages\/53147\/revisions\/53432"}],"up":[{"embeddable":true,"href":"https:\/\/semmelweis.hu\/egeszsegfejlesztes\/wp-json\/wp\/v2\/pages\/50427"}],"wp:featuredmedia":[{"embeddable":true,"href":"https:\/\/semmelweis.hu\/egeszsegfejlesztes\/wp-json\/wp\/v2\/media\/53342"}],"wp:attachment":[{"href":"https:\/\/semmelweis.hu\/egeszsegfejlesztes\/wp-json\/wp\/v2\/media?parent=53147"}],"wp:term":[{"taxonomy":"category","embeddable":true,"href":"https:\/\/semmelweis.hu\/egeszsegfejlesztes\/wp-json\/wp\/v2\/categories?post=53147"},{"taxonomy":"post_tag","embeddable":true,"href":"https:\/\/semmelweis.hu\/egeszsegfejlesztes\/wp-json\/wp\/v2\/tags?post=53147"}],"curies":[{"name":"wp","href":"https:\/\/api.w.org\/{rel}","templated":true}]}}