{"id":52640,"date":"2025-02-17T12:46:29","date_gmt":"2025-02-17T11:46:29","guid":{"rendered":"https:\/\/semmelweis.hu\/egeszsegfejlesztes\/?page_id=52640"},"modified":"2025-12-03T14:57:15","modified_gmt":"2025-12-03T13:57:15","slug":"prevencios-szolgaltatasok","status":"publish","type":"page","link":"https:\/\/semmelweis.hu\/egeszsegfejlesztes\/prevencios-szolgaltatasok\/","title":{"rendered":"Prevenci\u00f3s szolg\u00e1ltat\u00e1sok &#8211; Az \u00d6n ig\u00e9nyeire szabva!"},"content":{"rendered":"<h6><span style=\"color: #333399;font-size: 18pt\"><strong><a href=\"https:\/\/semmelweis.hu\/egeszsegfejlesztes\/files\/2025\/02\/szolgaltatasok-fokep-1.jpg\"><img loading=\"lazy\" decoding=\"async\" class=\"alignright wp-image-52675\" src=\"https:\/\/semmelweis.hu\/egeszsegfejlesztes\/files\/2025\/02\/szolgaltatasok-fokep-1-343x400.jpg\" alt=\"\" width=\"433\" height=\"505\" srcset=\"https:\/\/semmelweis.hu\/egeszsegfejlesztes\/files\/2025\/02\/szolgaltatasok-fokep-1-343x400.jpg 343w, https:\/\/semmelweis.hu\/egeszsegfejlesztes\/files\/2025\/02\/szolgaltatasok-fokep-1.jpg 600w\" sizes=\"auto, (max-width: 433px) 100vw, 433px\" \/><\/a>PREVENCI\u00d3S SZOLG\u00c1LTAT\u00c1SOK<\/strong><\/span><\/h6>\n<h6><span style=\"color: #333399\"><em>AZ \u00d6N IG\u00c9NYEIRE SZABVA!<\/em><\/span><\/h6>\n<div class=\"fontos_div\">\n<ul>\n<li>Munkahelyi eg\u00e9szs\u00e9gfejleszt\u00e9s<\/li>\n<li>Rendezv\u00e9nyek<\/li>\n<li>Szakmai egy\u00fcttm\u0171k\u00f6d\u00e9s<\/li>\n<\/ul>\n<\/div>\n<p>A betegs\u00e9gek kialakul\u00e1s\u00e1nak megel\u0151z\u00e9se, az eg\u00e9szs\u00e9g meg\u0151rz\u00e9se mindannyiunk \u00e9lethosszig tart\u00f3 feladata, ehhez ny\u00fajtunk professzion\u00e1lis seg\u00edts\u00e9get.<\/p>\n<p>\u00a0Akt\u00edv szakmai kapcsolatot \u00e1polunk eg\u00e9szs\u00e9gtudatos c\u00e9gekkel, oktat\u00e1si int\u00e9zm\u00e9nyekkel, \u00f6nkorm\u00e1nyzatokkal, nonprofit szervezetekkel, egyes\u00fcletekkel \u00e9s mag\u00e1nszem\u00e9lyekkel.<\/p>\n<p><strong>C\u00e9lunk, hogy \u00e9rdemi seg\u00edts\u00e9get ny\u00fajtsunk a munkav\u00e1llal\u00f3k eg\u00e9szs\u00e9g\u00e9nek fejleszt\u00e9s\u00e9hez, a munkahelyi well-beinghez, ez\u00e1ltal hozz\u00e1j\u00e1ruljunk a dolgoz\u00f3k munkak\u00e9pess\u00e9g\u00e9nek meg\u0151rz\u00e9s\u00e9hez \u00e9s a hum\u00e1ner\u0151forr\u00e1s-fluktu\u00e1ci\u00f3 cs\u00f6kkent\u00e9s\u00e9hez.<\/strong><\/p>\n<p>Magyarorsz\u00e1g vezet\u0151 orvos- \u00e9s eg\u00e9szs\u00e9gtudom\u00e1nyi egyetem\u00e9nek Eg\u00e9szs\u00e9gfejleszt\u00e9si K\u00f6zpontjak\u00e9nt k\u00fcldet\u00e9s\u00fcnk, hogy innovat\u00edv eszk\u00f6z\u00f6kkel, a c\u00e9lcsoport ig\u00e9nyeinek \u00e9s saj\u00e1toss\u00e1gainak figyelembe v\u00e9tel\u00e9vel &#8222;h\u00e1zhoz vigy\u00fck&#8221; prevenci\u00f3s szolg\u00e1ltat\u00e1sainkat.<\/p>\n<ol>\n<li>\n<h6><span style=\"color: #333399\"><strong>PREVENCI\u00d3S SZ\u0170R\u0150VIZSG\u00c1LATOK<\/strong> \u2013 Az eg\u00e9szs\u00e9g szolg\u00e1lat\u00e1ban!<\/span><\/h6>\n<\/li>\n<\/ol>\n<p>T\u00f6bb szakter\u00fcletet \u00e9rint\u0151, eg\u00e9szs\u00e9gi \u00e1llapot felm\u00e9r\u00e9ssel egybek\u00f6t\u00f6tt tan\u00e1csad\u00e1s a munkav\u00e1llal\u00f3k sz\u00e1m\u00e1ra, well-being szolg\u00e1ltat\u00e1sok.<a href=\"https:\/\/semmelweis.hu\/egeszsegfejlesztes\/files\/2025\/02\/szolgaltatasi-kiajanlo-4-1.jpg\"><img loading=\"lazy\" decoding=\"async\" class=\"alignright wp-image-52673\" src=\"https:\/\/semmelweis.hu\/egeszsegfejlesztes\/files\/2025\/02\/szolgaltatasi-kiajanlo-4-1-343x400.jpg\" alt=\"\" width=\"266\" height=\"311\" srcset=\"https:\/\/semmelweis.hu\/egeszsegfejlesztes\/files\/2025\/02\/szolgaltatasi-kiajanlo-4-1-343x400.jpg 343w, https:\/\/semmelweis.hu\/egeszsegfejlesztes\/files\/2025\/02\/szolgaltatasi-kiajanlo-4-1.jpg 600w\" sizes=\"auto, (max-width: 266px) 100vw, 266px\" \/><\/a><\/p>\n<ol start=\"2\">\n<li>\n<h6><span style=\"color: #333399\"><strong>CSOPORTOS FOGLALKOZ\u00c1SOK<\/strong> \u2013 A k\u00f6z\u00f6ss\u00e9g ereje!<\/span><\/h6>\n<\/li>\n<\/ol>\n<p>A csoportos foglalkoz\u00e1sok sor\u00e1n a k\u00f6z\u00f6ss\u00e9g erej\u00e9re \u00e9p\u00edt\u00fcnk, mely lend\u00fcletet \u00e9s kitart\u00e1st is biztos\u00edt az egy\u00e9nnek arra, hogy \u00f6nmaga eg\u00e9szs\u00e9gi \u00e1llapot\u00e1t el\u0151mozd\u00edtsa, vagy ak\u00e1r szinten tartsa. A csomagba tartozhatnak csoportos ment\u00e1lis eg\u00e9szs\u00e9gprogramok (pl. stresszkezel\u00e9s, asszert\u00edv kommunik\u00e1ci\u00f3) \u00e9s csoportos mozg\u00e1sprogramok egyar\u00e1nt, melyek seg\u00edtenek az egy\u00e9n vagy ak\u00e1r k\u00f6z\u00f6ss\u00e9g\/munkak\u00f6rnyezet motiv\u00e1ci\u00f3j\u00e1nak, illetve megfelel\u0151 energiaszintj\u00e9nek fenntart\u00e1s\u00e1ban.\u00a0<\/p>\n<ol start=\"3\">\n<li>\n<h6><span style=\"color: #333399\"><strong>INTERAKT\u00cdV J\u00c1T\u00c9KOK<\/strong> \u2013 Eg\u00e9szs\u00e9gfejleszt\u00e9s j\u00e1t\u00e9kosan<\/span><\/h6>\n<\/li>\n<\/ol>\n<p>A prevenci\u00f3s j\u00e1t\u00e9kok, foglalkoz\u00e1sok c\u00e9lja, hogy adott t\u00e9m\u00e1ban olyan tud\u00e1st biztos\u00edtsanak, amelyet a r\u00e9sztvev\u0151k a gyakorlatban is alkalmazni tudnak. A foglalkoz\u00e1sok szakmai evidenci\u00e1kon alapulnak, \u00e9s minden esetben egy-egy \u00e9letm\u00f3dot befoly\u00e1sol\u00f3 f\u0151 t\u00e9nyez\u0151 t\u00e9mak\u00f6r\u00e9t dolgozz\u00e1k fel.<\/p>\n<p>Valamennyi koroszt\u00e1ly sz\u00e1m\u00e1ra \u00e9lm\u00e9nyt ny\u00fajtanak, mik\u00f6zben seg\u00edtenek elsaj\u00e1t\u00edtani a sz\u00fcks\u00e9ges t\u00f6bblettud\u00e1st.<a href=\"https:\/\/semmelweis.hu\/egeszsegfejlesztes\/files\/2025\/02\/szolgaltatasi-kiajanlo-5-e1739789574992.jpg\"><img loading=\"lazy\" decoding=\"async\" class=\"aligncenter wp-image-52643\" src=\"https:\/\/semmelweis.hu\/egeszsegfejlesztes\/files\/2025\/02\/szolgaltatasi-kiajanlo-5-e1739789574992-400x183.jpg\" alt=\"\" width=\"772\" height=\"353\" srcset=\"https:\/\/semmelweis.hu\/egeszsegfejlesztes\/files\/2025\/02\/szolgaltatasi-kiajanlo-5-e1739789574992-400x183.jpg 400w, https:\/\/semmelweis.hu\/egeszsegfejlesztes\/files\/2025\/02\/szolgaltatasi-kiajanlo-5-e1739789574992-1024x469.jpg 1024w, https:\/\/semmelweis.hu\/egeszsegfejlesztes\/files\/2025\/02\/szolgaltatasi-kiajanlo-5-e1739789574992-768x352.jpg 768w, https:\/\/semmelweis.hu\/egeszsegfejlesztes\/files\/2025\/02\/szolgaltatasi-kiajanlo-5-e1739789574992-753x345.jpg 753w, https:\/\/semmelweis.hu\/egeszsegfejlesztes\/files\/2025\/02\/szolgaltatasi-kiajanlo-5-e1739789574992.jpg 1300w\" sizes=\"auto, (max-width: 772px) 100vw, 772px\" \/><\/a><\/p>\n<ol start=\"4\">\n<li>\n<h6><span style=\"color: #333399\"><strong>EL\u0150AD\u00c1S, WORKSHOP<\/strong> \u2013 Hiteles, k\u00f6z\u00e9rthet\u0151<\/span><\/h6>\n<\/li>\n<\/ol>\n<p>Az \u00e9letm\u00f3dv\u00e1lt\u00e1shoz kapcsol\u00f3d\u00f3 t\u00e9m\u00e1k \u00e9letkort\u00f3l f\u00fcggetlen\u00fcl nagy \u00e9rdekl\u0151d\u00e9sre tartanak sz\u00e1mot. A munk\u00e1ltat\u00f3k \u00e9s a munkav\u00e1llal\u00f3k is egyre tudatosabban \u00e1llnak a k\u00e9rd\u00e9shez, azonban nem minden esetben fordulnak hiteles forr\u00e1shoz. Szakmai tapasztalattal rendelkez\u0151 koll\u00e9g\u00e1kat foglalkoztat\u00f3egyetem\u00fcnk biztos h\u00e1tteret ny\u00fajt ahhoz, hogy hiteles \u00e9s innovat\u00edv szakmai el\u0151ad\u00e1sokat, workshopokat tartsunk a megrendel\u0151 ig\u00e9nyeihez igazodva. <a href=\"https:\/\/semmelweis.hu\/egeszsegfejlesztes\/files\/2025\/02\/prev-szolgaltatasok-7-1.jpg\"><img loading=\"lazy\" decoding=\"async\" class=\"alignright wp-image-52674\" src=\"https:\/\/semmelweis.hu\/egeszsegfejlesztes\/files\/2025\/02\/prev-szolgaltatasok-7-1-343x400.jpg\" alt=\"\" width=\"260\" height=\"303\" srcset=\"https:\/\/semmelweis.hu\/egeszsegfejlesztes\/files\/2025\/02\/prev-szolgaltatasok-7-1-343x400.jpg 343w, https:\/\/semmelweis.hu\/egeszsegfejlesztes\/files\/2025\/02\/prev-szolgaltatasok-7-1.jpg 600w\" sizes=\"auto, (max-width: 260px) 100vw, 260px\" \/><\/a><\/p>\n<ol start=\"5\">\n<li>\n<h6><span style=\"color: #333399\"><strong>EG\u00c9SZS\u00c9GKOMMUNIK\u00c1CI\u00d3<\/strong> \u2013 Ami mindenkit foglalkoztat<\/span><span style=\"color: #333399\"><br \/>\n<\/span><\/h6>\n<\/li>\n<\/ol>\n<p>Napjainkban egyre t\u00f6bb olyan offline \u00e9s online fel\u00fclet \u00e9rhet\u0151 el, ahol inform\u00e1ci\u00f3kat szerezhet\u00fcnk. Ezek jelent\u0151s r\u00e9sze azonban szakmailag nem hiteles, forr\u00e1s szempontj\u00e1b\u00f3l nem visszak\u00f6vethet\u0151 tartalmakat tesz k\u00f6zz\u00e9 vagy oszt tov\u00e1bb. K\u00f6zpontunk munkat\u00e1rsaival szakmailag megalapozott sz\u00f6veges tartalmakat k\u00e9sz\u00edts\u00fcnk a megrendel\u0151 ig\u00e9nyeihez \u00e9s az \u00e1ltala haszn\u00e1lt st\u00edlusjegyekhez igazodva.<\/p>\n<div class=\"keretes w-100\">\n<p style=\"text-align: center\"><span style=\"font-size: 18pt\"><strong>Tudta?!<\/strong> Az <strong><a href=\"https:\/\/semmelweis.hu\/egeszsegfejlesztes\/elvitelre\/\"><i>Eg\u00e9szs\u00e9g elvitelre<\/i><\/a><\/strong> c\u00edm\u0171 k\u00f6nyv\u00fcnk a piacon egyed\u00fcl\u00e1ll\u00f3 interakt\u00edv eg\u00e9szs\u00e9gfejleszt\u0151 eszk\u00f6z.<\/span><br \/>\n<span style=\"font-size: 18pt\">A k\u00f6nyvet online is megv\u00e1s\u00e1rolhatja <a href=\"https:\/\/www.semmelweiskiado.hu\/termek\/1730\/egeszseg-elvitelre-minden-amit-onmagadert-tehetsz-lehetoseg-onmagamnak-melleklettel\">ITT<\/a>.<\/span><\/p>\n<\/div>\n<h5><span style=\"color: #333399\">KAPCSOLAT:<\/span><\/h5>\n<p>A szolg\u00e1ltat\u00e1sainkhoz tartoz\u00f3 r\u00e9szletes le\u00edr\u00e1st \u00e9s <strong>a szolg\u00e1ltat\u00e1scsomag r\u00e9szletes tartalm\u00e1t<\/strong> k\u00e9rje kapcsolattart\u00e1s\u00e9rt felel\u0151s koll\u00e9g\u00e1nkt\u00f3l.<\/p>\n<div class=\"fontos_div w-100\">\n<p><strong><a href=\"https:\/\/semmelweis.hu\/egeszsegfejlesztes\/files\/2025\/05\/Evi20251.jpg\"><img loading=\"lazy\" decoding=\"async\" class=\"wp-image-52891  alignleft\" src=\"https:\/\/semmelweis.hu\/egeszsegfejlesztes\/files\/2025\/05\/Evi20251-724x1024.jpg\" alt=\"\" width=\"194\" height=\"274\" srcset=\"https:\/\/semmelweis.hu\/egeszsegfejlesztes\/files\/2025\/05\/Evi20251-724x1024.jpg 724w, https:\/\/semmelweis.hu\/egeszsegfejlesztes\/files\/2025\/05\/Evi20251-283x400.jpg 283w, https:\/\/semmelweis.hu\/egeszsegfejlesztes\/files\/2025\/05\/Evi20251-768x1087.jpg 768w, https:\/\/semmelweis.hu\/egeszsegfejlesztes\/files\/2025\/05\/Evi20251-753x1066.jpg 753w, https:\/\/semmelweis.hu\/egeszsegfejlesztes\/files\/2025\/05\/Evi20251.jpg 848w\" sizes=\"auto, (max-width: 194px) 100vw, 194px\" \/><\/a>Borenszki-Gut\u00e1si \u00c9va<\/strong><\/p>\n<p>partnerkapcsolatok\u00e9rt felel\u0151s munkat\u00e1rs<\/p>\n<p>&nbsp;<\/p>\n<p><span style=\"color: #000080\">borenszki-gutasi.eva@semmelweis.hu\u00a0<\/span><\/p>\n<p>&nbsp;<\/p>\n<p><strong>\u00c1lljon az eg\u00e9szs\u00e9g mell\u00e9, keressen minket m\u00e9g ma!<\/strong><\/p>\n<\/div>\n<div class=\"w-100\">\n<h6><span style=\"color: #333399\">Tov\u00e1bbi tartalmak\u00e9rt \u00e9s tudnival\u00f3k\u00e9rt k\u00f6vessen minket k\u00f6z\u00f6ss\u00e9gim\u00e9dia fel\u00fcleteinken:<\/span><\/h6>\n<h6><span style=\"color: #333399\"><a href=\"https:\/\/www.instagram.com\/egeszsegbenazero\/\"><img loading=\"lazy\" decoding=\"async\" class=\"wp-image-50102 alignnone\" src=\"https:\/\/semmelweis.hu\/egeszsegfejlesztes\/files\/2021\/05\/3.jpg\" alt=\"\" width=\"60\" height=\"60\" \/><\/a> <a href=\"https:\/\/www.facebook.com\/seegeszsegfejlesztesikozpont\/\"><img loading=\"lazy\" decoding=\"async\" class=\"alignnone  wp-image-50101\" src=\"https:\/\/semmelweis.hu\/egeszsegfejlesztes\/files\/2021\/05\/2.jpg\" alt=\"\" width=\"59\" height=\"59\" \/><\/a>\u00a0<\/span><\/h6>\n<\/div>\n<p>&nbsp;<\/p>\n<div>\n<p>&nbsp;<\/p>\n<\/div>\n","protected":false},"excerpt":{"rendered":"<p><a href=\"https:\/\/semmelweis.hu\/egeszsegfejlesztes\/files\/2025\/02\/szolgaltatasok-fokep-1.jpg\"><\/a> PREVENCI\u00d3S SZOLG\u00c1LTAT\u00c1SOK AZ \u00d6N IG\u00c9NYEIRE SZABVA! Munkahelyi eg\u00e9szs\u00e9gfejleszt\u00e9s Rendezv\u00e9nyek Szakmai egy\u00fcttm\u0171k\u00f6d\u00e9s A betegs\u00e9gek kialakul\u00e1s\u00e1nak megel\u0151z\u00e9se, az eg\u00e9szs\u00e9g meg\u0151rz\u00e9se mindannyiunk \u00e9lethosszig tart\u00f3 feladata, ehhez ny\u00fajtunk professzion\u00e1lis seg\u00edts\u00e9get. \u00a0Akt\u00edv szakmai kapcsolatot \u00e1polunk eg\u00e9szs\u00e9gtudatos c\u00e9gekkel, oktat\u00e1si int\u00e9zm\u00e9nyekkel, \u00f6nkorm\u00e1nyzatokkal, nonprofit szervezetekkel, egyes\u00fcletekkel \u00e9s mag\u00e1nszem\u00e9lyekkel. C\u00e9lunk, hogy \u00e9rdemi seg\u00edts\u00e9get ny\u00fajtsunk a munkav\u00e1llal\u00f3k eg\u00e9szs\u00e9g\u00e9nek fejleszt\u00e9s\u00e9hez, a munkahelyi well-beinghez, ez\u00e1ltal hozz\u00e1j\u00e1ruljunk a &hellip;<\/p>\n","protected":false},"author":101613,"featured_media":53258,"parent":0,"menu_order":0,"comment_status":"closed","ping_status":"closed","template":"template-fullwidth.php","meta":{"_acf_changed":false,"footnotes":""},"categories":[153],"tags":[],"class_list":["post-52640","page","type-page","status-publish","has-post-thumbnail","hentry","category-nyitolap-kartyak"],"acf":[],"_links":{"self":[{"href":"https:\/\/semmelweis.hu\/egeszsegfejlesztes\/wp-json\/wp\/v2\/pages\/52640","targetHints":{"allow":["GET"]}}],"collection":[{"href":"https:\/\/semmelweis.hu\/egeszsegfejlesztes\/wp-json\/wp\/v2\/pages"}],"about":[{"href":"https:\/\/semmelweis.hu\/egeszsegfejlesztes\/wp-json\/wp\/v2\/types\/page"}],"author":[{"embeddable":true,"href":"https:\/\/semmelweis.hu\/egeszsegfejlesztes\/wp-json\/wp\/v2\/users\/101613"}],"replies":[{"embeddable":true,"href":"https:\/\/semmelweis.hu\/egeszsegfejlesztes\/wp-json\/wp\/v2\/comments?post=52640"}],"version-history":[{"count":10,"href":"https:\/\/semmelweis.hu\/egeszsegfejlesztes\/wp-json\/wp\/v2\/pages\/52640\/revisions"}],"predecessor-version":[{"id":53532,"href":"https:\/\/semmelweis.hu\/egeszsegfejlesztes\/wp-json\/wp\/v2\/pages\/52640\/revisions\/53532"}],"wp:featuredmedia":[{"embeddable":true,"href":"https:\/\/semmelweis.hu\/egeszsegfejlesztes\/wp-json\/wp\/v2\/media\/53258"}],"wp:attachment":[{"href":"https:\/\/semmelweis.hu\/egeszsegfejlesztes\/wp-json\/wp\/v2\/media?parent=52640"}],"wp:term":[{"taxonomy":"category","embeddable":true,"href":"https:\/\/semmelweis.hu\/egeszsegfejlesztes\/wp-json\/wp\/v2\/categories?post=52640"},{"taxonomy":"post_tag","embeddable":true,"href":"https:\/\/semmelweis.hu\/egeszsegfejlesztes\/wp-json\/wp\/v2\/tags?post=52640"}],"curies":[{"name":"wp","href":"https:\/\/api.w.org\/{rel}","templated":true}]}}