{"id":52546,"date":"2025-02-03T15:20:22","date_gmt":"2025-02-03T14:20:22","guid":{"rendered":"https:\/\/semmelweis.hu\/egeszsegfejlesztes\/?page_id=52546"},"modified":"2025-07-20T16:17:47","modified_gmt":"2025-07-20T14:17:47","slug":"egeszsegertes-noi-egeszseg-koalicio-2024-09-09","status":"publish","type":"page","link":"https:\/\/semmelweis.hu\/egeszsegfejlesztes\/rendezvenyek\/egyuttmukodeseink\/egeszsegertes-noi-egeszseg-koalicio-2024-09-09\/","title":{"rendered":"Eg\u00e9szs\u00e9g\u00c9rt\u00e9s &#8211; N\u0151i Eg\u00e9szs\u00e9g Koal\u00edci\u00f3 2024.09.09."},"content":{"rendered":"<p>A Semmelweis Egyetem Eg\u00e9szs\u00e9gfejleszt\u00e9si K\u00f6zpontja a Roche Magyarorsz\u00e1ggal egy\u00fcttm\u0171k\u00f6dve <strong>&#8222;Eg\u00e9szs\u00e9g\u00c9rt\u00e9s &#8211; N\u0151i Eg\u00e9szs\u00e9g Koal\u00edci\u00f3t&#8221;<\/strong> hozott l\u00e9tre.<\/p>\n<p><a href=\"https:\/\/semmelweis.hu\/egeszsegfejlesztes\/files\/2025\/02\/FGP7903Semmpp.jpg\"><img loading=\"lazy\" decoding=\"async\" class=\"alignleft wp-image-52552\" src=\"https:\/\/semmelweis.hu\/egeszsegfejlesztes\/files\/2025\/02\/FGP7903Semmpp-400x267.jpg\" alt=\"\" width=\"553\" height=\"369\" srcset=\"https:\/\/semmelweis.hu\/egeszsegfejlesztes\/files\/2025\/02\/FGP7903Semmpp-400x267.jpg 400w, https:\/\/semmelweis.hu\/egeszsegfejlesztes\/files\/2025\/02\/FGP7903Semmpp-1024x683.jpg 1024w, https:\/\/semmelweis.hu\/egeszsegfejlesztes\/files\/2025\/02\/FGP7903Semmpp-768x512.jpg 768w, https:\/\/semmelweis.hu\/egeszsegfejlesztes\/files\/2025\/02\/FGP7903Semmpp-1536x1024.jpg 1536w, https:\/\/semmelweis.hu\/egeszsegfejlesztes\/files\/2025\/02\/FGP7903Semmpp-753x502.jpg 753w, https:\/\/semmelweis.hu\/egeszsegfejlesztes\/files\/2025\/02\/FGP7903Semmpp-203x135.jpg 203w, https:\/\/semmelweis.hu\/egeszsegfejlesztes\/files\/2025\/02\/FGP7903Semmpp.jpg 1600w\" sizes=\"auto, (max-width: 553px) 100vw, 553px\" \/><\/a><\/p>\n<p>Az egy\u00fcttm\u0171k\u00f6d\u00e9s c\u00e9lja a n\u0151ket k\u00fcl\u00f6n\u00f6sen \u00e9rint\u0151 betegs\u00e9gek \u00e9s eg\u00e9szs\u00e9g-egyenl\u0151tlens\u00e9gek elleni hat\u00e9kony \u00e9s eredm\u00e9nyes fell\u00e9p\u00e9s el\u0151seg\u00edt\u00e9se szakmai \u00f6sszefog\u00e1s \u00fatj\u00e1n. Az alap\u00edt\u00f3 esem\u00e9nyen felsz\u00f3lalt Merkely B\u00e9la, a Semmelweis Egyetem rektora \u00e9s Oliver Bleck, a Roche r\u00e9gi\u00f3s vezet\u0151je. A besz\u00e9deket kerekasztal diszkusszi\u00f3 k\u00f6vette, amely sor\u00e1n a kardiovaszkul\u00e1ris betegs\u00e9gekr\u0151l, \u00e9s \u00e1ltal\u00e1noss\u00e1gban a megel\u0151z\u00e9s \u00e9s az eg\u00e9szs\u00e9gtudatoss\u00e1g fontoss\u00e1g\u00e1r\u00f3l volt sz\u00f3. Az Eg\u00e9szs\u00e9g\u00fcgyi \u00c1llamtitk\u00e1rs\u00e1g, eg\u00e9szs\u00e9g\u00fcgy szakmai ir\u00e1ny\u00edt\u00e1s\u00e1\u00e9rt felel\u0151s helyettes \u00e1llamtitk\u00e1ra, Bidl\u00f3 Judit a korm\u00e1nyzat prevenci\u00f3s t\u00f6rekv\u00e9seit mutatta be, Szal\u00f3ki Kata, az AIPM vezet\u0151je az innovat\u00edv ter\u00e1pi\u00e1k kiemelked\u0151 szerep\u00e9r\u0151l besz\u00e9lt az ell\u00e1t\u00e1si l\u00e1nc folyamat\u00e1ban, m\u00edg T\u00f3th Ic\u00f3 a M\u00e1lyvavir\u00e1g Alap\u00edtv\u00e1ny eln\u00f6ke a k\u00e9t megk\u00f6zel\u00edt\u00e9st hozta k\u00f6zelebb egym\u00e1shoz, a betegek szempontjait megjelen\u00edtve, kiemelve a betegszervezetek kulcs szerep\u00e9t a lakoss\u00e1g t\u00e1j\u00e9koztat\u00e1s\u00e1ban \u00e9s a szeml\u00e9letform\u00e1l\u00e1sban. Professzor Merkely B\u00e9la a kerekasztal sor\u00e1n kiemelte az oktat\u00e1s egyetemek szerep\u00e9t, az \u00faj\u00edt\u00f3 gondolkod\u00e1s hozhatja el az igazi v\u00e1ltoz\u00e1sokat.\u00a0<\/p>\n<p>&#8222;Fontos l\u00e9p\u00e9s az egyenl\u0151tlens\u00e9gek kapcs\u00e1n, hogy az eg\u00e9szs\u00e9g\u00fcgyre \u00e9rt\u00e9kk\u00e9nt \u00e9s ne k\u00f6lts\u00e9gk\u00e9nt gondoljunk. Amennyiben a n\u0151ket \u00e9rint\u0151 eg\u00e9szs\u00e9g-egyenl\u0151tlens\u00e9geket ki tudjuk k\u00fcsz\u00f6b\u00f6lni, az a becsl\u00e9sek alapj\u00e1n 2040-ig t\u00f6bb mint 800 milli\u00e1rd Ft-nak megfelel\u0151 p\u00e9nz\u00fcgyi t\u00f6bbletet jelenthet Magyarorsz\u00e1gnak. Ez a hal\u00e1lesetek elker\u00fcl\u00e9s\u00e9t, eg\u00e9szs\u00e9gesebb \u00e9letet, valamint ezen kereszt\u00fcl nagyobb produktivit\u00e1st \u00e9s a fogyaszt\u00e1s b\u0151v\u00fcl\u00e9s\u00e9t jelenti a gazdas\u00e1gnak&#8221; &#8211; hangs\u00falyozta Oliver Bleck besz\u00e9de sor\u00e1n.<\/p>\n\r\n        [slb_exclude]\r\n        <div class=\"row galeria-wrapper mx-0 h-auto\">\r\n            <div class=\"col-9 pl-0 pr-2\">\r\n            <span class=\"gallery-item frame\">\r\n\t\t\t\t<div class=\"galeria-left-img\"><a href=\"https:\/\/semmelweis.hu\/egeszsegfejlesztes\/files\/2025\/02\/FGP7990Semmpp.jpg\"><img src=https:\/\/semmelweis.hu\/egeszsegfejlesztes\/files\/2025\/02\/FGP7990Semmpp.jpg  \r\n                            alt=\"\" \r\n                            class=\"attachment-sote-gallery-big size-sote-gallery-big\" \r\n                            srcset=\"https:\/\/semmelweis.hu\/egeszsegfejlesztes\/files\/2025\/02\/FGP7990Semmpp-400x267.jpg 400w, https:\/\/semmelweis.hu\/egeszsegfejlesztes\/files\/2025\/02\/FGP7990Semmpp-1024x683.jpg 1024w, https:\/\/semmelweis.hu\/egeszsegfejlesztes\/files\/2025\/02\/FGP7990Semmpp-768x512.jpg 768w, https:\/\/semmelweis.hu\/egeszsegfejlesztes\/files\/2025\/02\/FGP7990Semmpp-1536x1024.jpg 1536w, https:\/\/semmelweis.hu\/egeszsegfejlesztes\/files\/2025\/02\/FGP7990Semmpp-753x502.jpg 753w, https:\/\/semmelweis.hu\/egeszsegfejlesztes\/files\/2025\/02\/FGP7990Semmpp-203x135.jpg 203w, https:\/\/semmelweis.hu\/egeszsegfejlesztes\/files\/2025\/02\/FGP7990Semmpp.jpg 1600w\" ><\/a><\/div>\r\n            <\/span>\r\n\r\n            <\/div>\r\n\r\n\t\t\t<div class=\"col-3 pl-0 pr-0\">\r\n\t\t\t\t<div class=\"galeria-right-img d-flex justify-content-between flex-column h-100 w-100 px-0 mx-0 \">\r\n                <div class=\"galeria-box\">\r\n\t\t\t\t\t<h3 class=\"galeria-title\">Gal\u00e9ria<\/h3>\r\n\t\t\t\t\t<div class=\"galeria-subtitle\">\r\n\r\n\t\t\t\t\t\t<div class=\"galeria-page-counter\"><span>16<\/span>k\u00e9p<\/div>\r\n                    <\/div> <\/div>\r\n                    <span class=\"gallery-item frame d-none d-md-flex\">\r\n\t\t\t\t\t<div class=\"galeria-small-img mt-0\"><a href=\"https:\/\/semmelweis.hu\/egeszsegfejlesztes\/files\/2025\/02\/FGP7978Semmpp.jpg\"><img src=https:\/\/semmelweis.hu\/egeszsegfejlesztes\/files\/2025\/02\/FGP7978Semmpp.jpg \r\n                                alt=\"\"  \r\n                                class=\"attachment-sote-gallery-small size-sote-gallery-small\" \r\n                                srcset=\"https:\/\/semmelweis.hu\/egeszsegfejlesztes\/files\/2025\/02\/FGP7978Semmpp-400x314.jpg 400w, https:\/\/semmelweis.hu\/egeszsegfejlesztes\/files\/2025\/02\/FGP7978Semmpp-1024x803.jpg 1024w, https:\/\/semmelweis.hu\/egeszsegfejlesztes\/files\/2025\/02\/FGP7978Semmpp-768x602.jpg 768w, https:\/\/semmelweis.hu\/egeszsegfejlesztes\/files\/2025\/02\/FGP7978Semmpp-753x590.jpg 753w, https:\/\/semmelweis.hu\/egeszsegfejlesztes\/files\/2025\/02\/FGP7978Semmpp.jpg 1531w\" ><\/a><\/div>\r\n                    <\/span>\r\n                    <span class=\"gallery-item frame d-none d-md-flex\">\r\n\t\t\t\t\t<div class=\"galeria-small-img mt-0\"><a href=\"https:\/\/semmelweis.hu\/egeszsegfejlesztes\/files\/2025\/02\/FGP7975Semmpp.jpg\"><img src=https:\/\/semmelweis.hu\/egeszsegfejlesztes\/files\/2025\/02\/FGP7975Semmpp.jpg \r\n                                alt=\"\" \r\n                                class=\"attachment-sote-gallery-small size-sote-gallery-small\" \r\n                                srcset=\"https:\/\/semmelweis.hu\/egeszsegfejlesztes\/files\/2025\/02\/FGP7975Semmpp-400x248.jpg 400w, https:\/\/semmelweis.hu\/egeszsegfejlesztes\/files\/2025\/02\/FGP7975Semmpp-1024x636.jpg 1024w, https:\/\/semmelweis.hu\/egeszsegfejlesztes\/files\/2025\/02\/FGP7975Semmpp-768x477.jpg 768w, https:\/\/semmelweis.hu\/egeszsegfejlesztes\/files\/2025\/02\/FGP7975Semmpp-1536x953.jpg 1536w, https:\/\/semmelweis.hu\/egeszsegfejlesztes\/files\/2025\/02\/FGP7975Semmpp-753x467.jpg 753w, https:\/\/semmelweis.hu\/egeszsegfejlesztes\/files\/2025\/02\/FGP7975Semmpp.jpg 1600w\" ><\/a><\/div>\r\n                    <\/span>\r\n\r\n                <\/div>\r\n\r\n            <\/div>\r\n\r\n            <span class=\"gallery-item\"><div class=\"hidden\"><a href=\"https:\/\/semmelweis.hu\/egeszsegfejlesztes\/files\/2025\/02\/FGP7957Semmpp.jpg\">\r\n        <img src=https:\/\/semmelweis.hu\/egeszsegfejlesztes\/files\/2025\/02\/FGP7957Semmpp.jpg alt=\"\" class=\"attachment-sote-gallery-big size-sote-gallery-big\" srcset=\"https:\/\/semmelweis.hu\/egeszsegfejlesztes\/files\/2025\/02\/FGP7957Semmpp-400x300.jpg 400w, https:\/\/semmelweis.hu\/egeszsegfejlesztes\/files\/2025\/02\/FGP7957Semmpp-1024x768.jpg 1024w, https:\/\/semmelweis.hu\/egeszsegfejlesztes\/files\/2025\/02\/FGP7957Semmpp-768x576.jpg 768w, https:\/\/semmelweis.hu\/egeszsegfejlesztes\/files\/2025\/02\/FGP7957Semmpp-1536x1152.jpg 1536w, https:\/\/semmelweis.hu\/egeszsegfejlesztes\/files\/2025\/02\/FGP7957Semmpp-753x565.jpg 753w, https:\/\/semmelweis.hu\/egeszsegfejlesztes\/files\/2025\/02\/FGP7957Semmpp.jpg 1600w\" >\r\n        <\/a><\/div><\/span><span class=\"gallery-item\"><div class=\"hidden\"><a href=\"https:\/\/semmelweis.hu\/egeszsegfejlesztes\/files\/2025\/02\/FGP7952Semmpp.jpg\">\r\n        <img src=https:\/\/semmelweis.hu\/egeszsegfejlesztes\/files\/2025\/02\/FGP7952Semmpp.jpg alt=\"\" class=\"attachment-sote-gallery-big size-sote-gallery-big\" srcset=\"https:\/\/semmelweis.hu\/egeszsegfejlesztes\/files\/2025\/02\/FGP7952Semmpp-400x267.jpg 400w, https:\/\/semmelweis.hu\/egeszsegfejlesztes\/files\/2025\/02\/FGP7952Semmpp-1024x683.jpg 1024w, https:\/\/semmelweis.hu\/egeszsegfejlesztes\/files\/2025\/02\/FGP7952Semmpp-768x512.jpg 768w, https:\/\/semmelweis.hu\/egeszsegfejlesztes\/files\/2025\/02\/FGP7952Semmpp-1536x1024.jpg 1536w, https:\/\/semmelweis.hu\/egeszsegfejlesztes\/files\/2025\/02\/FGP7952Semmpp-753x502.jpg 753w, https:\/\/semmelweis.hu\/egeszsegfejlesztes\/files\/2025\/02\/FGP7952Semmpp-203x135.jpg 203w, https:\/\/semmelweis.hu\/egeszsegfejlesztes\/files\/2025\/02\/FGP7952Semmpp.jpg 1600w\" >\r\n        <\/a><\/div><\/span><span class=\"gallery-item\"><div class=\"hidden\"><a href=\"https:\/\/semmelweis.hu\/egeszsegfejlesztes\/files\/2025\/02\/FGP7949Semmpp.jpg\">\r\n        <img src=https:\/\/semmelweis.hu\/egeszsegfejlesztes\/files\/2025\/02\/FGP7949Semmpp.jpg alt=\"\" class=\"attachment-sote-gallery-big size-sote-gallery-big\" srcset=\"https:\/\/semmelweis.hu\/egeszsegfejlesztes\/files\/2025\/02\/FGP7949Semmpp-400x275.jpg 400w, https:\/\/semmelweis.hu\/egeszsegfejlesztes\/files\/2025\/02\/FGP7949Semmpp-1024x705.jpg 1024w, https:\/\/semmelweis.hu\/egeszsegfejlesztes\/files\/2025\/02\/FGP7949Semmpp-768x528.jpg 768w, https:\/\/semmelweis.hu\/egeszsegfejlesztes\/files\/2025\/02\/FGP7949Semmpp-1536x1057.jpg 1536w, https:\/\/semmelweis.hu\/egeszsegfejlesztes\/files\/2025\/02\/FGP7949Semmpp-175x120.jpg 175w, https:\/\/semmelweis.hu\/egeszsegfejlesztes\/files\/2025\/02\/FGP7949Semmpp-753x518.jpg 753w, https:\/\/semmelweis.hu\/egeszsegfejlesztes\/files\/2025\/02\/FGP7949Semmpp.jpg 1600w\" >\r\n        <\/a><\/div><\/span><span class=\"gallery-item\"><div class=\"hidden\"><a href=\"https:\/\/semmelweis.hu\/egeszsegfejlesztes\/files\/2025\/02\/FGP7944Semmpp.jpg\">\r\n        <img src=https:\/\/semmelweis.hu\/egeszsegfejlesztes\/files\/2025\/02\/FGP7944Semmpp.jpg alt=\"\" class=\"attachment-sote-gallery-big size-sote-gallery-big\" srcset=\"https:\/\/semmelweis.hu\/egeszsegfejlesztes\/files\/2025\/02\/FGP7944Semmpp-365x400.jpg 365w, https:\/\/semmelweis.hu\/egeszsegfejlesztes\/files\/2025\/02\/FGP7944Semmpp-935x1024.jpg 935w, https:\/\/semmelweis.hu\/egeszsegfejlesztes\/files\/2025\/02\/FGP7944Semmpp-768x841.jpg 768w, https:\/\/semmelweis.hu\/egeszsegfejlesztes\/files\/2025\/02\/FGP7944Semmpp-753x824.jpg 753w, https:\/\/semmelweis.hu\/egeszsegfejlesztes\/files\/2025\/02\/FGP7944Semmpp.jpg 1096w\" >\r\n        <\/a><\/div><\/span><span class=\"gallery-item\"><div class=\"hidden\"><a href=\"https:\/\/semmelweis.hu\/egeszsegfejlesztes\/files\/2025\/02\/FGP7943Semmpp.jpg\">\r\n        <img src=https:\/\/semmelweis.hu\/egeszsegfejlesztes\/files\/2025\/02\/FGP7943Semmpp.jpg alt=\"\" class=\"attachment-sote-gallery-big size-sote-gallery-big\" srcset=\"https:\/\/semmelweis.hu\/egeszsegfejlesztes\/files\/2025\/02\/FGP7943Semmpp-400x388.jpg 400w, https:\/\/semmelweis.hu\/egeszsegfejlesztes\/files\/2025\/02\/FGP7943Semmpp-1024x994.jpg 1024w, https:\/\/semmelweis.hu\/egeszsegfejlesztes\/files\/2025\/02\/FGP7943Semmpp-768x746.jpg 768w, https:\/\/semmelweis.hu\/egeszsegfejlesztes\/files\/2025\/02\/FGP7943Semmpp-753x731.jpg 753w, https:\/\/semmelweis.hu\/egeszsegfejlesztes\/files\/2025\/02\/FGP7943Semmpp.jpg 1236w\" >\r\n        <\/a><\/div><\/span><span class=\"gallery-item\"><div class=\"hidden\"><a href=\"https:\/\/semmelweis.hu\/egeszsegfejlesztes\/files\/2025\/02\/FGP7922Semmpp.jpg\">\r\n        <img src=https:\/\/semmelweis.hu\/egeszsegfejlesztes\/files\/2025\/02\/FGP7922Semmpp.jpg alt=\"\" class=\"attachment-sote-gallery-big size-sote-gallery-big\" srcset=\"https:\/\/semmelweis.hu\/egeszsegfejlesztes\/files\/2025\/02\/FGP7922Semmpp-400x317.jpg 400w, https:\/\/semmelweis.hu\/egeszsegfejlesztes\/files\/2025\/02\/FGP7922Semmpp-1024x812.jpg 1024w, https:\/\/semmelweis.hu\/egeszsegfejlesztes\/files\/2025\/02\/FGP7922Semmpp-768x609.jpg 768w, https:\/\/semmelweis.hu\/egeszsegfejlesztes\/files\/2025\/02\/FGP7922Semmpp-753x597.jpg 753w, https:\/\/semmelweis.hu\/egeszsegfejlesztes\/files\/2025\/02\/FGP7922Semmpp.jpg 1514w\" >\r\n        <\/a><\/div><\/span><span class=\"gallery-item\"><div class=\"hidden\"><a href=\"https:\/\/semmelweis.hu\/egeszsegfejlesztes\/files\/2025\/02\/FGP7918Semmpp.jpg\">\r\n        <img src=https:\/\/semmelweis.hu\/egeszsegfejlesztes\/files\/2025\/02\/FGP7918Semmpp.jpg alt=\"\" class=\"attachment-sote-gallery-big size-sote-gallery-big\" srcset=\"https:\/\/semmelweis.hu\/egeszsegfejlesztes\/files\/2025\/02\/FGP7918Semmpp-400x267.jpg 400w, https:\/\/semmelweis.hu\/egeszsegfejlesztes\/files\/2025\/02\/FGP7918Semmpp-1024x683.jpg 1024w, https:\/\/semmelweis.hu\/egeszsegfejlesztes\/files\/2025\/02\/FGP7918Semmpp-768x512.jpg 768w, https:\/\/semmelweis.hu\/egeszsegfejlesztes\/files\/2025\/02\/FGP7918Semmpp-1536x1024.jpg 1536w, https:\/\/semmelweis.hu\/egeszsegfejlesztes\/files\/2025\/02\/FGP7918Semmpp-753x502.jpg 753w, https:\/\/semmelweis.hu\/egeszsegfejlesztes\/files\/2025\/02\/FGP7918Semmpp-203x135.jpg 203w, https:\/\/semmelweis.hu\/egeszsegfejlesztes\/files\/2025\/02\/FGP7918Semmpp.jpg 1600w\" >\r\n        <\/a><\/div><\/span><span class=\"gallery-item\"><div class=\"hidden\"><a href=\"https:\/\/semmelweis.hu\/egeszsegfejlesztes\/files\/2025\/02\/FGP7911Semmpp.jpg\">\r\n        <img src=https:\/\/semmelweis.hu\/egeszsegfejlesztes\/files\/2025\/02\/FGP7911Semmpp.jpg alt=\"\" class=\"attachment-sote-gallery-big size-sote-gallery-big\" srcset=\"https:\/\/semmelweis.hu\/egeszsegfejlesztes\/files\/2025\/02\/FGP7911Semmpp-400x267.jpg 400w, https:\/\/semmelweis.hu\/egeszsegfejlesztes\/files\/2025\/02\/FGP7911Semmpp-1024x683.jpg 1024w, https:\/\/semmelweis.hu\/egeszsegfejlesztes\/files\/2025\/02\/FGP7911Semmpp-768x512.jpg 768w, https:\/\/semmelweis.hu\/egeszsegfejlesztes\/files\/2025\/02\/FGP7911Semmpp-1536x1024.jpg 1536w, https:\/\/semmelweis.hu\/egeszsegfejlesztes\/files\/2025\/02\/FGP7911Semmpp-753x502.jpg 753w, https:\/\/semmelweis.hu\/egeszsegfejlesztes\/files\/2025\/02\/FGP7911Semmpp-203x135.jpg 203w, https:\/\/semmelweis.hu\/egeszsegfejlesztes\/files\/2025\/02\/FGP7911Semmpp.jpg 1600w\" >\r\n        <\/a><\/div><\/span><span class=\"gallery-item\"><div class=\"hidden\"><a href=\"https:\/\/semmelweis.hu\/egeszsegfejlesztes\/files\/2025\/02\/FGP7901Semmpp.jpg\">\r\n        <img src=https:\/\/semmelweis.hu\/egeszsegfejlesztes\/files\/2025\/02\/FGP7901Semmpp.jpg alt=\"\" class=\"attachment-sote-gallery-big size-sote-gallery-big\" srcset=\"https:\/\/semmelweis.hu\/egeszsegfejlesztes\/files\/2025\/02\/FGP7901Semmpp-400x267.jpg 400w, https:\/\/semmelweis.hu\/egeszsegfejlesztes\/files\/2025\/02\/FGP7901Semmpp-1024x683.jpg 1024w, https:\/\/semmelweis.hu\/egeszsegfejlesztes\/files\/2025\/02\/FGP7901Semmpp-768x512.jpg 768w, https:\/\/semmelweis.hu\/egeszsegfejlesztes\/files\/2025\/02\/FGP7901Semmpp-1536x1024.jpg 1536w, https:\/\/semmelweis.hu\/egeszsegfejlesztes\/files\/2025\/02\/FGP7901Semmpp-753x502.jpg 753w, https:\/\/semmelweis.hu\/egeszsegfejlesztes\/files\/2025\/02\/FGP7901Semmpp-203x135.jpg 203w, https:\/\/semmelweis.hu\/egeszsegfejlesztes\/files\/2025\/02\/FGP7901Semmpp.jpg 1600w\" >\r\n        <\/a><\/div><\/span><span class=\"gallery-item\"><div class=\"hidden\"><a href=\"https:\/\/semmelweis.hu\/egeszsegfejlesztes\/files\/2025\/02\/FGP7893Semmpp.jpg\">\r\n        <img src=https:\/\/semmelweis.hu\/egeszsegfejlesztes\/files\/2025\/02\/FGP7893Semmpp.jpg alt=\"\" class=\"attachment-sote-gallery-big size-sote-gallery-big\" srcset=\"https:\/\/semmelweis.hu\/egeszsegfejlesztes\/files\/2025\/02\/FGP7893Semmpp-400x243.jpg 400w, https:\/\/semmelweis.hu\/egeszsegfejlesztes\/files\/2025\/02\/FGP7893Semmpp-1024x621.jpg 1024w, https:\/\/semmelweis.hu\/egeszsegfejlesztes\/files\/2025\/02\/FGP7893Semmpp-768x466.jpg 768w, https:\/\/semmelweis.hu\/egeszsegfejlesztes\/files\/2025\/02\/FGP7893Semmpp-1536x931.jpg 1536w, https:\/\/semmelweis.hu\/egeszsegfejlesztes\/files\/2025\/02\/FGP7893Semmpp-753x457.jpg 753w, https:\/\/semmelweis.hu\/egeszsegfejlesztes\/files\/2025\/02\/FGP7893Semmpp.jpg 1600w\" >\r\n        <\/a><\/div><\/span><span class=\"gallery-item\"><div class=\"hidden\"><a href=\"https:\/\/semmelweis.hu\/egeszsegfejlesztes\/files\/2025\/02\/FGP7887Semmpp.jpg\">\r\n        <img src=https:\/\/semmelweis.hu\/egeszsegfejlesztes\/files\/2025\/02\/FGP7887Semmpp.jpg alt=\"\" class=\"attachment-sote-gallery-big size-sote-gallery-big\" srcset=\"https:\/\/semmelweis.hu\/egeszsegfejlesztes\/files\/2025\/02\/FGP7887Semmpp-400x267.jpg 400w, https:\/\/semmelweis.hu\/egeszsegfejlesztes\/files\/2025\/02\/FGP7887Semmpp-1024x683.jpg 1024w, https:\/\/semmelweis.hu\/egeszsegfejlesztes\/files\/2025\/02\/FGP7887Semmpp-768x512.jpg 768w, https:\/\/semmelweis.hu\/egeszsegfejlesztes\/files\/2025\/02\/FGP7887Semmpp-1536x1024.jpg 1536w, https:\/\/semmelweis.hu\/egeszsegfejlesztes\/files\/2025\/02\/FGP7887Semmpp-753x502.jpg 753w, https:\/\/semmelweis.hu\/egeszsegfejlesztes\/files\/2025\/02\/FGP7887Semmpp-203x135.jpg 203w, https:\/\/semmelweis.hu\/egeszsegfejlesztes\/files\/2025\/02\/FGP7887Semmpp.jpg 1600w\" >\r\n        <\/a><\/div><\/span><span class=\"gallery-item\"><div class=\"hidden\"><a href=\"https:\/\/semmelweis.hu\/egeszsegfejlesztes\/files\/2025\/02\/FGP7877Semmpp.jpg\">\r\n        <img src=https:\/\/semmelweis.hu\/egeszsegfejlesztes\/files\/2025\/02\/FGP7877Semmpp.jpg alt=\"\" class=\"attachment-sote-gallery-big size-sote-gallery-big\" srcset=\"https:\/\/semmelweis.hu\/egeszsegfejlesztes\/files\/2025\/02\/FGP7877Semmpp-400x259.jpg 400w, https:\/\/semmelweis.hu\/egeszsegfejlesztes\/files\/2025\/02\/FGP7877Semmpp-1024x664.jpg 1024w, https:\/\/semmelweis.hu\/egeszsegfejlesztes\/files\/2025\/02\/FGP7877Semmpp-768x498.jpg 768w, https:\/\/semmelweis.hu\/egeszsegfejlesztes\/files\/2025\/02\/FGP7877Semmpp-1536x996.jpg 1536w, https:\/\/semmelweis.hu\/egeszsegfejlesztes\/files\/2025\/02\/FGP7877Semmpp-753x488.jpg 753w, https:\/\/semmelweis.hu\/egeszsegfejlesztes\/files\/2025\/02\/FGP7877Semmpp.jpg 1600w\" >\r\n        <\/a><\/div><\/span><span class=\"gallery-item\"><div class=\"hidden\"><a href=\"https:\/\/semmelweis.hu\/egeszsegfejlesztes\/files\/2025\/02\/FGP7873Semmpp.jpg\">\r\n        <img src=https:\/\/semmelweis.hu\/egeszsegfejlesztes\/files\/2025\/02\/FGP7873Semmpp.jpg alt=\"\" class=\"attachment-sote-gallery-big size-sote-gallery-big\" srcset=\"https:\/\/semmelweis.hu\/egeszsegfejlesztes\/files\/2025\/02\/FGP7873Semmpp-400x311.jpg 400w, https:\/\/semmelweis.hu\/egeszsegfejlesztes\/files\/2025\/02\/FGP7873Semmpp-1024x795.jpg 1024w, https:\/\/semmelweis.hu\/egeszsegfejlesztes\/files\/2025\/02\/FGP7873Semmpp-768x597.jpg 768w, https:\/\/semmelweis.hu\/egeszsegfejlesztes\/files\/2025\/02\/FGP7873Semmpp-1536x1193.jpg 1536w, https:\/\/semmelweis.hu\/egeszsegfejlesztes\/files\/2025\/02\/FGP7873Semmpp-753x585.jpg 753w, https:\/\/semmelweis.hu\/egeszsegfejlesztes\/files\/2025\/02\/FGP7873Semmpp.jpg 1545w\" >\r\n        <\/a><\/div><\/span>\r\n            <\/div>\r\n\r\n            [\/slb_exclude]\r\n\t\n<div class=\"fontos_div\">\n<p><strong>Egy\u00fcttm\u0171k\u00f6d\u0151 partnereink:<\/strong><\/p>\n<p>Innovat\u00edv Gy\u00f3gyszergy\u00e1rt\u00f3k Egyes\u00fclete (AIPM)<\/p>\n<p>Magyarorsz\u00e1gi Sz\u00f3viv\u0151k Orsz\u00e1gos Egyes\u00fclete<\/p>\n<p>T\u00fcd\u0151\u00e9r Egylet<\/p>\n<p>Magyar R\u00e1kellenes Liga<\/p>\n<p>M\u00e1lyvavir\u00e1g Alap\u00edtv\u00e1ny<\/p>\n<p>L\u00e9lek-zet Egyes\u00fclet<\/p>\n<p>H\u00e1ziorvosok Online Szervezete (HAOSZ)<\/p>\n<p>\u00c9let.\u00c9rz\u00e9s Egyes\u00fclet<\/p>\n<p>SZ\u00cdVSN Orsz\u00e1gos Betegegyes\u00fclet<\/p>\n<p>Magyar Szerv\u00e1t\u00fcltetettek Egyes\u00fclete<\/p>\n<p>MCCBE (Magyarorsz\u00e1gi Crohn-Colitises Betegek Egyes\u00fclete)<\/p>\n<p>RIROSZ (Rare Diseases Hungary)<\/p>\n<p>Magyar Prader-Willi Szindr\u00f3ma Egyes\u00fclet<\/p>\n<p>Dana St\u00fadi\u00f3 \u00e9s Sz\u00fcl\u0151klub<\/p>\n<p>Pr\u00e9mium M\u00e9dia &amp; Sport Management Zrt.<\/p>\n<p>Down Alap\u00edtv\u00e1ny<\/p>\n<p>M\u00e9lyleveg\u0151 Projekt<\/p>\n<p>Osteoporosis Betegek Magyarorsz\u00e1gi Egyes\u00fclete (OBME)<\/p>\n<p>Magyar N\u00e9peg\u00e9szs\u00e9g\u00fcgy Meg\u00faj\u00edt\u00e1s\u00e1\u00e9rt Egyes\u00fclet<\/p>\n<\/div>\n<div class=\"fontos_div\">\n<p><strong>Tov\u00e1bbi egy\u00fcttm\u0171k\u00f6d\u0151 partnereink:<\/strong><\/p>\n<p>MediHelp Magyarorsz\u00e1g<\/p>\n<p>Robert Bosch Kft.<\/p>\n<p>Roche Magyarorsz\u00e1g Kft.<\/p>\n<\/div>\n<p>&nbsp;<\/p>\n<p><span style=\"font-size: 12pt\"><em>Fot\u00f3k: F\u00f6rd\u0151s G\u00e1bor<\/em><\/span><\/p>\n","protected":false},"excerpt":{"rendered":"<p>A Semmelweis Egyetem Eg\u00e9szs\u00e9gfejleszt\u00e9si K\u00f6zpontja a Roche Magyarorsz\u00e1ggal egy\u00fcttm\u0171k\u00f6dve &#8222;Eg\u00e9szs\u00e9g\u00c9rt\u00e9s &#8211; N\u0151i Eg\u00e9szs\u00e9g Koal\u00edci\u00f3t&#8221; hozott l\u00e9tre. <a href=\"https:\/\/semmelweis.hu\/egeszsegfejlesztes\/files\/2025\/02\/FGP7903Semmpp.jpg\"><\/a> Az egy\u00fcttm\u0171k\u00f6d\u00e9s c\u00e9lja a n\u0151ket k\u00fcl\u00f6n\u00f6sen \u00e9rint\u0151 betegs\u00e9gek \u00e9s eg\u00e9szs\u00e9g-egyenl\u0151tlens\u00e9gek elleni hat\u00e9kony \u00e9s eredm\u00e9nyes fell\u00e9p\u00e9s el\u0151seg\u00edt\u00e9se szakmai \u00f6sszefog\u00e1s \u00fatj\u00e1n. Az alap\u00edt\u00f3 esem\u00e9nyen felsz\u00f3lalt Merkely B\u00e9la, a Semmelweis Egyetem rektora \u00e9s Oliver Bleck, a Roche r\u00e9gi\u00f3s vezet\u0151je. A besz\u00e9deket kerekasztal &hellip;<\/p>\n","protected":false},"author":101613,"featured_media":0,"parent":52284,"menu_order":1,"comment_status":"closed","ping_status":"closed","template":"","meta":{"_acf_changed":false,"footnotes":""},"categories":[],"tags":[],"class_list":["post-52546","page","type-page","status-publish","hentry"],"acf":[],"_links":{"self":[{"href":"https:\/\/semmelweis.hu\/egeszsegfejlesztes\/wp-json\/wp\/v2\/pages\/52546","targetHints":{"allow":["GET"]}}],"collection":[{"href":"https:\/\/semmelweis.hu\/egeszsegfejlesztes\/wp-json\/wp\/v2\/pages"}],"about":[{"href":"https:\/\/semmelweis.hu\/egeszsegfejlesztes\/wp-json\/wp\/v2\/types\/page"}],"author":[{"embeddable":true,"href":"https:\/\/semmelweis.hu\/egeszsegfejlesztes\/wp-json\/wp\/v2\/users\/101613"}],"replies":[{"embeddable":true,"href":"https:\/\/semmelweis.hu\/egeszsegfejlesztes\/wp-json\/wp\/v2\/comments?post=52546"}],"version-history":[{"count":3,"href":"https:\/\/semmelweis.hu\/egeszsegfejlesztes\/wp-json\/wp\/v2\/pages\/52546\/revisions"}],"predecessor-version":[{"id":53041,"href":"https:\/\/semmelweis.hu\/egeszsegfejlesztes\/wp-json\/wp\/v2\/pages\/52546\/revisions\/53041"}],"up":[{"embeddable":true,"href":"https:\/\/semmelweis.hu\/egeszsegfejlesztes\/wp-json\/wp\/v2\/pages\/52284"}],"wp:attachment":[{"href":"https:\/\/semmelweis.hu\/egeszsegfejlesztes\/wp-json\/wp\/v2\/media?parent=52546"}],"wp:term":[{"taxonomy":"category","embeddable":true,"href":"https:\/\/semmelweis.hu\/egeszsegfejlesztes\/wp-json\/wp\/v2\/categories?post=52546"},{"taxonomy":"post_tag","embeddable":true,"href":"https:\/\/semmelweis.hu\/egeszsegfejlesztes\/wp-json\/wp\/v2\/tags?post=52546"}],"curies":[{"name":"wp","href":"https:\/\/api.w.org\/{rel}","templated":true}]}}