{"id":52306,"date":"2024-12-12T11:33:29","date_gmt":"2024-12-12T10:33:29","guid":{"rendered":"https:\/\/semmelweis.hu\/egeszsegfejlesztes\/?page_id=52306"},"modified":"2025-07-20T16:15:41","modified_gmt":"2025-07-20T14:15:41","slug":"tkp-szuroszombat","status":"publish","type":"page","link":"https:\/\/semmelweis.hu\/egeszsegfejlesztes\/rendezvenyek\/prevencios-programok\/tkp-szuroszombat\/","title":{"rendered":"TKP sz\u0171r\u0151szombat 2024.11.26."},"content":{"rendered":"<h5><span style=\"color: #333399;font-size: 14pt\">TKP Sz\u0171r\u0151szombat \u2013 Sz\u00edvvel. L\u00e9lekkel. Mozg\u00e1ssal.<\/span><\/h5>\n<p><span style=\"font-weight: 400\">Az eg\u00e9szs\u00e9ges \u00e9letm\u00f3d n\u00f6velheti az eg\u00e9szs\u00e9gben elt\u00f6lt\u00f6tt \u00e9let\u00e9vek sz\u00e1m\u00e1t, ehhez viszont elengedhetetlen az akt\u00edv \u00e9letm\u00f3d, a biztons\u00e1gos mozg\u00e1s be\u00e9p\u00edt\u00e9se a mindennapokba. Az egy\u00e9ni eg\u00e9szs\u00e9gi \u00e1llapothoz illeszked\u0151 fizikai aktivit\u00e1s \u00e9s t\u00e1pl\u00e1lkoz\u00e1si strat\u00e9gia j\u00f3t\u00e9kony hat\u00e1ssal van nemcsak a ment\u00e1lis \u00e1llapotra, de t\u00f6bbek k\u00f6z\u00f6tt a sz\u00edv- \u00e9s \u00e9rrendszerre is.<\/span><\/p>\n<p><span style=\"font-weight: 400\"><a href=\"https:\/\/semmelweis.hu\/egeszsegfejlesztes\/files\/2024\/12\/205725scr_wm_ea0f88079f39393.jpg\"><img loading=\"lazy\" decoding=\"async\" class=\"aligncenter wp-image-52310\" src=\"https:\/\/semmelweis.hu\/egeszsegfejlesztes\/files\/2024\/12\/205725scr_wm_ea0f88079f39393-400x267.jpg\" alt=\"\" width=\"562\" height=\"375\" srcset=\"https:\/\/semmelweis.hu\/egeszsegfejlesztes\/files\/2024\/12\/205725scr_wm_ea0f88079f39393-400x267.jpg 400w, https:\/\/semmelweis.hu\/egeszsegfejlesztes\/files\/2024\/12\/205725scr_wm_ea0f88079f39393-1024x683.jpg 1024w, https:\/\/semmelweis.hu\/egeszsegfejlesztes\/files\/2024\/12\/205725scr_wm_ea0f88079f39393-768x512.jpg 768w, https:\/\/semmelweis.hu\/egeszsegfejlesztes\/files\/2024\/12\/205725scr_wm_ea0f88079f39393-753x502.jpg 753w, https:\/\/semmelweis.hu\/egeszsegfejlesztes\/files\/2024\/12\/205725scr_wm_ea0f88079f39393-203x135.jpg 203w, https:\/\/semmelweis.hu\/egeszsegfejlesztes\/files\/2024\/12\/205725scr_wm_ea0f88079f39393.jpg 1200w\" sizes=\"auto, (max-width: 562px) 100vw, 562px\" \/><\/a><\/span><\/p>\n<p><span style=\"font-weight: 400\">A <strong>J\u00f3zsefv\u00e1rosi Szent Kozma Eg\u00e9szs\u00e9g\u00fcgyi K\u00f6zpont<\/strong> kiv\u00e1l\u00f3 kezdem\u00e9nyez\u00e9se a sz\u0171r\u0151szombatok megszervez\u00e9se, amelyhez ez\u00fattal a Semmelweis Egyetem V\u00e1rosmajori Sz\u00edv-\u00e9s \u00c9rgy\u00f3gy\u00e1szati Klinika \u00e9s az Eg\u00e9szs\u00e9gfejleszt\u00e9si K\u00f6zpont munkat\u00e1rsai is csatlakoztak a <\/span><i><span style=\"font-weight: 400\">,,TKP2021-NKTA-46 Eg\u00e9szs\u00e9ges Nemzet\u201d<\/span><\/i><span style=\"font-weight: 400\"> projekt keret\u00e9ben. A 2024 november 16-i alkalom egyik kiemelt programja volt a ker\u00fclet lakosainak megszervezett komplex kardiovaszkul\u00e1ris sz\u0171r\u00e9s, ahol kardiol\u00f3gus szakorvosok, eg\u00e9szs\u00e9gpszichol\u00f3giai szakpszichol\u00f3gusok, dietetikusok \u00e9s az Egyetem gy\u00f3gytorn\u00e1sz hallgat\u00f3i v\u00e1rt\u00e1k az \u00e9letm\u00f3djukon v\u00e1ltoztatni k\u00edv\u00e1n\u00f3 p\u00e1cienseket.<\/span><\/p>\n\r\n        [slb_exclude]\r\n        <div class=\"row galeria-wrapper mx-0 h-auto\">\r\n            <div class=\"col-9 pl-0 pr-2\">\r\n            <span class=\"gallery-item frame\">\r\n\t\t\t\t<div class=\"galeria-left-img\"><a href=\"https:\/\/semmelweis.hu\/egeszsegfejlesztes\/files\/2024\/12\/205730scr_wm_5779941d06ab59f.jpg\"><img src=https:\/\/semmelweis.hu\/egeszsegfejlesztes\/files\/2024\/12\/205730scr_wm_5779941d06ab59f.jpg  \r\n                            alt=\"\" \r\n                            class=\"attachment-sote-gallery-big size-sote-gallery-big\" \r\n                            srcset=\"https:\/\/semmelweis.hu\/egeszsegfejlesztes\/files\/2024\/12\/205730scr_wm_5779941d06ab59f-400x267.jpg 400w, https:\/\/semmelweis.hu\/egeszsegfejlesztes\/files\/2024\/12\/205730scr_wm_5779941d06ab59f-1024x683.jpg 1024w, https:\/\/semmelweis.hu\/egeszsegfejlesztes\/files\/2024\/12\/205730scr_wm_5779941d06ab59f-768x512.jpg 768w, https:\/\/semmelweis.hu\/egeszsegfejlesztes\/files\/2024\/12\/205730scr_wm_5779941d06ab59f-753x502.jpg 753w, https:\/\/semmelweis.hu\/egeszsegfejlesztes\/files\/2024\/12\/205730scr_wm_5779941d06ab59f-203x135.jpg 203w, https:\/\/semmelweis.hu\/egeszsegfejlesztes\/files\/2024\/12\/205730scr_wm_5779941d06ab59f.jpg 1200w\" ><\/a><\/div>\r\n            <\/span>\r\n\r\n            <\/div>\r\n\r\n\t\t\t<div class=\"col-3 pl-0 pr-0\">\r\n\t\t\t\t<div class=\"galeria-right-img d-flex justify-content-between flex-column h-100 w-100 px-0 mx-0 \">\r\n                <div class=\"galeria-box\">\r\n\t\t\t\t\t<h3 class=\"galeria-title\">Gal\u00e9ria<\/h3>\r\n\t\t\t\t\t<div class=\"galeria-subtitle\">\r\n\r\n\t\t\t\t\t\t<div class=\"galeria-page-counter\"><span>8<\/span>k\u00e9p<\/div>\r\n                    <\/div> <\/div>\r\n                    <span class=\"gallery-item frame d-none d-md-flex\">\r\n\t\t\t\t\t<div class=\"galeria-small-img mt-0\"><a href=\"https:\/\/semmelweis.hu\/egeszsegfejlesztes\/files\/2024\/12\/205733scr_wm_f9dd6e815b463dd.jpg\"><img src=https:\/\/semmelweis.hu\/egeszsegfejlesztes\/files\/2024\/12\/205733scr_wm_f9dd6e815b463dd.jpg \r\n                                alt=\"\"  \r\n                                class=\"attachment-sote-gallery-small size-sote-gallery-small\" \r\n                                srcset=\"https:\/\/semmelweis.hu\/egeszsegfejlesztes\/files\/2024\/12\/205733scr_wm_f9dd6e815b463dd-400x267.jpg 400w, https:\/\/semmelweis.hu\/egeszsegfejlesztes\/files\/2024\/12\/205733scr_wm_f9dd6e815b463dd-1024x683.jpg 1024w, https:\/\/semmelweis.hu\/egeszsegfejlesztes\/files\/2024\/12\/205733scr_wm_f9dd6e815b463dd-768x512.jpg 768w, https:\/\/semmelweis.hu\/egeszsegfejlesztes\/files\/2024\/12\/205733scr_wm_f9dd6e815b463dd-753x502.jpg 753w, https:\/\/semmelweis.hu\/egeszsegfejlesztes\/files\/2024\/12\/205733scr_wm_f9dd6e815b463dd-203x135.jpg 203w, https:\/\/semmelweis.hu\/egeszsegfejlesztes\/files\/2024\/12\/205733scr_wm_f9dd6e815b463dd.jpg 1200w\" ><\/a><\/div>\r\n                    <\/span>\r\n                    <span class=\"gallery-item frame d-none d-md-flex\">\r\n\t\t\t\t\t<div class=\"galeria-small-img mt-0\"><a href=\"https:\/\/semmelweis.hu\/egeszsegfejlesztes\/files\/2024\/12\/205741scr_wm_6df7caf0c4cd663.jpg\"><img src=https:\/\/semmelweis.hu\/egeszsegfejlesztes\/files\/2024\/12\/205741scr_wm_6df7caf0c4cd663.jpg \r\n                                alt=\"\" \r\n                                class=\"attachment-sote-gallery-small size-sote-gallery-small\" \r\n                                srcset=\"https:\/\/semmelweis.hu\/egeszsegfejlesztes\/files\/2024\/12\/205741scr_wm_6df7caf0c4cd663-400x267.jpg 400w, https:\/\/semmelweis.hu\/egeszsegfejlesztes\/files\/2024\/12\/205741scr_wm_6df7caf0c4cd663-1024x683.jpg 1024w, https:\/\/semmelweis.hu\/egeszsegfejlesztes\/files\/2024\/12\/205741scr_wm_6df7caf0c4cd663-768x512.jpg 768w, https:\/\/semmelweis.hu\/egeszsegfejlesztes\/files\/2024\/12\/205741scr_wm_6df7caf0c4cd663-753x502.jpg 753w, https:\/\/semmelweis.hu\/egeszsegfejlesztes\/files\/2024\/12\/205741scr_wm_6df7caf0c4cd663-203x135.jpg 203w, https:\/\/semmelweis.hu\/egeszsegfejlesztes\/files\/2024\/12\/205741scr_wm_6df7caf0c4cd663.jpg 1200w\" ><\/a><\/div>\r\n                    <\/span>\r\n\r\n                <\/div>\r\n\r\n            <\/div>\r\n\r\n            <span class=\"gallery-item\"><div class=\"hidden\"><a href=\"https:\/\/semmelweis.hu\/egeszsegfejlesztes\/files\/2024\/12\/205724scr_wm_dae72caa861312a.jpg\">\r\n        <img src=https:\/\/semmelweis.hu\/egeszsegfejlesztes\/files\/2024\/12\/205724scr_wm_dae72caa861312a.jpg alt=\"\" class=\"attachment-sote-gallery-big size-sote-gallery-big\" srcset=\"https:\/\/semmelweis.hu\/egeszsegfejlesztes\/files\/2024\/12\/205724scr_wm_dae72caa861312a-400x267.jpg 400w, https:\/\/semmelweis.hu\/egeszsegfejlesztes\/files\/2024\/12\/205724scr_wm_dae72caa861312a-1024x683.jpg 1024w, https:\/\/semmelweis.hu\/egeszsegfejlesztes\/files\/2024\/12\/205724scr_wm_dae72caa861312a-768x512.jpg 768w, https:\/\/semmelweis.hu\/egeszsegfejlesztes\/files\/2024\/12\/205724scr_wm_dae72caa861312a-753x502.jpg 753w, https:\/\/semmelweis.hu\/egeszsegfejlesztes\/files\/2024\/12\/205724scr_wm_dae72caa861312a-203x135.jpg 203w, https:\/\/semmelweis.hu\/egeszsegfejlesztes\/files\/2024\/12\/205724scr_wm_dae72caa861312a.jpg 1200w\" >\r\n        <\/a><\/div><\/span><span class=\"gallery-item\"><div class=\"hidden\"><a href=\"https:\/\/semmelweis.hu\/egeszsegfejlesztes\/files\/2024\/12\/205737scr_wm_737c7204427b89d.jpg\">\r\n        <img src=https:\/\/semmelweis.hu\/egeszsegfejlesztes\/files\/2024\/12\/205737scr_wm_737c7204427b89d.jpg alt=\"\" class=\"attachment-sote-gallery-big size-sote-gallery-big\" srcset=\"https:\/\/semmelweis.hu\/egeszsegfejlesztes\/files\/2024\/12\/205737scr_wm_737c7204427b89d-400x267.jpg 400w, https:\/\/semmelweis.hu\/egeszsegfejlesztes\/files\/2024\/12\/205737scr_wm_737c7204427b89d-1024x683.jpg 1024w, https:\/\/semmelweis.hu\/egeszsegfejlesztes\/files\/2024\/12\/205737scr_wm_737c7204427b89d-768x512.jpg 768w, https:\/\/semmelweis.hu\/egeszsegfejlesztes\/files\/2024\/12\/205737scr_wm_737c7204427b89d-753x502.jpg 753w, https:\/\/semmelweis.hu\/egeszsegfejlesztes\/files\/2024\/12\/205737scr_wm_737c7204427b89d-203x135.jpg 203w, https:\/\/semmelweis.hu\/egeszsegfejlesztes\/files\/2024\/12\/205737scr_wm_737c7204427b89d.jpg 1200w\" >\r\n        <\/a><\/div><\/span><span class=\"gallery-item\"><div class=\"hidden\"><a href=\"https:\/\/semmelweis.hu\/egeszsegfejlesztes\/files\/2024\/12\/205720scr_wm_b8e98808dc7441b.jpg\">\r\n        <img src=https:\/\/semmelweis.hu\/egeszsegfejlesztes\/files\/2024\/12\/205720scr_wm_b8e98808dc7441b.jpg alt=\"\" class=\"attachment-sote-gallery-big size-sote-gallery-big\" srcset=\"https:\/\/semmelweis.hu\/egeszsegfejlesztes\/files\/2024\/12\/205720scr_wm_b8e98808dc7441b-400x267.jpg 400w, https:\/\/semmelweis.hu\/egeszsegfejlesztes\/files\/2024\/12\/205720scr_wm_b8e98808dc7441b-1024x683.jpg 1024w, https:\/\/semmelweis.hu\/egeszsegfejlesztes\/files\/2024\/12\/205720scr_wm_b8e98808dc7441b-768x512.jpg 768w, https:\/\/semmelweis.hu\/egeszsegfejlesztes\/files\/2024\/12\/205720scr_wm_b8e98808dc7441b-753x502.jpg 753w, https:\/\/semmelweis.hu\/egeszsegfejlesztes\/files\/2024\/12\/205720scr_wm_b8e98808dc7441b-203x135.jpg 203w, https:\/\/semmelweis.hu\/egeszsegfejlesztes\/files\/2024\/12\/205720scr_wm_b8e98808dc7441b.jpg 1200w\" >\r\n        <\/a><\/div><\/span><span class=\"gallery-item\"><div class=\"hidden\"><a href=\"https:\/\/semmelweis.hu\/egeszsegfejlesztes\/files\/2024\/12\/205727scr_wm_707b1e08046f085.jpg\">\r\n        <img src=https:\/\/semmelweis.hu\/egeszsegfejlesztes\/files\/2024\/12\/205727scr_wm_707b1e08046f085.jpg alt=\"\" class=\"attachment-sote-gallery-big size-sote-gallery-big\" srcset=\"https:\/\/semmelweis.hu\/egeszsegfejlesztes\/files\/2024\/12\/205727scr_wm_707b1e08046f085-400x267.jpg 400w, https:\/\/semmelweis.hu\/egeszsegfejlesztes\/files\/2024\/12\/205727scr_wm_707b1e08046f085-1024x683.jpg 1024w, https:\/\/semmelweis.hu\/egeszsegfejlesztes\/files\/2024\/12\/205727scr_wm_707b1e08046f085-768x512.jpg 768w, https:\/\/semmelweis.hu\/egeszsegfejlesztes\/files\/2024\/12\/205727scr_wm_707b1e08046f085-753x502.jpg 753w, https:\/\/semmelweis.hu\/egeszsegfejlesztes\/files\/2024\/12\/205727scr_wm_707b1e08046f085-203x135.jpg 203w, https:\/\/semmelweis.hu\/egeszsegfejlesztes\/files\/2024\/12\/205727scr_wm_707b1e08046f085.jpg 1200w\" >\r\n        <\/a><\/div><\/span><span class=\"gallery-item\"><div class=\"hidden\"><a href=\"https:\/\/semmelweis.hu\/egeszsegfejlesztes\/files\/2024\/12\/205728scr_wm_f2e2fda0d653725.jpg\">\r\n        <img src=https:\/\/semmelweis.hu\/egeszsegfejlesztes\/files\/2024\/12\/205728scr_wm_f2e2fda0d653725.jpg alt=\"\" class=\"attachment-sote-gallery-big size-sote-gallery-big\" srcset=\"https:\/\/semmelweis.hu\/egeszsegfejlesztes\/files\/2024\/12\/205728scr_wm_f2e2fda0d653725-400x267.jpg 400w, https:\/\/semmelweis.hu\/egeszsegfejlesztes\/files\/2024\/12\/205728scr_wm_f2e2fda0d653725-1024x683.jpg 1024w, https:\/\/semmelweis.hu\/egeszsegfejlesztes\/files\/2024\/12\/205728scr_wm_f2e2fda0d653725-768x512.jpg 768w, https:\/\/semmelweis.hu\/egeszsegfejlesztes\/files\/2024\/12\/205728scr_wm_f2e2fda0d653725-753x502.jpg 753w, https:\/\/semmelweis.hu\/egeszsegfejlesztes\/files\/2024\/12\/205728scr_wm_f2e2fda0d653725-203x135.jpg 203w, https:\/\/semmelweis.hu\/egeszsegfejlesztes\/files\/2024\/12\/205728scr_wm_f2e2fda0d653725.jpg 1200w\" >\r\n        <\/a><\/div><\/span>\r\n            <\/div>\r\n\r\n            [\/slb_exclude]\r\n\t\n<p><span style=\"font-weight: 400\">A friss laboreredm\u00e9nnyel \u00e9rkez\u0151k el\u0151sz\u00f6r test\u00f6sszet\u00e9tel-m\u00e9r\u00e9sen vettek r\u00e9szt, amelyet a Semmelweis Eg\u00e9szs\u00e9gfejleszt\u00e9si K\u00f6zpont munkat\u00e1rsai v\u00e9geztek el. Ezut\u00e1n EKG \u00e9s sz\u00edvultrahang-vizsg\u00e1lat k\u00f6vetkezett, amelyet kardiol\u00f3gus szakorvossal t\u00f6rt\u00e9n\u0151 konzult\u00e1ci\u00f3, majd f\u00e9l-f\u00e9l \u00f3r\u00e1s kardioprotekt\u00edv \u00e9trendr\u0151l \u00e9s biztons\u00e1gos mozg\u00e1sr\u00f3l sz\u00f3l\u00f3 tan\u00e1csad\u00e1s k\u00f6vetett, ahol a r\u00e9sztvev\u0151knek a leletek t\u00fckr\u00e9ben aj\u00e1nlottak szem\u00e9lyre szabott \u00e9letm\u00f3dv\u00e1lt\u00e1si lehet\u0151s\u00e9geket a szakemberek. V\u00e9g\u00fcl k\u00f6zel h\u00e1romnegyed\u00f3r\u00e1s eg\u00e9szs\u00e9gpszichol\u00f3gai konzult\u00e1ci\u00f3val z\u00e1rult az alkalom, ahol az \u00e9rdekl\u0151d\u0151k az \u00e9letm\u00f3dv\u00e1lt\u00e1s ment\u00e1lis oldal\u00e1t ismerhett\u00e9k meg a szakemberek seg\u00edts\u00e9g\u00e9vel, mik\u00f6zben felt\u00e1rt\u00e1k, hogyan is illeszthet\u0151 a sz\u00fcks\u00e9ges viselked\u00e9sv\u00e1ltoz\u00e1s egyedi \u00e9lethelyzet\u00fckh\u00f6z.\u00a0<\/span><\/p>\n<p><span style=\"font-weight: 400\">A helysz\u00edni pozit\u00edv visszajelz\u00e9sek mind a szakrendel\u0151, mind pedig a p\u00e1ciensek oldal\u00e1r\u00f3l arra vil\u00e1g\u00edtanak r\u00e1, hogy a multidiszciplin\u00e1ris prevenci\u00f3s modellben megval\u00f3sul\u00f3 sz\u0171r\u0151programok olyan intervenci\u00f3s lehet\u0151s\u00e9get rejtenek magukban, amelyek komplex form\u00e1ban k\u00e9pesek seg\u00edts\u00e9get ny\u00fajtani a rizik\u00f3magatart\u00e1sok megv\u00e1ltoztat\u00e1s\u00e1nak \u00e9rdek\u00e9ben.<\/span><\/p>\n<p><span style=\"font-size: 12pt\"><em>Fot\u00f3k: Semmelweis Egyetem<\/em><\/span><\/p>\n","protected":false},"excerpt":{"rendered":"<p>TKP Sz\u0171r\u0151szombat \u2013 Sz\u00edvvel. L\u00e9lekkel. Mozg\u00e1ssal. Az eg\u00e9szs\u00e9ges \u00e9letm\u00f3d n\u00f6velheti az eg\u00e9szs\u00e9gben elt\u00f6lt\u00f6tt \u00e9let\u00e9vek sz\u00e1m\u00e1t, ehhez viszont elengedhetetlen az akt\u00edv \u00e9letm\u00f3d, a biztons\u00e1gos mozg\u00e1s be\u00e9p\u00edt\u00e9se a mindennapokba. Az egy\u00e9ni eg\u00e9szs\u00e9gi \u00e1llapothoz illeszked\u0151 fizikai aktivit\u00e1s \u00e9s t\u00e1pl\u00e1lkoz\u00e1si strat\u00e9gia j\u00f3t\u00e9kony hat\u00e1ssal van nemcsak a ment\u00e1lis \u00e1llapotra, de t\u00f6bbek k\u00f6z\u00f6tt a sz\u00edv- \u00e9s \u00e9rrendszerre is. <a href=\"https:\/\/semmelweis.hu\/egeszsegfejlesztes\/files\/2024\/12\/205725scr_wm_ea0f88079f39393.jpg\"><\/a> A J\u00f3zsefv\u00e1rosi Szent &hellip;<\/p>\n","protected":false},"author":101613,"featured_media":0,"parent":49450,"menu_order":3,"comment_status":"closed","ping_status":"closed","template":"","meta":{"_acf_changed":false,"footnotes":""},"categories":[],"tags":[],"class_list":["post-52306","page","type-page","status-publish","hentry"],"acf":[],"_links":{"self":[{"href":"https:\/\/semmelweis.hu\/egeszsegfejlesztes\/wp-json\/wp\/v2\/pages\/52306","targetHints":{"allow":["GET"]}}],"collection":[{"href":"https:\/\/semmelweis.hu\/egeszsegfejlesztes\/wp-json\/wp\/v2\/pages"}],"about":[{"href":"https:\/\/semmelweis.hu\/egeszsegfejlesztes\/wp-json\/wp\/v2\/types\/page"}],"author":[{"embeddable":true,"href":"https:\/\/semmelweis.hu\/egeszsegfejlesztes\/wp-json\/wp\/v2\/users\/101613"}],"replies":[{"embeddable":true,"href":"https:\/\/semmelweis.hu\/egeszsegfejlesztes\/wp-json\/wp\/v2\/comments?post=52306"}],"version-history":[{"count":5,"href":"https:\/\/semmelweis.hu\/egeszsegfejlesztes\/wp-json\/wp\/v2\/pages\/52306\/revisions"}],"predecessor-version":[{"id":53039,"href":"https:\/\/semmelweis.hu\/egeszsegfejlesztes\/wp-json\/wp\/v2\/pages\/52306\/revisions\/53039"}],"up":[{"embeddable":true,"href":"https:\/\/semmelweis.hu\/egeszsegfejlesztes\/wp-json\/wp\/v2\/pages\/49450"}],"wp:attachment":[{"href":"https:\/\/semmelweis.hu\/egeszsegfejlesztes\/wp-json\/wp\/v2\/media?parent=52306"}],"wp:term":[{"taxonomy":"category","embeddable":true,"href":"https:\/\/semmelweis.hu\/egeszsegfejlesztes\/wp-json\/wp\/v2\/categories?post=52306"},{"taxonomy":"post_tag","embeddable":true,"href":"https:\/\/semmelweis.hu\/egeszsegfejlesztes\/wp-json\/wp\/v2\/tags?post=52306"}],"curies":[{"name":"wp","href":"https:\/\/api.w.org\/{rel}","templated":true}]}}